{"id":17085,"date":"2024-06-07T09:11:00","date_gmt":"2024-06-07T06:11:00","guid":{"rendered":"https:\/\/www.saka.ee\/majutus\/meretorn\/sunset-sviit\/"},"modified":"2026-04-26T18:33:48","modified_gmt":"2026-04-26T15:33:48","slug":"sunset-sviit","status":"publish","type":"page","link":"https:\/\/www.saka.ee\/en\/majutus\/meretorn\/sunset-sviit\/","title":{"rendered":"Sunset sviit"},"content":{"rendered":"<div id=\"acf-block_5349d12b6d9d3ac2a290623d02a5a034\" class=\"acf-block-element element-cover alignmax\"><div class=\"splide\" data-splide={\"type\":\"slide\",\"arrows\":false}><div class=\"splide__track\"><ul class=\"splide__list\"><li class=\"splide__slide\"><div class=\"splide__slide-bg\"><img loading=\"lazy\" decoding=\"async\" width=\"1920\" height=\"980\" src=\"https:\/\/www.saka.ee\/wp-content\/uploads\/fly-images\/16500\/012A5652-1.jpg-Sunset-sviit-1-scaled-1920x980-c.jpg\" class=\"attachment-1920x980\" alt=\"012A5652.jpg Sunset sviit\" \/><\/div><div class=\"splide__slide-content container d-flex flex-wrap align-items-center\"><div class=\"slide-content text-center w-100\"><h1 class=\"slide-title has-giant-font-size font-weight-bold\">Sunset sviit<\/h1><div class=\"slide-desc editor-content\"><p>Stiilse interj\u00f6\u00f6riga toas on kaheinimesevoodi, lahtik\u00e4iv diivan ning avar vannituba. Samuti saavad k\u00fclalised aja maha v\u00f5tta privaatses pehme m\u00f6\u00f6bli, kohvilaua ja merepoolse terrassiga puhketoas nimega PAUS.<\/p>\n<\/div><div class=\"wp-block-button is-style-white-outline\"><a href=\"https:\/\/booking.saka.ee\/et\/\" class=\"wp-block-button__link\" target=\"\" rel=\"nofollow noopener\">Broneeri<\/a><\/div><\/div><\/div><\/li><\/ul><\/div><\/div><\/div><div id=\"acf-block_e4cb7ab0a86cef7860f391596cfb40c7\" class=\"acf-block-element element-txtmedia\"><div class=\"row row-grid align-items-center\"><div class=\"col-12 col-md-6 col-content\"><div class=\"col-inner\">\n\n<h2 class=\"wp-block-heading wp-el\">Sviit<\/h2>\n\n\n\n<p class=\"wp-el\">Skandinaavia stiilis kahekohaline sviit Sunset III korrusel. Stiilse interj\u00f6\u00f6riga toas on kaheinimesevoodi, lahtik\u00e4iv diivan ning avar vannituba. Samuti saavad k\u00fclalised aja maha v\u00f5tta privaatses pehme m\u00f6\u00f6bli, kohvilaua ja merepoolse terrassiga puhketoas.<\/p>\n\n<\/div><\/div><div class=\"col-12 col-md-6 col-media\"><div class=\"splide\" data-splide={\"type\":\"fade\",\"arrows\":false}><div class=\"splide__track\"><ul class=\"splide__list\"><li class=\"splide__slide\"><a href=\"https:\/\/www.saka.ee\/wp-content\/uploads\/2024\/06\/012A5664-1.jpg-Sunset-sviit-1-1-scaled.jpg\" data-fancybox=\"txtmedia-acf-block_e4cb7ab0a86cef7860f391596cfb40c7\"><img loading=\"lazy\" decoding=\"async\" width=\"570\" height=\"380\" src=\"https:\/\/www.saka.ee\/wp-content\/uploads\/2024\/06\/012A5664-1.jpg-Sunset-sviit-1-1-570x380.jpg\" class=\"attachment-img-570x380 size-img-570x380\" alt=\"\" srcset=\"https:\/\/www.saka.ee\/wp-content\/uploads\/2024\/06\/012A5664-1.jpg-Sunset-sviit-1-1-570x380.jpg 570w, https:\/\/www.saka.ee\/wp-content\/uploads\/2024\/06\/012A5664-1.jpg-Sunset-sviit-1-1-960x640.jpg 960w, https:\/\/www.saka.ee\/wp-content\/uploads\/2024\/06\/012A5664-1.jpg-Sunset-sviit-1-1-570x380@2x.jpg 1140w\" sizes=\"auto, (max-width: 570px) 100vw, 570px\" \/><\/a><\/li><li class=\"splide__slide\"><a href=\"https:\/\/www.saka.ee\/wp-content\/uploads\/2024\/06\/012A5652-1.jpg-Sunset-sviit-1-scaled.jpg\" data-fancybox=\"txtmedia-acf-block_e4cb7ab0a86cef7860f391596cfb40c7\"><img loading=\"lazy\" decoding=\"async\" width=\"570\" height=\"380\" src=\"https:\/\/www.saka.ee\/wp-content\/uploads\/2024\/06\/012A5652-1.jpg-Sunset-sviit-1-570x380.jpg\" class=\"attachment-img-570x380 size-img-570x380\" alt=\"\" srcset=\"https:\/\/www.saka.ee\/wp-content\/uploads\/2024\/06\/012A5652-1.jpg-Sunset-sviit-1-570x380.jpg 570w, https:\/\/www.saka.ee\/wp-content\/uploads\/2024\/06\/012A5652-1.jpg-Sunset-sviit-1-960x640.jpg 960w, https:\/\/www.saka.ee\/wp-content\/uploads\/2024\/06\/012A5652-1.jpg-Sunset-sviit-1-570x380@2x.jpg 1140w\" sizes=\"auto, (max-width: 570px) 100vw, 570px\" \/><\/a><\/li><\/ul><\/div><\/div><\/div><\/div><\/div><div id=\"acf-block_0d3cd2fec0edb3685f0b3e814ceb2eac\" class=\"acf-block-element element-txtmedia\"><div class=\"row row-grid align-items-center\"><div class=\"col-12 col-md-6 col-content order-md-1\"><div class=\"col-inner\">\n\n<h2 class=\"wp-block-heading wp-el\">Eksklusiivne puhketuba PAUS<\/h2>\n\n\n\n<p class=\"wp-el\">Meretorn asub panga \u00e4\u00e4res umbes 200 m kaugusel hotellimajast. Tegemist on endise pro\u017eektoritorniga, mis kuulus vanasti piirivalvele. Praeguseks on piirivalvetorn \u00fcmber ehitatud kaasaegseks k\u00f5igi mugavustega seminari- ja majutushooneks.\u00a0<\/p>\n\n<\/div><\/div><div class=\"col-12 col-md-6 col-media\"><div class=\"splide\" data-splide={\"type\":\"fade\",\"arrows\":false}><div class=\"splide__track\"><ul class=\"splide__list\"><li class=\"splide__slide\"><a href=\"https:\/\/www.saka.ee\/wp-content\/uploads\/2024\/06\/012A5683.jpg-Sunset-sviit-Paus-scaled.jpg\" data-fancybox=\"txtmedia-acf-block_0d3cd2fec0edb3685f0b3e814ceb2eac\"><img loading=\"lazy\" decoding=\"async\" width=\"570\" height=\"380\" src=\"https:\/\/www.saka.ee\/wp-content\/uploads\/2024\/06\/012A5683.jpg-Sunset-sviit-Paus-570x380.jpg\" class=\"attachment-img-570x380 size-img-570x380\" alt=\"\" srcset=\"https:\/\/www.saka.ee\/wp-content\/uploads\/2024\/06\/012A5683.jpg-Sunset-sviit-Paus-570x380.jpg 570w, https:\/\/www.saka.ee\/wp-content\/uploads\/2024\/06\/012A5683.jpg-Sunset-sviit-Paus-960x640.jpg 960w, https:\/\/www.saka.ee\/wp-content\/uploads\/2024\/06\/012A5683.jpg-Sunset-sviit-Paus-570x380@2x.jpg 1140w\" sizes=\"auto, (max-width: 570px) 100vw, 570px\" \/><\/a><\/li><li class=\"splide__slide\"><a href=\"https:\/\/www.saka.ee\/wp-content\/uploads\/2024\/06\/IMG_0438-1.jpg\" data-fancybox=\"txtmedia-acf-block_0d3cd2fec0edb3685f0b3e814ceb2eac\"><img loading=\"lazy\" decoding=\"async\" width=\"570\" height=\"380\" src=\"https:\/\/www.saka.ee\/wp-content\/uploads\/2024\/06\/IMG_0438-1-570x380.jpg\" class=\"attachment-img-570x380 size-img-570x380\" alt=\"\" srcset=\"https:\/\/www.saka.ee\/wp-content\/uploads\/2024\/06\/IMG_0438-1-570x380.jpg 570w, https:\/\/www.saka.ee\/wp-content\/uploads\/2024\/06\/IMG_0438-1-960x640.jpg 960w, https:\/\/www.saka.ee\/wp-content\/uploads\/2024\/06\/IMG_0438-1.jpg 2048w, https:\/\/www.saka.ee\/wp-content\/uploads\/2024\/06\/IMG_0438-1-570x380@2x.jpg 1140w\" sizes=\"auto, (max-width: 570px) 100vw, 570px\" \/><\/a><\/li><li class=\"splide__slide\"><a href=\"https:\/\/www.saka.ee\/wp-content\/uploads\/2024\/06\/012A5693-1.jpg-Sunset-sviit-Paus-1-1-1-scaled.jpg\" data-fancybox=\"txtmedia-acf-block_0d3cd2fec0edb3685f0b3e814ceb2eac\"><img loading=\"lazy\" decoding=\"async\" width=\"570\" height=\"380\" src=\"https:\/\/www.saka.ee\/wp-content\/uploads\/2024\/06\/012A5693-1.jpg-Sunset-sviit-Paus-1-1-1-570x380.jpg\" class=\"attachment-img-570x380 size-img-570x380\" alt=\"\" srcset=\"https:\/\/www.saka.ee\/wp-content\/uploads\/2024\/06\/012A5693-1.jpg-Sunset-sviit-Paus-1-1-1-570x380.jpg 570w, https:\/\/www.saka.ee\/wp-content\/uploads\/2024\/06\/012A5693-1.jpg-Sunset-sviit-Paus-1-1-1-960x640.jpg 960w, https:\/\/www.saka.ee\/wp-content\/uploads\/2024\/06\/012A5693-1.jpg-Sunset-sviit-Paus-1-1-1-570x380@2x.jpg 1140w\" sizes=\"auto, (max-width: 570px) 100vw, 570px\" \/><\/a><\/li><\/ul><\/div><\/div><\/div><\/div><\/div><div id=\"acf-block_91741e95ef1968f78cef8a3f4ea079b6\" class=\"acf-block-element element-txtmedia\"><div class=\"row row-grid align-items-center\"><div class=\"col-12 col-md-6 col-content\"><div class=\"col-inner\">\n\n<h2 class=\"wp-block-heading wp-el\">Meretorn ise on juba omaette  vaatamisv\u00e4\u00e4rsus<\/h2>\n\n\n\n<p class=\"wp-el\">Meretorn asub panga \u00e4\u00e4res umbes 200 m kaugusel hotellimajast. Tegemist on endise pro\u017eektoritorniga, mis kuulus vanasti piirivalvele. Praeguseks on piirivalvetorn \u00fcmber ehitatud kaasaegseks k\u00f5igi mugavustega seminari- ja majutushooneks.\u00a0<\/p>\n\n<\/div><\/div><div class=\"col-12 col-md-6 col-media\"><div class=\"splide\" data-splide={\"type\":\"fade\",\"arrows\":false}><div class=\"splide__track\"><ul class=\"splide__list\"><li class=\"splide__slide\"><a href=\"https:\/\/www.saka.ee\/wp-content\/uploads\/2024\/06\/IMG_0432-1-1.jpg\" data-fancybox=\"txtmedia-acf-block_91741e95ef1968f78cef8a3f4ea079b6\"><img loading=\"lazy\" decoding=\"async\" width=\"570\" height=\"380\" src=\"https:\/\/www.saka.ee\/wp-content\/uploads\/2024\/06\/IMG_0432-1-1-570x380.jpg\" class=\"attachment-img-570x380 size-img-570x380\" alt=\"\" srcset=\"https:\/\/www.saka.ee\/wp-content\/uploads\/2024\/06\/IMG_0432-1-1-570x380.jpg 570w, https:\/\/www.saka.ee\/wp-content\/uploads\/2024\/06\/IMG_0432-1-1-960x640.jpg 960w, https:\/\/www.saka.ee\/wp-content\/uploads\/2024\/06\/IMG_0432-1-1.jpg 2048w, https:\/\/www.saka.ee\/wp-content\/uploads\/2024\/06\/IMG_0432-1-1-570x380@2x.jpg 1140w\" sizes=\"auto, (max-width: 570px) 100vw, 570px\" \/><\/a><\/li><li class=\"splide__slide\"><a href=\"https:\/\/www.saka.ee\/wp-content\/uploads\/2024\/06\/012A5768-2-scaled.jpg\" data-fancybox=\"txtmedia-acf-block_91741e95ef1968f78cef8a3f4ea079b6\"><img loading=\"lazy\" decoding=\"async\" width=\"570\" height=\"380\" src=\"https:\/\/www.saka.ee\/wp-content\/uploads\/2024\/06\/012A5768-2-570x380.jpg\" class=\"attachment-img-570x380 size-img-570x380\" alt=\"\" srcset=\"https:\/\/www.saka.ee\/wp-content\/uploads\/2024\/06\/012A5768-2-570x380.jpg 570w, https:\/\/www.saka.ee\/wp-content\/uploads\/2024\/06\/012A5768-2-960x640.jpg 960w, https:\/\/www.saka.ee\/wp-content\/uploads\/2024\/06\/012A5768-2-570x380@2x.jpg 1140w\" sizes=\"auto, (max-width: 570px) 100vw, 570px\" \/><\/a><\/li><li class=\"splide__slide\"><a href=\"https:\/\/www.saka.ee\/wp-content\/uploads\/2024\/06\/IMG_0422-1-scaled.jpg\" data-fancybox=\"txtmedia-acf-block_91741e95ef1968f78cef8a3f4ea079b6\"><img loading=\"lazy\" decoding=\"async\" width=\"570\" height=\"380\" src=\"https:\/\/www.saka.ee\/wp-content\/uploads\/2024\/06\/IMG_0422-1-570x380.jpg\" class=\"attachment-img-570x380 size-img-570x380\" alt=\"\" srcset=\"https:\/\/www.saka.ee\/wp-content\/uploads\/2024\/06\/IMG_0422-1-570x380.jpg 570w, https:\/\/www.saka.ee\/wp-content\/uploads\/2024\/06\/IMG_0422-1-960x640.jpg 960w, https:\/\/www.saka.ee\/wp-content\/uploads\/2024\/06\/IMG_0422-1-570x380@2x.jpg 1140w\" sizes=\"auto, (max-width: 570px) 100vw, 570px\" \/><\/a><\/li><li class=\"splide__slide\"><a href=\"https:\/\/www.saka.ee\/wp-content\/uploads\/2024\/06\/IMG_0438-1.jpg\" data-fancybox=\"txtmedia-acf-block_91741e95ef1968f78cef8a3f4ea079b6\"><img loading=\"lazy\" decoding=\"async\" width=\"570\" height=\"380\" src=\"https:\/\/www.saka.ee\/wp-content\/uploads\/2024\/06\/IMG_0438-1-570x380.jpg\" class=\"attachment-img-570x380 size-img-570x380\" alt=\"\" srcset=\"https:\/\/www.saka.ee\/wp-content\/uploads\/2024\/06\/IMG_0438-1-570x380.jpg 570w, https:\/\/www.saka.ee\/wp-content\/uploads\/2024\/06\/IMG_0438-1-960x640.jpg 960w, https:\/\/www.saka.ee\/wp-content\/uploads\/2024\/06\/IMG_0438-1.jpg 2048w, https:\/\/www.saka.ee\/wp-content\/uploads\/2024\/06\/IMG_0438-1-570x380@2x.jpg 1140w\" sizes=\"auto, (max-width: 570px) 100vw, 570px\" \/><\/a><\/li><li class=\"splide__slide\"><a href=\"https:\/\/www.saka.ee\/wp-content\/uploads\/2024\/06\/Saka-m_Ais-vaatetorn-6-of-14-scaled.jpg\" data-fancybox=\"txtmedia-acf-block_91741e95ef1968f78cef8a3f4ea079b6\"><img loading=\"lazy\" decoding=\"async\" width=\"570\" height=\"380\" src=\"https:\/\/www.saka.ee\/wp-content\/uploads\/2024\/06\/Saka-m_Ais-vaatetorn-6-of-14-570x380.jpg\" class=\"attachment-img-570x380 size-img-570x380\" alt=\"\" srcset=\"https:\/\/www.saka.ee\/wp-content\/uploads\/2024\/06\/Saka-m_Ais-vaatetorn-6-of-14-570x380.jpg 570w, https:\/\/www.saka.ee\/wp-content\/uploads\/2024\/06\/Saka-m_Ais-vaatetorn-6-of-14-960x640.jpg 960w, https:\/\/www.saka.ee\/wp-content\/uploads\/2024\/06\/Saka-m_Ais-vaatetorn-6-of-14-570x380@2x.jpg 1140w\" sizes=\"auto, (max-width: 570px) 100vw, 570px\" \/><\/a><\/li><li class=\"splide__slide\"><a href=\"https:\/\/www.saka.ee\/wp-content\/uploads\/2024\/06\/IMG_5377.jpg\" data-fancybox=\"txtmedia-acf-block_91741e95ef1968f78cef8a3f4ea079b6\"><img loading=\"lazy\" decoding=\"async\" width=\"570\" height=\"380\" src=\"https:\/\/www.saka.ee\/wp-content\/uploads\/2024\/06\/IMG_5377-570x380.jpg\" class=\"attachment-img-570x380 size-img-570x380\" alt=\"\" srcset=\"https:\/\/www.saka.ee\/wp-content\/uploads\/2024\/06\/IMG_5377-570x380.jpg 570w, https:\/\/www.saka.ee\/wp-content\/uploads\/2024\/06\/IMG_5377-960x640.jpg 960w, https:\/\/www.saka.ee\/wp-content\/uploads\/2024\/06\/IMG_5377-570x380@2x.jpg 1140w\" sizes=\"auto, (max-width: 570px) 100vw, 570px\" \/><\/a><\/li><li class=\"splide__slide\"><a href=\"https:\/\/www.saka.ee\/wp-content\/uploads\/2024\/04\/saka-mois_43.jpg\" data-fancybox=\"txtmedia-acf-block_91741e95ef1968f78cef8a3f4ea079b6\"><img loading=\"lazy\" decoding=\"async\" width=\"570\" height=\"380\" src=\"https:\/\/www.saka.ee\/wp-content\/uploads\/2024\/04\/saka-mois_43-570x380.jpg\" class=\"attachment-img-570x380 size-img-570x380\" alt=\"\" srcset=\"https:\/\/www.saka.ee\/wp-content\/uploads\/2024\/04\/saka-mois_43-570x380.jpg 570w, https:\/\/www.saka.ee\/wp-content\/uploads\/2024\/04\/saka-mois_43-960x640.jpg 960w, https:\/\/www.saka.ee\/wp-content\/uploads\/2024\/04\/saka-mois_43.jpg 1024w\" sizes=\"auto, (max-width: 570px) 100vw, 570px\" \/><\/a><\/li><\/ul><\/div><\/div><\/div><\/div><\/div><div id=\"acf-block_8e7538355506e1d7a3206cd8cea44d16\" class=\"acf-block-element element-gallery\"><div class=\"gallery gallery-grid\"><figure class=\"gallery-item\"><a href=\"https:\/\/www.saka.ee\/wp-content\/uploads\/2024\/06\/012A5664.jpg-Sunset-sviit-1-scaled.jpg\"><img loading=\"lazy\" decoding=\"async\" width=\"383\" height=\"220\" src=\"https:\/\/www.saka.ee\/wp-content\/uploads\/fly-images\/15822\/012A5664.jpg-Sunset-sviit-1-scaled-383x220-c.jpg\" class=\"attachment-383x220\" alt=\"012A5664.jpg Sunset sviit (1)\" \/><\/a><\/figure><figure class=\"gallery-item\"><a href=\"https:\/\/www.saka.ee\/wp-content\/uploads\/2024\/06\/012A5652.jpg-Sunset-sviit-scaled.jpg\"><img loading=\"lazy\" decoding=\"async\" width=\"383\" height=\"220\" src=\"https:\/\/www.saka.ee\/wp-content\/uploads\/fly-images\/15818\/012A5652.jpg-Sunset-sviit-scaled-383x220-c.jpg\" class=\"attachment-383x220\" alt=\"012A5652.jpg Sunset sviit\" \/><\/a><\/figure><figure class=\"gallery-item\"><a href=\"https:\/\/www.saka.ee\/wp-content\/uploads\/2024\/06\/012A5693.jpg-Sunset-sviit-Paus-1-1-scaled.jpg\"><img loading=\"lazy\" decoding=\"async\" width=\"383\" height=\"220\" src=\"https:\/\/www.saka.ee\/wp-content\/uploads\/fly-images\/15826\/012A5693.jpg-Sunset-sviit-Paus-1-1-scaled-383x220-c.jpg\" class=\"attachment-383x220\" alt=\"012A5693.jpg Sunset sviit Paus (1) (1)\" \/><\/a><\/figure><figure class=\"gallery-item\"><a href=\"https:\/\/www.saka.ee\/wp-content\/uploads\/2024\/06\/012A5768-scaled.jpg\"><img loading=\"lazy\" decoding=\"async\" width=\"383\" height=\"220\" src=\"https:\/\/www.saka.ee\/wp-content\/uploads\/fly-images\/15830\/012A5768-scaled-383x220-c.jpg\" class=\"attachment-383x220\" alt=\"012A5768\" \/><\/a><\/figure><figure class=\"gallery-item\"><a href=\"https:\/\/www.saka.ee\/wp-content\/uploads\/2024\/06\/IMG_0438.jpg\"><img loading=\"lazy\" decoding=\"async\" width=\"383\" height=\"220\" src=\"https:\/\/www.saka.ee\/wp-content\/uploads\/fly-images\/15809\/IMG_0438-383x220-c.jpg\" class=\"attachment-383x220\" alt=\"IMG_0438\" \/><\/a><\/figure><figure class=\"gallery-item\"><a href=\"https:\/\/www.saka.ee\/wp-content\/uploads\/2024\/06\/IMG_0432-1.jpg\"><img loading=\"lazy\" decoding=\"async\" width=\"383\" height=\"220\" src=\"https:\/\/www.saka.ee\/wp-content\/uploads\/fly-images\/15805\/IMG_0432-1-383x220-c.jpg\" class=\"attachment-383x220\" alt=\"IMG_0432 (1)\" \/><\/a><\/figure><figure class=\"gallery-item\"><a href=\"https:\/\/www.saka.ee\/wp-content\/uploads\/2024\/06\/IMG_0422-scaled.jpg\"><img loading=\"lazy\" decoding=\"async\" width=\"383\" height=\"220\" src=\"https:\/\/www.saka.ee\/wp-content\/uploads\/fly-images\/15801\/IMG_0422-scaled-383x220-c.jpg\" class=\"attachment-383x220\" alt=\"IMG_0422\" \/><\/a><\/figure><figure class=\"gallery-item\"><a href=\"https:\/\/www.saka.ee\/wp-content\/uploads\/2024\/06\/IMG_1885-scaled.jpg\"><img loading=\"lazy\" decoding=\"async\" width=\"383\" height=\"220\" src=\"https:\/\/www.saka.ee\/wp-content\/uploads\/fly-images\/16549\/IMG_1885-scaled-383x220-c.jpg\" class=\"attachment-383x220\" alt=\"Processed with Lensa with PT2 filter\" \/><\/a><\/figure><figure class=\"gallery-item\"><a href=\"https:\/\/www.saka.ee\/wp-content\/uploads\/2024\/06\/IMG_1886-scaled.jpg\"><img loading=\"lazy\" decoding=\"async\" width=\"383\" height=\"220\" src=\"https:\/\/www.saka.ee\/wp-content\/uploads\/fly-images\/16545\/IMG_1886-scaled-383x220-c.jpg\" class=\"attachment-383x220\" alt=\"Processed with Lensa with PT1 filter\" \/><\/a><\/figure><figure class=\"gallery-item\"><a href=\"https:\/\/www.saka.ee\/wp-content\/uploads\/2024\/06\/IMG_1887-scaled.jpg\"><img loading=\"lazy\" decoding=\"async\" width=\"383\" height=\"220\" src=\"https:\/\/www.saka.ee\/wp-content\/uploads\/fly-images\/16541\/IMG_1887-scaled-383x220-c.jpg\" class=\"attachment-383x220\" alt=\"Processed with Lensa with PT1 filter\" \/><\/a><\/figure><figure class=\"gallery-item\"><a href=\"https:\/\/www.saka.ee\/wp-content\/uploads\/2024\/06\/IMG_1888-scaled.jpg\"><img loading=\"lazy\" decoding=\"async\" width=\"383\" height=\"220\" src=\"https:\/\/www.saka.ee\/wp-content\/uploads\/fly-images\/16537\/IMG_1888-scaled-383x220-c.jpg\" class=\"attachment-383x220\" alt=\"Processed with Lensa with PT2 filter\" \/><\/a><\/figure><figure class=\"gallery-item\"><a href=\"https:\/\/www.saka.ee\/wp-content\/uploads\/2024\/06\/IMG_1889-scaled.jpg\"><img loading=\"lazy\" decoding=\"async\" width=\"383\" height=\"220\" src=\"https:\/\/www.saka.ee\/wp-content\/uploads\/fly-images\/16533\/IMG_1889-scaled-383x220-c.jpg\" class=\"attachment-383x220\" alt=\"Processed with Lensa with PT2 filter\" \/><\/a><\/figure><figure class=\"gallery-item\"><a href=\"https:\/\/www.saka.ee\/wp-content\/uploads\/2024\/06\/IMG_5377.jpg\"><img loading=\"lazy\" decoding=\"async\" width=\"383\" height=\"220\" src=\"https:\/\/www.saka.ee\/wp-content\/uploads\/fly-images\/16529\/IMG_5377-383x220-c.jpg\" class=\"attachment-383x220\" alt=\"IMG_5377\" \/><\/a><\/figure><figure class=\"gallery-item\"><a href=\"https:\/\/www.saka.ee\/wp-content\/uploads\/2024\/06\/IMG_5424-1.jpg\"><img loading=\"lazy\" decoding=\"async\" width=\"383\" height=\"220\" src=\"https:\/\/www.saka.ee\/wp-content\/uploads\/fly-images\/16525\/IMG_5424-1-383x220-c.jpg\" class=\"attachment-383x220\" alt=\"IMG_5424 (1)\" \/><\/a><\/figure><figure class=\"gallery-item\"><a href=\"https:\/\/www.saka.ee\/wp-content\/uploads\/2024\/06\/Saka-m_Ais-vaatetorn-6-of-14-scaled.jpg\"><img loading=\"lazy\" decoding=\"async\" width=\"383\" height=\"220\" src=\"https:\/\/www.saka.ee\/wp-content\/uploads\/fly-images\/16521\/Saka-m_Ais-vaatetorn-6-of-14-scaled-383x220-c.jpg\" class=\"attachment-383x220\" alt=\"Saka m_\u0104is vaatetorn (6 of 14)\" \/><\/a><\/figure><\/div><\/div>\n<h2 class=\"wp-block-heading has-large-font-size wp-el\">\u0421\u0442\u043e\u0438\u043c\u043e\u0441\u0442\u044c \u043f\u0440\u043e\u0436\u0438\u0432\u0430\u043d\u0438\u044f \u0432\u043a\u043b\u044e\u0447\u0430\u0435\u0442<\/h2>\n\n<p class=\"wp-el\">\u0412 \u0441\u0442\u043e\u0438\u043c\u043e\u0441\u0442\u044c \u0432\u0445\u043e\u0434\u0438\u0442 \u0437\u0430\u0432\u0442\u0440\u0430\u043a, \u0430 \u0442\u0430\u043a\u0436\u0435 \u043f\u043e\u0441\u0435\u0449\u0435\u043d\u0438\u0435 \u0441\u0430\u0443\u043d\u044b \u0438 \u0431\u0430\u0441\u0441\u0435\u0439\u043d\u0430 \u0432 \u0442\u0435\u0447\u0435\u043d\u0438\u0435 1,5 \u0447\u0430\u0441\u043e\u0432 (\u043f\u043e \u043f\u0440\u0435\u0434\u0432\u0430\u0440\u0438\u0442\u0435\u043b\u044c\u043d\u043e\u043c\u0443 \u0431\u0440\u043e\u043d\u0438\u0440\u043e\u0432\u0430\u043d\u0438\u044e).<\/p>\n\n<h2 class=\"has-theme-primary-color has-text-color has-large-font-size wp-el wp-block-heading\">Information and reservations:<\/h2>\n\n\n\n<ul class=\"wp-el wp-block-list\"><li>Phone: <a href=\"tel:+372 336 4900\">+372 336 4900<\/a><\/li><li>E-mail: <a href=\"mailto:saka@saka.ee\">saka@saka.ee<\/a><\/li><\/ul>\n\n\n\n<p class=\"has-small-font-size wp-el\"><strong>NB!<\/strong> The administration reserves the right to change rates without prior notice. Services that have been paid for but go unused for reasons not related to Saka Manor will not be refunded.<\/p>\n<div id=\"acf-block_55fa2c018080a9c29135d4318dd608f5\" class=\"acf-block-element element-cards-slider\"><div class=\"cards-slider-grid\"><a href=\"https:\/\/www.saka.ee\/en\/majutus\/meretorn\/klint-apartement\/\" target=\"\" class=\"slide-card\"><div class=\"slide-card__thumb aspect-item\"><img loading=\"lazy\" decoding=\"async\" width=\"370\" height=\"240\" src=\"https:\/\/www.saka.ee\/wp-content\/uploads\/fly-images\/15797\/apartement-Klint1-scaled-370x240-c.jpg\" class=\"attachment-370x240\" alt=\"apartement Klint(1)\" \/><\/div><div class=\"slide-card__content\"><p class=\"has-theme-primary-color\">Klint apartement<\/p><\/div><div class=\"slide-card__link\"><span\" class=\"d-inline-flex font-weight-bold align-items-center\" target=\"\"><span class=\"d-block\">Vaata lisaks<\/span><svg xmlns=\"http:\/\/www.w3.org\/2000\/svg\" width=\"16\" height=\"12\" viewBox=\"0 0 16 12\"><path d=\"M-2455.254-3425.253a.8.8,0,0,1,0-1.211l4.04-3.68h-11.845A.9.9,0,0,1-2464-3431a.9.9,0,0,1,.941-.857h11.845l-4.04-3.679a.8.8,0,0,1,0-1.212,1.007,1.007,0,0,1,1.331,0l5.646,5.142a.8.8,0,0,1,0,1.213l-5.646,5.142a.989.989,0,0,1-.666.252A.987.987,0,0,1-2455.254-3425.253Z\" transform=\"translate(2464 3437)\" fill=\"currentColor\"\/><\/svg><\/span><\/div><\/a><a href=\"https:\/\/www.saka.ee\/en\/majutus\/meretorn\/sunset-sviit\/\" target=\"\" class=\"slide-card\"><div class=\"slide-card__thumb aspect-item\"><img loading=\"lazy\" decoding=\"async\" width=\"370\" height=\"240\" src=\"https:\/\/www.saka.ee\/wp-content\/uploads\/fly-images\/15826\/012A5693.jpg-Sunset-sviit-Paus-1-1-scaled-370x240-c.jpg\" class=\"attachment-370x240\" alt=\"012A5693.jpg Sunset sviit Paus (1) (1)\" \/><\/div><div class=\"slide-card__content\"><p class=\"has-theme-primary-color\">Sunset sviit<\/p><\/div><div class=\"slide-card__link\"><span\" class=\"d-inline-flex font-weight-bold align-items-center\" target=\"\"><span class=\"d-block\">Vaata lisaks<\/span><svg xmlns=\"http:\/\/www.w3.org\/2000\/svg\" width=\"16\" height=\"12\" viewBox=\"0 0 16 12\"><path d=\"M-2455.254-3425.253a.8.8,0,0,1,0-1.211l4.04-3.68h-11.845A.9.9,0,0,1-2464-3431a.9.9,0,0,1,.941-.857h11.845l-4.04-3.679a.8.8,0,0,1,0-1.212,1.007,1.007,0,0,1,1.331,0l5.646,5.142a.8.8,0,0,1,0,1.213l-5.646,5.142a.989.989,0,0,1-.666.252A.987.987,0,0,1-2455.254-3425.253Z\" transform=\"translate(2464 3437)\" fill=\"currentColor\"\/><\/svg><\/span><\/div><\/a><\/div><\/div>","protected":false},"excerpt":{"rendered":"","protected":false},"author":1,"featured_media":0,"parent":8071,"menu_order":63,"comment_status":"closed","ping_status":"closed","template":"","meta":{"_acf_changed":false,"inline_featured_image":false,"footnotes":""},"class_list":["post-17085","page","type-page","status-publish","hentry"],"acf":[],"_links":{"self":[{"href":"https:\/\/www.saka.ee\/en\/wp-json\/wp\/v2\/pages\/17085","targetHints":{"allow":["GET"]}}],"collection":[{"href":"https:\/\/www.saka.ee\/en\/wp-json\/wp\/v2\/pages"}],"about":[{"href":"https:\/\/www.saka.ee\/en\/wp-json\/wp\/v2\/types\/page"}],"author":[{"embeddable":true,"href":"https:\/\/www.saka.ee\/en\/wp-json\/wp\/v2\/users\/1"}],"replies":[{"embeddable":true,"href":"https:\/\/www.saka.ee\/en\/wp-json\/wp\/v2\/comments?post=17085"}],"version-history":[{"count":1,"href":"https:\/\/www.saka.ee\/en\/wp-json\/wp\/v2\/pages\/17085\/revisions"}],"predecessor-version":[{"id":19238,"href":"https:\/\/www.saka.ee\/en\/wp-json\/wp\/v2\/pages\/17085\/revisions\/19238"}],"up":[{"embeddable":true,"href":"https:\/\/www.saka.ee\/en\/wp-json\/wp\/v2\/pages\/8071"}],"wp:attachment":[{"href":"https:\/\/www.saka.ee\/en\/wp-json\/wp\/v2\/media?parent=17085"}],"curies":[{"name":"wp","href":"https:\/\/api.w.org\/{rel}","templated":true}]}}