{"id":17088,"date":"2024-06-07T08:25:22","date_gmt":"2024-06-07T05:25:22","guid":{"rendered":"https:\/\/www.saka.ee\/majutus\/meretorn\/klint-apartement\/"},"modified":"2026-04-26T16:54:17","modified_gmt":"2026-04-26T13:54:17","slug":"klint-apartement","status":"publish","type":"page","link":"https:\/\/www.saka.ee\/en\/majutus\/meretorn\/klint-apartement\/","title":{"rendered":"Klint apartement"},"content":{"rendered":"<div id=\"acf-block_8d1103eb54bd2a9e4047fe60c20e9b24\" class=\"acf-block-element element-cover alignmax\"><div class=\"splide\" data-splide={\"type\":\"slide\",\"arrows\":false}><div class=\"splide__track\"><ul class=\"splide__list\"><li class=\"splide__slide\"><div class=\"splide__slide-bg\"><img loading=\"lazy\" decoding=\"async\" width=\"1920\" height=\"980\" src=\"https:\/\/www.saka.ee\/wp-content\/uploads\/fly-images\/15797\/apartement-Klint1-scaled-1920x980-c.jpg\" class=\"attachment-1920x980\" alt=\"apartement Klint(1)\" \/><\/div><div class=\"splide__slide-content container d-flex flex-wrap align-items-center\"><div class=\"slide-content text-center w-100\"><h1 class=\"slide-title has-giant-font-size font-weight-bold\">Klint apartement<\/h1><div class=\"slide-desc editor-content\"><p>Toas on kaasaegne sisustus, mugav kaheinimesevoodi, lahtik\u00e4iv diivan, personaalne k\u00f6\u00f6k kogu vajaliku varustusega.<\/p>\n<\/div><div class=\"wp-block-button is-style-white-outline\"><a href=\"https:\/\/booking.saka.ee\/et\/\" class=\"wp-block-button__link\" target=\"\" rel=\"nofollow noopener\">Broneeri<\/a><\/div><\/div><\/div><\/li><\/ul><\/div><\/div><\/div><div id=\"acf-block_9715b02b88d65148819ad6e927023a6d\" class=\"acf-block-element element-txtmedia\"><div class=\"row row-grid align-items-center\"><div class=\"col-12 col-md-6 col-content\"><div class=\"col-inner\">\n\n<h2 class=\"wp-block-heading wp-el\">Apartement<\/h2>\n\n\n\n<p class=\"wp-el\">Skandinaavia stiilis kahekohaline apartement Klint II korrusel, kus k\u00f5ik vajalik on olemas. Toas on kaasaegne sisustus, mugav kaheinimesevoodi, lahtik\u00e4iv diivan, personaalne k\u00f6\u00f6k kogu vajaliku varustusega.<\/p>\n\n<\/div><\/div><div class=\"col-12 col-md-6 col-media\"><div class=\"splide\" data-splide={\"type\":\"fade\",\"arrows\":false}><div class=\"splide__track\"><ul class=\"splide__list\"><li class=\"splide__slide\"><a href=\"https:\/\/www.saka.ee\/wp-content\/uploads\/2024\/06\/apartement-Klint-3-scaled.jpg\" data-fancybox=\"txtmedia-acf-block_9715b02b88d65148819ad6e927023a6d\"><img loading=\"lazy\" decoding=\"async\" width=\"570\" height=\"380\" src=\"https:\/\/www.saka.ee\/wp-content\/uploads\/2024\/06\/apartement-Klint-3-570x380.jpg\" class=\"attachment-img-570x380 size-img-570x380\" alt=\"\" srcset=\"https:\/\/www.saka.ee\/wp-content\/uploads\/2024\/06\/apartement-Klint-3-570x380.jpg 570w, https:\/\/www.saka.ee\/wp-content\/uploads\/2024\/06\/apartement-Klint-3-960x640.jpg 960w, https:\/\/www.saka.ee\/wp-content\/uploads\/2024\/06\/apartement-Klint-3-570x380@2x.jpg 1140w\" sizes=\"auto, (max-width: 570px) 100vw, 570px\" \/><\/a><\/li><\/ul><\/div><\/div><\/div><\/div><\/div><div id=\"acf-block_e4dc6fcbc3d3435916bbe0653d8f0c4b\" class=\"acf-block-element element-txtmedia\"><div class=\"row row-grid align-items-center\"><div class=\"col-12 col-md-6 col-content order-md-1\"><div class=\"col-inner\">\n\n<h2 class=\"wp-block-heading wp-el\">M\u00f5isakompleks t\u00e4is v\u00f5imalusi<\/h2>\n\n\n\n<p class=\"wp-el\">Saka m\u00f5isa v\u00e4\u00e4rikas, 160 aasta vanuses H\u00e4rrastemajas on nii ballisaal, restoran kui ka 12 luksuslikku hotellituba.\u00a0<strong>Ballisaal<\/strong>\u00a0mahutab laudade \u00fcmber v\u00e4hemalt 60 pulmalist ning on hea pidutsemiskoht.\u00a0<strong>H\u00e4rrastemaja salong<\/strong>\u00a0sobib aga kenasti n\u00e4iteks abielu s\u00f5lmimiseks. Suvisel perioodil v\u00f5ib \u00e4ra kasutada ka\u00a0<strong>kauni m\u00f5isapargi v\u00f5imalusi.<\/strong><\/p>\n\n\n\n<p class=\"wp-el\">Kogu m\u00f5isakompleksi peale majutub \u00e4ra kuni 100 k\u00fclalist. K\u00fclastajate k\u00e4sutuses on nii luksuslikku majutust pakkuv 12 toaga\u00a0<strong>H\u00e4rrastemaja<\/strong>\u00a0kui 29 toaga<strong>\u00a0Hotellimaja ja\u00a0<\/strong>eriline\u00a0<strong>Meretorn.<\/strong><\/p>\n\n\n\n<p class=\"wp-el\">Hotelli juurde kuulub ka privaatne, \u00f5dus spaa saunade ja v\u00e4ikese basseini ning l\u00f5\u00f5gastavate kehahoolitsustega.<\/p>\n\n<\/div><\/div><div class=\"col-12 col-md-6 col-media\"><div class=\"splide\" data-splide={\"type\":\"fade\",\"arrows\":false}><div class=\"splide__track\"><ul class=\"splide__list\"><li class=\"splide__slide\"><a href=\"https:\/\/www.saka.ee\/wp-content\/uploads\/2024\/04\/IMG_1866-1.jpg\" data-fancybox=\"txtmedia-acf-block_e4dc6fcbc3d3435916bbe0653d8f0c4b\"><img loading=\"lazy\" decoding=\"async\" width=\"570\" height=\"380\" src=\"https:\/\/www.saka.ee\/wp-content\/uploads\/2024\/04\/IMG_1866-1-570x380.jpg\" class=\"attachment-img-570x380 size-img-570x380\" alt=\"\" srcset=\"https:\/\/www.saka.ee\/wp-content\/uploads\/2024\/04\/IMG_1866-1-570x380.jpg 570w, https:\/\/www.saka.ee\/wp-content\/uploads\/2024\/04\/IMG_1866-1-960x640.jpg 960w\" sizes=\"auto, (max-width: 570px) 100vw, 570px\" \/><\/a><\/li><li class=\"splide__slide\"><a href=\"https:\/\/www.saka.ee\/wp-content\/uploads\/2024\/04\/IMG_8710-2.jpg\" data-fancybox=\"txtmedia-acf-block_e4dc6fcbc3d3435916bbe0653d8f0c4b\"><img loading=\"lazy\" decoding=\"async\" width=\"570\" height=\"380\" src=\"https:\/\/www.saka.ee\/wp-content\/uploads\/2024\/04\/IMG_8710-2-570x380.jpg\" class=\"attachment-img-570x380 size-img-570x380\" alt=\"\" srcset=\"https:\/\/www.saka.ee\/wp-content\/uploads\/2024\/04\/IMG_8710-2-570x380.jpg 570w, https:\/\/www.saka.ee\/wp-content\/uploads\/2024\/04\/IMG_8710-2-960x640.jpg 960w, https:\/\/www.saka.ee\/wp-content\/uploads\/2024\/04\/IMG_8710-2.jpg 2048w, https:\/\/www.saka.ee\/wp-content\/uploads\/2024\/04\/IMG_8710-2-570x380@2x.jpg 1140w\" sizes=\"auto, (max-width: 570px) 100vw, 570px\" \/><\/a><\/li><li class=\"splide__slide\"><a href=\"https:\/\/www.saka.ee\/wp-content\/uploads\/2024\/04\/H16A7502-2-scaled.jpg\" data-fancybox=\"txtmedia-acf-block_e4dc6fcbc3d3435916bbe0653d8f0c4b\"><img loading=\"lazy\" decoding=\"async\" width=\"570\" height=\"380\" src=\"https:\/\/www.saka.ee\/wp-content\/uploads\/2024\/04\/H16A7502-2-570x380.jpg\" class=\"attachment-img-570x380 size-img-570x380\" alt=\"\" srcset=\"https:\/\/www.saka.ee\/wp-content\/uploads\/2024\/04\/H16A7502-2-570x380.jpg 570w, https:\/\/www.saka.ee\/wp-content\/uploads\/2024\/04\/H16A7502-2-960x640.jpg 960w, https:\/\/www.saka.ee\/wp-content\/uploads\/2024\/04\/H16A7502-2-570x380@2x.jpg 1140w\" sizes=\"auto, (max-width: 570px) 100vw, 570px\" \/><\/a><\/li><li class=\"splide__slide\"><a href=\"https:\/\/www.saka.ee\/wp-content\/uploads\/2024\/04\/A214A8B3-685F-4CD1-ACDC-DCC02785C07E-1.jpg\" data-fancybox=\"txtmedia-acf-block_e4dc6fcbc3d3435916bbe0653d8f0c4b\"><img loading=\"lazy\" decoding=\"async\" width=\"570\" height=\"380\" src=\"https:\/\/www.saka.ee\/wp-content\/uploads\/2024\/04\/A214A8B3-685F-4CD1-ACDC-DCC02785C07E-1-570x380.jpg\" class=\"attachment-img-570x380 size-img-570x380\" alt=\"\" srcset=\"https:\/\/www.saka.ee\/wp-content\/uploads\/2024\/04\/A214A8B3-685F-4CD1-ACDC-DCC02785C07E-1-570x380.jpg 570w, https:\/\/www.saka.ee\/wp-content\/uploads\/2024\/04\/A214A8B3-685F-4CD1-ACDC-DCC02785C07E-1-960x640.jpg 960w, https:\/\/www.saka.ee\/wp-content\/uploads\/2024\/04\/A214A8B3-685F-4CD1-ACDC-DCC02785C07E-1.jpg 1364w, https:\/\/www.saka.ee\/wp-content\/uploads\/2024\/04\/A214A8B3-685F-4CD1-ACDC-DCC02785C07E-1-570x380@2x.jpg 1140w\" sizes=\"auto, (max-width: 570px) 100vw, 570px\" \/><\/a><\/li><li class=\"splide__slide\"><a href=\"https:\/\/www.saka.ee\/wp-content\/uploads\/2024\/04\/IMG_0018-2.jpg\" data-fancybox=\"txtmedia-acf-block_e4dc6fcbc3d3435916bbe0653d8f0c4b\"><img loading=\"lazy\" decoding=\"async\" width=\"570\" height=\"380\" src=\"https:\/\/www.saka.ee\/wp-content\/uploads\/2024\/04\/IMG_0018-2-570x380.jpg\" class=\"attachment-img-570x380 size-img-570x380\" alt=\"\" srcset=\"https:\/\/www.saka.ee\/wp-content\/uploads\/2024\/04\/IMG_0018-2-570x380.jpg 570w, https:\/\/www.saka.ee\/wp-content\/uploads\/2024\/04\/IMG_0018-2-960x640.jpg 960w, https:\/\/www.saka.ee\/wp-content\/uploads\/2024\/04\/IMG_0018-2.jpg 2048w, https:\/\/www.saka.ee\/wp-content\/uploads\/2024\/04\/IMG_0018-2-570x380@2x.jpg 1140w\" sizes=\"auto, (max-width: 570px) 100vw, 570px\" \/><\/a><\/li><li class=\"splide__slide\"><a href=\"https:\/\/www.saka.ee\/wp-content\/uploads\/2024\/04\/337548397_757300822728630_6704532908510276506_n-1.jpg\" data-fancybox=\"txtmedia-acf-block_e4dc6fcbc3d3435916bbe0653d8f0c4b\"><img loading=\"lazy\" decoding=\"async\" width=\"570\" height=\"380\" src=\"https:\/\/www.saka.ee\/wp-content\/uploads\/2024\/04\/337548397_757300822728630_6704532908510276506_n-1-570x380.jpg\" class=\"attachment-img-570x380 size-img-570x380\" alt=\"\" srcset=\"https:\/\/www.saka.ee\/wp-content\/uploads\/2024\/04\/337548397_757300822728630_6704532908510276506_n-1-570x380.jpg 570w, https:\/\/www.saka.ee\/wp-content\/uploads\/2024\/04\/337548397_757300822728630_6704532908510276506_n-1-960x640.jpg 960w\" sizes=\"auto, (max-width: 570px) 100vw, 570px\" \/><\/a><\/li><li class=\"splide__slide\"><a href=\"https:\/\/www.saka.ee\/wp-content\/uploads\/2024\/04\/387845800_824082656387863_6468929048937070454_n-1.jpg\" data-fancybox=\"txtmedia-acf-block_e4dc6fcbc3d3435916bbe0653d8f0c4b\"><img loading=\"lazy\" decoding=\"async\" width=\"570\" height=\"380\" src=\"https:\/\/www.saka.ee\/wp-content\/uploads\/2024\/04\/387845800_824082656387863_6468929048937070454_n-1-570x380.jpg\" class=\"attachment-img-570x380 size-img-570x380\" alt=\"\" srcset=\"https:\/\/www.saka.ee\/wp-content\/uploads\/2024\/04\/387845800_824082656387863_6468929048937070454_n-1-570x380.jpg 570w, https:\/\/www.saka.ee\/wp-content\/uploads\/2024\/04\/387845800_824082656387863_6468929048937070454_n-1-960x640.jpg 960w, https:\/\/www.saka.ee\/wp-content\/uploads\/2024\/04\/387845800_824082656387863_6468929048937070454_n-1-570x380@2x.jpg 1140w\" sizes=\"auto, (max-width: 570px) 100vw, 570px\" \/><\/a><\/li><li class=\"splide__slide\"><a href=\"https:\/\/www.saka.ee\/wp-content\/uploads\/2023\/09\/H16A6310-1-scaled.jpg\" data-fancybox=\"txtmedia-acf-block_e4dc6fcbc3d3435916bbe0653d8f0c4b\"><img loading=\"lazy\" decoding=\"async\" width=\"570\" height=\"380\" src=\"https:\/\/www.saka.ee\/wp-content\/uploads\/2023\/09\/H16A6310-1-570x380.jpg\" class=\"attachment-img-570x380 size-img-570x380\" alt=\"\" srcset=\"https:\/\/www.saka.ee\/wp-content\/uploads\/2023\/09\/H16A6310-1-570x380.jpg 570w, https:\/\/www.saka.ee\/wp-content\/uploads\/2023\/09\/H16A6310-1-960x640.jpg 960w, https:\/\/www.saka.ee\/wp-content\/uploads\/2023\/09\/H16A6310-1-570x380@2x.jpg 1140w\" sizes=\"auto, (max-width: 570px) 100vw, 570px\" \/><\/a><\/li><li class=\"splide__slide\"><a href=\"https:\/\/www.saka.ee\/wp-content\/uploads\/2023\/09\/DSC08172.jpg\" data-fancybox=\"txtmedia-acf-block_e4dc6fcbc3d3435916bbe0653d8f0c4b\"><img loading=\"lazy\" decoding=\"async\" width=\"570\" height=\"380\" src=\"https:\/\/www.saka.ee\/wp-content\/uploads\/2023\/09\/DSC08172-570x380.jpg\" class=\"attachment-img-570x380 size-img-570x380\" alt=\"\" srcset=\"https:\/\/www.saka.ee\/wp-content\/uploads\/2023\/09\/DSC08172-570x380.jpg 570w, https:\/\/www.saka.ee\/wp-content\/uploads\/2023\/09\/DSC08172-960x640.jpg 960w, https:\/\/www.saka.ee\/wp-content\/uploads\/2023\/09\/DSC08172.jpg 1616w, https:\/\/www.saka.ee\/wp-content\/uploads\/2023\/09\/DSC08172-570x380@2x.jpg 1140w\" sizes=\"auto, (max-width: 570px) 100vw, 570px\" \/><\/a><\/li><\/ul><\/div><\/div><\/div><\/div><\/div><div id=\"acf-block_a57124843de1cd98ed84c0db45142e58\" class=\"acf-block-element element-txtmedia\"><div class=\"row row-grid align-items-center\"><div class=\"col-12 col-md-6 col-content\"><div class=\"col-inner\">\n\n<h2 class=\"wp-block-heading wp-el\">Meretorn ise on juba omaette vaatamisv\u00e4\u00e4rsus<\/h2>\n\n\n\n<p class=\"wp-el\">Meretorn asub panga \u00e4\u00e4res umbes 200 m kaugusel hotellimajast. Tegemist on endise pro\u017eektoritorniga, mis kuulus vanasti piirivalvele. Praeguseks on piirivalvetorn \u00fcmber ehitatud kaasaegseks k\u00f5igi mugavustega seminari- ja majutushooneks.\u00a0<\/p>\n\n<\/div><\/div><div class=\"col-12 col-md-6 col-media\"><div class=\"splide\" data-splide={\"type\":\"fade\",\"arrows\":false}><div class=\"splide__track\"><ul class=\"splide__list\"><li class=\"splide__slide\"><a href=\"https:\/\/www.saka.ee\/wp-content\/uploads\/2024\/06\/IMG_5377.jpg\" data-fancybox=\"txtmedia-acf-block_a57124843de1cd98ed84c0db45142e58\"><img loading=\"lazy\" decoding=\"async\" width=\"570\" height=\"380\" src=\"https:\/\/www.saka.ee\/wp-content\/uploads\/2024\/06\/IMG_5377-570x380.jpg\" class=\"attachment-img-570x380 size-img-570x380\" alt=\"\" srcset=\"https:\/\/www.saka.ee\/wp-content\/uploads\/2024\/06\/IMG_5377-570x380.jpg 570w, https:\/\/www.saka.ee\/wp-content\/uploads\/2024\/06\/IMG_5377-960x640.jpg 960w, https:\/\/www.saka.ee\/wp-content\/uploads\/2024\/06\/IMG_5377-570x380@2x.jpg 1140w\" sizes=\"auto, (max-width: 570px) 100vw, 570px\" \/><\/a><\/li><li class=\"splide__slide\"><a href=\"https:\/\/www.saka.ee\/wp-content\/uploads\/2024\/06\/Saka-m_Ais-vaatetorn-6-of-14-scaled.jpg\" data-fancybox=\"txtmedia-acf-block_a57124843de1cd98ed84c0db45142e58\"><img loading=\"lazy\" decoding=\"async\" width=\"570\" height=\"380\" src=\"https:\/\/www.saka.ee\/wp-content\/uploads\/2024\/06\/Saka-m_Ais-vaatetorn-6-of-14-570x380.jpg\" class=\"attachment-img-570x380 size-img-570x380\" alt=\"\" srcset=\"https:\/\/www.saka.ee\/wp-content\/uploads\/2024\/06\/Saka-m_Ais-vaatetorn-6-of-14-570x380.jpg 570w, https:\/\/www.saka.ee\/wp-content\/uploads\/2024\/06\/Saka-m_Ais-vaatetorn-6-of-14-960x640.jpg 960w, https:\/\/www.saka.ee\/wp-content\/uploads\/2024\/06\/Saka-m_Ais-vaatetorn-6-of-14-570x380@2x.jpg 1140w\" sizes=\"auto, (max-width: 570px) 100vw, 570px\" \/><\/a><\/li><li class=\"splide__slide\"><a href=\"https:\/\/www.saka.ee\/wp-content\/uploads\/2024\/06\/IMG_0432-1-1.jpg\" data-fancybox=\"txtmedia-acf-block_a57124843de1cd98ed84c0db45142e58\"><img loading=\"lazy\" decoding=\"async\" width=\"570\" height=\"380\" src=\"https:\/\/www.saka.ee\/wp-content\/uploads\/2024\/06\/IMG_0432-1-1-570x380.jpg\" class=\"attachment-img-570x380 size-img-570x380\" alt=\"\" srcset=\"https:\/\/www.saka.ee\/wp-content\/uploads\/2024\/06\/IMG_0432-1-1-570x380.jpg 570w, https:\/\/www.saka.ee\/wp-content\/uploads\/2024\/06\/IMG_0432-1-1-960x640.jpg 960w, https:\/\/www.saka.ee\/wp-content\/uploads\/2024\/06\/IMG_0432-1-1.jpg 2048w, https:\/\/www.saka.ee\/wp-content\/uploads\/2024\/06\/IMG_0432-1-1-570x380@2x.jpg 1140w\" sizes=\"auto, (max-width: 570px) 100vw, 570px\" \/><\/a><\/li><li class=\"splide__slide\"><a href=\"https:\/\/www.saka.ee\/wp-content\/uploads\/2024\/06\/IMG_0422-1-scaled.jpg\" data-fancybox=\"txtmedia-acf-block_a57124843de1cd98ed84c0db45142e58\"><img loading=\"lazy\" decoding=\"async\" width=\"570\" height=\"380\" src=\"https:\/\/www.saka.ee\/wp-content\/uploads\/2024\/06\/IMG_0422-1-570x380.jpg\" class=\"attachment-img-570x380 size-img-570x380\" alt=\"\" srcset=\"https:\/\/www.saka.ee\/wp-content\/uploads\/2024\/06\/IMG_0422-1-570x380.jpg 570w, https:\/\/www.saka.ee\/wp-content\/uploads\/2024\/06\/IMG_0422-1-960x640.jpg 960w, https:\/\/www.saka.ee\/wp-content\/uploads\/2024\/06\/IMG_0422-1-570x380@2x.jpg 1140w\" sizes=\"auto, (max-width: 570px) 100vw, 570px\" \/><\/a><\/li><li class=\"splide__slide\"><a href=\"https:\/\/www.saka.ee\/wp-content\/uploads\/2024\/06\/IMG_0438-1.jpg\" data-fancybox=\"txtmedia-acf-block_a57124843de1cd98ed84c0db45142e58\"><img loading=\"lazy\" decoding=\"async\" width=\"570\" height=\"380\" src=\"https:\/\/www.saka.ee\/wp-content\/uploads\/2024\/06\/IMG_0438-1-570x380.jpg\" class=\"attachment-img-570x380 size-img-570x380\" alt=\"\" srcset=\"https:\/\/www.saka.ee\/wp-content\/uploads\/2024\/06\/IMG_0438-1-570x380.jpg 570w, https:\/\/www.saka.ee\/wp-content\/uploads\/2024\/06\/IMG_0438-1-960x640.jpg 960w, https:\/\/www.saka.ee\/wp-content\/uploads\/2024\/06\/IMG_0438-1.jpg 2048w, https:\/\/www.saka.ee\/wp-content\/uploads\/2024\/06\/IMG_0438-1-570x380@2x.jpg 1140w\" sizes=\"auto, (max-width: 570px) 100vw, 570px\" \/><\/a><\/li><\/ul><\/div><\/div><\/div><\/div><\/div><div id=\"acf-block_2ab17bb1cdcedf3c65bc994daf46fb87\" class=\"acf-block-element element-gallery\"><div class=\"gallery gallery-grid\"><figure class=\"gallery-item\"><a href=\"https:\/\/www.saka.ee\/wp-content\/uploads\/2024\/06\/6Q7A0401.jpg-Klint-apartement-scaled.jpg\"><img loading=\"lazy\" decoding=\"async\" width=\"383\" height=\"220\" src=\"https:\/\/www.saka.ee\/wp-content\/uploads\/fly-images\/15765\/6Q7A0401.jpg-Klint-apartement-scaled-383x220-c.jpg\" class=\"attachment-383x220\" alt=\"6Q7A0401.jpg Klint apartement\" \/><\/a><\/figure><figure class=\"gallery-item\"><a href=\"https:\/\/www.saka.ee\/wp-content\/uploads\/2024\/06\/6Q7A0403.jpg-Klint-apartement-scaled.jpg\"><img loading=\"lazy\" decoding=\"async\" width=\"383\" height=\"220\" src=\"https:\/\/www.saka.ee\/wp-content\/uploads\/fly-images\/15769\/6Q7A0403.jpg-Klint-apartement-scaled-383x220-c.jpg\" class=\"attachment-383x220\" alt=\"6Q7A0403.jpg Klint apartement\" \/><\/a><\/figure><figure class=\"gallery-item\"><a href=\"https:\/\/www.saka.ee\/wp-content\/uploads\/2024\/06\/012A5614.jpg-Klint-apartement--scaled.jpg\"><img loading=\"lazy\" decoding=\"async\" width=\"383\" height=\"220\" src=\"https:\/\/www.saka.ee\/wp-content\/uploads\/fly-images\/15777\/012A5614.jpg-Klint-apartement--scaled-383x220-c.jpg\" class=\"attachment-383x220\" alt=\"012A5614.jpg Klint apartement\" \/><\/a><\/figure><figure class=\"gallery-item\"><a href=\"https:\/\/www.saka.ee\/wp-content\/uploads\/2024\/06\/012A5637.jpg-Klint-apartement_-scaled.jpg\"><img loading=\"lazy\" decoding=\"async\" width=\"383\" height=\"220\" src=\"https:\/\/www.saka.ee\/wp-content\/uploads\/fly-images\/15781\/012A5637.jpg-Klint-apartement_-scaled-383x220-c.jpg\" class=\"attachment-383x220\" alt=\"012A5637.jpg Klint apartement_\" \/><\/a><\/figure><figure class=\"gallery-item\"><a href=\"https:\/\/www.saka.ee\/wp-content\/uploads\/2024\/06\/apartement-Klint-1-scaled.jpg\"><img loading=\"lazy\" decoding=\"async\" width=\"383\" height=\"220\" src=\"https:\/\/www.saka.ee\/wp-content\/uploads\/fly-images\/15785\/apartement-Klint-1-scaled-383x220-c.jpg\" class=\"attachment-383x220\" alt=\"apartement Klint (1)\" \/><\/a><\/figure><figure class=\"gallery-item\"><a href=\"https:\/\/www.saka.ee\/wp-content\/uploads\/2024\/06\/apartement-Klint-3-scaled.jpg\"><img loading=\"lazy\" decoding=\"async\" width=\"383\" height=\"220\" src=\"https:\/\/www.saka.ee\/wp-content\/uploads\/fly-images\/15789\/apartement-Klint-3-scaled-383x220-c.jpg\" class=\"attachment-383x220\" alt=\"apartement Klint (3)\" \/><\/a><\/figure><figure class=\"gallery-item\"><a href=\"https:\/\/www.saka.ee\/wp-content\/uploads\/2024\/06\/IMG_0422-scaled.jpg\"><img loading=\"lazy\" decoding=\"async\" width=\"383\" height=\"220\" src=\"https:\/\/www.saka.ee\/wp-content\/uploads\/fly-images\/15801\/IMG_0422-scaled-383x220-c.jpg\" class=\"attachment-383x220\" alt=\"IMG_0422\" \/><\/a><\/figure><figure class=\"gallery-item\"><a href=\"https:\/\/www.saka.ee\/wp-content\/uploads\/2024\/06\/IMG_0432-1.jpg\"><img loading=\"lazy\" decoding=\"async\" width=\"383\" height=\"220\" src=\"https:\/\/www.saka.ee\/wp-content\/uploads\/fly-images\/15805\/IMG_0432-1-383x220-c.jpg\" class=\"attachment-383x220\" alt=\"IMG_0432 (1)\" \/><\/a><\/figure><figure class=\"gallery-item\"><a href=\"https:\/\/www.saka.ee\/wp-content\/uploads\/2024\/06\/IMG_0438.jpg\"><img loading=\"lazy\" decoding=\"async\" width=\"383\" height=\"220\" src=\"https:\/\/www.saka.ee\/wp-content\/uploads\/fly-images\/15809\/IMG_0438-383x220-c.jpg\" class=\"attachment-383x220\" alt=\"IMG_0438\" \/><\/a><\/figure><\/div><\/div>\n<h2 class=\"wp-block-heading has-large-font-size wp-el\">\u0421\u0442\u043e\u0438\u043c\u043e\u0441\u0442\u044c \u043f\u0440\u043e\u0436\u0438\u0432\u0430\u043d\u0438\u044f \u0432\u043a\u043b\u044e\u0447\u0430\u0435\u0442<\/h2>\n\n<p class=\"wp-el\">\u0412 \u0441\u0442\u043e\u0438\u043c\u043e\u0441\u0442\u044c \u0432\u0445\u043e\u0434\u0438\u0442 \u0437\u0430\u0432\u0442\u0440\u0430\u043a, \u0430 \u0442\u0430\u043a\u0436\u0435 \u043f\u043e\u0441\u0435\u0449\u0435\u043d\u0438\u0435 \u0441\u0430\u0443\u043d\u044b \u0438 \u0431\u0430\u0441\u0441\u0435\u0439\u043d\u0430 \u0432 \u0442\u0435\u0447\u0435\u043d\u0438\u0435 1,5 \u0447\u0430\u0441\u043e\u0432 (\u043f\u043e \u043f\u0440\u0435\u0434\u0432\u0430\u0440\u0438\u0442\u0435\u043b\u044c\u043d\u043e\u043c\u0443 \u0431\u0440\u043e\u043d\u0438\u0440\u043e\u0432\u0430\u043d\u0438\u044e).<\/p>\n\n<h2 class=\"has-theme-primary-color has-text-color has-large-font-size wp-el wp-block-heading\">Information and reservations:<\/h2>\n\n\n\n<ul class=\"wp-el wp-block-list\"><li>Phone: <a href=\"tel:+372 336 4900\">+372 336 4900<\/a><\/li><li>E-mail: <a href=\"mailto:saka@saka.ee\">saka@saka.ee<\/a><\/li><\/ul>\n\n\n\n<p class=\"has-small-font-size wp-el\"><strong>NB!<\/strong> The administration reserves the right to change rates without prior notice. Services that have been paid for but go unused for reasons not related to Saka Manor will not be refunded.<\/p>\n<div id=\"acf-block_5c1ed53073d32652e3e540d5defd6079\" class=\"acf-block-element element-cards-slider\"><div class=\"cards-slider-grid\"><a href=\"https:\/\/www.saka.ee\/en\/majutus\/meretorn\/klint-apartement\/\" target=\"\" class=\"slide-card\"><div class=\"slide-card__thumb aspect-item\"><img loading=\"lazy\" decoding=\"async\" width=\"370\" height=\"240\" src=\"https:\/\/www.saka.ee\/wp-content\/uploads\/fly-images\/15797\/apartement-Klint1-scaled-370x240-c.jpg\" class=\"attachment-370x240\" alt=\"apartement Klint(1)\" \/><\/div><div class=\"slide-card__content\"><p class=\"has-theme-primary-color\">Klint apartement<\/p><\/div><div class=\"slide-card__link\"><span\" class=\"d-inline-flex font-weight-bold align-items-center\" target=\"\"><span class=\"d-block\">Vaata lisaks<\/span><svg xmlns=\"http:\/\/www.w3.org\/2000\/svg\" width=\"16\" height=\"12\" viewBox=\"0 0 16 12\"><path d=\"M-2455.254-3425.253a.8.8,0,0,1,0-1.211l4.04-3.68h-11.845A.9.9,0,0,1-2464-3431a.9.9,0,0,1,.941-.857h11.845l-4.04-3.679a.8.8,0,0,1,0-1.212,1.007,1.007,0,0,1,1.331,0l5.646,5.142a.8.8,0,0,1,0,1.213l-5.646,5.142a.989.989,0,0,1-.666.252A.987.987,0,0,1-2455.254-3425.253Z\" transform=\"translate(2464 3437)\" fill=\"currentColor\"\/><\/svg><\/span><\/div><\/a><a href=\"https:\/\/www.saka.ee\/en\/majutus\/meretorn\/sunset-sviit\/\" target=\"\" class=\"slide-card\"><div class=\"slide-card__thumb aspect-item\"><img loading=\"lazy\" decoding=\"async\" width=\"370\" height=\"240\" src=\"https:\/\/www.saka.ee\/wp-content\/uploads\/fly-images\/15826\/012A5693.jpg-Sunset-sviit-Paus-1-1-scaled-370x240-c.jpg\" class=\"attachment-370x240\" alt=\"012A5693.jpg Sunset sviit Paus (1) (1)\" \/><\/div><div class=\"slide-card__content\"><p class=\"has-theme-primary-color\">Sunset sviit<\/p><\/div><div class=\"slide-card__link\"><span\" class=\"d-inline-flex font-weight-bold align-items-center\" target=\"\"><span class=\"d-block\">Vaata lisaks<\/span><svg xmlns=\"http:\/\/www.w3.org\/2000\/svg\" width=\"16\" height=\"12\" viewBox=\"0 0 16 12\"><path d=\"M-2455.254-3425.253a.8.8,0,0,1,0-1.211l4.04-3.68h-11.845A.9.9,0,0,1-2464-3431a.9.9,0,0,1,.941-.857h11.845l-4.04-3.679a.8.8,0,0,1,0-1.212,1.007,1.007,0,0,1,1.331,0l5.646,5.142a.8.8,0,0,1,0,1.213l-5.646,5.142a.989.989,0,0,1-.666.252A.987.987,0,0,1-2455.254-3425.253Z\" transform=\"translate(2464 3437)\" fill=\"currentColor\"\/><\/svg><\/span><\/div><\/a><\/div><\/div>","protected":false},"excerpt":{"rendered":"","protected":false},"author":1,"featured_media":0,"parent":8071,"menu_order":64,"comment_status":"closed","ping_status":"closed","template":"","meta":{"_acf_changed":false,"inline_featured_image":false,"footnotes":""},"class_list":["post-17088","page","type-page","status-publish","hentry"],"acf":[],"_links":{"self":[{"href":"https:\/\/www.saka.ee\/en\/wp-json\/wp\/v2\/pages\/17088","targetHints":{"allow":["GET"]}}],"collection":[{"href":"https:\/\/www.saka.ee\/en\/wp-json\/wp\/v2\/pages"}],"about":[{"href":"https:\/\/www.saka.ee\/en\/wp-json\/wp\/v2\/types\/page"}],"author":[{"embeddable":true,"href":"https:\/\/www.saka.ee\/en\/wp-json\/wp\/v2\/users\/1"}],"replies":[{"embeddable":true,"href":"https:\/\/www.saka.ee\/en\/wp-json\/wp\/v2\/comments?post=17088"}],"version-history":[{"count":1,"href":"https:\/\/www.saka.ee\/en\/wp-json\/wp\/v2\/pages\/17088\/revisions"}],"predecessor-version":[{"id":19234,"href":"https:\/\/www.saka.ee\/en\/wp-json\/wp\/v2\/pages\/17088\/revisions\/19234"}],"up":[{"embeddable":true,"href":"https:\/\/www.saka.ee\/en\/wp-json\/wp\/v2\/pages\/8071"}],"wp:attachment":[{"href":"https:\/\/www.saka.ee\/en\/wp-json\/wp\/v2\/media?parent=17088"}],"curies":[{"name":"wp","href":"https:\/\/api.w.org\/{rel}","templated":true}]}}