{"id":7960,"date":"2022-06-22T14:51:24","date_gmt":"2022-06-22T11:51:24","guid":{"rendered":"https:\/\/www.saka.ee\/mathilde\/"},"modified":"2024-06-06T11:00:53","modified_gmt":"2024-06-06T08:00:53","slug":"mathilde","status":"publish","type":"page","link":"https:\/\/www.saka.ee\/en\/majutus\/harrastemaja\/mathilde\/","title":{"rendered":"Mathilde"},"content":{"rendered":"<div id=\"acf-block_a89dfa63c84f95070e10f0f13cadf743\" class=\"acf-block-element element-cover alignmax\"><div class=\"splide\" data-splide={\"type\":\"slide\",\"arrows\":false}><div class=\"splide__track\"><ul class=\"splide__list\"><li class=\"splide__slide\"><div class=\"splide__slide-bg\"><img loading=\"lazy\" decoding=\"async\" width=\"1920\" height=\"980\" src=\"https:\/\/www.saka.ee\/wp-content\/uploads\/fly-images\/7190\/Mathilde-IMG_1923-scaled-1920x980-c.jpg\" class=\"attachment-1920x980\" alt=\"Processed with Lensa with Auto Adjustments &amp; PT2 filter\" \/><\/div><div class=\"splide__slide-content container d-flex flex-wrap align-items-center\"><div class=\"slide-content text-center w-100\"><h1 class=\"slide-title has-giant-font-size font-weight-bold\">Mathilde<\/h1><div class=\"slide-desc editor-content\"><p>Mathilde is a spacious room with a skylight<\/p>\n<\/div><div class=\"wp-block-button is-style-white-outline\"><a href=\"https:\/\/booking.saka.ee\/en\/\" class=\"wp-block-button__link\" target=\"\" rel=\"nofollow noopener\">Booking<\/a><\/div><\/div><\/div><\/li><\/ul><\/div><\/div><\/div>\n\n<div id=\"acf-block_5a87860d1042319b400ab55ba0c47582\" class=\"acf-block-element element-txtmedia\"><div class=\"row row-grid align-items-center\"><div class=\"col-12 col-md-6 col-content order-md-1\"><div class=\"col-inner\">\n\n<h2 class=\"wp-block-heading wp-el\">The room with historical vibes<\/h2>\n\n\n\n<p class=\"wp-el\">It has lamps both on walls and embedded in the floor. <\/p>\n\n\n\n<p class=\"wp-el\">There are soft armchairs and an antique wardrobe in the room.<\/p>\n\n<\/div><\/div><div class=\"col-12 col-md-6 col-media\"><div class=\"splide\" data-splide={\"type\":\"fade\",\"arrows\":false}><div class=\"splide__track\"><ul class=\"splide__list\"><li class=\"splide__slide\"><a href=\"https:\/\/www.saka.ee\/wp-content\/uploads\/2022\/09\/Mathilde-IMG_1923-scaled.jpg\" data-fancybox=\"txtmedia-acf-block_5a87860d1042319b400ab55ba0c47582\"><img loading=\"lazy\" decoding=\"async\" width=\"570\" height=\"380\" src=\"https:\/\/www.saka.ee\/wp-content\/uploads\/2022\/09\/Mathilde-IMG_1923-570x380.jpg\" class=\"attachment-img-570x380 size-img-570x380\" alt=\"\" srcset=\"https:\/\/www.saka.ee\/wp-content\/uploads\/2022\/09\/Mathilde-IMG_1923-570x380.jpg 570w, https:\/\/www.saka.ee\/wp-content\/uploads\/2022\/09\/Mathilde-IMG_1923-960x640.jpg 960w, https:\/\/www.saka.ee\/wp-content\/uploads\/2022\/09\/Mathilde-IMG_1923-570x380@2x.jpg 1140w\" sizes=\"auto, (max-width: 570px) 100vw, 570px\" \/><\/a><\/li><\/ul><\/div><\/div><\/div><\/div><\/div>\n\n<div id=\"acf-block_d67509a3681237962d54d7f04bcd3baf\" class=\"acf-block-element element-txtmedia\"><div class=\"row row-grid align-items-center\"><div class=\"col-12 col-md-6 col-content\"><div class=\"col-inner\">\n\n<h2 class=\"wp-block-heading wp-el\">It&#8217;s got everything you need!<\/h2>\n\n\n\n<p class=\"wp-el\">The mansion also accommodates the&nbsp;<a href=\"https:\/\/www.saka.ee\/en\/restoran\/\">a\u2019la carte restaurant<\/a>&nbsp;and several conference rooms. The mansion\u2019s Ballroom is a superb place for registering marriage or holding a glamorous wedding.<\/p>\n\n\n\n<p class=\"wp-el\">Every room has SAT TV and a phone, rugs in front of the beds, a hair dryer in the bathroom, slippers and bathrobes.<\/p>\n\n\n\n<p class=\"wp-el\">The mansion has a Wi-Fi connection.<\/p>\n\n<\/div><\/div><div class=\"col-12 col-md-6 col-media\"><div class=\"splide\" data-splide={\"type\":\"fade\",\"arrows\":false}><div class=\"splide__track\"><ul class=\"splide__list\"><li class=\"splide__slide\"><a href=\"https:\/\/www.saka.ee\/wp-content\/uploads\/2022\/09\/Mathilde-IMG_1964-scaled.jpg\" data-fancybox=\"txtmedia-acf-block_d67509a3681237962d54d7f04bcd3baf\"><img loading=\"lazy\" decoding=\"async\" width=\"570\" height=\"380\" src=\"https:\/\/www.saka.ee\/wp-content\/uploads\/2022\/09\/Mathilde-IMG_1964-570x380.jpg\" class=\"attachment-img-570x380 size-img-570x380\" alt=\"\" srcset=\"https:\/\/www.saka.ee\/wp-content\/uploads\/2022\/09\/Mathilde-IMG_1964-570x380.jpg 570w, https:\/\/www.saka.ee\/wp-content\/uploads\/2022\/09\/Mathilde-IMG_1964-960x640.jpg 960w, https:\/\/www.saka.ee\/wp-content\/uploads\/2022\/09\/Mathilde-IMG_1964-570x380@2x.jpg 1140w\" sizes=\"auto, (max-width: 570px) 100vw, 570px\" \/><\/a><\/li><\/ul><\/div><\/div><\/div><\/div><\/div>\n\n<div id=\"acf-block_9159d109b13ae72562987f008533d430\" class=\"acf-block-element element-gallery\"><div class=\"gallery gallery-masonry\"><figure class=\"gallery-item\"><a href=\"https:\/\/www.saka.ee\/wp-content\/uploads\/2022\/08\/saka-harrastemaja-mathilde-001.jpg\"><img loading=\"lazy\" decoding=\"async\" width=\"383\" height=\"220\" src=\"https:\/\/www.saka.ee\/wp-content\/uploads\/fly-images\/7117\/saka-harrastemaja-mathilde-001-383x220-c.jpg\" class=\"attachment-383x220\" alt=\"Processed with Lensa with Auto Adjustments &amp; PT1 filter\" \/><\/a><\/figure><figure class=\"gallery-item\"><a href=\"https:\/\/www.saka.ee\/wp-content\/uploads\/2022\/08\/saka-harrastemaja-mathilde-002.jpg\"><img loading=\"lazy\" decoding=\"async\" width=\"383\" height=\"470\" src=\"https:\/\/www.saka.ee\/wp-content\/uploads\/fly-images\/7119\/saka-harrastemaja-mathilde-002-383x470-c.jpg\" class=\"attachment-383x470\" alt=\"saka-harrastemaja-mathilde-002\" \/><\/a><\/figure><figure class=\"gallery-item\"><a href=\"https:\/\/www.saka.ee\/wp-content\/uploads\/2022\/08\/saka-harrastemaja-mathilde-003.jpg\"><img loading=\"lazy\" decoding=\"async\" width=\"383\" height=\"470\" src=\"https:\/\/www.saka.ee\/wp-content\/uploads\/fly-images\/7121\/saka-harrastemaja-mathilde-003-383x470-c.jpg\" class=\"attachment-383x470\" alt=\"saka-harrastemaja-mathilde-003\" \/><\/a><\/figure><figure class=\"gallery-item\"><a href=\"https:\/\/www.saka.ee\/wp-content\/uploads\/2022\/08\/saka-harrastemaja-mathilde-004.jpg\"><img loading=\"lazy\" decoding=\"async\" width=\"383\" height=\"470\" src=\"https:\/\/www.saka.ee\/wp-content\/uploads\/fly-images\/7123\/saka-harrastemaja-mathilde-004-383x470-c.jpg\" class=\"attachment-383x470\" alt=\"saka-harrastemaja-mathilde-004\" \/><\/a><\/figure><figure class=\"gallery-item\"><a href=\"https:\/\/www.saka.ee\/wp-content\/uploads\/2022\/08\/saka-harrastemaja-mathilde-005.jpg\"><img loading=\"lazy\" decoding=\"async\" width=\"383\" height=\"220\" src=\"https:\/\/www.saka.ee\/wp-content\/uploads\/fly-images\/7125\/saka-harrastemaja-mathilde-005-383x220-c.jpg\" class=\"attachment-383x220\" alt=\"saka-harrastemaja-mathilde-005\" \/><\/a><\/figure><figure class=\"gallery-item\"><a href=\"https:\/\/www.saka.ee\/wp-content\/uploads\/2022\/08\/saka-harrastemaja-mathilde-006.jpg\"><img loading=\"lazy\" decoding=\"async\" width=\"383\" height=\"470\" src=\"https:\/\/www.saka.ee\/wp-content\/uploads\/fly-images\/7127\/saka-harrastemaja-mathilde-006-383x470-c.jpg\" class=\"attachment-383x470\" alt=\"saka-harrastemaja-mathilde-006\" \/><\/a><\/figure><figure class=\"gallery-item\"><a href=\"https:\/\/www.saka.ee\/wp-content\/uploads\/2022\/08\/saka-harrastemaja-mathilde-007.jpg\"><img loading=\"lazy\" decoding=\"async\" width=\"383\" height=\"470\" src=\"https:\/\/www.saka.ee\/wp-content\/uploads\/fly-images\/7129\/saka-harrastemaja-mathilde-007-383x470-c.jpg\" class=\"attachment-383x470\" alt=\"saka-harrastemaja-mathilde-007\" \/><\/a><\/figure><\/div><\/div>\n\n\n<h2 class=\"wp-block-heading has-large-font-size wp-el\">Majutuse hind sisaldab<\/h2>\n\n\n\n<p class=\"wp-el\">Majutuse hind sisaldab rikkalikku\u00a0buffet-hommikus\u00f6\u00f6ki, sauna- ja basseiniala k\u00fclastust 1,5 h, hommikubasseini kella 07.00-10.00 ning\u00a013% k\u00e4ibemaksu.<\/p>\n\n\n\n<h2 class=\"has-theme-primary-color has-text-color has-large-font-size wp-el wp-block-heading\">Information and reservations:<\/h2>\n\n\n\n<ul class=\"wp-el wp-block-list\"><li>Phone: <a href=\"tel:+372 336 4900\">+372 336 4900<\/a><\/li><li>E-mail: <a href=\"mailto:saka@saka.ee\">saka@saka.ee<\/a><\/li><\/ul>\n\n\n\n<p class=\"has-small-font-size wp-el\"><strong>NB!<\/strong> The administration reserves the right to change rates without prior notice. Services that have been paid for but go unused for reasons not related to Saka Manor will not be refunded.<\/p>\n\n\n<div id=\"acf-block_82ddcaade061a9e1c9b2fa2a18cca993\" class=\"acf-block-element element-cards-slider\"><div class=\"splide\" data-splide={\"type\":\"slide\",\"gap\":\"3.75rem\",\"clones\":0,\"autoWidth\":true,\"pagination\":false}><div class=\"splide__arrows is-relative d-flex flex-wrap align-items-center justify-content-end\"><h2>Rooms in the Manor Mansion<\/h2><div class=\"d-flex flex-wrap\"><button class=\"splide__arrow splide__arrow--prev\"><svg xmlns=\"http:\/\/www.w3.org\/2000\/svg\" width=\"24\" height=\"18\" viewBox=\"0 0 24 18\"><path d=\"M-2453.12-3419.378a1.205,1.205,0,0,0,0-1.818l-6.06-5.519h17.768A1.354,1.354,0,0,0-2440-3428a1.354,1.354,0,0,0-1.412-1.285h-17.767l6.059-5.518a1.205,1.205,0,0,0,0-1.818,1.51,1.51,0,0,0-2,0l-8.47,7.713a1.206,1.206,0,0,0,0,1.819l8.47,7.713a1.483,1.483,0,0,0,1,.378A1.482,1.482,0,0,0-2453.12-3419.378Z\" transform=\"translate(2464.001 3437)\" fill=\"#015841\"\/><\/svg><\/button><button class=\"splide__arrow splide__arrow--next\"><svg xmlns=\"http:\/\/www.w3.org\/2000\/svg\" width=\"24\" height=\"18\" viewBox=\"0 0 24 18\"><path d=\"M-2450.881-3419.378a1.205,1.205,0,0,1,0-1.818l6.06-5.519h-17.768A1.354,1.354,0,0,1-2464-3428a1.354,1.354,0,0,1,1.412-1.285h17.767l-6.059-5.518a1.205,1.205,0,0,1,0-1.818,1.51,1.51,0,0,1,2,0l8.47,7.713a1.206,1.206,0,0,1,0,1.819l-8.47,7.713a1.483,1.483,0,0,1-1,.378A1.482,1.482,0,0,1-2450.881-3419.378Z\" transform=\"translate(2464.001 3437)\" fill=\"#015841\"\/><\/svg><\/button><\/div><\/div><div class=\"splide__track\"><ul class=\"splide__list\"><li class=\"splide__slide\"><a href=\"https:\/\/www.saka.ee\/en\/majutus\/harrastemaja\/riigivanema-sviit\/\" target=\"\" class=\"slide-card\"><div class=\"slide-card__thumb aspect-item\"><img loading=\"lazy\" decoding=\"async\" width=\"370\" height=\"240\" src=\"https:\/\/www.saka.ee\/wp-content\/uploads\/fly-images\/6454\/saka-riigivanema-listivaade-vaike-370x240-1-370x240-c.jpg\" class=\"attachment-370x240\" alt=\"saka-riigivanema-listivaade-vaike-370x240\" \/><\/div><div class=\"slide-card__content\"><p class=\"has-theme-primary-color\">Head of State Junior Suite<\/p><p>The Head of State Suite got its name from Oru Castle that was located nearby in Toila, but destroyed during war, and it was the summer residence of the Estonian head of state prior to the Second World War.<\/p><\/div><div class=\"slide-card__link\"><span\" class=\"d-inline-flex font-weight-bold align-items-center\" target=\"\"><span class=\"d-block\">More information<\/span><svg xmlns=\"http:\/\/www.w3.org\/2000\/svg\" width=\"16\" height=\"12\" viewBox=\"0 0 16 12\"><path d=\"M-2455.254-3425.253a.8.8,0,0,1,0-1.211l4.04-3.68h-11.845A.9.9,0,0,1-2464-3431a.9.9,0,0,1,.941-.857h11.845l-4.04-3.679a.8.8,0,0,1,0-1.212,1.007,1.007,0,0,1,1.331,0l5.646,5.142a.8.8,0,0,1,0,1.213l-5.646,5.142a.989.989,0,0,1-.666.252A.987.987,0,0,1-2455.254-3425.253Z\" transform=\"translate(2464 3437)\" fill=\"currentColor\"\/><\/svg><\/span><\/div><\/a><\/li><li class=\"splide__slide\"><a href=\"https:\/\/www.saka.ee\/en\/majutus\/harrastemaja\/moisaharra-sviit\/\" target=\"\" class=\"slide-card\"><div class=\"slide-card__thumb aspect-item\"><img loading=\"lazy\" decoding=\"async\" width=\"370\" height=\"240\" src=\"https:\/\/www.saka.ee\/wp-content\/uploads\/fly-images\/6457\/saka-moisaharra-vaike-370x240-1-370x240-c.jpg\" class=\"attachment-370x240\" alt=\"saka-moisaharra-vaike-370x240\" \/><\/div><div class=\"slide-card__content\"><p class=\"has-theme-primary-color\">Lord of the Manor Junior Suite<\/p><p>Lord of the Manor Junior Suite has two large windows opening to the square in front of the manor house and the main gates, a luxurious bathroom, and silver curtains and textiles.<\/p><\/div><div class=\"slide-card__link\"><span\" class=\"d-inline-flex font-weight-bold align-items-center\" target=\"\"><span class=\"d-block\">More information<\/span><svg xmlns=\"http:\/\/www.w3.org\/2000\/svg\" width=\"16\" height=\"12\" viewBox=\"0 0 16 12\"><path d=\"M-2455.254-3425.253a.8.8,0,0,1,0-1.211l4.04-3.68h-11.845A.9.9,0,0,1-2464-3431a.9.9,0,0,1,.941-.857h11.845l-4.04-3.679a.8.8,0,0,1,0-1.212,1.007,1.007,0,0,1,1.331,0l5.646,5.142a.8.8,0,0,1,0,1.213l-5.646,5.142a.989.989,0,0,1-.666.252A.987.987,0,0,1-2455.254-3425.253Z\" transform=\"translate(2464 3437)\" fill=\"currentColor\"\/><\/svg><\/span><\/div><\/a><\/li><li class=\"splide__slide\"><a href=\"https:\/\/www.saka.ee\/en\/majutus\/harrastemaja\/moisaproua-sviit\/\" target=\"\" class=\"slide-card\"><div class=\"slide-card__thumb aspect-item\"><img loading=\"lazy\" decoding=\"async\" width=\"370\" height=\"240\" src=\"https:\/\/www.saka.ee\/wp-content\/uploads\/fly-images\/6462\/saka-moisaproua-370x240-1-370x240-c.jpg\" class=\"attachment-370x240\" alt=\"saka-moisaproua-370x240\" \/><\/div><div class=\"slide-card__content\"><p class=\"has-theme-primary-color\">Madam of the Manor Suite<\/p><p>The Madam of the Manor Suite is located on the second floor of the manor house, and before the restoration it used to accommodate the &#8220;Red Corner&#8221; of the Soviet border guard station. <\/p><\/div><div class=\"slide-card__link\"><span\" class=\"d-inline-flex font-weight-bold align-items-center\" target=\"\"><span class=\"d-block\">More information<\/span><svg xmlns=\"http:\/\/www.w3.org\/2000\/svg\" width=\"16\" height=\"12\" viewBox=\"0 0 16 12\"><path d=\"M-2455.254-3425.253a.8.8,0,0,1,0-1.211l4.04-3.68h-11.845A.9.9,0,0,1-2464-3431a.9.9,0,0,1,.941-.857h11.845l-4.04-3.679a.8.8,0,0,1,0-1.212,1.007,1.007,0,0,1,1.331,0l5.646,5.142a.8.8,0,0,1,0,1.213l-5.646,5.142a.989.989,0,0,1-.666.252A.987.987,0,0,1-2455.254-3425.253Z\" transform=\"translate(2464 3437)\" fill=\"currentColor\"\/><\/svg><\/span><\/div><\/a><\/li><li class=\"splide__slide\"><a href=\"https:\/\/www.saka.ee\/en\/majutus\/harrastemaja\/moisapreili-tuba\/\" target=\"\" class=\"slide-card\"><div class=\"slide-card__thumb aspect-item\"><img loading=\"lazy\" decoding=\"async\" width=\"370\" height=\"240\" src=\"https:\/\/www.saka.ee\/wp-content\/uploads\/fly-images\/6464\/saka-moisapreili-370x240-1-370x240-c.jpg\" class=\"attachment-370x240\" alt=\"saka-moisapreili-370x240\" \/><\/div><div class=\"slide-card__content\"><p class=\"has-theme-primary-color\">Lady of the Manor Junior Suite<\/p><p>The Lady of the Manor corner room is full of light and has a great view. It is equipped with furniture and textiles in light colours.<\/p><\/div><div class=\"slide-card__link\"><span\" class=\"d-inline-flex font-weight-bold align-items-center\" target=\"\"><span class=\"d-block\">More information<\/span><svg xmlns=\"http:\/\/www.w3.org\/2000\/svg\" width=\"16\" height=\"12\" viewBox=\"0 0 16 12\"><path d=\"M-2455.254-3425.253a.8.8,0,0,1,0-1.211l4.04-3.68h-11.845A.9.9,0,0,1-2464-3431a.9.9,0,0,1,.941-.857h11.845l-4.04-3.679a.8.8,0,0,1,0-1.212,1.007,1.007,0,0,1,1.331,0l5.646,5.142a.8.8,0,0,1,0,1.213l-5.646,5.142a.989.989,0,0,1-.666.252A.987.987,0,0,1-2455.254-3425.253Z\" transform=\"translate(2464 3437)\" fill=\"currentColor\"\/><\/svg><\/span><\/div><\/a><\/li><li class=\"splide__slide\"><a href=\"https:\/\/www.saka.ee\/en\/majutus\/harrastemaja\/noorharra-tuba\/\" target=\"\" class=\"slide-card\"><div class=\"slide-card__thumb aspect-item\"><img loading=\"lazy\" decoding=\"async\" width=\"370\" height=\"240\" src=\"https:\/\/www.saka.ee\/wp-content\/uploads\/fly-images\/6468\/saka-noorharra-370x240-1-370x240-c.jpg\" class=\"attachment-370x240\" alt=\"saka-noorharra-370x240\" \/><\/div><div class=\"slide-card__content\"><p class=\"has-theme-primary-color\">Gentleman Double Superior Plus<\/p><p>Gentleman Double Superior Plus\u00a0is smaller and more austere than the Madam of the Manor Suite and the Lady of the Manor Junior Suite that are located on both sides of it.<\/p><\/div><div class=\"slide-card__link\"><span\" class=\"d-inline-flex font-weight-bold align-items-center\" target=\"\"><span class=\"d-block\">More information<\/span><svg xmlns=\"http:\/\/www.w3.org\/2000\/svg\" width=\"16\" height=\"12\" viewBox=\"0 0 16 12\"><path d=\"M-2455.254-3425.253a.8.8,0,0,1,0-1.211l4.04-3.68h-11.845A.9.9,0,0,1-2464-3431a.9.9,0,0,1,.941-.857h11.845l-4.04-3.679a.8.8,0,0,1,0-1.212,1.007,1.007,0,0,1,1.331,0l5.646,5.142a.8.8,0,0,1,0,1.213l-5.646,5.142a.989.989,0,0,1-.666.252A.987.987,0,0,1-2455.254-3425.253Z\" transform=\"translate(2464 3437)\" fill=\"currentColor\"\/><\/svg><\/span><\/div><\/a><\/li><li class=\"splide__slide\"><a href=\"https:\/\/www.saka.ee\/en\/majutus\/harrastemaja\/pauline\/\" target=\"\" class=\"slide-card\"><div class=\"slide-card__thumb aspect-item\"><img loading=\"lazy\" decoding=\"async\" width=\"370\" height=\"240\" src=\"https:\/\/www.saka.ee\/wp-content\/uploads\/fly-images\/6472\/saka-pauline-370x240-1-370x240-c.jpg\" class=\"attachment-370x240\" alt=\"saka-pauline-370x240\" \/><\/div><div class=\"slide-card__content\"><p class=\"has-theme-primary-color\">Pauline<\/p><p>You can enjoy the view of the park outside through a small round window.<\/p><\/div><div class=\"slide-card__link\"><span\" class=\"d-inline-flex font-weight-bold align-items-center\" target=\"\"><span class=\"d-block\">More information<\/span><svg xmlns=\"http:\/\/www.w3.org\/2000\/svg\" width=\"16\" height=\"12\" viewBox=\"0 0 16 12\"><path d=\"M-2455.254-3425.253a.8.8,0,0,1,0-1.211l4.04-3.68h-11.845A.9.9,0,0,1-2464-3431a.9.9,0,0,1,.941-.857h11.845l-4.04-3.679a.8.8,0,0,1,0-1.212,1.007,1.007,0,0,1,1.331,0l5.646,5.142a.8.8,0,0,1,0,1.213l-5.646,5.142a.989.989,0,0,1-.666.252A.987.987,0,0,1-2455.254-3425.253Z\" transform=\"translate(2464 3437)\" fill=\"currentColor\"\/><\/svg><\/span><\/div><\/a><\/li><li class=\"splide__slide\"><a href=\"https:\/\/www.saka.ee\/en\/majutus\/harrastemaja\/debora\/\" target=\"\" class=\"slide-card\"><div class=\"slide-card__thumb aspect-item\"><img loading=\"lazy\" decoding=\"async\" width=\"370\" height=\"240\" src=\"https:\/\/www.saka.ee\/wp-content\/uploads\/fly-images\/6477\/saka-debora-370x240-1-370x240-c.jpg\" class=\"attachment-370x240\" alt=\"saka-debora-370x240\" \/><\/div><div class=\"slide-card__content\"><p class=\"has-theme-primary-color\">Debora<\/p><p>Debora has a small skylight opening into treetops, an antique British-style wardrobe and soft armchairs.<\/p><\/div><div class=\"slide-card__link\"><span\" class=\"d-inline-flex font-weight-bold align-items-center\" target=\"\"><span class=\"d-block\">More information<\/span><svg xmlns=\"http:\/\/www.w3.org\/2000\/svg\" width=\"16\" height=\"12\" viewBox=\"0 0 16 12\"><path d=\"M-2455.254-3425.253a.8.8,0,0,1,0-1.211l4.04-3.68h-11.845A.9.9,0,0,1-2464-3431a.9.9,0,0,1,.941-.857h11.845l-4.04-3.679a.8.8,0,0,1,0-1.212,1.007,1.007,0,0,1,1.331,0l5.646,5.142a.8.8,0,0,1,0,1.213l-5.646,5.142a.989.989,0,0,1-.666.252A.987.987,0,0,1-2455.254-3425.253Z\" transform=\"translate(2464 3437)\" fill=\"currentColor\"\/><\/svg><\/span><\/div><\/a><\/li><li class=\"splide__slide\"><a href=\"https:\/\/www.saka.ee\/en\/majutus\/harrastemaja\/aurelia\/\" target=\"\" class=\"slide-card\"><div class=\"slide-card__thumb aspect-item\"><img loading=\"lazy\" decoding=\"async\" width=\"370\" height=\"240\" src=\"https:\/\/www.saka.ee\/wp-content\/uploads\/fly-images\/6479\/saka-aurelia-370x240-1-370x240-c.jpg\" class=\"attachment-370x240\" alt=\"saka-aurelia-370x240\" \/><\/div><div class=\"slide-card__content\"><p class=\"has-theme-primary-color\">Aurelia<\/p><p>Aurelia is larger than the rooms named Pauline and Debora. In addition to the skylight, daylight also enters the room through the two round windows looking south and east.<\/p><\/div><div class=\"slide-card__link\"><span\" class=\"d-inline-flex font-weight-bold align-items-center\" target=\"\"><span class=\"d-block\">More information<\/span><svg xmlns=\"http:\/\/www.w3.org\/2000\/svg\" width=\"16\" height=\"12\" viewBox=\"0 0 16 12\"><path d=\"M-2455.254-3425.253a.8.8,0,0,1,0-1.211l4.04-3.68h-11.845A.9.9,0,0,1-2464-3431a.9.9,0,0,1,.941-.857h11.845l-4.04-3.679a.8.8,0,0,1,0-1.212,1.007,1.007,0,0,1,1.331,0l5.646,5.142a.8.8,0,0,1,0,1.213l-5.646,5.142a.989.989,0,0,1-.666.252A.987.987,0,0,1-2455.254-3425.253Z\" transform=\"translate(2464 3437)\" fill=\"currentColor\"\/><\/svg><\/span><\/div><\/a><\/li><li class=\"splide__slide\"><a href=\"https:\/\/www.saka.ee\/en\/majutus\/harrastemaja\/johanna\/\" target=\"\" class=\"slide-card\"><div class=\"slide-card__thumb aspect-item\"><img loading=\"lazy\" decoding=\"async\" width=\"370\" height=\"240\" src=\"https:\/\/www.saka.ee\/wp-content\/uploads\/fly-images\/6482\/saka-johanna-370x240-1-370x240-c.jpg\" class=\"attachment-370x240\" alt=\"saka-johanna-370x240\" \/><\/div><div class=\"slide-card__content\"><p class=\"has-theme-primary-color\">Johanna<\/p><p>Johanna is a spacious room with a skylight, soft armchairs, and antique cabinets. Small round windows look north and east.<\/p><\/div><div class=\"slide-card__link\"><span\" class=\"d-inline-flex font-weight-bold align-items-center\" target=\"\"><span class=\"d-block\">More information<\/span><svg xmlns=\"http:\/\/www.w3.org\/2000\/svg\" width=\"16\" height=\"12\" viewBox=\"0 0 16 12\"><path d=\"M-2455.254-3425.253a.8.8,0,0,1,0-1.211l4.04-3.68h-11.845A.9.9,0,0,1-2464-3431a.9.9,0,0,1,.941-.857h11.845l-4.04-3.679a.8.8,0,0,1,0-1.212,1.007,1.007,0,0,1,1.331,0l5.646,5.142a.8.8,0,0,1,0,1.213l-5.646,5.142a.989.989,0,0,1-.666.252A.987.987,0,0,1-2455.254-3425.253Z\" transform=\"translate(2464 3437)\" fill=\"currentColor\"\/><\/svg><\/span><\/div><\/a><\/li><li class=\"splide__slide\"><a href=\"https:\/\/www.saka.ee\/en\/majutus\/harrastemaja\/mathilde\/\" target=\"\" class=\"slide-card\"><div class=\"slide-card__thumb aspect-item\"><img loading=\"lazy\" decoding=\"async\" width=\"370\" height=\"240\" src=\"https:\/\/www.saka.ee\/wp-content\/uploads\/fly-images\/7125\/saka-harrastemaja-mathilde-005-370x240-c.jpg\" class=\"attachment-370x240\" alt=\"saka-harrastemaja-mathilde-005\" \/><\/div><div class=\"slide-card__content\"><p class=\"has-theme-primary-color\">Mathilde<\/p><p>Mathilde is a spacious room with a skylight, it has lamps both on walls and embedded in the floor. There are soft armchairs and an antique wardrobe in the room.<\/p><\/div><div class=\"slide-card__link\"><span\" class=\"d-inline-flex font-weight-bold align-items-center\" target=\"\"><span class=\"d-block\">More information<\/span><svg xmlns=\"http:\/\/www.w3.org\/2000\/svg\" width=\"16\" height=\"12\" viewBox=\"0 0 16 12\"><path d=\"M-2455.254-3425.253a.8.8,0,0,1,0-1.211l4.04-3.68h-11.845A.9.9,0,0,1-2464-3431a.9.9,0,0,1,.941-.857h11.845l-4.04-3.679a.8.8,0,0,1,0-1.212,1.007,1.007,0,0,1,1.331,0l5.646,5.142a.8.8,0,0,1,0,1.213l-5.646,5.142a.989.989,0,0,1-.666.252A.987.987,0,0,1-2455.254-3425.253Z\" transform=\"translate(2464 3437)\" fill=\"currentColor\"\/><\/svg><\/span><\/div><\/a><\/li><li class=\"splide__slide\"><a href=\"https:\/\/www.saka.ee\/en\/majutus\/harrastemaja\/amanda\/\" target=\"\" class=\"slide-card\"><div class=\"slide-card__thumb aspect-item\"><img loading=\"lazy\" decoding=\"async\" width=\"370\" height=\"240\" src=\"https:\/\/www.saka.ee\/wp-content\/uploads\/fly-images\/6488\/saka-amanda-370x240-1-370x240-c.jpg\" class=\"attachment-370x240\" alt=\"saka-amanda-370x240\" \/><\/div><div class=\"slide-card__content\"><p class=\"has-theme-primary-color\">Amanda<\/p><p>Amanda is a room with a tiny skylight, which is located on the third floor of the manor house.<\/p><\/div><div class=\"slide-card__link\"><span\" class=\"d-inline-flex font-weight-bold align-items-center\" target=\"\"><span class=\"d-block\">More information<\/span><svg xmlns=\"http:\/\/www.w3.org\/2000\/svg\" width=\"16\" height=\"12\" viewBox=\"0 0 16 12\"><path d=\"M-2455.254-3425.253a.8.8,0,0,1,0-1.211l4.04-3.68h-11.845A.9.9,0,0,1-2464-3431a.9.9,0,0,1,.941-.857h11.845l-4.04-3.679a.8.8,0,0,1,0-1.212,1.007,1.007,0,0,1,1.331,0l5.646,5.142a.8.8,0,0,1,0,1.213l-5.646,5.142a.989.989,0,0,1-.666.252A.987.987,0,0,1-2455.254-3425.253Z\" transform=\"translate(2464 3437)\" fill=\"currentColor\"\/><\/svg><\/span><\/div><\/a><\/li><li class=\"splide__slide\"><a href=\"https:\/\/www.saka.ee\/en\/majutus\/harrastemaja\/hermine\/\" target=\"\" class=\"slide-card\"><div class=\"slide-card__thumb aspect-item\"><img loading=\"lazy\" decoding=\"async\" width=\"370\" height=\"240\" src=\"https:\/\/www.saka.ee\/wp-content\/uploads\/fly-images\/7091\/saka-harrastemaja-hermine-001-370x240-c.jpg\" class=\"attachment-370x240\" alt=\"Processed with Lensa with Auto Adjustments &amp; PT1 filter\" \/><\/div><div class=\"slide-card__content\"><p class=\"has-theme-primary-color\">Hermine<\/p><p>Hermine is a room with a tiny skylight, which is located on the third floor of the manor house.<\/p><\/div><div class=\"slide-card__link\"><span\" class=\"d-inline-flex font-weight-bold align-items-center\" target=\"\"><span class=\"d-block\">More information<\/span><svg xmlns=\"http:\/\/www.w3.org\/2000\/svg\" width=\"16\" height=\"12\" viewBox=\"0 0 16 12\"><path d=\"M-2455.254-3425.253a.8.8,0,0,1,0-1.211l4.04-3.68h-11.845A.9.9,0,0,1-2464-3431a.9.9,0,0,1,.941-.857h11.845l-4.04-3.679a.8.8,0,0,1,0-1.212,1.007,1.007,0,0,1,1.331,0l5.646,5.142a.8.8,0,0,1,0,1.213l-5.646,5.142a.989.989,0,0,1-.666.252A.987.987,0,0,1-2455.254-3425.253Z\" transform=\"translate(2464 3437)\" fill=\"currentColor\"\/><\/svg><\/span><\/div><\/a><\/li><\/ul><\/div><\/div><\/div>\n\n\n<div class=\"wp-block-buttons is-layout-flex wp-block-buttons-is-layout-flex\">\n<div class=\"wp-block-button aligncenter\"><a class=\"wp-block-button__link wp-element-button\" href=\"https:\/\/booking.saka.ee\/en\/\" target=\"_blank\" rel=\"noreferrer noopener nofollow\">Booking<\/a><\/div>\n<\/div>\n","protected":false},"excerpt":{"rendered":"","protected":false},"author":1,"featured_media":0,"parent":8075,"menu_order":101,"comment_status":"closed","ping_status":"closed","template":"","meta":{"_acf_changed":false,"inline_featured_image":false,"footnotes":""},"class_list":["post-7960","page","type-page","status-publish","hentry"],"acf":[],"_links":{"self":[{"href":"https:\/\/www.saka.ee\/en\/wp-json\/wp\/v2\/pages\/7960","targetHints":{"allow":["GET"]}}],"collection":[{"href":"https:\/\/www.saka.ee\/en\/wp-json\/wp\/v2\/pages"}],"about":[{"href":"https:\/\/www.saka.ee\/en\/wp-json\/wp\/v2\/types\/page"}],"author":[{"embeddable":true,"href":"https:\/\/www.saka.ee\/en\/wp-json\/wp\/v2\/users\/1"}],"replies":[{"embeddable":true,"href":"https:\/\/www.saka.ee\/en\/wp-json\/wp\/v2\/comments?post=7960"}],"version-history":[{"count":5,"href":"https:\/\/www.saka.ee\/en\/wp-json\/wp\/v2\/pages\/7960\/revisions"}],"predecessor-version":[{"id":15572,"href":"https:\/\/www.saka.ee\/en\/wp-json\/wp\/v2\/pages\/7960\/revisions\/15572"}],"up":[{"embeddable":true,"href":"https:\/\/www.saka.ee\/en\/wp-json\/wp\/v2\/pages\/8075"}],"wp:attachment":[{"href":"https:\/\/www.saka.ee\/en\/wp-json\/wp\/v2\/media?parent=7960"}],"curies":[{"name":"wp","href":"https:\/\/api.w.org\/{rel}","templated":true}]}}