{"id":7987,"date":"2022-06-20T17:18:17","date_gmt":"2022-06-20T14:18:17","guid":{"rendered":"https:\/\/www.saka.ee\/moisast\/"},"modified":"2026-04-09T15:31:20","modified_gmt":"2026-04-09T12:31:20","slug":"moisast","status":"publish","type":"page","link":"https:\/\/www.saka.ee\/en\/mois\/moisast\/","title":{"rendered":"Manor"},"content":{"rendered":"<div id=\"acf-block_5cc65d4ccc83effafad62836769835f9\" class=\"acf-block-element element-cover alignmax\"><div class=\"splide\" data-splide={\"type\":\"slide\",\"arrows\":false}><div class=\"splide__track\"><ul class=\"splide__list\"><li class=\"splide__slide\"><div class=\"splide__slide-bg\"><img loading=\"lazy\" decoding=\"async\" width=\"1920\" height=\"980\" src=\"https:\/\/www.saka.ee\/wp-content\/uploads\/fly-images\/896\/saka-harrastemaja-DJI_0729-1920x980-c.jpeg\" class=\"attachment-1920x980\" alt=\"saka-harrastemaja-DJI_0729\" \/><\/div><div class=\"splide__slide-content container d-flex flex-wrap align-items-center\"><div class=\"slide-content text-center w-100\"><h1 class=\"slide-title has-giant-font-size font-weight-bold\">Welcome to Saka Manor!<\/h1><div class=\"slide-desc editor-content\"><p>Here it is, Saka Manor, the pearl of the North-Estonian coastal cliffs. It is a place high up on the limestone bank, where natural and cultural heritage meet: the mansion in neo-renaissance style risen from ruins and the limestone bank chosen as one of the Estonian national icons.<\/p>\n<\/div><\/div><\/div><\/li><\/ul><\/div><\/div><\/div>\n\n<div id=\"acf-block_e9bc569d35d59d6721ac2fc731158598\" class=\"acf-block-element element-txtmedia\"><div class=\"row row-grid align-items-center\"><div class=\"col-12 col-md-6 col-content\"><div class=\"col-inner\">\n\n<h2 class=\"wp-block-heading wp-el\">Fully restored<\/h2>\n\n\n\n<p class=\"wp-el\">Saka is one of the few manors in Estonia that has been&nbsp;<strong>fully restored.<\/strong>&nbsp;The mansion, reminiscent of Italian renaissance architecture, as well as newer buildings, surrounded by a park, have all been carefully renovated.<\/p>\n\n\n\n<p class=\"wp-el\"><strong>With its special location, privacy, and services,<\/strong>Saka Manor is the perfect place both for holiday trips, professional seminars, festive social events and weddings for up to 100 guests.<\/p>\n\n\n\n<p class=\"wp-el\">The manor offers luxurious accommodation in the mansion as well as a 29-room hotel, and for summertime use, a camping cabin, caravan parking and camping ground for tents.<\/p>\n\n\n\n<p class=\"wp-el\">The hotel also has a&nbsp;<strong>private mini-SPA<\/strong>&nbsp;with saunas pool area as well as different body care treatments.<\/p>\n\n<\/div><\/div><div class=\"col-12 col-md-6 col-media\"><div class=\"splide\" data-splide={\"type\":\"fade\",\"arrows\":false}><div class=\"splide__track\"><ul class=\"splide__list\"><li class=\"splide__slide\"><a href=\"https:\/\/www.saka.ee\/wp-content\/uploads\/2022\/06\/saka-harrastemaja-saka-moisa-oueala-28.jpeg\" data-fancybox=\"txtmedia-acf-block_e9bc569d35d59d6721ac2fc731158598\"><img loading=\"lazy\" decoding=\"async\" width=\"570\" height=\"380\" src=\"https:\/\/www.saka.ee\/wp-content\/uploads\/2022\/06\/saka-harrastemaja-saka-moisa-oueala-28-570x380.jpeg\" class=\"attachment-img-570x380 size-img-570x380\" alt=\"\" srcset=\"https:\/\/www.saka.ee\/wp-content\/uploads\/2022\/06\/saka-harrastemaja-saka-moisa-oueala-28-570x380.jpeg 570w, https:\/\/www.saka.ee\/wp-content\/uploads\/2022\/06\/saka-harrastemaja-saka-moisa-oueala-28-960x640.jpeg 960w, https:\/\/www.saka.ee\/wp-content\/uploads\/2022\/06\/saka-harrastemaja-saka-moisa-oueala-28.jpeg 1920w, https:\/\/www.saka.ee\/wp-content\/uploads\/2022\/06\/saka-harrastemaja-saka-moisa-oueala-28-570x380@2x.jpeg 1140w\" sizes=\"auto, (max-width: 570px) 100vw, 570px\" \/><\/a><\/li><li class=\"splide__slide\"><a href=\"https:\/\/www.saka.ee\/wp-content\/uploads\/2022\/06\/saka-mois-vaatetorn-01.jpeg\" data-fancybox=\"txtmedia-acf-block_e9bc569d35d59d6721ac2fc731158598\"><img loading=\"lazy\" decoding=\"async\" width=\"570\" height=\"380\" src=\"https:\/\/www.saka.ee\/wp-content\/uploads\/2022\/06\/saka-mois-vaatetorn-01-570x380.jpeg\" class=\"attachment-img-570x380 size-img-570x380\" alt=\"\" srcset=\"https:\/\/www.saka.ee\/wp-content\/uploads\/2022\/06\/saka-mois-vaatetorn-01-570x380.jpeg 570w, https:\/\/www.saka.ee\/wp-content\/uploads\/2022\/06\/saka-mois-vaatetorn-01-960x640.jpeg 960w, https:\/\/www.saka.ee\/wp-content\/uploads\/2022\/06\/saka-mois-vaatetorn-01.jpeg 1920w, https:\/\/www.saka.ee\/wp-content\/uploads\/2022\/06\/saka-mois-vaatetorn-01-570x380@2x.jpeg 1140w\" sizes=\"auto, (max-width: 570px) 100vw, 570px\" \/><\/a><\/li><\/ul><\/div><\/div><\/div><\/div><\/div>\n\n<div id=\"acf-block_a62a126323e9a5209116075b12f30a88\" class=\"acf-block-element element-txtmedia\"><div class=\"row row-grid align-items-center\"><div class=\"col-12 col-md-6 col-content order-md-1\"><div class=\"col-inner\">\n\n<h2 class=\"wp-block-heading wp-el\">Suitable for seminars and conferences<\/h2>\n\n\n\n<p class=\"wp-el\">In addition to the large hall in the manor mansion, which can host <strong>concerts, conferences and parties<\/strong>, the mansion also has the luxurious Scottish Hall, furnished with a large round table and fitting up to 16 guests, as well as a Fireplace Chamber with antique furniture.<\/p>\n\n\n\n<p class=\"wp-el\"><strong>For conferences and seminars<\/strong>, an old Soviet border guard tower (now called Meretorn meaning the Sea Tower), located on the edge of the cliff, has been renovated and now has four meeting rooms; the largest of these is the Hogland chamber, accommodating up to 50 guests.<\/p>\n\n\n\n<div class=\"wp-block-button is-style-secondary\"><a class=\"wp-block-button__link wp-element-button\" href=\"https:\/\/www.saka.ee\/en\/sundmused\/seminariruumid\/\">More information<\/a><\/div>\n\n<\/div><\/div><div class=\"col-12 col-md-6 col-media\"><div class=\"splide\" data-splide={\"type\":\"fade\",\"arrows\":false}><div class=\"splide__track\"><ul class=\"splide__list\"><li class=\"splide__slide\"><a href=\"https:\/\/www.saka.ee\/wp-content\/uploads\/2022\/06\/saka-012A5960.jpeg\" data-fancybox=\"txtmedia-acf-block_a62a126323e9a5209116075b12f30a88\"><img loading=\"lazy\" decoding=\"async\" width=\"570\" height=\"380\" src=\"https:\/\/www.saka.ee\/wp-content\/uploads\/2022\/06\/saka-012A5960-570x380.jpeg\" class=\"attachment-img-570x380 size-img-570x380\" alt=\"\" srcset=\"https:\/\/www.saka.ee\/wp-content\/uploads\/2022\/06\/saka-012A5960-570x380.jpeg 570w, https:\/\/www.saka.ee\/wp-content\/uploads\/2022\/06\/saka-012A5960-960x640.jpeg 960w, https:\/\/www.saka.ee\/wp-content\/uploads\/2022\/06\/saka-012A5960.jpeg 1920w, https:\/\/www.saka.ee\/wp-content\/uploads\/2022\/06\/saka-012A5960-570x380@2x.jpeg 1140w\" sizes=\"auto, (max-width: 570px) 100vw, 570px\" \/><\/a><\/li><li class=\"splide__slide\"><a href=\"https:\/\/www.saka.ee\/wp-content\/uploads\/2022\/06\/saka-mois-bassein-34.jpeg\" data-fancybox=\"txtmedia-acf-block_a62a126323e9a5209116075b12f30a88\"><img loading=\"lazy\" decoding=\"async\" width=\"570\" height=\"380\" src=\"https:\/\/www.saka.ee\/wp-content\/uploads\/2022\/06\/saka-mois-bassein-34-570x380.jpeg\" class=\"attachment-img-570x380 size-img-570x380\" alt=\"\" srcset=\"https:\/\/www.saka.ee\/wp-content\/uploads\/2022\/06\/saka-mois-bassein-34-570x380.jpeg 570w, https:\/\/www.saka.ee\/wp-content\/uploads\/2022\/06\/saka-mois-bassein-34-960x640.jpeg 960w, https:\/\/www.saka.ee\/wp-content\/uploads\/2022\/06\/saka-mois-bassein-34.jpeg 1920w, https:\/\/www.saka.ee\/wp-content\/uploads\/2022\/06\/saka-mois-bassein-34-570x380@2x.jpeg 1140w\" sizes=\"auto, (max-width: 570px) 100vw, 570px\" \/><\/a><\/li><\/ul><\/div><\/div><\/div><\/div><\/div>\n\n<div id=\"acf-block_979734ae4a32df6773fc66e0de8408db\" class=\"acf-block-element element-txtmedia\"><div class=\"row row-grid align-items-center\"><div class=\"col-12 col-md-6 col-content\"><div class=\"col-inner\">\n\n<h2 class=\"wp-block-heading wp-el\">Catering<\/h2>\n\n\n\n<p class=\"wp-el\"><strong>Catering<\/strong>&nbsp;at the mansion is provided by the finest \u00e0 la carte restaurant in Ida-Virumaa, providing everyday meals and festive menus by order in a variety of halls.<\/p>\n\n\n\n<div class=\"wp-block-button\"><a class=\"wp-block-button__link wp-element-button\" href=\"https:\/\/www.saka.ee\/en\/restoran\/\">More information<\/a><\/div>\n\n<\/div><\/div><div class=\"col-12 col-md-6 col-media\"><div class=\"splide\" data-splide={\"type\":\"fade\",\"arrows\":false}><div class=\"splide__track\"><ul class=\"splide__list\"><li class=\"splide__slide\"><a href=\"https:\/\/www.saka.ee\/wp-content\/uploads\/2022\/06\/saka-andrey-andreev-05.jpeg\" data-fancybox=\"txtmedia-acf-block_979734ae4a32df6773fc66e0de8408db\"><img loading=\"lazy\" decoding=\"async\" width=\"570\" height=\"380\" src=\"https:\/\/www.saka.ee\/wp-content\/uploads\/2022\/06\/saka-andrey-andreev-05-570x380.jpeg\" class=\"attachment-img-570x380 size-img-570x380\" alt=\"\" srcset=\"https:\/\/www.saka.ee\/wp-content\/uploads\/2022\/06\/saka-andrey-andreev-05-570x380.jpeg 570w, https:\/\/www.saka.ee\/wp-content\/uploads\/2022\/06\/saka-andrey-andreev-05-960x640.jpeg 960w, https:\/\/www.saka.ee\/wp-content\/uploads\/2022\/06\/saka-andrey-andreev-05.jpeg 1920w, https:\/\/www.saka.ee\/wp-content\/uploads\/2022\/06\/saka-andrey-andreev-05-570x380@2x.jpeg 1140w\" sizes=\"auto, (max-width: 570px) 100vw, 570px\" \/><\/a><\/li><li class=\"splide__slide\"><a href=\"https:\/\/www.saka.ee\/wp-content\/uploads\/2022\/06\/saka-012A6751.jpeg\" data-fancybox=\"txtmedia-acf-block_979734ae4a32df6773fc66e0de8408db\"><img loading=\"lazy\" decoding=\"async\" width=\"570\" height=\"380\" src=\"https:\/\/www.saka.ee\/wp-content\/uploads\/2022\/06\/saka-012A6751-570x380.jpeg\" class=\"attachment-img-570x380 size-img-570x380\" alt=\"\" srcset=\"https:\/\/www.saka.ee\/wp-content\/uploads\/2022\/06\/saka-012A6751-570x380.jpeg 570w, https:\/\/www.saka.ee\/wp-content\/uploads\/2022\/06\/saka-012A6751-960x640.jpeg 960w, https:\/\/www.saka.ee\/wp-content\/uploads\/2022\/06\/saka-012A6751.jpeg 1920w, https:\/\/www.saka.ee\/wp-content\/uploads\/2022\/06\/saka-012A6751-570x380@2x.jpeg 1140w\" sizes=\"auto, (max-width: 570px) 100vw, 570px\" \/><\/a><\/li><li class=\"splide__slide\"><a href=\"https:\/\/www.saka.ee\/wp-content\/uploads\/2022\/06\/saka-mois-hommikusook-05.jpeg\" data-fancybox=\"txtmedia-acf-block_979734ae4a32df6773fc66e0de8408db\"><img loading=\"lazy\" decoding=\"async\" width=\"570\" height=\"380\" src=\"https:\/\/www.saka.ee\/wp-content\/uploads\/2022\/06\/saka-mois-hommikusook-05-570x380.jpeg\" class=\"attachment-img-570x380 size-img-570x380\" alt=\"\" srcset=\"https:\/\/www.saka.ee\/wp-content\/uploads\/2022\/06\/saka-mois-hommikusook-05-570x380.jpeg 570w, https:\/\/www.saka.ee\/wp-content\/uploads\/2022\/06\/saka-mois-hommikusook-05-960x640.jpeg 960w, https:\/\/www.saka.ee\/wp-content\/uploads\/2022\/06\/saka-mois-hommikusook-05.jpeg 1920w, https:\/\/www.saka.ee\/wp-content\/uploads\/2022\/06\/saka-mois-hommikusook-05-570x380@2x.jpeg 1140w\" sizes=\"auto, (max-width: 570px) 100vw, 570px\" \/><\/a><\/li><\/ul><\/div><\/div><\/div><\/div><\/div>\n\n<div id=\"acf-block_85f316e8a719fa526e950c75bc0604ed\" class=\"acf-block-element element-txtmedia\"><div class=\"row row-grid align-items-center\"><div class=\"col-12 col-md-6 col-content order-md-1\"><div class=\"col-inner\">\n\n<h2 class=\"wp-block-heading wp-el\">Excellent location<\/h2>\n\n\n\n<p class=\"wp-el\">Above all, Saka Manor is captivating for its location on the coastal cliffs of northern Estonia, and amidst an ancient park on the western end of the 70-year-old Ontika landscape protection area.&nbsp; A park pavilion, bower and benches alongside garden pathways allow guests to enjoy solitude, peace and quiet.<\/p>\n\n\n\n<p class=\"wp-el\"><strong>Park pathways<\/strong>&nbsp;lead to the lighted Kivisilla cascade and to a stairway that leads down to the beach. Nearby, a former gravel quarry, once used by the military as a dump site, is now the location of an amphitheater, where numerous outdoor concerts take place for the Ida-Virumaa community.<\/p>\n\n\n\n<div class=\"wp-block-button is-style-secondary\"><a class=\"wp-block-button__link wp-element-button\" href=\"https:\/\/www.saka.ee\/en\/kontakt\/\">How to come here<\/a><\/div>\n\n<\/div><\/div><div class=\"col-12 col-md-6 col-media\"><div class=\"splide\" data-splide={\"type\":\"fade\",\"arrows\":false}><div class=\"splide__track\"><ul class=\"splide__list\"><li class=\"splide__slide\"><a href=\"https:\/\/www.saka.ee\/wp-content\/uploads\/2022\/06\/saka-mois-suvemajutus-6Q7A0432.jpeg\" data-fancybox=\"txtmedia-acf-block_85f316e8a719fa526e950c75bc0604ed\"><img loading=\"lazy\" decoding=\"async\" width=\"570\" height=\"380\" src=\"https:\/\/www.saka.ee\/wp-content\/uploads\/2022\/06\/saka-mois-suvemajutus-6Q7A0432-570x380.jpeg\" class=\"attachment-img-570x380 size-img-570x380\" alt=\"\" srcset=\"https:\/\/www.saka.ee\/wp-content\/uploads\/2022\/06\/saka-mois-suvemajutus-6Q7A0432-570x380.jpeg 570w, https:\/\/www.saka.ee\/wp-content\/uploads\/2022\/06\/saka-mois-suvemajutus-6Q7A0432-960x640.jpeg 960w, https:\/\/www.saka.ee\/wp-content\/uploads\/2022\/06\/saka-mois-suvemajutus-6Q7A0432-570x380@2x.jpeg 1140w\" sizes=\"auto, (max-width: 570px) 100vw, 570px\" \/><\/a><\/li><li class=\"splide__slide\"><a href=\"https:\/\/www.saka.ee\/wp-content\/uploads\/2022\/06\/saka-mois-suvemajutus-02.jpeg\" data-fancybox=\"txtmedia-acf-block_85f316e8a719fa526e950c75bc0604ed\"><img loading=\"lazy\" decoding=\"async\" width=\"570\" height=\"380\" src=\"https:\/\/www.saka.ee\/wp-content\/uploads\/2022\/06\/saka-mois-suvemajutus-02-570x380.jpeg\" class=\"attachment-img-570x380 size-img-570x380\" alt=\"\" srcset=\"https:\/\/www.saka.ee\/wp-content\/uploads\/2022\/06\/saka-mois-suvemajutus-02-570x380.jpeg 570w, https:\/\/www.saka.ee\/wp-content\/uploads\/2022\/06\/saka-mois-suvemajutus-02-960x640.jpeg 960w, https:\/\/www.saka.ee\/wp-content\/uploads\/2022\/06\/saka-mois-suvemajutus-02.jpeg 1920w, https:\/\/www.saka.ee\/wp-content\/uploads\/2022\/06\/saka-mois-suvemajutus-02-570x380@2x.jpeg 1140w\" sizes=\"auto, (max-width: 570px) 100vw, 570px\" \/><\/a><\/li><li class=\"splide__slide\"><a href=\"https:\/\/www.saka.ee\/wp-content\/uploads\/2022\/06\/saka-mois-oueala-30.jpeg\" data-fancybox=\"txtmedia-acf-block_85f316e8a719fa526e950c75bc0604ed\"><img loading=\"lazy\" decoding=\"async\" width=\"570\" height=\"380\" src=\"https:\/\/www.saka.ee\/wp-content\/uploads\/2022\/06\/saka-mois-oueala-30-570x380.jpeg\" class=\"attachment-img-570x380 size-img-570x380\" alt=\"\" srcset=\"https:\/\/www.saka.ee\/wp-content\/uploads\/2022\/06\/saka-mois-oueala-30-570x380.jpeg 570w, https:\/\/www.saka.ee\/wp-content\/uploads\/2022\/06\/saka-mois-oueala-30-960x640.jpeg 960w, https:\/\/www.saka.ee\/wp-content\/uploads\/2022\/06\/saka-mois-oueala-30.jpeg 1920w, https:\/\/www.saka.ee\/wp-content\/uploads\/2022\/06\/saka-mois-oueala-30-570x380@2x.jpeg 1140w\" sizes=\"auto, (max-width: 570px) 100vw, 570px\" \/><\/a><\/li><\/ul><\/div><\/div><\/div><\/div><\/div>\n\n<div id=\"acf-block_2b6495d5d25006911fd917b093e4490c\" class=\"acf-block-element element-txtmedia\"><div class=\"row row-grid align-items-center\"><div class=\"col-12 col-md-6 col-content\"><div class=\"col-inner\">\n\n<h2 class=\"wp-block-heading wp-el\">Leisure facilities<\/h2>\n\n\n\n<p class=\"wp-el\">Guests of the manor also have access to <strong>tennis courts and a beach volleyball court<\/strong>, a playground and a traditional swing, as well as military structures \u2013 awakening memories of the recent past. The best way to become acquainted with the surroundings of the manorial estate is to follow the marked Klindim\u00f5isa hiking path that trails along the edge of the cliff and then heads to the beach below.&nbsp; The hike lasts just a few hours.<\/p>\n\n\n\n<p class=\"wp-el\">A trip to Saka does not entail just an aristocratic residence and a picturesque park. Guests can set out for longer journeys and discover the rest of Ida-Virumaa.&nbsp; Even the neighboring Kukruse Polar Manor is a worthwhile trip. All less than an hour\u2019s drive away are the ancient Narva fortress, the Sinim\u00e4ed hills, the Kurem\u00e4e Convent, the Pannj\u00e4rve Adventure Park in Alutaguse, and the mining museum in Kohtla.&nbsp;<\/p>\n\n\n\n<div class=\"wp-block-button\"><a class=\"wp-block-button__link wp-element-button\" href=\"https:\/\/www.saka.ee\/en\/vaba-aeg\/\">More information<\/a><\/div>\n\n<\/div><\/div><div class=\"col-12 col-md-6 col-media\"><div class=\"splide\" data-splide={\"type\":\"fade\",\"arrows\":false}><div class=\"splide__track\"><ul class=\"splide__list\"><li class=\"splide__slide\"><a href=\"https:\/\/www.saka.ee\/wp-content\/uploads\/2022\/06\/rannatennis.jpeg\" data-fancybox=\"txtmedia-acf-block_2b6495d5d25006911fd917b093e4490c\"><img loading=\"lazy\" decoding=\"async\" width=\"570\" height=\"380\" src=\"https:\/\/www.saka.ee\/wp-content\/uploads\/2022\/06\/rannatennis-570x380.jpeg\" class=\"attachment-img-570x380 size-img-570x380\" alt=\"Rannatennis\" srcset=\"https:\/\/www.saka.ee\/wp-content\/uploads\/2022\/06\/rannatennis-570x380.jpeg 570w, https:\/\/www.saka.ee\/wp-content\/uploads\/2022\/06\/rannatennis-960x640.jpeg 960w, https:\/\/www.saka.ee\/wp-content\/uploads\/2022\/06\/rannatennis.jpeg 1920w, https:\/\/www.saka.ee\/wp-content\/uploads\/2022\/06\/rannatennis-570x380@2x.jpeg 1140w\" sizes=\"auto, (max-width: 570px) 100vw, 570px\" \/><\/a><\/li><li class=\"splide__slide\"><a href=\"https:\/\/www.saka.ee\/wp-content\/uploads\/2022\/06\/saka-vibulaskmine.jpeg\" data-fancybox=\"txtmedia-acf-block_2b6495d5d25006911fd917b093e4490c\"><img loading=\"lazy\" decoding=\"async\" width=\"570\" height=\"380\" src=\"https:\/\/www.saka.ee\/wp-content\/uploads\/2022\/06\/saka-vibulaskmine-570x380.jpeg\" class=\"attachment-img-570x380 size-img-570x380\" alt=\"Vibulaskmine\" srcset=\"https:\/\/www.saka.ee\/wp-content\/uploads\/2022\/06\/saka-vibulaskmine-570x380.jpeg 570w, https:\/\/www.saka.ee\/wp-content\/uploads\/2022\/06\/saka-vibulaskmine-960x640.jpeg 960w, https:\/\/www.saka.ee\/wp-content\/uploads\/2022\/06\/saka-vibulaskmine.jpeg 1920w, https:\/\/www.saka.ee\/wp-content\/uploads\/2022\/06\/saka-vibulaskmine-570x380@2x.jpeg 1140w\" sizes=\"auto, (max-width: 570px) 100vw, 570px\" \/><\/a><\/li><li class=\"splide__slide\"><a href=\"https:\/\/www.saka.ee\/wp-content\/uploads\/2022\/06\/piknikukorv.jpeg\" data-fancybox=\"txtmedia-acf-block_2b6495d5d25006911fd917b093e4490c\"><img loading=\"lazy\" decoding=\"async\" width=\"570\" height=\"380\" src=\"https:\/\/www.saka.ee\/wp-content\/uploads\/2022\/06\/piknikukorv-570x380.jpeg\" class=\"attachment-img-570x380 size-img-570x380\" alt=\"Piknikukorv\" srcset=\"https:\/\/www.saka.ee\/wp-content\/uploads\/2022\/06\/piknikukorv-570x380.jpeg 570w, https:\/\/www.saka.ee\/wp-content\/uploads\/2022\/06\/piknikukorv-960x640.jpeg 960w, https:\/\/www.saka.ee\/wp-content\/uploads\/2022\/06\/piknikukorv.jpeg 1920w, https:\/\/www.saka.ee\/wp-content\/uploads\/2022\/06\/piknikukorv-570x380@2x.jpeg 1140w\" sizes=\"auto, (max-width: 570px) 100vw, 570px\" \/><\/a><\/li><\/ul><\/div><\/div><\/div><\/div><\/div>\n\n\n<h2 class=\"wp-block-heading has-text-align-center wp-el\">Come to Saka Manor!<\/h2>\n\n\n\n<div data-fullscreen=\"disabled\" data-mode=\"lightbox\" data-oembed=\"1\" data-provider=\"youtube\" data-reset-after-played id=\"arve-youtube-hkrfzriowvw\" class=\"arve arve-hover-effect-rectangle\" class=\"wp-block-nextgenthemes-arve-block\">\n\t<div class=\"arve-inner\">\n\t\t<div class=\"arve-embed arve-embed--has-aspect-ratio\">\n\t\t\t<div class=\"arve-ar\" style=\"padding-top:56.250000%\"><\/div>\n\t\t\t\n\t\t\t<img decoding=\"async\" alt=\"Saka M\u00f5is\" class=\"arve-thumbnail\" height=\"360\" loading=\"lazy\" sizes=\"auto\" src=\"https:\/\/i.ytimg.com\/vi\/hkrFzRIOwVw\/hqdefault.jpg\" srcset=\"https:\/\/i.ytimg.com\/vi\/hkrFzRIOwVw\/hqdefault.jpg 480w, https:\/\/i.ytimg.com\/vi\/hkrFzRIOwVw\/sddefault.jpg 640w, https:\/\/i.ytimg.com\/vi\/hkrFzRIOwVw\/maxresdefault.jpg 1280w\" width=\"480\">\n\t\t\t<button aria-haspopup=\"dialog\" aria-label=\"Play video: Saka M\u00f5is\" class=\"arve-play-btn arve-play-btn--circle\" data-attr=\"{&quot;credentialless&quot;:true,&quot;referrerpolicy&quot;:&quot;strict-origin-when-cross-origin&quot;,&quot;sandbox&quot;:&quot;allow-scripts allow-same-origin allow-presentation allow-popups allow-popups-to-escape-sandbox&quot;,&quot;allow&quot;:&quot;accelerometer \\u0027none\\u0027;autoplay;bluetooth \\u0027none\\u0027;browsing-topics \\u0027none\\u0027;camera \\u0027none\\u0027;clipboard-read \\u0027none\\u0027;clipboard-write;display-capture \\u0027none\\u0027;encrypted-media \\u0027none\\u0027;gamepad \\u0027none\\u0027;geolocation \\u0027none\\u0027;gyroscope \\u0027none\\u0027;hid \\u0027none\\u0027;identity-credentials-get \\u0027none\\u0027;idle-detection \\u0027none\\u0027;keyboard-map \\u0027none\\u0027;local-fonts;magnetometer \\u0027none\\u0027;microphone \\u0027none\\u0027;midi \\u0027none\\u0027;otp-credentials \\u0027none\\u0027;payment \\u0027none\\u0027;picture-in-picture;publickey-credentials-create \\u0027none\\u0027;publickey-credentials-get \\u0027none\\u0027;screen-wake-lock \\u0027none\\u0027;serial \\u0027none\\u0027;summarizer \\u0027none\\u0027;sync-xhr;usb \\u0027none\\u0027;web-share;window-management \\u0027none\\u0027;xr-spatial-tracking \\u0027none\\u0027;&quot;,&quot;class&quot;:&quot; fitvidsignore&quot;,&quot;data-arve&quot;:&quot;arve-youtube-hkrfzriowvw&quot;,&quot;data-src-no-ap&quot;:&quot;https:\\\/\\\/www.youtube-nocookie.com\\\/embed\\\/hkrFzRIOwVw?feature=oembed\\u0026iv_load_policy=3\\u0026modestbranding=1\\u0026rel=0\\u0026autohide=1\\u0026playsinline=1\\u0026autoplay=0\\u0026enablejsapi=1&quot;,&quot;frameborder&quot;:&quot;0&quot;,&quot;height&quot;:0,&quot;width&quot;:0,&quot;title&quot;:&quot;Saka M\\u00f5is&quot;,&quot;name&quot;:&quot;&quot;,&quot;loading&quot;:&quot;eager&quot;,&quot;allowfullscreen&quot;:&quot;&quot;,&quot;scrolling&quot;:&quot;no&quot;,&quot;data-lenis-prevent&quot;:&quot;&quot;}\" data-height=\"675\" data-iframe=\"https:\/\/www.youtube-nocookie.com\/embed\/hkrFzRIOwVw?feature=oembed&amp;iv_load_policy=3&amp;modestbranding=1&amp;rel=0&amp;autohide=1&amp;playsinline=1&amp;autoplay=1&amp;enablejsapi=1\" data-target=\"#arve-youtube-hkrfzriowvw\" data-thumb=\"https:\/\/i.ytimg.com\/vi\/hkrFzRIOwVw\/hqdefault.jpg\" data-width=\"1200\" href=\"https:\/\/www.youtube.com\/watch?v=hkrFzRIOwVw\" role=\"button\" type=\"button\"><svg class=\"arve-play-svg arve-play-svg--circle\" focusable=\"false\" aria-hidden=\"true\" width=\"75\" viewBox=\"0 0 50 50\"xmlns=\"http:\/\/www.w3.org\/2000\/svg\"><circle fill=\"black\" fill-opacity=\"0.4\" cx=\"25\" cy=\"25\" r=\"25\"><\/circle><path fill=\"white\" fill-opacity=\"0.8\" fill-rule=\"evenodd\" d=\"M 25, 25m -21, 0a 21,21 0 1,0 42,0a 21,21 0 1,0 -42,0M18.5 14 v22 l17 -11z\"><\/path><\/svg><\/button>\n\t\t\t\n\t\t<\/div>\n\t\t\n\t<\/div>\n\t\n\t\n\t<script type=\"application\/ld+json\">{\"@context\":\"http:\\\/\\\/schema.org\\\/\",\"@id\":\"https:\\\/\\\/www.saka.ee\\\/en\\\/mois\\\/moisast\\\/#arve-youtube-hkrfzriowvw\",\"type\":\"VideoObject\",\"embedURL\":\"https:\\\/\\\/www.youtube-nocookie.com\\\/embed\\\/hkrFzRIOwVw?feature=oembed&iv_load_policy=3&modestbranding=1&rel=0&autohide=1&playsinline=1&autoplay=1&enablejsapi=1\",\"name\":\"Saka M\\u00f5is\",\"thumbnailUrl\":\"https:\\\/\\\/i.ytimg.com\\\/vi\\\/hkrFzRIOwVw\\\/hqdefault.jpg\",\"uploadDate\":\"2010-11-22T22:39:03Z\",\"author\":\"Turismiweb\",\"description\":\"INFO: \\n\\nVideo: Mario Pruul\\n\\nT\\u00e4naseks on Saka m\\u00f5isa peahoone restaureeritud ning \\u0161oti p\\u00e4ritolu m\\u00f5isa viimase omaniku L\\u00f6wis of Menari L\\u00f5una-Saksamaal elavad j\\u00e4reltulijad on r\\u00f5\\u00f5msad, et nende esivanemate Eestis asuv m\\u00f5is on taas korras.\\n\\nM\\u00f5isah\\u00e4\\u00e4rber on t\\u00e4naseks saanud uue v\\u00e4limuse ja sisu- peites endas 12 luksuslikku hotellituba, a\\u00b4la carte restorani ja privaatset s\\u00f6\\u00f6gisaali, kontserdisaali koos salongiga, n\\u00f5upidamisteruume. Lisaks muuseumituba, kaminasaali, piljardiruumi ning veinikeldrit.\"}<\/script>\n\t\n<\/div>","protected":false},"excerpt":{"rendered":"<p>Come to Saka Manor!<\/p>\n","protected":false},"author":1,"featured_media":0,"parent":8083,"menu_order":238,"comment_status":"closed","ping_status":"closed","template":"","meta":{"_acf_changed":false,"inline_featured_image":false,"footnotes":""},"class_list":["post-7987","page","type-page","status-publish","hentry"],"acf":[],"_links":{"self":[{"href":"https:\/\/www.saka.ee\/en\/wp-json\/wp\/v2\/pages\/7987","targetHints":{"allow":["GET"]}}],"collection":[{"href":"https:\/\/www.saka.ee\/en\/wp-json\/wp\/v2\/pages"}],"about":[{"href":"https:\/\/www.saka.ee\/en\/wp-json\/wp\/v2\/types\/page"}],"author":[{"embeddable":true,"href":"https:\/\/www.saka.ee\/en\/wp-json\/wp\/v2\/users\/1"}],"replies":[{"embeddable":true,"href":"https:\/\/www.saka.ee\/en\/wp-json\/wp\/v2\/comments?post=7987"}],"version-history":[{"count":5,"href":"https:\/\/www.saka.ee\/en\/wp-json\/wp\/v2\/pages\/7987\/revisions"}],"predecessor-version":[{"id":19123,"href":"https:\/\/www.saka.ee\/en\/wp-json\/wp\/v2\/pages\/7987\/revisions\/19123"}],"up":[{"embeddable":true,"href":"https:\/\/www.saka.ee\/en\/wp-json\/wp\/v2\/pages\/8083"}],"wp:attachment":[{"href":"https:\/\/www.saka.ee\/en\/wp-json\/wp\/v2\/media?parent=7987"}],"curies":[{"name":"wp","href":"https:\/\/api.w.org\/{rel}","templated":true}]}}