{"id":8094,"date":"2022-05-18T06:42:32","date_gmt":"2022-05-18T03:42:32","guid":{"rendered":"https:\/\/www.saka.ee\/restoran\/"},"modified":"2026-02-03T18:05:45","modified_gmt":"2026-02-03T16:05:45","slug":"cliffrestoran","status":"publish","type":"page","link":"https:\/\/www.saka.ee\/en\/cliffrestoran\/","title":{"rendered":"Restaurant Cliff"},"content":{"rendered":"<div id=\"acf-block_a70b4860561c78371a1bbd739ea300f1\" class=\"acf-block-element element-cover alignmax\"><div class=\"splide\" data-splide={\"type\":\"slide\",\"arrows\":false}><div class=\"splide__track\"><ul class=\"splide__list\"><li class=\"splide__slide\"><div class=\"splide__slide-bg\"><img loading=\"lazy\" decoding=\"async\" width=\"1920\" height=\"980\" src=\"https:\/\/www.saka.ee\/wp-content\/uploads\/fly-images\/776\/ohtusook-scaled-1920x980-c.jpg\" class=\"attachment-1920x980\" alt=\"ohtusook\" \/><\/div><div class=\"splide__slide-content container d-flex flex-wrap align-items-center\"><div class=\"slide-content text-center w-100\"><h1 class=\"slide-title has-giant-font-size font-weight-bold\">Restaurant Cliff<\/h1><div class=\"slide-desc editor-content\"><p>Mon-Fri 18:00 \u2013 22:00 (kitchen closes 1 hour earlier)<br \/>\nSat  13:00 \u2013 23:00 (kitchen closes 1 hour earlier)<br \/>\nSun 13:00 \u2013 20:00 (kitchen closes 1 hour earlier)<\/p>\n<\/div><div class=\"wp-block-button is-style-white-outline\"><a href=\"https:\/\/www.saka.ee\/en\/restoran\/a-la-carte-menuu\/\" class=\"wp-block-button__link\" target=\"\">See the menu<\/a><\/div><\/div><\/div><\/li><\/ul><\/div><\/div><\/div>\n\n\n<p class=\"wp-el\">The guests of the manor can have dinner in three dining halls with arched ceilings, which can accommodate up to 70 people.&nbsp; The small hall can accommodate at the round table up to 10 people and is perfectly suitable for birthday parties, business lunches, and private dinners.<\/p>\n\n\n\n<p class=\"wp-el\">Upon request, the mansion\u2019s Ballroom and Fireplace Chamber can also host festive luncheons and dinner feasts. The Ballroom, fitted with round tables, can seat up to 70 guests, the Fireplace Chamber can seat 15 guests.&nbsp; An additional room rental fee is added to prices pursuant to agreed terms.<\/p>\n\n\n\n<p class=\"wp-el\">Saka Manor restaurant is famous all over Estonia or its delicious meals, which is why we suggest that you order your dinner in advance and book a table at the restaurant.<\/p>\n\n\n<div id=\"acf-block_9e499f8e851933dc0876908935ec7ca0\" class=\"wp-block-buttons has-text-align-left\"><div class=\"wp-block-button\"><button type=\"button\" class=\"wp-block-button__link\" data-toggle=\"modal\" data-target=\"#acf-block_9e499f8e851933dc0876908935ec7ca0-1505\">Book a table<\/button><\/div><\/div><div class=\"modal-el-wrapper\"><div class=\"modal fade\" id=\"acf-block_9e499f8e851933dc0876908935ec7ca0-1505\" tabindex=\"-1\" aria-hidden=\"true\"><div class=\"modal-dialog modal-xl modal-dialog-centered modal-dialog-scrollable\"><div class=\"modal-content\"><div class=\"modal-header\"><p class=\"modal-title\">Broneeri laud<\/p><button type=\"button\" class=\"close\" data-dismiss=\"modal\" aria-label=\"Close\"><svg xmlns=\"http:\/\/www.w3.org\/2000\/svg\" width=\"19.799\" height=\"19.799\" viewBox=\"0 0 19.799 19.799\"><g transform=\"translate(6850.45 -8902.474) rotate(45)\"><line y2=\"24\" transform=\"translate(1465 11127)\" fill=\"none\" stroke=\"#fff\" stroke-linecap=\"round\" stroke-width=\"2\"\/><line y2=\"24\" transform=\"translate(1477 11139) rotate(90)\" fill=\"none\" stroke=\"#fff\" stroke-linecap=\"round\" stroke-width=\"2\"\/><\/g><\/svg><\/button><\/div><div class=\"modal-body\">\n<div class=\"wpcf7 no-js\" id=\"wpcf7-f1508-o2\" lang=\"et\" dir=\"ltr\" data-wpcf7-id=\"1508\">\n<div class=\"screen-reader-response\"><p role=\"status\" aria-live=\"polite\" aria-atomic=\"true\"><\/p> <ul><\/ul><\/div>\n<form action=\"\/en\/wp-json\/wp\/v2\/pages\/8094#wpcf7-f1508-o2\" method=\"post\" class=\"wpcf7-form init\" aria-label=\"Contact form\" novalidate=\"novalidate\" data-status=\"init\">\n<fieldset class=\"hidden-fields-container\"><input type=\"hidden\" name=\"_wpcf7\" value=\"1508\" \/><input type=\"hidden\" name=\"_wpcf7_version\" value=\"6.1.5\" \/><input type=\"hidden\" name=\"_wpcf7_locale\" value=\"et\" \/><input type=\"hidden\" name=\"_wpcf7_unit_tag\" value=\"wpcf7-f1508-o2\" \/><input type=\"hidden\" name=\"_wpcf7_container_post\" value=\"0\" \/><input type=\"hidden\" name=\"_wpcf7_posted_data_hash\" value=\"\" \/><input type=\"hidden\" name=\"_wpcf7_recaptcha_response\" value=\"\" \/>\n<\/fieldset>\n<div class=\"row row-grid\">\n<div class=\"col-12 col-md-6\"><span class=\"wpcf7-form-control-wrap\" data-name=\"kliendi-nimi\"><input size=\"40\" maxlength=\"400\" class=\"wpcf7-form-control wpcf7-text wpcf7-validates-as-required\" aria-required=\"true\" aria-invalid=\"false\" placeholder=\"Ees- ja perekonnanimi *\" value=\"\" type=\"text\" name=\"kliendi-nimi\" \/><\/span><\/div>\n<div class=\"col-12 col-md-6\"><span class=\"wpcf7-form-control-wrap\" data-name=\"kliendi-telefon\"><input size=\"40\" maxlength=\"400\" class=\"wpcf7-form-control wpcf7-text wpcf7-validates-as-required\" aria-required=\"true\" aria-invalid=\"false\" placeholder=\"Telefoninumber\" value=\"\" type=\"text\" name=\"kliendi-telefon\" \/><\/span><\/div>\n<div class=\"col-12 col-md-6\"><span class=\"wpcf7-form-control-wrap\" data-name=\"kliendi-epost\"><input size=\"40\" maxlength=\"400\" class=\"wpcf7-form-control wpcf7-email wpcf7-validates-as-required wpcf7-text wpcf7-validates-as-email\" aria-required=\"true\" aria-invalid=\"false\" placeholder=\"E-posti aadress *\" value=\"\" type=\"email\" name=\"kliendi-epost\" \/><\/span><\/div>\n<div class=\"col-12 col-md-6\"><span class=\"wpcf7-form-control-wrap\" data-name=\"kuupaev\"><input size=\"40\" maxlength=\"400\" class=\"wpcf7-form-control wpcf7-text wpcf7-validates-as-required\" aria-required=\"true\" aria-invalid=\"false\" placeholder=\"Kuup\u00e4ev *\" value=\"\" type=\"text\" name=\"kuupaev\" \/><\/span><\/div>\n<div class=\"col-12 col-md-6\"><span class=\"wpcf7-form-control-wrap\" data-name=\"kellaaeg\"><input size=\"40\" maxlength=\"400\" class=\"wpcf7-form-control wpcf7-text wpcf7-validates-as-required\" aria-required=\"true\" aria-invalid=\"false\" placeholder=\"Kellaaaeg *\" value=\"\" type=\"text\" name=\"kellaaeg\" \/><\/span><\/div>\n<div class=\"col-12 col-md-6\"><span class=\"wpcf7-form-control-wrap\" data-name=\"inimeste-arv\"><input size=\"40\" maxlength=\"400\" class=\"wpcf7-form-control wpcf7-text\" aria-invalid=\"false\" placeholder=\"Mitu inimest lauas\" value=\"\" type=\"text\" name=\"inimeste-arv\" \/><\/span><\/div>\n<div class=\"col-12\">\n\n<\/div>\n<div class=\"col-12\"><span class=\"wpcf7-form-control-wrap\" data-name=\"sonum\"><textarea cols=\"40\" rows=\"10\" maxlength=\"2000\" class=\"wpcf7-form-control wpcf7-textarea\" aria-invalid=\"false\" placeholder=\"Kirjuta siia oma k\u00fcsimus v\u00f5i p\u00e4ring\" name=\"sonum\"><\/textarea><\/span><\/div>\n<div class=\"col-12\"><em>Oluline info. Palun tutvuge enne broneeringu tegemist restorani lahtioleku aegadega. Kodulehelt Saka m\u00f5isa restorani lauda broneerides palume ette tellida 12h. Teie broneering on kehtiv, kui olete saanud kinnitusemaili.<\/em><\/div>\n<div class=\"col-12 col-md-6\"><input class=\"wpcf7-form-control wpcf7-submit has-spinner\" type=\"submit\" value=\"Saada\" \/><\/div>\n<\/div><div class=\"wpcf7-response-output\" aria-hidden=\"true\"><\/div>\n<\/form>\n<\/div>\n\n<\/div><\/div><\/div><\/div><\/div>\n\n<div id=\"acf-block_c4ed70ef18c26d963e3e9e259e2f81a1\" class=\"acf-block-element element-img-cards\"><div class=\"ama-cards d-flex flex-wrap justify-content-center two-perrow\"><a href=\"https:\/\/www.saka.ee\/en\/restoran\/a-la-carte-menuu\/\" target=\"\"  class=\"d-block ama-card position-relative\"><img loading=\"lazy\" decoding=\"async\" width=\"570\" height=\"320\" src=\"https:\/\/www.saka.ee\/wp-content\/uploads\/fly-images\/8243\/IMG_1671-570x320-c.jpg\" class=\"attachment-570x320\" alt=\"Processed with Lensa with PT1 filter\" \/><div class=\"card-overlay position-absolute d-flex flex-wrap align-items-center justify-content-center w-100 h-100\"><span class=\"d-block font-weight-bold text-center\">\u00c0 la carte menu<\/span><\/div><\/a><a href=\"https:\/\/www.saka.ee\/en\/restoran\/seminaride-toitlustus\/\" target=\"\"  class=\"d-block ama-card position-relative\"><img loading=\"lazy\" decoding=\"async\" width=\"570\" height=\"320\" src=\"https:\/\/www.saka.ee\/wp-content\/uploads\/fly-images\/8259\/IMG_1871-570x320-c.jpg\" class=\"attachment-570x320\" alt=\"Processed with Lensa with PT1 filter\" \/><div class=\"card-overlay position-absolute d-flex flex-wrap align-items-center justify-content-center w-100 h-100\"><span class=\"d-block font-weight-bold text-center\">Catering for seminars<\/span><\/div><\/a><\/div><\/div>\n\n\n<h2 class=\"wp-block-heading has-text-align-center wp-el\">Gallery<\/h2>\n\n\n<div id=\"acf-block_99819f0c547a03326be5dda92685b9c3\" class=\"acf-block-element element-gallery\"><div class=\"gallery gallery-grid\"><figure class=\"gallery-item\"><a href=\"https:\/\/www.saka.ee\/wp-content\/uploads\/2022\/06\/saka-012A6751.jpeg\"><img loading=\"lazy\" decoding=\"async\" width=\"383\" height=\"220\" src=\"https:\/\/www.saka.ee\/wp-content\/uploads\/fly-images\/1309\/saka-012A6751-383x220-c.jpeg\" class=\"attachment-383x220\" alt=\"saka-012A6751\" \/><\/a><\/figure><figure class=\"gallery-item\"><a href=\"https:\/\/www.saka.ee\/wp-content\/uploads\/2022\/06\/saka-012A5962.jpeg\"><img loading=\"lazy\" decoding=\"async\" width=\"383\" height=\"220\" src=\"https:\/\/www.saka.ee\/wp-content\/uploads\/fly-images\/1303\/saka-012A5962-383x220-c.jpeg\" class=\"attachment-383x220\" alt=\"saka-012A5962\" \/><\/a><\/figure><figure class=\"gallery-item\"><a href=\"https:\/\/www.saka.ee\/wp-content\/uploads\/2022\/10\/IMG_2006.jpeg\"><img loading=\"lazy\" decoding=\"async\" width=\"383\" height=\"220\" src=\"https:\/\/www.saka.ee\/wp-content\/uploads\/fly-images\/8240\/IMG_2006-383x220-c.jpeg\" class=\"attachment-383x220\" alt=\"IMG_2006\" \/><\/a><\/figure><figure class=\"gallery-item\"><a href=\"https:\/\/www.saka.ee\/wp-content\/uploads\/2022\/06\/saka-soogisaal-03.jpeg\"><img loading=\"lazy\" decoding=\"async\" width=\"383\" height=\"220\" src=\"https:\/\/www.saka.ee\/wp-content\/uploads\/fly-images\/1321\/saka-soogisaal-03-383x220-c.jpeg\" class=\"attachment-383x220\" alt=\"saka-soogisaal-03\" \/><\/a><\/figure><figure class=\"gallery-item\"><a href=\"https:\/\/www.saka.ee\/wp-content\/uploads\/2022\/06\/saka-toorjuustukook-02.jpeg\"><img loading=\"lazy\" decoding=\"async\" width=\"383\" height=\"220\" src=\"https:\/\/www.saka.ee\/wp-content\/uploads\/fly-images\/1323\/saka-toorjuustukook-02-383x220-c.jpeg\" class=\"attachment-383x220\" alt=\"saka-toorjuustukook-02\" \/><\/a><\/figure><figure class=\"gallery-item\"><a href=\"https:\/\/www.saka.ee\/wp-content\/uploads\/2022\/10\/IMG_1671.jpg\"><img loading=\"lazy\" decoding=\"async\" width=\"383\" height=\"220\" src=\"https:\/\/www.saka.ee\/wp-content\/uploads\/fly-images\/8243\/IMG_1671-383x220-c.jpg\" class=\"attachment-383x220\" alt=\"Processed with Lensa with PT1 filter\" \/><\/a><\/figure><figure class=\"gallery-item\"><a href=\"https:\/\/www.saka.ee\/wp-content\/uploads\/2022\/10\/IMG_2063.jpeg\"><img loading=\"lazy\" decoding=\"async\" width=\"383\" height=\"220\" src=\"https:\/\/www.saka.ee\/wp-content\/uploads\/fly-images\/8256\/IMG_2063-383x220-c.jpeg\" class=\"attachment-383x220\" alt=\"IMG_2063\" \/><\/a><\/figure><figure class=\"gallery-item\"><a href=\"https:\/\/www.saka.ee\/wp-content\/uploads\/2022\/10\/IMG_1871.jpg\"><img loading=\"lazy\" decoding=\"async\" width=\"383\" height=\"220\" src=\"https:\/\/www.saka.ee\/wp-content\/uploads\/fly-images\/8259\/IMG_1871-383x220-c.jpg\" class=\"attachment-383x220\" alt=\"Processed with Lensa with PT1 filter\" \/><\/a><\/figure><figure class=\"gallery-item\"><a href=\"https:\/\/www.saka.ee\/wp-content\/uploads\/2022\/10\/IMG_1775.jpg\"><img loading=\"lazy\" decoding=\"async\" width=\"383\" height=\"220\" src=\"https:\/\/www.saka.ee\/wp-content\/uploads\/fly-images\/8262\/IMG_1775-383x220-c.jpg\" class=\"attachment-383x220\" alt=\"Processed with Lensa with PT1 filter\" \/><\/a><\/figure><figure class=\"gallery-item\"><a href=\"https:\/\/www.saka.ee\/wp-content\/uploads\/2022\/10\/IMG_1724.jpg\"><img loading=\"lazy\" decoding=\"async\" width=\"383\" height=\"220\" src=\"https:\/\/www.saka.ee\/wp-content\/uploads\/fly-images\/8265\/IMG_1724-383x220-c.jpg\" class=\"attachment-383x220\" alt=\"Processed with Lensa with Auto Adjustments &amp; PT1 filter\" \/><\/a><\/figure><figure class=\"gallery-item\"><a href=\"https:\/\/www.saka.ee\/wp-content\/uploads\/2022\/10\/IMG_1699.jpg\"><img loading=\"lazy\" decoding=\"async\" width=\"383\" height=\"220\" src=\"https:\/\/www.saka.ee\/wp-content\/uploads\/fly-images\/8268\/IMG_1699-383x220-c.jpg\" class=\"attachment-383x220\" alt=\"Processed with Lensa with PT1 filter\" \/><\/a><\/figure><figure class=\"gallery-item\"><a href=\"https:\/\/www.saka.ee\/wp-content\/uploads\/2022\/10\/H16A7496-scaled.jpg\"><img loading=\"lazy\" decoding=\"async\" width=\"383\" height=\"220\" src=\"https:\/\/www.saka.ee\/wp-content\/uploads\/fly-images\/8271\/H16A7496-scaled-383x220-c.jpg\" class=\"attachment-383x220\" alt=\"H16A7496\" \/><\/a><\/figure><figure class=\"gallery-item\"><a href=\"https:\/\/www.saka.ee\/wp-content\/uploads\/2022\/10\/DA6C1F3F-ECC7-4559-BB4F-6922E1930679.jpg\"><img loading=\"lazy\" decoding=\"async\" width=\"383\" height=\"220\" src=\"https:\/\/www.saka.ee\/wp-content\/uploads\/fly-images\/8274\/DA6C1F3F-ECC7-4559-BB4F-6922E1930679-383x220-c.jpg\" class=\"attachment-383x220\" alt=\"DA6C1F3F-ECC7-4559-BB4F-6922E1930679\" \/><\/a><\/figure><figure class=\"gallery-item\"><a href=\"https:\/\/www.saka.ee\/wp-content\/uploads\/2022\/10\/B941EEE9-8D17-45F6-A160-3CD33F2E7C03.jpg\"><img loading=\"lazy\" decoding=\"async\" width=\"383\" height=\"220\" src=\"https:\/\/www.saka.ee\/wp-content\/uploads\/fly-images\/8277\/B941EEE9-8D17-45F6-A160-3CD33F2E7C03-383x220-c.jpg\" class=\"attachment-383x220\" alt=\"B941EEE9-8D17-45F6-A160-3CD33F2E7C03\" \/><\/a><\/figure><figure class=\"gallery-item\"><a href=\"https:\/\/www.saka.ee\/wp-content\/uploads\/2022\/10\/1A56AEA5-98D0-4AD0-80FA-949DCDE01312.jpg\"><img loading=\"lazy\" decoding=\"async\" width=\"383\" height=\"220\" src=\"https:\/\/www.saka.ee\/wp-content\/uploads\/fly-images\/8280\/1A56AEA5-98D0-4AD0-80FA-949DCDE01312-383x220-c.jpg\" class=\"attachment-383x220\" alt=\"1A56AEA5-98D0-4AD0-80FA-949DCDE01312\" \/><\/a><\/figure><\/div><\/div>\n\n\n<h2 class=\"wp-block-heading has-text-align-center wp-el\">Discounts<\/h2>\n\n\n\n<figure class=\"wp-block-table\"><table><thead><tr><th>Card<\/th><th>Discount<\/th><th>Homepage<\/th><\/tr><\/thead><tbody><tr><td>Estravel Gold Card at the restaurant<\/td><td>10% off the usual price<\/td><td><a href=\"https:\/\/www.estravel.ee\/\" target=\"_blank\" rel=\"noreferrer noopener nofollow\">www.estravel.ee<\/a><\/td><\/tr><tr><td>Carlson Wagonlit Travel Gift Card<\/td><td>10% off the usual price<\/td><td><a href=\"https:\/\/kalevatravel.ee\/\" target=\"_blank\" rel=\"noreferrer noopener nofollow\">www.kalevatravel.ee<\/a><\/td><\/tr><tr><td>Lions Club members<\/td><td>10% off the usual price<\/td><td><a href=\"https:\/\/www.lionsclubs.org\/\" target=\"_blank\" rel=\"noreferrer noopener nofollow\">www.lionsclubs.org<\/a><\/td><\/tr><\/tbody><\/table><figcaption class=\"wp-element-caption\">NB! The discounts provided by the cards listed above do not apply to accommodation, packages, discount campaigns, and free time facilities.<\/figcaption><\/figure>\n\n\n\n<h3 class=\"wp-block-heading wp-el\">Saka Manor restaurant opening hours:<\/h3>\n\n\n\n<ul class=\"wp-block-list wp-el\">\n<li>Mon-Fri 18:00 \u2013 22:00 (kitchen closes 1 hour earlier)<\/li>\n\n\n\n<li>Sat 13:00 \u2013 23:00 (kitchen closes 1 hour earlier)<\/li>\n\n\n\n<li>Sun 13:00 \u2013 20:00 (kitchen closes 1 hour earlier)<a href=\"https:\/\/www.saka.ee\/wp-content\/uploads\/2022\/09\/IMG_8766.jpeg\"><\/a><\/li>\n<\/ul>\n\n\n\n<h3 class=\"wp-block-heading wp-el\">Information and table booking:<\/h3>\n\n\n\n<p class=\"wp-el\">From Monday to Friday 9-17<br>Restaurant: <a href=\"tel:+372 336 4901\">+372 336 4901<\/a><\/p>\n\n\n\n<h3 class=\"wp-block-heading wp-el\">At other time:<\/h3>\n\n\n\n<p class=\"wp-el\">Hotel reception: <a href=\"tel:+372 336 4900\">+372 336 4900<\/a><br>E-mail: <a href=\"mailto:saka@saka.ee\">saka@saka.ee<\/a><\/p>\n","protected":false},"excerpt":{"rendered":"<p>The guests of the manor can have dinner in three dining halls with arched ceilings, which can accommodate up to&#8230;<\/p>\n","protected":false},"author":1,"featured_media":0,"parent":0,"menu_order":137,"comment_status":"closed","ping_status":"closed","template":"","meta":{"_acf_changed":false,"inline_featured_image":false,"footnotes":""},"class_list":["post-8094","page","type-page","status-publish","hentry"],"acf":[],"_links":{"self":[{"href":"https:\/\/www.saka.ee\/en\/wp-json\/wp\/v2\/pages\/8094","targetHints":{"allow":["GET"]}}],"collection":[{"href":"https:\/\/www.saka.ee\/en\/wp-json\/wp\/v2\/pages"}],"about":[{"href":"https:\/\/www.saka.ee\/en\/wp-json\/wp\/v2\/types\/page"}],"author":[{"embeddable":true,"href":"https:\/\/www.saka.ee\/en\/wp-json\/wp\/v2\/users\/1"}],"replies":[{"embeddable":true,"href":"https:\/\/www.saka.ee\/en\/wp-json\/wp\/v2\/comments?post=8094"}],"version-history":[{"count":5,"href":"https:\/\/www.saka.ee\/en\/wp-json\/wp\/v2\/pages\/8094\/revisions"}],"predecessor-version":[{"id":18405,"href":"https:\/\/www.saka.ee\/en\/wp-json\/wp\/v2\/pages\/8094\/revisions\/18405"}],"wp:attachment":[{"href":"https:\/\/www.saka.ee\/en\/wp-json\/wp\/v2\/media?parent=8094"}],"curies":[{"name":"wp","href":"https:\/\/api.w.org\/{rel}","templated":true}]}}