{"id":12634,"date":"2022-06-22T14:52:53","date_gmt":"2022-06-22T11:52:53","guid":{"rendered":"https:\/\/www.saka.ee\/amanda\/"},"modified":"2024-06-06T11:02:19","modified_gmt":"2024-06-06T08:02:19","slug":"amanda","status":"publish","type":"page","link":"https:\/\/www.saka.ee\/fi\/majutus\/harrastemaja\/amanda\/","title":{"rendered":"Amanda"},"content":{"rendered":"<div id=\"acf-block_686db02f48cf1d56af50a9b1ece23feb\" class=\"acf-block-element element-cover alignmax\"><div class=\"splide\" data-splide={\"type\":\"slide\",\"arrows\":false}><div class=\"splide__track\"><ul class=\"splide__list\"><li class=\"splide__slide\"><div class=\"splide__slide-bg\"><img loading=\"lazy\" decoding=\"async\" width=\"1920\" height=\"980\" src=\"https:\/\/www.saka.ee\/wp-content\/uploads\/fly-images\/12088\/saka-amanda-pais-980-1920x980-c.jpg\" class=\"attachment-1920x980\" alt=\"saka-amanda-pais-980\" \/><\/div><div class=\"splide__slide-content container d-flex flex-wrap align-items-center\"><div class=\"slide-content text-center w-100\"><h1 class=\"slide-title has-giant-font-size font-weight-bold\">Amanda<\/h1><div class=\"slide-desc editor-content\"><p>Amanda on pieni kattoikkunallinen huone herraskartanon kolmannessa kerroksessa. Huoneessa on kylpyamme, kattopalkit ja pylv\u00e4\u00e4t luovat menneiden aikojen tunnelmaa.<\/p>\n<\/div><div class=\"wp-block-button is-style-white-outline\"><a href=\"https:\/\/booking.saka.ee\/fi\/\" class=\"wp-block-button__link\" target=\"\" rel=\"nofollow noopener\">Varaa<\/a><\/div><\/div><\/div><\/li><\/ul><\/div><\/div><\/div>\n\n<div id=\"acf-block_7142f92af9361fb1c716914bfc2685d8\" class=\"acf-block-element element-txtmedia\"><div class=\"row row-grid align-items-center\"><div class=\"col-12 col-md-6 col-content\"><div class=\"col-inner\">\n\n<h2 class=\"wp-block-heading wp-el\"><strong>Sijaitsee erill\u00e4\u00e4n muista huoneista<\/strong><\/h2>\n\n\n\n<p class=\"wp-el\">Amandan etuna on sen sijainti erill\u00e4\u00e4n muista huoneista. Amanda ja samantyyppinen Hermine-huone sijaitsevat kartanon kolmannessa kerroksessa, joka on sisustettu antiikkihuonekaluilla ja Chesterfield-tyylisill\u00e4 suurin napein koristelluilla nahkanojatuoleilla ja -sohvalla. Kolmannesta kerroksesta p\u00e4\u00e4see my\u00f6s kartanon valotorniin rakennetulle lasitetulle parvekkeelle, jonka ikkunoista avautuvat upeat n\u00e4kym\u00e4t koko kartanokeskuksen yli.<\/p>\n\n<\/div><\/div><div class=\"col-12 col-md-6 col-media\"><div class=\"splide\" data-splide={\"type\":\"fade\",\"arrows\":false}><div class=\"splide__track\"><ul class=\"splide__list\"><li class=\"splide__slide\"><a href=\"https:\/\/www.saka.ee\/wp-content\/uploads\/2022\/07\/H16A8089.jpg-Amanda.jpg\" data-fancybox=\"txtmedia-acf-block_7142f92af9361fb1c716914bfc2685d8\"><img loading=\"lazy\" decoding=\"async\" width=\"570\" height=\"380\" src=\"https:\/\/www.saka.ee\/wp-content\/uploads\/2022\/07\/H16A8089.jpg-Amanda-570x380.jpg\" class=\"attachment-img-570x380 size-img-570x380\" alt=\"\" srcset=\"https:\/\/www.saka.ee\/wp-content\/uploads\/2022\/07\/H16A8089.jpg-Amanda-570x380.jpg 570w, https:\/\/www.saka.ee\/wp-content\/uploads\/2022\/07\/H16A8089.jpg-Amanda-960x640.jpg 960w, https:\/\/www.saka.ee\/wp-content\/uploads\/2022\/07\/H16A8089.jpg-Amanda.jpg 2000w, https:\/\/www.saka.ee\/wp-content\/uploads\/2022\/07\/H16A8089.jpg-Amanda-570x380@2x.jpg 1140w\" sizes=\"auto, (max-width: 570px) 100vw, 570px\" \/><\/a><\/li><\/ul><\/div><\/div><\/div><\/div><\/div>\n\n<div id=\"acf-block_a03216119e0a78d4bcb4ac06687e1e3e\" class=\"acf-block-element element-txtmedia\"><div class=\"row row-grid align-items-center\"><div class=\"col-12 col-md-6 col-content order-md-1\"><div class=\"col-inner\">\n\n<h2 class=\"wp-block-heading wp-el\"><strong>Herraskartanon mahdollisuudet<\/strong><\/h2>\n\n\n\n<p class=\"wp-el\">Huvilamainen rakennus eroaa merkitt\u00e4v\u00e4sti useimmista virolaisista kartanoista ja on ilmeisesti ollut esikuvana Toilaan 30 vuotta my\u00f6hemmin rakennetulle Orun palatsille, joka palveli Viron valtionp\u00e4\u00e4miehen kes\u00e4asuntona ennen II maailmansotaa. Tuhottua palatsia voi nyky\u00e4\u00e4n ihailla vain valokuvissa.<\/p>\n\n\n\n<p class=\"wp-el\">Renessanssia edustavan herraskartanon sviitti on sisustettu aikakauden kalusteilla. Rakennuksessa on lis\u00e4ksi kolme juniorsviitti\u00e4 ja kahdeksan eri kartanotyylej\u00e4 edustavaa huonetta.<\/p>\n\n<\/div><\/div><div class=\"col-12 col-md-6 col-media\"><div class=\"splide\" data-splide={\"type\":\"fade\",\"arrows\":false}><div class=\"splide__track\"><ul class=\"splide__list\"><li class=\"splide__slide\"><a href=\"https:\/\/www.saka.ee\/wp-content\/uploads\/2022\/07\/012A6036.jpg-Amanda.jpg\" data-fancybox=\"txtmedia-acf-block_a03216119e0a78d4bcb4ac06687e1e3e\"><img loading=\"lazy\" decoding=\"async\" width=\"570\" height=\"380\" src=\"https:\/\/www.saka.ee\/wp-content\/uploads\/2022\/07\/012A6036.jpg-Amanda-570x380.jpg\" class=\"attachment-img-570x380 size-img-570x380\" alt=\"\" srcset=\"https:\/\/www.saka.ee\/wp-content\/uploads\/2022\/07\/012A6036.jpg-Amanda-570x380.jpg 570w, https:\/\/www.saka.ee\/wp-content\/uploads\/2022\/07\/012A6036.jpg-Amanda-960x640.jpg 960w, https:\/\/www.saka.ee\/wp-content\/uploads\/2022\/07\/012A6036.jpg-Amanda.jpg 2000w, https:\/\/www.saka.ee\/wp-content\/uploads\/2022\/07\/012A6036.jpg-Amanda-570x380@2x.jpg 1140w\" sizes=\"auto, (max-width: 570px) 100vw, 570px\" \/><\/a><\/li><\/ul><\/div><\/div><\/div><\/div><\/div>\n\n<div id=\"acf-block_078f5cc2d8bed56224edf391ab6a2567\" class=\"acf-block-element element-txtmedia\"><div class=\"row row-grid align-items-center\"><div class=\"col-12 col-md-6 col-content\"><div class=\"col-inner\">\n\n<h2 class=\"wp-block-heading wp-el\"><strong>Kaikki tarvittava on olemassa!<\/strong><\/h2>\n\n\n\n<p class=\"wp-el\">Herraskartanossa sijaitsee my\u00f6s kartanokeskuksen <em>\u00e0 la carte<\/em> -ravintola ja useita kokoustiloja. Juhlasali apuhuoneineen sopii hyvin vihkitilaisuuksien ja hienojen h\u00e4\u00e4juhlien j\u00e4rjest\u00e4miseen.<\/p>\n\n\n\n<p class=\"wp-el\">Jokaisessa huoneessa on TV ja puhelin, matot s\u00e4nkyjen edess\u00e4, hiustenkuivaaja sek\u00e4 aamutossut ja kylpytakit kylpyhuoneessa.<\/p>\n\n\n\n<p class=\"wp-el\">Kartanossa on toimiva WiFi-verkko.<\/p>\n\n<\/div><\/div><div class=\"col-12 col-md-6 col-media\"><div class=\"splide\" data-splide={\"type\":\"fade\",\"arrows\":false}><div class=\"splide__track\"><ul class=\"splide__list\"><li class=\"splide__slide\"><a href=\"https:\/\/www.saka.ee\/wp-content\/uploads\/2022\/07\/012A6047.jpg-Amanda.jpg\" data-fancybox=\"txtmedia-acf-block_078f5cc2d8bed56224edf391ab6a2567\"><img loading=\"lazy\" decoding=\"async\" width=\"570\" height=\"380\" src=\"https:\/\/www.saka.ee\/wp-content\/uploads\/2022\/07\/012A6047.jpg-Amanda-570x380.jpg\" class=\"attachment-img-570x380 size-img-570x380\" alt=\"\" srcset=\"https:\/\/www.saka.ee\/wp-content\/uploads\/2022\/07\/012A6047.jpg-Amanda-570x380.jpg 570w, https:\/\/www.saka.ee\/wp-content\/uploads\/2022\/07\/012A6047.jpg-Amanda-960x640.jpg 960w, https:\/\/www.saka.ee\/wp-content\/uploads\/2022\/07\/012A6047.jpg-Amanda.jpg 2000w, https:\/\/www.saka.ee\/wp-content\/uploads\/2022\/07\/012A6047.jpg-Amanda-570x380@2x.jpg 1140w\" sizes=\"auto, (max-width: 570px) 100vw, 570px\" \/><\/a><\/li><\/ul><\/div><\/div><\/div><\/div><\/div>\n\n\n<h2 class=\"wp-block-heading has-large-font-size wp-el\">Majutuse hind sisaldab<\/h2>\n\n\n\n<p class=\"wp-el\">Majutuse hind sisaldab rikkalikku\u00a0buffet-hommikus\u00f6\u00f6ki, sauna- ja basseiniala k\u00fclastust 1,5 h, hommikubasseini kella 07.00-10.00 ning\u00a013% k\u00e4ibemaksu.<\/p>\n\n\n\n<h2 class=\"wp-block-heading has-theme-primary-color has-text-color has-large-font-size wp-el\">Tiedustelut ja varaukset:<\/h2>\n\n\n\n<ul class=\"wp-el wp-block-list\">\n<li>Puhelin: <a href=\"tel:+372 336 4900\">+372 336 4900<\/a><\/li>\n\n\n\n<li>S\u00e4hk\u00f6posti: <a href=\"mailto:saka@saka.ee\">saka@saka.ee<\/a><\/li>\n<\/ul>\n\n\n\n<p class=\"has-small-font-size wp-el\"><strong>HUOM!<\/strong> Hintoja voidaan muuttaa ilman erillist\u00e4 ilmoitusta. Palautusta ei anneta maksullisista palveluista, jotka ovat j\u00e4\u00e4neet k\u00e4ytt\u00e4m\u00e4tt\u00e4 Sakan kartanosta riippumattomista syist\u00e4.<\/p>\n\n\n<div id=\"acf-block_f710f913894bf7c5356c130ddac6af35\" class=\"acf-block-element element-cards-slider\"><div class=\"splide\" data-splide={\"type\":\"slide\",\"gap\":\"3.75rem\",\"clones\":0,\"autoWidth\":true,\"pagination\":false}><div class=\"splide__arrows is-relative d-flex flex-wrap align-items-center justify-content-end\"><h2>Herraskartanon huoneet<\/h2><div class=\"d-flex flex-wrap\"><button class=\"splide__arrow splide__arrow--prev\"><svg xmlns=\"http:\/\/www.w3.org\/2000\/svg\" width=\"24\" height=\"18\" viewBox=\"0 0 24 18\"><path d=\"M-2453.12-3419.378a1.205,1.205,0,0,0,0-1.818l-6.06-5.519h17.768A1.354,1.354,0,0,0-2440-3428a1.354,1.354,0,0,0-1.412-1.285h-17.767l6.059-5.518a1.205,1.205,0,0,0,0-1.818,1.51,1.51,0,0,0-2,0l-8.47,7.713a1.206,1.206,0,0,0,0,1.819l8.47,7.713a1.483,1.483,0,0,0,1,.378A1.482,1.482,0,0,0-2453.12-3419.378Z\" transform=\"translate(2464.001 3437)\" fill=\"#015841\"\/><\/svg><\/button><button class=\"splide__arrow splide__arrow--next\"><svg xmlns=\"http:\/\/www.w3.org\/2000\/svg\" width=\"24\" height=\"18\" viewBox=\"0 0 24 18\"><path d=\"M-2450.881-3419.378a1.205,1.205,0,0,1,0-1.818l6.06-5.519h-17.768A1.354,1.354,0,0,1-2464-3428a1.354,1.354,0,0,1,1.412-1.285h17.767l-6.059-5.518a1.205,1.205,0,0,1,0-1.818,1.51,1.51,0,0,1,2,0l8.47,7.713a1.206,1.206,0,0,1,0,1.819l-8.47,7.713a1.483,1.483,0,0,1-1,.378A1.482,1.482,0,0,1-2450.881-3419.378Z\" transform=\"translate(2464.001 3437)\" fill=\"#015841\"\/><\/svg><\/button><\/div><\/div><div class=\"splide__track\"><ul class=\"splide__list\"><li class=\"splide__slide\"><a href=\"https:\/\/www.saka.ee\/fi\/majutus\/harrastemaja\/riigivanema-sviit\/\" target=\"\" class=\"slide-card\"><div class=\"slide-card__thumb aspect-item\"><img loading=\"lazy\" decoding=\"async\" width=\"370\" height=\"240\" src=\"https:\/\/www.saka.ee\/wp-content\/uploads\/fly-images\/12014\/saka-riigivanema-listivaade-vaike-370x240-1-370x240-c.jpg\" class=\"attachment-370x240\" alt=\"saka-riigivanema-listivaade-vaike-370x240\" \/><\/div><div class=\"slide-card__content\"><p class=\"has-theme-primary-color\">Valtionp\u00e4\u00e4miehen juniorsviitti<\/p><p>Nimens\u00e4 sviitti on saanut l\u00e4hell\u00e4 Toilassa sijainneen, mutta sodassa tuhoutuneen Orun palatsin mukaan, joka toimi ennen II maailmansotaa valtionp\u00e4\u00e4mies Konstantin P\u00e4tsin kes\u00e4asuntona.<\/p><\/div><div class=\"slide-card__link\"><span\" class=\"d-inline-flex font-weight-bold align-items-center\" target=\"\"><span class=\"d-block\">Lue lis\u00e4\u00e4<\/span><svg xmlns=\"http:\/\/www.w3.org\/2000\/svg\" width=\"16\" height=\"12\" viewBox=\"0 0 16 12\"><path d=\"M-2455.254-3425.253a.8.8,0,0,1,0-1.211l4.04-3.68h-11.845A.9.9,0,0,1-2464-3431a.9.9,0,0,1,.941-.857h11.845l-4.04-3.679a.8.8,0,0,1,0-1.212,1.007,1.007,0,0,1,1.331,0l5.646,5.142a.8.8,0,0,1,0,1.213l-5.646,5.142a.989.989,0,0,1-.666.252A.987.987,0,0,1-2455.254-3425.253Z\" transform=\"translate(2464 3437)\" fill=\"currentColor\"\/><\/svg><\/span><\/div><\/a><\/li><li class=\"splide__slide\"><a href=\"https:\/\/www.saka.ee\/fi\/majutus\/harrastemaja\/moisaharra-sviit\/\" target=\"\" class=\"slide-card\"><div class=\"slide-card__thumb aspect-item\"><img loading=\"lazy\" decoding=\"async\" width=\"370\" height=\"240\" src=\"https:\/\/www.saka.ee\/wp-content\/uploads\/fly-images\/12015\/saka-moisaharra-vaike-370x240-1-370x240-c.jpg\" class=\"attachment-370x240\" alt=\"saka-moisaharra-vaike-370x240\" \/><\/div><div class=\"slide-card__content\"><p class=\"has-theme-primary-color\">Kartanonherran juniorsviitti<\/p><p>Tyylikk\u00e4\u00e4ss\u00e4, hopeans\u00e4vyisill\u00e4 verhoilla ja tekstiileill\u00e4 sisustetussa Kartanonherran juniorsviitiss\u00e4 on ylellinen kylpyhuone ja kaksi isoa ikkunaa, joista avautuu komea n\u00e4kym\u00e4 kartanon pihalle ja p\u00e4\u00e4portille.<\/p><\/div><div class=\"slide-card__link\"><span\" class=\"d-inline-flex font-weight-bold align-items-center\" target=\"\"><span class=\"d-block\">Lue lis\u00e4\u00e4<\/span><svg xmlns=\"http:\/\/www.w3.org\/2000\/svg\" width=\"16\" height=\"12\" viewBox=\"0 0 16 12\"><path d=\"M-2455.254-3425.253a.8.8,0,0,1,0-1.211l4.04-3.68h-11.845A.9.9,0,0,1-2464-3431a.9.9,0,0,1,.941-.857h11.845l-4.04-3.679a.8.8,0,0,1,0-1.212,1.007,1.007,0,0,1,1.331,0l5.646,5.142a.8.8,0,0,1,0,1.213l-5.646,5.142a.989.989,0,0,1-.666.252A.987.987,0,0,1-2455.254-3425.253Z\" transform=\"translate(2464 3437)\" fill=\"currentColor\"\/><\/svg><\/span><\/div><\/a><\/li><li class=\"splide__slide\"><a href=\"https:\/\/www.saka.ee\/fi\/majutus\/harrastemaja\/moisaproua-sviit\/\" target=\"\" class=\"slide-card\"><div class=\"slide-card__thumb aspect-item\"><img loading=\"lazy\" decoding=\"async\" width=\"370\" height=\"240\" src=\"https:\/\/www.saka.ee\/wp-content\/uploads\/fly-images\/12017\/saka-moisaproua-370x240-1-370x240-c.jpg\" class=\"attachment-370x240\" alt=\"saka-moisaproua-370x240\" \/><\/div><div class=\"slide-card__content\"><p class=\"has-theme-primary-color\">Kartanonrouvan sviitti<\/p><p>Kartanonrouvan 2 huoneen sviitti sijaitsee kartanon toisessa kerroksessa, jossa ennen kunnostusta oli neuvostorajavartijoiden ns. punanurkka, er\u00e4\u00e4nlainen koulutus- ja agitaatiokeskus. <\/p><\/div><div class=\"slide-card__link\"><span\" class=\"d-inline-flex font-weight-bold align-items-center\" target=\"\"><span class=\"d-block\">Lue lis\u00e4\u00e4<\/span><svg xmlns=\"http:\/\/www.w3.org\/2000\/svg\" width=\"16\" height=\"12\" viewBox=\"0 0 16 12\"><path d=\"M-2455.254-3425.253a.8.8,0,0,1,0-1.211l4.04-3.68h-11.845A.9.9,0,0,1-2464-3431a.9.9,0,0,1,.941-.857h11.845l-4.04-3.679a.8.8,0,0,1,0-1.212,1.007,1.007,0,0,1,1.331,0l5.646,5.142a.8.8,0,0,1,0,1.213l-5.646,5.142a.989.989,0,0,1-.666.252A.987.987,0,0,1-2455.254-3425.253Z\" transform=\"translate(2464 3437)\" fill=\"currentColor\"\/><\/svg><\/span><\/div><\/a><\/li><li class=\"splide__slide\"><a href=\"https:\/\/www.saka.ee\/fi\/majutus\/harrastemaja\/moisapreili-tuba\/\" target=\"\" class=\"slide-card\"><div class=\"slide-card__thumb aspect-item\"><img loading=\"lazy\" decoding=\"async\" width=\"370\" height=\"240\" src=\"https:\/\/www.saka.ee\/wp-content\/uploads\/fly-images\/12018\/saka-moisapreili-370x240-1-370x240-c.jpg\" class=\"attachment-370x240\" alt=\"saka-moisapreili-370x240\" \/><\/div><div class=\"slide-card__content\"><p class=\"has-theme-primary-color\">Kartanonneidin juniorsviitti<\/p><p>Kartanonneidin huone on valoisa, vaaleilla huonekaluilla ja tekstiileill\u00e4 sisustettu kulmahuone, josta avautuu kaunis n\u00e4kym\u00e4 ulos.<\/p><\/div><div class=\"slide-card__link\"><span\" class=\"d-inline-flex font-weight-bold align-items-center\" target=\"\"><span class=\"d-block\">Lue lis\u00e4\u00e4<\/span><svg xmlns=\"http:\/\/www.w3.org\/2000\/svg\" width=\"16\" height=\"12\" viewBox=\"0 0 16 12\"><path d=\"M-2455.254-3425.253a.8.8,0,0,1,0-1.211l4.04-3.68h-11.845A.9.9,0,0,1-2464-3431a.9.9,0,0,1,.941-.857h11.845l-4.04-3.679a.8.8,0,0,1,0-1.212,1.007,1.007,0,0,1,1.331,0l5.646,5.142a.8.8,0,0,1,0,1.213l-5.646,5.142a.989.989,0,0,1-.666.252A.987.987,0,0,1-2455.254-3425.253Z\" transform=\"translate(2464 3437)\" fill=\"currentColor\"\/><\/svg><\/span><\/div><\/a><\/li><li class=\"splide__slide\"><a href=\"https:\/\/www.saka.ee\/fi\/majutus\/harrastemaja\/noorharra-tuba\/\" target=\"\" class=\"slide-card\"><div class=\"slide-card__thumb aspect-item\"><img loading=\"lazy\" decoding=\"async\" width=\"370\" height=\"240\" src=\"https:\/\/www.saka.ee\/wp-content\/uploads\/fly-images\/12020\/saka-noorharra-370x240-1-370x240-c.jpg\" class=\"attachment-370x240\" alt=\"saka-noorharra-370x240\" \/><\/div><div class=\"slide-card__content\"><p class=\"has-theme-primary-color\">Nuoren herran huone<\/p><p>Nuoren herran huone on pienempi ja vaatimattomampi kuin viereiset kartanorouvan ja kartanonneidin huoneet.<\/p><\/div><div class=\"slide-card__link\"><span\" class=\"d-inline-flex font-weight-bold align-items-center\" target=\"\"><span class=\"d-block\">Lue lis\u00e4\u00e4<\/span><svg xmlns=\"http:\/\/www.w3.org\/2000\/svg\" width=\"16\" height=\"12\" viewBox=\"0 0 16 12\"><path d=\"M-2455.254-3425.253a.8.8,0,0,1,0-1.211l4.04-3.68h-11.845A.9.9,0,0,1-2464-3431a.9.9,0,0,1,.941-.857h11.845l-4.04-3.679a.8.8,0,0,1,0-1.212,1.007,1.007,0,0,1,1.331,0l5.646,5.142a.8.8,0,0,1,0,1.213l-5.646,5.142a.989.989,0,0,1-.666.252A.987.987,0,0,1-2455.254-3425.253Z\" transform=\"translate(2464 3437)\" fill=\"currentColor\"\/><\/svg><\/span><\/div><\/a><\/li><li class=\"splide__slide\"><a href=\"https:\/\/www.saka.ee\/fi\/majutus\/harrastemaja\/pauline\/\" target=\"\" class=\"slide-card\"><div class=\"slide-card__thumb aspect-item\"><img loading=\"lazy\" decoding=\"async\" width=\"370\" height=\"240\" src=\"https:\/\/www.saka.ee\/wp-content\/uploads\/fly-images\/12022\/saka-pauline-370x240-1-370x240-c.jpg\" class=\"attachment-370x240\" alt=\"saka-pauline-370x240\" \/><\/div><div class=\"slide-card__content\"><p class=\"has-theme-primary-color\">Pauline<\/p><p>Pauline on pienehk\u00f6 kattoikkunallinen hotellihuone.<\/p><\/div><div class=\"slide-card__link\"><span\" class=\"d-inline-flex font-weight-bold align-items-center\" target=\"\"><span class=\"d-block\">Lue lis\u00e4\u00e4<\/span><svg xmlns=\"http:\/\/www.w3.org\/2000\/svg\" width=\"16\" height=\"12\" viewBox=\"0 0 16 12\"><path d=\"M-2455.254-3425.253a.8.8,0,0,1,0-1.211l4.04-3.68h-11.845A.9.9,0,0,1-2464-3431a.9.9,0,0,1,.941-.857h11.845l-4.04-3.679a.8.8,0,0,1,0-1.212,1.007,1.007,0,0,1,1.331,0l5.646,5.142a.8.8,0,0,1,0,1.213l-5.646,5.142a.989.989,0,0,1-.666.252A.987.987,0,0,1-2455.254-3425.253Z\" transform=\"translate(2464 3437)\" fill=\"currentColor\"\/><\/svg><\/span><\/div><\/a><\/li><li class=\"splide__slide\"><a href=\"https:\/\/www.saka.ee\/fi\/majutus\/harrastemaja\/debora\/\" target=\"\" class=\"slide-card\"><div class=\"slide-card__thumb aspect-item\"><img loading=\"lazy\" decoding=\"async\" width=\"370\" height=\"240\" src=\"https:\/\/www.saka.ee\/wp-content\/uploads\/fly-images\/12024\/saka-debora-370x240-1-370x240-c.jpg\" class=\"attachment-370x240\" alt=\"saka-debora-370x240\" \/><\/div><div class=\"slide-card__content\"><p class=\"has-theme-primary-color\">Debora<\/p><p>Pienen hotellihuoneen kattoikkunasta n\u00e4kyv\u00e4t puiden latvat.<\/p><\/div><div class=\"slide-card__link\"><span\" class=\"d-inline-flex font-weight-bold align-items-center\" target=\"\"><span class=\"d-block\">Lue lis\u00e4\u00e4<\/span><svg xmlns=\"http:\/\/www.w3.org\/2000\/svg\" width=\"16\" height=\"12\" viewBox=\"0 0 16 12\"><path d=\"M-2455.254-3425.253a.8.8,0,0,1,0-1.211l4.04-3.68h-11.845A.9.9,0,0,1-2464-3431a.9.9,0,0,1,.941-.857h11.845l-4.04-3.679a.8.8,0,0,1,0-1.212,1.007,1.007,0,0,1,1.331,0l5.646,5.142a.8.8,0,0,1,0,1.213l-5.646,5.142a.989.989,0,0,1-.666.252A.987.987,0,0,1-2455.254-3425.253Z\" transform=\"translate(2464 3437)\" fill=\"currentColor\"\/><\/svg><\/span><\/div><\/a><\/li><li class=\"splide__slide\"><a href=\"https:\/\/www.saka.ee\/fi\/majutus\/harrastemaja\/aurelia\/\" target=\"\" class=\"slide-card\"><div class=\"slide-card__thumb aspect-item\"><img loading=\"lazy\" decoding=\"async\" width=\"370\" height=\"240\" src=\"https:\/\/www.saka.ee\/wp-content\/uploads\/fly-images\/12025\/saka-aurelia-370x240-1-370x240-c.jpg\" class=\"attachment-370x240\" alt=\"saka-aurelia-370x240\" \/><\/div><div class=\"slide-card__content\"><p class=\"has-theme-primary-color\">Aurelia<\/p><p>Aurelia on tilavampi kuin hotellihuoneet Pauline ja Debora.  Kattoikkunan lis\u00e4ksi p\u00e4iv\u00e4nvalo paistaa sis\u00e4\u00e4n kahdesta etel\u00e4\u00e4n ja it\u00e4\u00e4n avautuvasta py\u00f6r\u00f6ikkunasta.<\/p><\/div><div class=\"slide-card__link\"><span\" class=\"d-inline-flex font-weight-bold align-items-center\" target=\"\"><span class=\"d-block\">Lue lis\u00e4\u00e4<\/span><svg xmlns=\"http:\/\/www.w3.org\/2000\/svg\" width=\"16\" height=\"12\" viewBox=\"0 0 16 12\"><path d=\"M-2455.254-3425.253a.8.8,0,0,1,0-1.211l4.04-3.68h-11.845A.9.9,0,0,1-2464-3431a.9.9,0,0,1,.941-.857h11.845l-4.04-3.679a.8.8,0,0,1,0-1.212,1.007,1.007,0,0,1,1.331,0l5.646,5.142a.8.8,0,0,1,0,1.213l-5.646,5.142a.989.989,0,0,1-.666.252A.987.987,0,0,1-2455.254-3425.253Z\" transform=\"translate(2464 3437)\" fill=\"currentColor\"\/><\/svg><\/span><\/div><\/a><\/li><li class=\"splide__slide\"><a href=\"https:\/\/www.saka.ee\/fi\/majutus\/harrastemaja\/johanna\/\" target=\"\" class=\"slide-card\"><div class=\"slide-card__thumb aspect-item\"><img loading=\"lazy\" decoding=\"async\" width=\"370\" height=\"240\" src=\"https:\/\/www.saka.ee\/wp-content\/uploads\/fly-images\/12026\/saka-johanna-370x240-1-370x240-c.jpg\" class=\"attachment-370x240\" alt=\"saka-johanna-370x240\" \/><\/div><div class=\"slide-card__content\"><p class=\"has-theme-primary-color\">Johanna<\/p><p>Johanna on tilava huone, jossa on kattoikkuna, pehme\u00e4t nojatuolit ja antiikkikaapit.<\/p><\/div><div class=\"slide-card__link\"><span\" class=\"d-inline-flex font-weight-bold align-items-center\" target=\"\"><span class=\"d-block\">Lue lis\u00e4\u00e4<\/span><svg xmlns=\"http:\/\/www.w3.org\/2000\/svg\" width=\"16\" height=\"12\" viewBox=\"0 0 16 12\"><path d=\"M-2455.254-3425.253a.8.8,0,0,1,0-1.211l4.04-3.68h-11.845A.9.9,0,0,1-2464-3431a.9.9,0,0,1,.941-.857h11.845l-4.04-3.679a.8.8,0,0,1,0-1.212,1.007,1.007,0,0,1,1.331,0l5.646,5.142a.8.8,0,0,1,0,1.213l-5.646,5.142a.989.989,0,0,1-.666.252A.987.987,0,0,1-2455.254-3425.253Z\" transform=\"translate(2464 3437)\" fill=\"currentColor\"\/><\/svg><\/span><\/div><\/a><\/li><li class=\"splide__slide\"><a href=\"https:\/\/www.saka.ee\/fi\/majutus\/harrastemaja\/mathilde\/\" target=\"\" class=\"slide-card\"><div class=\"slide-card__thumb aspect-item\"><img loading=\"lazy\" decoding=\"async\" width=\"370\" height=\"240\" src=\"https:\/\/www.saka.ee\/wp-content\/uploads\/fly-images\/12224\/saka-harrastemaja-mathilde-005-370x240-c.jpg\" class=\"attachment-370x240\" alt=\"saka-harrastemaja-mathilde-005\" \/><\/div><div class=\"slide-card__content\"><p class=\"has-theme-primary-color\">Mathilde<\/p><p>Mathilde on tilava kattoikkunallinen kulmahuone.<\/p><\/div><div class=\"slide-card__link\"><span\" class=\"d-inline-flex font-weight-bold align-items-center\" target=\"\"><span class=\"d-block\">Lue lis\u00e4\u00e4<\/span><svg xmlns=\"http:\/\/www.w3.org\/2000\/svg\" width=\"16\" height=\"12\" viewBox=\"0 0 16 12\"><path d=\"M-2455.254-3425.253a.8.8,0,0,1,0-1.211l4.04-3.68h-11.845A.9.9,0,0,1-2464-3431a.9.9,0,0,1,.941-.857h11.845l-4.04-3.679a.8.8,0,0,1,0-1.212,1.007,1.007,0,0,1,1.331,0l5.646,5.142a.8.8,0,0,1,0,1.213l-5.646,5.142a.989.989,0,0,1-.666.252A.987.987,0,0,1-2455.254-3425.253Z\" transform=\"translate(2464 3437)\" fill=\"currentColor\"\/><\/svg><\/span><\/div><\/a><\/li><li class=\"splide__slide\"><a href=\"https:\/\/www.saka.ee\/fi\/majutus\/harrastemaja\/amanda\/\" target=\"\" class=\"slide-card\"><div class=\"slide-card__thumb aspect-item\"><img loading=\"lazy\" decoding=\"async\" width=\"370\" height=\"240\" src=\"https:\/\/www.saka.ee\/wp-content\/uploads\/fly-images\/12029\/saka-amanda-370x240-1-370x240-c.jpg\" class=\"attachment-370x240\" alt=\"saka-amanda-370x240\" \/><\/div><div class=\"slide-card__content\"><p class=\"has-theme-primary-color\">Amanda<\/p><p>Amanda on pieni kattoikkunallinen huone herraskartanon kolmannessa kerroksessa. <\/p><\/div><div class=\"slide-card__link\"><span\" class=\"d-inline-flex font-weight-bold align-items-center\" target=\"\"><span class=\"d-block\">Lue lis\u00e4\u00e4<\/span><svg xmlns=\"http:\/\/www.w3.org\/2000\/svg\" width=\"16\" height=\"12\" viewBox=\"0 0 16 12\"><path d=\"M-2455.254-3425.253a.8.8,0,0,1,0-1.211l4.04-3.68h-11.845A.9.9,0,0,1-2464-3431a.9.9,0,0,1,.941-.857h11.845l-4.04-3.679a.8.8,0,0,1,0-1.212,1.007,1.007,0,0,1,1.331,0l5.646,5.142a.8.8,0,0,1,0,1.213l-5.646,5.142a.989.989,0,0,1-.666.252A.987.987,0,0,1-2455.254-3425.253Z\" transform=\"translate(2464 3437)\" fill=\"currentColor\"\/><\/svg><\/span><\/div><\/a><\/li><li class=\"splide__slide\"><a href=\"https:\/\/www.saka.ee\/fi\/majutus\/harrastemaja\/hermine\/\" target=\"\" class=\"slide-card\"><div class=\"slide-card__thumb aspect-item\"><img loading=\"lazy\" decoding=\"async\" width=\"370\" height=\"240\" src=\"https:\/\/www.saka.ee\/wp-content\/uploads\/fly-images\/12209\/saka-harrastemaja-hermine-001-370x240-c.jpg\" class=\"attachment-370x240\" alt=\"Processed with Lensa with Auto Adjustments &amp; PT1 filter\" \/><\/div><div class=\"slide-card__content\"><p class=\"has-theme-primary-color\">Hermine<\/p><p>Hermine on pieni kattoikkunallinen huone herraskartanon kolmannessa kerroksessa<\/p><\/div><div class=\"slide-card__link\"><span\" class=\"d-inline-flex font-weight-bold align-items-center\" target=\"\"><span class=\"d-block\">Lue lis\u00e4\u00e4<\/span><svg xmlns=\"http:\/\/www.w3.org\/2000\/svg\" width=\"16\" height=\"12\" viewBox=\"0 0 16 12\"><path d=\"M-2455.254-3425.253a.8.8,0,0,1,0-1.211l4.04-3.68h-11.845A.9.9,0,0,1-2464-3431a.9.9,0,0,1,.941-.857h11.845l-4.04-3.679a.8.8,0,0,1,0-1.212,1.007,1.007,0,0,1,1.331,0l5.646,5.142a.8.8,0,0,1,0,1.213l-5.646,5.142a.989.989,0,0,1-.666.252A.987.987,0,0,1-2455.254-3425.253Z\" transform=\"translate(2464 3437)\" fill=\"currentColor\"\/><\/svg><\/span><\/div><\/a><\/li><\/ul><\/div><\/div><\/div>\n\n\n<div class=\"wp-block-buttons is-layout-flex wp-block-buttons-is-layout-flex\">\n<div class=\"wp-block-button aligncenter\"><a class=\"wp-block-button__link wp-element-button\" href=\"https:\/\/booking.saka.ee\/fi\/\" target=\"_blank\" rel=\"noreferrer noopener nofollow\">Varaa<\/a><\/div>\n<\/div>\n","protected":false},"excerpt":{"rendered":"","protected":false},"author":1,"featured_media":0,"parent":12683,"menu_order":104,"comment_status":"closed","ping_status":"closed","template":"","meta":{"_acf_changed":false,"inline_featured_image":false,"footnotes":""},"class_list":["post-12634","page","type-page","status-publish","hentry"],"acf":[],"_links":{"self":[{"href":"https:\/\/www.saka.ee\/fi\/wp-json\/wp\/v2\/pages\/12634","targetHints":{"allow":["GET"]}}],"collection":[{"href":"https:\/\/www.saka.ee\/fi\/wp-json\/wp\/v2\/pages"}],"about":[{"href":"https:\/\/www.saka.ee\/fi\/wp-json\/wp\/v2\/types\/page"}],"author":[{"embeddable":true,"href":"https:\/\/www.saka.ee\/fi\/wp-json\/wp\/v2\/users\/1"}],"replies":[{"embeddable":true,"href":"https:\/\/www.saka.ee\/fi\/wp-json\/wp\/v2\/comments?post=12634"}],"version-history":[{"count":3,"href":"https:\/\/www.saka.ee\/fi\/wp-json\/wp\/v2\/pages\/12634\/revisions"}],"predecessor-version":[{"id":15577,"href":"https:\/\/www.saka.ee\/fi\/wp-json\/wp\/v2\/pages\/12634\/revisions\/15577"}],"up":[{"embeddable":true,"href":"https:\/\/www.saka.ee\/fi\/wp-json\/wp\/v2\/pages\/12683"}],"wp:attachment":[{"href":"https:\/\/www.saka.ee\/fi\/wp-json\/wp\/v2\/media?parent=12634"}],"curies":[{"name":"wp","href":"https:\/\/api.w.org\/{rel}","templated":true}]}}