{"id":12644,"date":"2022-06-20T18:26:26","date_gmt":"2022-06-20T15:26:26","guid":{"rendered":"https:\/\/www.saka.ee\/privaatsus\/"},"modified":"2023-11-29T14:00:40","modified_gmt":"2023-11-29T12:00:40","slug":"privaatsus","status":"publish","type":"page","link":"https:\/\/www.saka.ee\/fi\/kontakt\/privaatsus\/","title":{"rendered":"Henkil\u00f6tietojen k\u00e4sittelyn periaatteet"},"content":{"rendered":"\n<h3 class=\"wp-block-heading wp-el\"><strong>Saka M\u00f5is O\u00dc -sivuston k\u00e4ytt\u00e4jien henkil\u00f6tietojen k\u00e4sittelyst\u00e4 ja tarjotuista palveluista.<\/strong><\/h3>\n\n\n\n<p class=\"wp-el\">N\u00e4m\u00e4 tietosuojaperiaatteet koskevat www.saka.ee -sivuston ja verkkosivuilla kuvattujen palvelujen k\u00e4ytt\u00e4ji\u00e4.<\/p>\n\n\n\n<p class=\"wp-el\"><strong>Saka M\u00f5is O\u00dc<\/strong> (j\u00e4ljemp\u00e4n\u00e4 Sakan kartano) k\u00e4sittelee henkil\u00f6tietoja Viron matkailulain (lue lis\u00e4\u00e4: <a href=\"https:\/\/www.riigiteataja.ee\/akt\/112072014144?leiaKehtiv)\" rel=\"nofollow noopener\" target=\"_blank\">Turismiseadus<\/a>) s\u00e4\u00e4t\u00e4m\u00e4ll\u00e4 tavalla. Lis\u00e4ksi ker\u00e4\u00e4mme tietoja markkinointitarkoituksiin. Siirr\u00e4mme tietojasi kolmansille osapuolille vain laissa s\u00e4\u00e4detyiss\u00e4 tapauksissa.<\/p>\n\n\n\n<p class=\"wp-el\"><strong>Tiedonkeruu<\/strong><br>Sakan kartano ker\u00e4\u00e4 henkil\u00f6iden yhteystietoja, kun tarjoamistamme palveluista tehd\u00e4\u00e4n tiedusteluja, palveluita varataan tai k\u00e4ytet\u00e4\u00e4n. Teemme t\u00e4t\u00e4 verkkosivujen kautta, s\u00e4hk\u00f6postitse, puhelimitse, tilausten hallintaohjelmissa sek\u00e4 palvelun tarjoamiseen tarvittavilla paperilomakkeilla.<\/p>\n\n\n\n<p class=\"wp-el\"><strong>Tietojen k\u00e4ytt\u00f6<\/strong><br>K\u00e4yt\u00e4mme saatuja tietoja yhteydenottoon palvelusta kiinnostuneiden henkil\u00f6iden kanssa, palvelun tarjoamiseen voimassa olevan lains\u00e4\u00e4d\u00e4nn\u00f6n edellytt\u00e4m\u00e4ll\u00e4 tavalla, palvelun kehitt\u00e4miseen, kirjanpitoraportointiin sek\u00e4 personoidun ja personoimattoman markkinoinnin toteuttamiseen. Edell\u00e4 mainitun lis\u00e4ksi k\u00e4yt\u00e4mme kommunikoinnin ja palveluiden tarjoamisen yhteydess\u00e4 ker\u00e4ttyj\u00e4 henkil\u00f6tietoja tilastollisiin tarkoituksiin.<\/p>\n\n\n\n<p class=\"wp-el\"><strong>Tietojen s\u00e4ilytys<\/strong><br>Sakan kartano s\u00e4ilytt\u00e4\u00e4 henkil\u00f6ist\u00e4 ker\u00e4ttyj\u00e4 tietoja, kunnes tietojen k\u00e4ytt\u00f6tarkoitus on saavutettu, voimassa olevan lains\u00e4\u00e4d\u00e4nn\u00f6n edellytt\u00e4m\u00e4t vaatimukset raukeavat tai asiakirjojen s\u00e4ilytysaika p\u00e4\u00e4ttyy (enint\u00e4\u00e4n 7 vuotta Viron arvonlis\u00e4vero- ja kirjanpitolain mukaan). K\u00e4yt\u00e4mme tietojen k\u00e4sittelyss\u00e4 tarvittavia turvatoimia, jotta vain valtuutetut henkil\u00f6t voivat k\u00e4sitell\u00e4 niit\u00e4.<\/p>\n\n\n\n<p class=\"wp-el\"><strong>Sivuston k\u00e4ytt\u00e4j\u00e4tiedot<\/strong><br>Sakan kartano seuraa k\u00e4ytt\u00e4jien k\u00e4ytt\u00e4ytymist\u00e4 verkkosivuillaan analytiikkaohjelmiston avulla. Saatuja k\u00e4ytt\u00e4j\u00e4tietoja ei ole personoitu, ja k\u00e4sittelemme niit\u00e4 Google LLC:n alustojen kautta (https:\/\/about.google\/contact-google\/). Tiedot tallennetaan Google LLC:n tietosuojak\u00e4yt\u00e4nn\u00f6n (https:\/\/safety.google\/) mukaisesti.<\/p>\n\n\n\n<p class=\"wp-el\">Lis\u00e4ksi ker\u00e4\u00e4mme tietoja Facebook INC -ohjelmiston avulla (<a href=\"https:\/\/www.facebook.com\/pg\/facebook\/about\/?tab=page_info\" rel=\"nofollow noopener\" target=\"_blank\">https:\/\/www.facebook.com\/pg\/facebook\/about\/?tab=page_info<\/a>), jonka kautta saatuja tietoja k\u00e4ytet\u00e4\u00e4n markkinointitarkoituksiin.<\/p>\n\n\n\n<p class=\"wp-el\">Sivusto <a href=\"http:\/\/www.saka.ee\/\">www.saka.ee<\/a> sis\u00e4lt\u00e4\u00e4 ev\u00e4steit\u00e4 k\u00e4ytt\u00e4jien palvelun parantamiseksi. Ev\u00e4ste on tekstitiedosto, joka tallennetaan k\u00e4ytt\u00e4j\u00e4n tietokoneelle, kun h\u00e4n vierailee verkkosivustollamme. Jos olet vieraillut verkkosivuillamme aiemmin, tiedosto lukee aikaisemmat <a href=\"http:\/\/www.saka.ee-sivuston\/\">www.saka.ee<\/a>-sivuston k\u00e4ytt\u00f6tietosi. Ev\u00e4steet antavat meille mahdollisuuden parantaa verkkosivustomme k\u00e4ytett\u00e4vyytt\u00e4 ja sis\u00e4lt\u00f6\u00e4. Kun aloitat verkkosivustomme k\u00e4yt\u00f6n, hyv\u00e4ksyt my\u00f6s henkil\u00f6tietojen k\u00e4sittelyn klikkaamalla kentt\u00e4\u00e4 &#8221; Hyv\u00e4ksyn k\u00e4ytt\u00f6ehdot&#8221;.<\/p>\n\n\n\n<p class=\"wp-el\"><strong>K\u00e4ytt\u00e4j\u00e4n oikeudet ker\u00e4ttyihin tietoihin<\/strong><br>K\u00e4ytt\u00e4j\u00e4ll\u00e4 on oikeus saada itse\u00e4\u00e4n koskevaa tietoa ker\u00e4ttyjen henkil\u00f6tietojen k\u00e4yt\u00f6st\u00e4 voimassa olevan lains\u00e4\u00e4d\u00e4nn\u00f6n mukaisesti. K\u00e4ytt\u00e4j\u00e4ll\u00e4 on aina oikeus hyv\u00e4ksy\u00e4 tai kielt\u00e4\u00e4 omien henkil\u00f6tietojen k\u00e4ytt\u00f6 markkinointitarkoituksiin. K\u00e4ytt\u00e4j\u00e4ll\u00e4 on oikeus milloin tahansa kielt\u00e4yty\u00e4 vastaanottamasta henkil\u00f6kohtaisia \u200b\u200bmarkkinointiviestej\u00e4. Jokaisen l\u00e4hetetyn viestin liitteen\u00e4 on t\u00e4t\u00e4 koskeva ohje.<\/p>\n\n\n\n<p class=\"wp-el\">Kaikissa tietosuojaan liittyviss\u00e4 kysymyksiss\u00e4 voit ottaa yhteytt\u00e4 Sakan kartanoon s\u00e4hk\u00f6postitse osoitteella saka@saka.ee tai puhelimitse numerolla +372 3364 900.<\/p>\n\n\n\n<p class=\"wp-el\">Saka kartano pid\u00e4tt\u00e4\u00e4 oikeuden muuttaa n\u00e4it\u00e4 tietosuojaperiaatteita ilman ennakkoilmoitusta, mist\u00e4 tiedotetaan \u200b\u200bwww.saka.ee-sivustolla.<\/p>\n","protected":false},"excerpt":{"rendered":"<p>Saka M\u00f5is O\u00dc -sivuston k\u00e4ytt\u00e4jien henkil\u00f6tietojen k\u00e4sittelyst\u00e4 ja tarjotuista palveluista. N\u00e4m\u00e4 tietosuojaperiaatteet koskevat www.saka.ee -sivuston ja verkkosivuilla kuvattujen palvelujen k\u00e4ytt\u00e4ji\u00e4&#8230;.<\/p>\n","protected":false},"author":1,"featured_media":0,"parent":12685,"menu_order":262,"comment_status":"closed","ping_status":"closed","template":"","meta":{"_acf_changed":false,"inline_featured_image":false,"footnotes":""},"class_list":["post-12644","page","type-page","status-publish","hentry"],"acf":[],"_links":{"self":[{"href":"https:\/\/www.saka.ee\/fi\/wp-json\/wp\/v2\/pages\/12644","targetHints":{"allow":["GET"]}}],"collection":[{"href":"https:\/\/www.saka.ee\/fi\/wp-json\/wp\/v2\/pages"}],"about":[{"href":"https:\/\/www.saka.ee\/fi\/wp-json\/wp\/v2\/types\/page"}],"author":[{"embeddable":true,"href":"https:\/\/www.saka.ee\/fi\/wp-json\/wp\/v2\/users\/1"}],"replies":[{"embeddable":true,"href":"https:\/\/www.saka.ee\/fi\/wp-json\/wp\/v2\/comments?post=12644"}],"version-history":[{"count":3,"href":"https:\/\/www.saka.ee\/fi\/wp-json\/wp\/v2\/pages\/12644\/revisions"}],"predecessor-version":[{"id":13952,"href":"https:\/\/www.saka.ee\/fi\/wp-json\/wp\/v2\/pages\/12644\/revisions\/13952"}],"up":[{"embeddable":true,"href":"https:\/\/www.saka.ee\/fi\/wp-json\/wp\/v2\/pages\/12685"}],"wp:attachment":[{"href":"https:\/\/www.saka.ee\/fi\/wp-json\/wp\/v2\/media?parent=12644"}],"curies":[{"name":"wp","href":"https:\/\/api.w.org\/{rel}","templated":true}]}}