{"id":12647,"date":"2022-06-20T17:18:17","date_gmt":"2022-06-20T14:18:17","guid":{"rendered":"https:\/\/www.saka.ee\/moisast\/"},"modified":"2026-04-09T15:31:58","modified_gmt":"2026-04-09T12:31:58","slug":"moisast","status":"publish","type":"page","link":"https:\/\/www.saka.ee\/fi\/mois\/moisast\/","title":{"rendered":"KARTANOSTA"},"content":{"rendered":"<div id=\"acf-block_8074b975213ad285af653b47b4d3f89b\" class=\"acf-block-element element-cover alignmax\"><div class=\"splide\" data-splide={\"type\":\"slide\",\"arrows\":false}><div class=\"splide__track\"><ul class=\"splide__list\"><li class=\"splide__slide\"><div class=\"splide__slide-bg\"><img loading=\"lazy\" decoding=\"async\" width=\"1920\" height=\"980\" src=\"https:\/\/www.saka.ee\/wp-content\/uploads\/fly-images\/11861\/saka-harrastemaja-DJI_0729-1920x980-c.jpeg\" class=\"attachment-1920x980\" alt=\"saka-harrastemaja-DJI_0729\" \/><\/div><div class=\"splide__slide-content container d-flex flex-wrap align-items-center\"><div class=\"slide-content text-center w-100\"><h1 class=\"slide-title has-giant-font-size font-weight-bold\">Tervetuloa Sakan kartanoon!<\/h1><div class=\"slide-desc editor-content\"><p>T\u00e4ss\u00e4 se on, Sakan kartano, t\u00f6rm\u00e4rannikon helmi. Paikka, jossa kulttuuriperint\u00f6 eli raunioista noussut uusrenessanssikartano ja luonnonperint\u00f6, Viron kansallissymboliksi valittu kallioklintti, kohtaavat korkealla rantajyrk\u00e4nteell\u00e4.<\/p>\n<\/div><\/div><\/div><\/li><\/ul><\/div><\/div><\/div>\n\n<div id=\"acf-block_5d33e6af48ccd9b32fc0e92d472f71b5\" class=\"acf-block-element element-txtmedia\"><div class=\"row row-grid align-items-center\"><div class=\"col-12 col-md-6 col-content\"><div class=\"col-inner\">\n\n<h2 class=\"wp-block-heading wp-el\"><strong>Kunnostettu kokonaisuutena<\/strong><\/h2>\n\n\n\n<p class=\"wp-el\">Saka kuuluu harvoihin <strong>kokonaisuutena t\u00e4ysin kunnostettuihin<\/strong> kartanokeskuksiin Virossa. Uusrenessanssia edustava kartano, my\u00f6hemm\u00e4t rakennukset ja niit\u00e4 ymp\u00e4r\u00f6iv\u00e4 puisto on kunnostettu pieteetill\u00e4.<\/p>\n\n\n\n<p class=\"wp-el\"><strong>Erityisen sijaintinsa, yksityisyytens\u00e4 ja monien mahdollisuuksiensa<\/strong> ansiosta Sakan kartano soveltuu niin lomailuun, liikematkailuun kuin jopa sadan hengen h\u00e4ihin ja muihin tilaisuuksiin.<\/p>\n\n\n\n<p class=\"wp-el\">Vierailijoiden k\u00e4yt\u00f6ss\u00e4 on ylellist\u00e4 majoitusta tarjoava p\u00e4\u00e4rakennus, 29 huoneen hotelli ja kes\u00e4isin leirint\u00e4alue.<\/p>\n\n\n\n<p class=\"wp-el\">Hotellin siivess\u00e4 on lis\u00e4ksi privaatti <strong>minikylpyl\u00e4<\/strong> saunoineen ja altaineen, jonne voi tilata erilaisia \u200b\u200bvartalohoitoja.<\/p>\n\n<\/div><\/div><div class=\"col-12 col-md-6 col-media\"><div class=\"splide\" data-splide={\"type\":\"fade\",\"arrows\":false}><div class=\"splide__track\"><ul class=\"splide__list\"><li class=\"splide__slide\"><a href=\"https:\/\/www.saka.ee\/wp-content\/uploads\/2022\/06\/saka-harrastemaja-saka-moisa-oueala-28.jpeg\" data-fancybox=\"txtmedia-acf-block_5d33e6af48ccd9b32fc0e92d472f71b5\"><img loading=\"lazy\" decoding=\"async\" width=\"570\" height=\"380\" src=\"https:\/\/www.saka.ee\/wp-content\/uploads\/2022\/06\/saka-harrastemaja-saka-moisa-oueala-28-570x380.jpeg\" class=\"attachment-img-570x380 size-img-570x380\" alt=\"\" srcset=\"https:\/\/www.saka.ee\/wp-content\/uploads\/2022\/06\/saka-harrastemaja-saka-moisa-oueala-28-570x380.jpeg 570w, https:\/\/www.saka.ee\/wp-content\/uploads\/2022\/06\/saka-harrastemaja-saka-moisa-oueala-28-960x640.jpeg 960w, https:\/\/www.saka.ee\/wp-content\/uploads\/2022\/06\/saka-harrastemaja-saka-moisa-oueala-28.jpeg 1920w, https:\/\/www.saka.ee\/wp-content\/uploads\/2022\/06\/saka-harrastemaja-saka-moisa-oueala-28-570x380@2x.jpeg 1140w\" sizes=\"auto, (max-width: 570px) 100vw, 570px\" \/><\/a><\/li><li class=\"splide__slide\"><a href=\"https:\/\/www.saka.ee\/wp-content\/uploads\/2022\/06\/saka-mois-vaatetorn-01.jpeg\" data-fancybox=\"txtmedia-acf-block_5d33e6af48ccd9b32fc0e92d472f71b5\"><img loading=\"lazy\" decoding=\"async\" width=\"570\" height=\"380\" src=\"https:\/\/www.saka.ee\/wp-content\/uploads\/2022\/06\/saka-mois-vaatetorn-01-570x380.jpeg\" class=\"attachment-img-570x380 size-img-570x380\" alt=\"\" srcset=\"https:\/\/www.saka.ee\/wp-content\/uploads\/2022\/06\/saka-mois-vaatetorn-01-570x380.jpeg 570w, https:\/\/www.saka.ee\/wp-content\/uploads\/2022\/06\/saka-mois-vaatetorn-01-960x640.jpeg 960w, https:\/\/www.saka.ee\/wp-content\/uploads\/2022\/06\/saka-mois-vaatetorn-01.jpeg 1920w, https:\/\/www.saka.ee\/wp-content\/uploads\/2022\/06\/saka-mois-vaatetorn-01-570x380@2x.jpeg 1140w\" sizes=\"auto, (max-width: 570px) 100vw, 570px\" \/><\/a><\/li><\/ul><\/div><\/div><\/div><\/div><\/div>\n\n<div id=\"acf-block_7ffac6c26332f53a134fca472b12bb42\" class=\"acf-block-element element-txtmedia\"><div class=\"row row-grid align-items-center\"><div class=\"col-12 col-md-6 col-content order-md-1\"><div class=\"col-inner\">\n\n<h2 class=\"wp-block-heading wp-el\"><strong>Sopii konferenssien ja konserttien j\u00e4rjest\u00e4miseen<\/strong><\/h2>\n\n\n\n<p class=\"wp-el\">Herraskartanon juhlasalissa voidaan j\u00e4rjest\u00e4\u00e4 konsertteja, konferensseja ja juhlia, mink\u00e4 lis\u00e4ksi k\u00e4ytett\u00e4viss\u00e4 my\u00f6s ylellinen skottityylinen sali, jossa on suuri 16 hengen py\u00f6re\u00e4 p\u00f6yt\u00e4, sek\u00e4 antiikkihuonekaluilla kalustettu takkahuone.<\/p>\n\n\n\n<p class=\"wp-el\">Meretorn oli alun perin jyrk\u00e4nteen partaalle rakennettu Neuvostoliiton rajavartiolaitoksen valonheitinrakennus, joka sittemmin muunnettiin konferenssi- ja seminaaritiloiksi. Nelj\u00e4st\u00e4 salista suurimpaan, Hogland-saliin, mahtuu 50 henke\u00e4.<\/p>\n\n\n\n<div class=\"wp-block-button is-style-secondary\"><a class=\"wp-block-button__link wp-element-button\" href=\"https:\/\/www.saka.ee\/fi\/sundmused\/seminariruumid\/\">Lue lis\u00e4\u00e4<\/a><\/div>\n\n<\/div><\/div><div class=\"col-12 col-md-6 col-media\"><div class=\"splide\" data-splide={\"type\":\"fade\",\"arrows\":false}><div class=\"splide__track\"><ul class=\"splide__list\"><li class=\"splide__slide\"><a href=\"https:\/\/www.saka.ee\/wp-content\/uploads\/2022\/06\/saka-012A5960.jpeg\" data-fancybox=\"txtmedia-acf-block_7ffac6c26332f53a134fca472b12bb42\"><img loading=\"lazy\" decoding=\"async\" width=\"570\" height=\"380\" src=\"https:\/\/www.saka.ee\/wp-content\/uploads\/2022\/06\/saka-012A5960-570x380.jpeg\" class=\"attachment-img-570x380 size-img-570x380\" alt=\"\" srcset=\"https:\/\/www.saka.ee\/wp-content\/uploads\/2022\/06\/saka-012A5960-570x380.jpeg 570w, https:\/\/www.saka.ee\/wp-content\/uploads\/2022\/06\/saka-012A5960-960x640.jpeg 960w, https:\/\/www.saka.ee\/wp-content\/uploads\/2022\/06\/saka-012A5960.jpeg 1920w, https:\/\/www.saka.ee\/wp-content\/uploads\/2022\/06\/saka-012A5960-570x380@2x.jpeg 1140w\" sizes=\"auto, (max-width: 570px) 100vw, 570px\" \/><\/a><\/li><li class=\"splide__slide\"><a href=\"https:\/\/www.saka.ee\/wp-content\/uploads\/2022\/06\/saka-mois-bassein-34.jpeg\" data-fancybox=\"txtmedia-acf-block_7ffac6c26332f53a134fca472b12bb42\"><img loading=\"lazy\" decoding=\"async\" width=\"570\" height=\"380\" src=\"https:\/\/www.saka.ee\/wp-content\/uploads\/2022\/06\/saka-mois-bassein-34-570x380.jpeg\" class=\"attachment-img-570x380 size-img-570x380\" alt=\"\" srcset=\"https:\/\/www.saka.ee\/wp-content\/uploads\/2022\/06\/saka-mois-bassein-34-570x380.jpeg 570w, https:\/\/www.saka.ee\/wp-content\/uploads\/2022\/06\/saka-mois-bassein-34-960x640.jpeg 960w, https:\/\/www.saka.ee\/wp-content\/uploads\/2022\/06\/saka-mois-bassein-34.jpeg 1920w, https:\/\/www.saka.ee\/wp-content\/uploads\/2022\/06\/saka-mois-bassein-34-570x380@2x.jpeg 1140w\" sizes=\"auto, (max-width: 570px) 100vw, 570px\" \/><\/a><\/li><\/ul><\/div><\/div><\/div><\/div><\/div>\n\n<div id=\"acf-block_aeb84729c6fe85e9e89de442cd2269ad\" class=\"acf-block-element element-txtmedia\"><div class=\"row row-grid align-items-center\"><div class=\"col-12 col-md-6 col-content\"><div class=\"col-inner\">\n\n<h2 class=\"wp-block-heading wp-el\"><strong>Ruoka<\/strong><\/h2>\n\n\n\n<p class=\"wp-el\">Ravintolapalveluista huolehtii herraskartanossa sijaitseva ja Ida-Virumaan parhaana pidetty<em> \u00e0 la carte<\/em> -ravintola, josta voi p\u00e4ivitt\u00e4isten tarjoilujen lis\u00e4ksi tilata pitopalvelun kartanon eri saleihin.<\/p>\n\n\n\n<div class=\"wp-block-button\"><a class=\"wp-block-button__link wp-element-button\" href=\"https:\/\/www.saka.ee\/fi\/restoran\/a-la-carte-menuu\/\">Lue lis\u00e4\u00e4<\/a><\/div>\n\n<\/div><\/div><div class=\"col-12 col-md-6 col-media\"><div class=\"splide\" data-splide={\"type\":\"fade\",\"arrows\":false}><div class=\"splide__track\"><ul class=\"splide__list\"><li class=\"splide__slide\"><a href=\"https:\/\/www.saka.ee\/wp-content\/uploads\/2022\/06\/saka-andrey-andreev-05.jpeg\" data-fancybox=\"txtmedia-acf-block_aeb84729c6fe85e9e89de442cd2269ad\"><img loading=\"lazy\" decoding=\"async\" width=\"570\" height=\"380\" src=\"https:\/\/www.saka.ee\/wp-content\/uploads\/2022\/06\/saka-andrey-andreev-05-570x380.jpeg\" class=\"attachment-img-570x380 size-img-570x380\" alt=\"\" srcset=\"https:\/\/www.saka.ee\/wp-content\/uploads\/2022\/06\/saka-andrey-andreev-05-570x380.jpeg 570w, https:\/\/www.saka.ee\/wp-content\/uploads\/2022\/06\/saka-andrey-andreev-05-960x640.jpeg 960w, https:\/\/www.saka.ee\/wp-content\/uploads\/2022\/06\/saka-andrey-andreev-05.jpeg 1920w, https:\/\/www.saka.ee\/wp-content\/uploads\/2022\/06\/saka-andrey-andreev-05-570x380@2x.jpeg 1140w\" sizes=\"auto, (max-width: 570px) 100vw, 570px\" \/><\/a><\/li><li class=\"splide__slide\"><a href=\"https:\/\/www.saka.ee\/wp-content\/uploads\/2022\/06\/saka-012A6751.jpeg\" data-fancybox=\"txtmedia-acf-block_aeb84729c6fe85e9e89de442cd2269ad\"><img loading=\"lazy\" decoding=\"async\" width=\"570\" height=\"380\" src=\"https:\/\/www.saka.ee\/wp-content\/uploads\/2022\/06\/saka-012A6751-570x380.jpeg\" class=\"attachment-img-570x380 size-img-570x380\" alt=\"\" srcset=\"https:\/\/www.saka.ee\/wp-content\/uploads\/2022\/06\/saka-012A6751-570x380.jpeg 570w, https:\/\/www.saka.ee\/wp-content\/uploads\/2022\/06\/saka-012A6751-960x640.jpeg 960w, https:\/\/www.saka.ee\/wp-content\/uploads\/2022\/06\/saka-012A6751.jpeg 1920w, https:\/\/www.saka.ee\/wp-content\/uploads\/2022\/06\/saka-012A6751-570x380@2x.jpeg 1140w\" sizes=\"auto, (max-width: 570px) 100vw, 570px\" \/><\/a><\/li><li class=\"splide__slide\"><a href=\"https:\/\/www.saka.ee\/wp-content\/uploads\/2022\/06\/saka-mois-hommikusook-05.jpeg\" data-fancybox=\"txtmedia-acf-block_aeb84729c6fe85e9e89de442cd2269ad\"><img loading=\"lazy\" decoding=\"async\" width=\"570\" height=\"380\" src=\"https:\/\/www.saka.ee\/wp-content\/uploads\/2022\/06\/saka-mois-hommikusook-05-570x380.jpeg\" class=\"attachment-img-570x380 size-img-570x380\" alt=\"\" srcset=\"https:\/\/www.saka.ee\/wp-content\/uploads\/2022\/06\/saka-mois-hommikusook-05-570x380.jpeg 570w, https:\/\/www.saka.ee\/wp-content\/uploads\/2022\/06\/saka-mois-hommikusook-05-960x640.jpeg 960w, https:\/\/www.saka.ee\/wp-content\/uploads\/2022\/06\/saka-mois-hommikusook-05.jpeg 1920w, https:\/\/www.saka.ee\/wp-content\/uploads\/2022\/06\/saka-mois-hommikusook-05-570x380@2x.jpeg 1140w\" sizes=\"auto, (max-width: 570px) 100vw, 570px\" \/><\/a><\/li><\/ul><\/div><\/div><\/div><\/div><\/div>\n\n<div id=\"acf-block_f15e3135272eea0dbfc19e9f19a34da4\" class=\"acf-block-element element-txtmedia\"><div class=\"row row-grid align-items-center\"><div class=\"col-12 col-md-6 col-content order-md-1\"><div class=\"col-inner\">\n\n<h2 class=\"wp-block-heading wp-el\"><strong>Loistava sijainti<\/strong><\/h2>\n\n\n\n<p class=\"wp-el\">Sakan kartanon tekee kiehtovaksi erityisesti sen sijainti korkealla rantat\u00f6rm\u00e4ll\u00e4, ikivanhan puiston keskell\u00e4 70 vuotta sitten perustetun Ontikan maisemansuojelualueen l\u00e4nsilaidalla.<\/p>\n\n\n\n<p class=\"wp-el\">Paviljonki, huvimaja ja lukuisat penkit puiston polkujen varsilla mahdollistavat omasta rauhasta ja hiljaisuudesta nauttimisen.<\/p>\n\n\n\n<p class=\"wp-el\">Polkuja pitkin p\u00e4\u00e4see Kivisillan valaistulle vesiputoukselle ja rantaan johtaville portaille. Neuvostoarmeijan kaatopaikkana k\u00e4ytt\u00e4m\u00e4\u00e4n entiseen sorakuoppaan rakennetusta laululavasta on tullut suosittu Ida-Virumaan laulup\u00e4ivien ja ulkoilmakonserttien pitopaikka.<\/p>\n\n\n\n<div class=\"wp-block-button is-style-secondary\"><a class=\"wp-block-button__link wp-element-button\" href=\"https:\/\/www.saka.ee\/fi\/kontakt\/\"><strong>Kulkuohjeet<\/strong><\/a><\/div>\n\n<\/div><\/div><div class=\"col-12 col-md-6 col-media\"><div class=\"splide\" data-splide={\"type\":\"fade\",\"arrows\":false}><div class=\"splide__track\"><ul class=\"splide__list\"><li class=\"splide__slide\"><a href=\"https:\/\/www.saka.ee\/wp-content\/uploads\/2022\/06\/saka-mois-suvemajutus-6Q7A0432.jpeg\" data-fancybox=\"txtmedia-acf-block_f15e3135272eea0dbfc19e9f19a34da4\"><img loading=\"lazy\" decoding=\"async\" width=\"570\" height=\"380\" src=\"https:\/\/www.saka.ee\/wp-content\/uploads\/2022\/06\/saka-mois-suvemajutus-6Q7A0432-570x380.jpeg\" class=\"attachment-img-570x380 size-img-570x380\" alt=\"\" srcset=\"https:\/\/www.saka.ee\/wp-content\/uploads\/2022\/06\/saka-mois-suvemajutus-6Q7A0432-570x380.jpeg 570w, https:\/\/www.saka.ee\/wp-content\/uploads\/2022\/06\/saka-mois-suvemajutus-6Q7A0432-960x640.jpeg 960w, https:\/\/www.saka.ee\/wp-content\/uploads\/2022\/06\/saka-mois-suvemajutus-6Q7A0432-570x380@2x.jpeg 1140w\" sizes=\"auto, (max-width: 570px) 100vw, 570px\" \/><\/a><\/li><li class=\"splide__slide\"><a href=\"https:\/\/www.saka.ee\/wp-content\/uploads\/2022\/06\/saka-mois-suvemajutus-02.jpeg\" data-fancybox=\"txtmedia-acf-block_f15e3135272eea0dbfc19e9f19a34da4\"><img loading=\"lazy\" decoding=\"async\" width=\"570\" height=\"380\" src=\"https:\/\/www.saka.ee\/wp-content\/uploads\/2022\/06\/saka-mois-suvemajutus-02-570x380.jpeg\" class=\"attachment-img-570x380 size-img-570x380\" alt=\"\" srcset=\"https:\/\/www.saka.ee\/wp-content\/uploads\/2022\/06\/saka-mois-suvemajutus-02-570x380.jpeg 570w, https:\/\/www.saka.ee\/wp-content\/uploads\/2022\/06\/saka-mois-suvemajutus-02-960x640.jpeg 960w, https:\/\/www.saka.ee\/wp-content\/uploads\/2022\/06\/saka-mois-suvemajutus-02.jpeg 1920w, https:\/\/www.saka.ee\/wp-content\/uploads\/2022\/06\/saka-mois-suvemajutus-02-570x380@2x.jpeg 1140w\" sizes=\"auto, (max-width: 570px) 100vw, 570px\" \/><\/a><\/li><li class=\"splide__slide\"><a href=\"https:\/\/www.saka.ee\/wp-content\/uploads\/2022\/06\/saka-mois-oueala-30.jpeg\" data-fancybox=\"txtmedia-acf-block_f15e3135272eea0dbfc19e9f19a34da4\"><img loading=\"lazy\" decoding=\"async\" width=\"570\" height=\"380\" src=\"https:\/\/www.saka.ee\/wp-content\/uploads\/2022\/06\/saka-mois-oueala-30-570x380.jpeg\" class=\"attachment-img-570x380 size-img-570x380\" alt=\"\" srcset=\"https:\/\/www.saka.ee\/wp-content\/uploads\/2022\/06\/saka-mois-oueala-30-570x380.jpeg 570w, https:\/\/www.saka.ee\/wp-content\/uploads\/2022\/06\/saka-mois-oueala-30-960x640.jpeg 960w, https:\/\/www.saka.ee\/wp-content\/uploads\/2022\/06\/saka-mois-oueala-30.jpeg 1920w, https:\/\/www.saka.ee\/wp-content\/uploads\/2022\/06\/saka-mois-oueala-30-570x380@2x.jpeg 1140w\" sizes=\"auto, (max-width: 570px) 100vw, 570px\" \/><\/a><\/li><\/ul><\/div><\/div><\/div><\/div><\/div>\n\n<div id=\"acf-block_3224a95f4a3cdc090c2e8346383bbc30\" class=\"acf-block-element element-txtmedia\"><div class=\"row row-grid align-items-center\"><div class=\"col-12 col-md-6 col-content\"><div class=\"col-inner\">\n\n<h2 class=\"wp-block-heading wp-el\"><strong>Vapaa-ajan vietto<\/strong><\/h2>\n\n\n\n<p class=\"wp-el\">K\u00e4vij\u00f6iden k\u00e4yt\u00f6ss\u00e4 ovat muun muassa<strong> tennis- ja rantalentopallokent\u00e4t <\/strong>sek\u00e4 lasten leikkipuisto ja kyl\u00e4keinu. L\u00e4helt\u00e4 l\u00f6ytyy kartanon l\u00e4himenneisyydest\u00e4 kertovia neuvostoajan sotilasrakennelmia. Parhaiten kartanon ymp\u00e4rist\u00f6\u00f6n tutustuu kiert\u00e4m\u00e4ll\u00e4 Klindim\u00f5isan merkityn retkipolun, joka vie t\u00f6rm\u00e4n p\u00e4\u00e4lt\u00e4 meren rannalla. Pari tuntia riitt\u00e4\u00e4 kierroksen tekemiseen hyvin.<\/p>\n\n\n\n<p class=\"wp-el\">Sakaan tulo ei tarkoita vain kartanon rakennuksia ja puistoa. T\u00e4\u00e4lt\u00e4 voi tehd\u00e4 my\u00f6s pidempi\u00e4 retki\u00e4 muualle Ida-Virumaan maakuntaan. Viereinen Kukrusen napapiirikartano on tutustumisen arvoinen, samoin Narvan linnoitus, Sinim\u00e4kien taistelupaikat ja Kurem\u00e4en luostari, Alutagusen seikkailupuisto ja <a>Viron<\/a><a href=\"#_msocom_1\">[Unknown A1]<\/a>&nbsp; kaivosmuseo ovat alle tunnin ajomatkan p\u00e4\u00e4ss\u00e4.<\/p>\n\n\n\n<hr class=\"wp-block-separator has-alpha-channel-opacity\"\/>\n\n\n\n<p class=\"wp-el\"><a id=\"_msocom_1\"><\/a><\/p>\n\n\n\n<p class=\"wp-el\">&nbsp;<a href=\"#_msoanchor_1\">[Unknown A1]<\/a>See on n\u00fc\u00fcd Eesti kaevandusmuuseum!<\/p>\n\n\n\n<div class=\"wp-block-button\"><a class=\"wp-block-button__link wp-element-button\" href=\"https:\/\/www.saka.ee\/fi\/vaba-aeg\/\">Lue lis\u00e4\u00e4<\/a><\/div>\n\n<\/div><\/div><div class=\"col-12 col-md-6 col-media\"><div class=\"splide\" data-splide={\"type\":\"fade\",\"arrows\":false}><div class=\"splide__track\"><ul class=\"splide__list\"><li class=\"splide__slide\"><a href=\"https:\/\/www.saka.ee\/wp-content\/uploads\/2022\/06\/rannatennis.jpeg\" data-fancybox=\"txtmedia-acf-block_3224a95f4a3cdc090c2e8346383bbc30\"><img loading=\"lazy\" decoding=\"async\" width=\"570\" height=\"380\" src=\"https:\/\/www.saka.ee\/wp-content\/uploads\/2022\/06\/rannatennis-570x380.jpeg\" class=\"attachment-img-570x380 size-img-570x380\" alt=\"\" srcset=\"https:\/\/www.saka.ee\/wp-content\/uploads\/2022\/06\/rannatennis-570x380.jpeg 570w, https:\/\/www.saka.ee\/wp-content\/uploads\/2022\/06\/rannatennis-960x640.jpeg 960w, https:\/\/www.saka.ee\/wp-content\/uploads\/2022\/06\/rannatennis.jpeg 1920w, https:\/\/www.saka.ee\/wp-content\/uploads\/2022\/06\/rannatennis-570x380@2x.jpeg 1140w\" sizes=\"auto, (max-width: 570px) 100vw, 570px\" \/><\/a><\/li><li class=\"splide__slide\"><a href=\"https:\/\/www.saka.ee\/wp-content\/uploads\/2022\/06\/saka-vibulaskmine.jpeg\" data-fancybox=\"txtmedia-acf-block_3224a95f4a3cdc090c2e8346383bbc30\"><img loading=\"lazy\" decoding=\"async\" width=\"570\" height=\"380\" src=\"https:\/\/www.saka.ee\/wp-content\/uploads\/2022\/06\/saka-vibulaskmine-570x380.jpeg\" class=\"attachment-img-570x380 size-img-570x380\" alt=\"\" srcset=\"https:\/\/www.saka.ee\/wp-content\/uploads\/2022\/06\/saka-vibulaskmine-570x380.jpeg 570w, https:\/\/www.saka.ee\/wp-content\/uploads\/2022\/06\/saka-vibulaskmine-960x640.jpeg 960w, https:\/\/www.saka.ee\/wp-content\/uploads\/2022\/06\/saka-vibulaskmine.jpeg 1920w, https:\/\/www.saka.ee\/wp-content\/uploads\/2022\/06\/saka-vibulaskmine-570x380@2x.jpeg 1140w\" sizes=\"auto, (max-width: 570px) 100vw, 570px\" \/><\/a><\/li><li class=\"splide__slide\"><a href=\"https:\/\/www.saka.ee\/wp-content\/uploads\/2022\/06\/piknikukorv.jpeg\" data-fancybox=\"txtmedia-acf-block_3224a95f4a3cdc090c2e8346383bbc30\"><img loading=\"lazy\" decoding=\"async\" width=\"570\" height=\"380\" src=\"https:\/\/www.saka.ee\/wp-content\/uploads\/2022\/06\/piknikukorv-570x380.jpeg\" class=\"attachment-img-570x380 size-img-570x380\" alt=\"\" srcset=\"https:\/\/www.saka.ee\/wp-content\/uploads\/2022\/06\/piknikukorv-570x380.jpeg 570w, https:\/\/www.saka.ee\/wp-content\/uploads\/2022\/06\/piknikukorv-960x640.jpeg 960w, https:\/\/www.saka.ee\/wp-content\/uploads\/2022\/06\/piknikukorv.jpeg 1920w, https:\/\/www.saka.ee\/wp-content\/uploads\/2022\/06\/piknikukorv-570x380@2x.jpeg 1140w\" sizes=\"auto, (max-width: 570px) 100vw, 570px\" \/><\/a><\/li><\/ul><\/div><\/div><\/div><\/div><\/div>\n\n\n<h2 class=\"wp-block-heading has-text-align-center wp-el\">Tule Sakan kartanoon!<\/h2>\n\n\n\n<div data-fullscreen=\"disabled\" data-mode=\"lightbox\" data-oembed=\"1\" data-provider=\"youtube\" data-reset-after-played id=\"arve-youtube-hkrfzriowvw\" class=\"arve arve-hover-effect-rectangle\" class=\"wp-block-nextgenthemes-arve-block\">\n\t<div class=\"arve-inner\">\n\t\t<div class=\"arve-embed arve-embed--has-aspect-ratio\">\n\t\t\t<div class=\"arve-ar\" style=\"padding-top:56.250000%\"><\/div>\n\t\t\t\n\t\t\t<img decoding=\"async\" alt=\"Saka M\u00f5is\" class=\"arve-thumbnail\" height=\"360\" loading=\"lazy\" sizes=\"auto\" src=\"https:\/\/i.ytimg.com\/vi\/hkrFzRIOwVw\/hqdefault.jpg\" srcset=\"https:\/\/i.ytimg.com\/vi\/hkrFzRIOwVw\/hqdefault.jpg 480w, https:\/\/i.ytimg.com\/vi\/hkrFzRIOwVw\/sddefault.jpg 640w, https:\/\/i.ytimg.com\/vi\/hkrFzRIOwVw\/maxresdefault.jpg 1280w\" width=\"480\">\n\t\t\t<button aria-haspopup=\"dialog\" aria-label=\"Play video: Saka M\u00f5is\" class=\"arve-play-btn arve-play-btn--circle\" data-attr=\"{&quot;credentialless&quot;:true,&quot;referrerpolicy&quot;:&quot;strict-origin-when-cross-origin&quot;,&quot;sandbox&quot;:&quot;allow-scripts allow-same-origin allow-presentation allow-popups allow-popups-to-escape-sandbox&quot;,&quot;allow&quot;:&quot;accelerometer \\u0027none\\u0027;autoplay;bluetooth \\u0027none\\u0027;browsing-topics \\u0027none\\u0027;camera \\u0027none\\u0027;clipboard-read \\u0027none\\u0027;clipboard-write;display-capture \\u0027none\\u0027;encrypted-media \\u0027none\\u0027;gamepad \\u0027none\\u0027;geolocation \\u0027none\\u0027;gyroscope \\u0027none\\u0027;hid \\u0027none\\u0027;identity-credentials-get \\u0027none\\u0027;idle-detection \\u0027none\\u0027;keyboard-map \\u0027none\\u0027;local-fonts;magnetometer \\u0027none\\u0027;microphone \\u0027none\\u0027;midi \\u0027none\\u0027;otp-credentials \\u0027none\\u0027;payment \\u0027none\\u0027;picture-in-picture;publickey-credentials-create \\u0027none\\u0027;publickey-credentials-get \\u0027none\\u0027;screen-wake-lock \\u0027none\\u0027;serial \\u0027none\\u0027;summarizer \\u0027none\\u0027;sync-xhr;usb \\u0027none\\u0027;web-share;window-management \\u0027none\\u0027;xr-spatial-tracking \\u0027none\\u0027;&quot;,&quot;class&quot;:&quot; fitvidsignore&quot;,&quot;data-arve&quot;:&quot;arve-youtube-hkrfzriowvw&quot;,&quot;data-src-no-ap&quot;:&quot;https:\\\/\\\/www.youtube-nocookie.com\\\/embed\\\/hkrFzRIOwVw?feature=oembed\\u0026iv_load_policy=3\\u0026modestbranding=1\\u0026rel=0\\u0026autohide=1\\u0026playsinline=1\\u0026autoplay=0\\u0026enablejsapi=1&quot;,&quot;frameborder&quot;:&quot;0&quot;,&quot;height&quot;:0,&quot;width&quot;:0,&quot;title&quot;:&quot;Saka M\\u00f5is&quot;,&quot;name&quot;:&quot;&quot;,&quot;loading&quot;:&quot;eager&quot;,&quot;allowfullscreen&quot;:&quot;&quot;,&quot;scrolling&quot;:&quot;no&quot;,&quot;data-lenis-prevent&quot;:&quot;&quot;}\" data-height=\"675\" data-iframe=\"https:\/\/www.youtube-nocookie.com\/embed\/hkrFzRIOwVw?feature=oembed&amp;iv_load_policy=3&amp;modestbranding=1&amp;rel=0&amp;autohide=1&amp;playsinline=1&amp;autoplay=1&amp;enablejsapi=1\" data-target=\"#arve-youtube-hkrfzriowvw\" data-thumb=\"https:\/\/i.ytimg.com\/vi\/hkrFzRIOwVw\/hqdefault.jpg\" data-width=\"1200\" href=\"https:\/\/www.youtube.com\/watch?v=hkrFzRIOwVw\" role=\"button\" type=\"button\"><svg class=\"arve-play-svg arve-play-svg--circle\" focusable=\"false\" aria-hidden=\"true\" width=\"75\" viewBox=\"0 0 50 50\"xmlns=\"http:\/\/www.w3.org\/2000\/svg\"><circle fill=\"black\" fill-opacity=\"0.4\" cx=\"25\" cy=\"25\" r=\"25\"><\/circle><path fill=\"white\" fill-opacity=\"0.8\" fill-rule=\"evenodd\" d=\"M 25, 25m -21, 0a 21,21 0 1,0 42,0a 21,21 0 1,0 -42,0M18.5 14 v22 l17 -11z\"><\/path><\/svg><\/button>\n\t\t\t\n\t\t<\/div>\n\t\t\n\t<\/div>\n\t\n\t\n\t<script type=\"application\/ld+json\">{\"@context\":\"http:\\\/\\\/schema.org\\\/\",\"@id\":\"https:\\\/\\\/www.saka.ee\\\/fi\\\/mois\\\/moisast\\\/#arve-youtube-hkrfzriowvw\",\"type\":\"VideoObject\",\"embedURL\":\"https:\\\/\\\/www.youtube-nocookie.com\\\/embed\\\/hkrFzRIOwVw?feature=oembed&iv_load_policy=3&modestbranding=1&rel=0&autohide=1&playsinline=1&autoplay=1&enablejsapi=1\",\"name\":\"Saka M\\u00f5is\",\"thumbnailUrl\":\"https:\\\/\\\/i.ytimg.com\\\/vi\\\/hkrFzRIOwVw\\\/hqdefault.jpg\",\"uploadDate\":\"2010-11-22T22:39:03Z\",\"author\":\"Turismiweb\",\"description\":\"INFO: \\n\\nVideo: Mario Pruul\\n\\nT\\u00e4naseks on Saka m\\u00f5isa peahoone restaureeritud ning \\u0161oti p\\u00e4ritolu m\\u00f5isa viimase omaniku L\\u00f6wis of Menari L\\u00f5una-Saksamaal elavad j\\u00e4reltulijad on r\\u00f5\\u00f5msad, et nende esivanemate Eestis asuv m\\u00f5is on taas korras.\\n\\nM\\u00f5isah\\u00e4\\u00e4rber on t\\u00e4naseks saanud uue v\\u00e4limuse ja sisu- peites endas 12 luksuslikku hotellituba, a\\u00b4la carte restorani ja privaatset s\\u00f6\\u00f6gisaali, kontserdisaali koos salongiga, n\\u00f5upidamisteruume. Lisaks muuseumituba, kaminasaali, piljardiruumi ning veinikeldrit.\"}<\/script>\n\t\n<\/div>","protected":false},"excerpt":{"rendered":"<p>Tule Sakan kartanoon!<\/p>\n","protected":false},"author":1,"featured_media":0,"parent":12686,"menu_order":238,"comment_status":"closed","ping_status":"closed","template":"","meta":{"_acf_changed":false,"inline_featured_image":false,"footnotes":""},"class_list":["post-12647","page","type-page","status-publish","hentry"],"acf":[],"_links":{"self":[{"href":"https:\/\/www.saka.ee\/fi\/wp-json\/wp\/v2\/pages\/12647","targetHints":{"allow":["GET"]}}],"collection":[{"href":"https:\/\/www.saka.ee\/fi\/wp-json\/wp\/v2\/pages"}],"about":[{"href":"https:\/\/www.saka.ee\/fi\/wp-json\/wp\/v2\/types\/page"}],"author":[{"embeddable":true,"href":"https:\/\/www.saka.ee\/fi\/wp-json\/wp\/v2\/users\/1"}],"replies":[{"embeddable":true,"href":"https:\/\/www.saka.ee\/fi\/wp-json\/wp\/v2\/comments?post=12647"}],"version-history":[{"count":5,"href":"https:\/\/www.saka.ee\/fi\/wp-json\/wp\/v2\/pages\/12647\/revisions"}],"predecessor-version":[{"id":19126,"href":"https:\/\/www.saka.ee\/fi\/wp-json\/wp\/v2\/pages\/12647\/revisions\/19126"}],"up":[{"embeddable":true,"href":"https:\/\/www.saka.ee\/fi\/wp-json\/wp\/v2\/pages\/12686"}],"wp:attachment":[{"href":"https:\/\/www.saka.ee\/fi\/wp-json\/wp\/v2\/media?parent=12647"}],"curies":[{"name":"wp","href":"https:\/\/api.w.org\/{rel}","templated":true}]}}