{"id":12648,"date":"2022-06-20T15:20:54","date_gmt":"2022-06-20T12:20:54","guid":{"rendered":"https:\/\/www.saka.ee\/kultuurisundmused\/"},"modified":"2026-04-27T14:01:21","modified_gmt":"2026-04-27T11:01:21","slug":"kultuurisundmused","status":"publish","type":"page","link":"https:\/\/www.saka.ee\/fi\/sundmused\/kultuurisundmused\/","title":{"rendered":"Kultuuris\u00fcndmused"},"content":{"rendered":"<div id=\"acf-block_c2dc2ffb63e7d33e66ad08be20e058bb\" class=\"acf-block-element element-cover alignmax\"><div class=\"splide\" data-splide={\"type\":\"slide\",\"arrows\":false}><div class=\"splide__track\"><ul class=\"splide__list\"><li class=\"splide__slide\"><div class=\"splide__slide-bg\"><img loading=\"lazy\" decoding=\"async\" width=\"1920\" height=\"980\" src=\"https:\/\/www.saka.ee\/wp-content\/uploads\/fly-images\/12278\/6Q7A0457-1-1920x980-c.jpg\" class=\"attachment-1920x980\" alt=\"6Q7A0457 (1)\" \/><\/div><div class=\"splide__slide-content container d-flex flex-wrap align-items-center\"><div class=\"slide-content text-center w-100\"><h1 class=\"slide-title has-giant-font-size font-weight-bold\">Kultuuris\u00fcndmused<\/h1><div class=\"slide-desc editor-content\"><p>Tutvu Saka m\u00f5isas toimuvate elamustega.<\/p>\n<\/div><\/div><\/div><\/li><\/ul><\/div><\/div><\/div>\n<p class=\"has-text-align-center wp-el\">Erinevad kultuurielamused on Saka m\u00f5isa pererahva s\u00fcdameasi. Kontserdid H\u00e4rrastemaja ballisaalis, suvised teatrietendused ja muusikalised etteasted suvelaval, temaatilised \u00f5htus\u00f6\u00f6gid alustades austritest ja \u0161ampanjast, l\u00f5petades m\u00f5ne p\u00f5neva riigi kulinaarsete elamustega. Tutvu eesootavate s\u00fcndmustega allpool ja vali endale sobiv.<\/p>\n<div id=\"acf-block_40bae002a1379ee1072a3de5cf98fa2e\" class=\"acf-block-element element-txtmedia\"><div class=\"row row-grid align-items-center\"><div class=\"col-12 col-md-6 col-content order-md-1\"><div class=\"col-inner\">\n\n<h2 class=\"wp-block-heading wp-el\">R 1. mai Austrite ja mereandide \u00f5htus\u00f6\u00f6k Anti Lepikuga!<\/h2>\n\n\n\n<p class=\"wp-el\">Austriteteemalisel \u00f5htul tutvustab Austeriumi austrisommeljee ning viiekordne austrite avamise maailmameister Anti Lepik austrite ajalugu ja nende nautimist.<\/p>\n\n\n\n<p class=\"wp-el\">Reedel, 1.05 | 18:00<\/p>\n\n\n\n<p class=\"wp-el\">T\u00e4psem info ja men\u00fc\u00fc \u00f5ige pea! <\/p>\n\n\n\n<div class=\"wp-block-button\"><a class=\"wp-block-button__link wp-element-button\" href=\"https:\/\/www.saka.ee\/austrite-ja-mereandide-ohtusook-saka-moisas-tuleb-taas-juba-1-mail\/\">Rohkem infot<\/a><\/div>\n\n<\/div><\/div><div class=\"col-12 col-md-6 col-media\"><div class=\"splide\" data-splide={\"type\":\"fade\",\"arrows\":false}><div class=\"splide__track\"><ul class=\"splide__list\"><li class=\"splide__slide\"><a href=\"https:\/\/www.saka.ee\/wp-content\/uploads\/2026\/03\/497509838_1274202811375843_4768898278771481634_n.jpg\" data-fancybox=\"txtmedia-acf-block_40bae002a1379ee1072a3de5cf98fa2e\"><img loading=\"lazy\" decoding=\"async\" width=\"570\" height=\"380\" src=\"https:\/\/www.saka.ee\/wp-content\/uploads\/fly-images\/18480\/497509838_1274202811375843_4768898278771481634_n-570x8000.jpg\" class=\"attachment-570x8000\" alt=\"497509838_1274202811375843_4768898278771481634_n\" \/><\/a><\/li><\/ul><\/div><\/div><\/div><\/div><\/div><div id=\"acf-block_e9e3cd5835ebffb2700947e099f6f58a\" class=\"acf-block-element element-txtmedia\"><div class=\"row row-grid align-items-center\"><div class=\"col-12 col-md-6 col-content order-md-1\"><div class=\"col-inner\">\n\n<h2 class=\"wp-block-heading wp-el\">P 10.05 Emadep\u00e4eva brunch <\/h2>\n\n\n\n<p class=\"wp-el\"><img loading=\"lazy\" decoding=\"async\" height=\"16\" width=\"16\" alt=\"\ud83c\udf3a\" src=\"https:\/\/static.xx.fbcdn.net\/images\/emoji.php\/v9\/t99\/1\/16\/1f33a.png\"\/>Emadep\u00e4eva Brunch Saka M\u00f5isa restoranis, H\u00e4rrastemajas.<br\/>Tule t\u00e4hista terve perega!<\/p>\n\n\n\n<p class=\"wp-el\">Brunch ehk br`an&#8217;t\u0161 ehk hiline hommikus\u00f6\u00f6k hommikueine ja l\u00f5una asemel.<br\/>Rootsilaua stiilis brunch kell 12.00 Saka M\u00f5isas.<\/p>\n\n\n\n<p class=\"wp-el\">T\u00e4psem info <a href=\"https:\/\/fb.me\/e\/41Eqzm8Wo\" data-type=\"link\" data-id=\"https:\/\/fb.me\/e\/41Eqzm8Wo\" rel=\"nofollow noopener\" target=\"_blank\">siin.<\/a><\/p>\n\n\n\n<div class=\"wp-block-button\"><a class=\"wp-block-button__link wp-element-button\" href=\"https:\/\/fb.me\/e\/41Eqzm8Wo\" rel=\"nofollow noopener\" target=\"_blank\">Rohkem infot<\/a><\/div>\n\n<\/div><\/div><div class=\"col-12 col-md-6 col-media\"><div class=\"splide\" data-splide={\"type\":\"fade\",\"arrows\":false}><div class=\"splide__track\"><ul class=\"splide__list\"><li class=\"splide__slide\"><a href=\"https:\/\/www.saka.ee\/wp-content\/uploads\/2026\/03\/634483648_1518183483644440_4537944553922283091_n.jpg\" data-fancybox=\"txtmedia-acf-block_e9e3cd5835ebffb2700947e099f6f58a\"><img loading=\"lazy\" decoding=\"async\" width=\"570\" height=\"321\" src=\"https:\/\/www.saka.ee\/wp-content\/uploads\/fly-images\/18489\/634483648_1518183483644440_4537944553922283091_n-570x8000.jpg\" class=\"attachment-570x8000\" alt=\"634483648_1518183483644440_4537944553922283091_n\" \/><\/a><\/li><\/ul><\/div><\/div><\/div><\/div><\/div><div id=\"acf-block_9cf85079bea722aaa809462d0ca9aae9\" class=\"acf-block-element element-txtmedia\"><div class=\"row row-grid align-items-center\"><div class=\"col-12 col-md-6 col-content order-md-1\"><div class=\"col-inner\">\n\n<h2 class=\"wp-block-heading wp-el\">K 15.07 C-JAM &amp; MAD \u201cMETALLICA\u201d\u00a0<\/h2>\n\n\n\n<p class=\"wp-el\">V\u00e4estavad suvekontserdid kaunis m\u00f5isamilj\u00f6\u00f6s<\/p>\n\n\n\n<p class=\"wp-el\">Viis meest, neli t\u0161ellot, \u00fcks v\u00f5imas h\u00e4\u00e4l ja parimad Metallica lood!<br\/>Kokku kaheksas kaunis kontserdi- ja kohtumispaigas \u00fcle meie armsa Eestimaa.<\/p>\n\n\n\n<p class=\"wp-el\">Mis juhtub, kui lavale astuvad neli t\u0161ellot ja \u00fcks v\u00f5imas h\u00e4\u00e4l, kaasas maailma \u00fche legendaarseima metal-b\u00e4ndi looming? S\u00fcnnib midagi ootamatut, j\u00f5ulist ja hingepuudutavat.<\/p>\n\n\n\n<p class=\"wp-el\">T\u00e4psem info <a href=\"https:\/\/www.saka.ee\/c-jam-mad-metallica-saka-moisas\/\" data-type=\"link\" data-id=\"https:\/\/www.saka.ee\/c-jam-mad-metallica-saka-moisas\/\">siin.<\/a><\/p>\n\n\n\n<div class=\"wp-block-button\"><a class=\"wp-block-button__link wp-element-button\" href=\"https:\/\/www.saka.ee\/c-jam-mad-metallica-saka-moisas\/\">Rohkem infot<\/a><\/div>\n\n<\/div><\/div><div class=\"col-12 col-md-6 col-media\"><div class=\"splide\" data-splide={\"type\":\"fade\",\"arrows\":false}><div class=\"splide__track\"><ul class=\"splide__list\"><li class=\"splide__slide\"><a href=\"https:\/\/www.saka.ee\/wp-content\/uploads\/2026\/04\/678915898_122127810867154618_8939542238057697549_n-1.jpg\" data-fancybox=\"txtmedia-acf-block_9cf85079bea722aaa809462d0ca9aae9\"><img loading=\"lazy\" decoding=\"async\" width=\"570\" height=\"321\" src=\"https:\/\/www.saka.ee\/wp-content\/uploads\/fly-images\/19273\/678915898_122127810867154618_8939542238057697549_n-1-570x8000.jpg\" class=\"attachment-570x8000\" alt=\"678915898_122127810867154618_8939542238057697549_n\" \/><\/a><\/li><\/ul><\/div><\/div><\/div><\/div><\/div>\n<div class=\"wp-block-columns is-layout-flex wp-container-core-columns-is-layout-28f84493 wp-block-columns-is-layout-flex\">\n<div class=\"wp-block-column is-layout-flow wp-block-column-is-layout-flow\" style=\"flex-basis:100%\"><\/div>\n<\/div>\n","protected":false},"excerpt":{"rendered":"<p>Erinevad kultuurielamused on Saka m\u00f5isa pererahva s\u00fcdameasi. Kontserdid H\u00e4rrastemaja ballisaalis, suvised teatrietendused ja muusikalised etteasted suvelaval, temaatilised \u00f5htus\u00f6\u00f6gid alustades austritest&#8230;<\/p>\n","protected":false},"author":1,"featured_media":18459,"parent":12688,"menu_order":227,"comment_status":"closed","ping_status":"closed","template":"","meta":{"_acf_changed":false,"inline_featured_image":false,"footnotes":""},"class_list":["post-12648","page","type-page","status-publish","has-post-thumbnail","hentry"],"acf":[],"_links":{"self":[{"href":"https:\/\/www.saka.ee\/fi\/wp-json\/wp\/v2\/pages\/12648","targetHints":{"allow":["GET"]}}],"collection":[{"href":"https:\/\/www.saka.ee\/fi\/wp-json\/wp\/v2\/pages"}],"about":[{"href":"https:\/\/www.saka.ee\/fi\/wp-json\/wp\/v2\/types\/page"}],"author":[{"embeddable":true,"href":"https:\/\/www.saka.ee\/fi\/wp-json\/wp\/v2\/users\/1"}],"replies":[{"embeddable":true,"href":"https:\/\/www.saka.ee\/fi\/wp-json\/wp\/v2\/comments?post=12648"}],"version-history":[{"count":6,"href":"https:\/\/www.saka.ee\/fi\/wp-json\/wp\/v2\/pages\/12648\/revisions"}],"predecessor-version":[{"id":19283,"href":"https:\/\/www.saka.ee\/fi\/wp-json\/wp\/v2\/pages\/12648\/revisions\/19283"}],"up":[{"embeddable":true,"href":"https:\/\/www.saka.ee\/fi\/wp-json\/wp\/v2\/pages\/12688"}],"wp:featuredmedia":[{"embeddable":true,"href":"https:\/\/www.saka.ee\/fi\/wp-json\/wp\/v2\/media\/18459"}],"wp:attachment":[{"href":"https:\/\/www.saka.ee\/fi\/wp-json\/wp\/v2\/media?parent=12648"}],"curies":[{"name":"wp","href":"https:\/\/api.w.org\/{rel}","templated":true}]}}