{"id":12649,"date":"2022-06-20T14:55:50","date_gmt":"2022-06-20T11:55:50","guid":{"rendered":"https:\/\/www.saka.ee\/eriuritused\/"},"modified":"2025-01-14T09:41:27","modified_gmt":"2025-01-14T07:41:27","slug":"eriuritused","status":"publish","type":"page","link":"https:\/\/www.saka.ee\/fi\/sundmused\/eriuritused\/","title":{"rendered":"Pulmad"},"content":{"rendered":"<div id=\"acf-block_7b9cb4e722e887e330b043001a1e7114\" class=\"acf-block-element element-cover alignmax\"><div class=\"splide\" data-splide={\"type\":\"slide\",\"arrows\":false}><div class=\"splide__track\"><ul class=\"splide__list\"><li class=\"splide__slide\"><div class=\"splide__slide-bg\"><img loading=\"lazy\" decoding=\"async\" width=\"1920\" height=\"980\" src=\"https:\/\/www.saka.ee\/wp-content\/uploads\/fly-images\/12312\/IMG_5591-2-1920x980-c.jpg\" class=\"attachment-1920x980\" alt=\"IMG_5591 (2)\" \/><\/div><div class=\"splide__slide-content container d-flex flex-wrap align-items-center\"><div class=\"slide-content text-center w-100\"><h1 class=\"slide-title has-giant-font-size font-weight-bold\">Pulmad<\/h1><div class=\"slide-desc editor-content\"><p>Korralda t\u00e4htis s\u00fcndmus meeldej\u00e4\u00e4valt just Saka m\u00f5isas.<\/p>\n<\/div><\/div><\/div><\/li><\/ul><\/div><\/div><\/div>\n\n\n<div class=\"wp-block-columns is-layout-flex wp-container-core-columns-is-layout-28f84493 wp-block-columns-is-layout-flex\">\n<div class=\"wp-block-column is-layout-flow wp-block-column-is-layout-flow\">\n<h2 class=\"wp-block-heading wp-el\">Kaunimad pulmapeod v\u00f5i t\u00e4htp\u00e4evad Saka m\u00f5isas<\/h2>\n\n\n\n<p class=\"wp-el\">Saka m\u00f5is on suurep\u00e4rane paik kaunite pulmapidude ja t\u00e4htp\u00e4evade t\u00e4histamiseks. <strong>Looduskaunis asukoht otse k\u00f5rgel pankranniku serval, ajalooline atmosf\u00e4\u00e4r, mitmek\u00fclgsed v\u00f5imalused<\/strong> majutuseks ja lisategevusteks &#8211; imeilus m\u00f5isakompleks, mis muudab teile olulised t\u00e4htp\u00e4evad unustamatuks!<\/p>\n<\/div>\n\n\n\n<div class=\"wp-block-column is-layout-flow wp-block-column-is-layout-flow\">\n<figure class=\"wp-block-image size-full\"><img loading=\"lazy\" decoding=\"async\" width=\"2560\" height=\"1709\" src=\"https:\/\/www.saka.ee\/wp-content\/uploads\/2024\/03\/IMGP0103.jpg-Moisapreili-scaled.jpg\" alt=\"\" class=\"wp-image-14222\" srcset=\"https:\/\/www.saka.ee\/wp-content\/uploads\/2024\/03\/IMGP0103.jpg-Moisapreili-scaled.jpg 2560w, https:\/\/www.saka.ee\/wp-content\/uploads\/2024\/03\/IMGP0103.jpg-Moisapreili-960x640.jpg 960w, https:\/\/www.saka.ee\/wp-content\/uploads\/2024\/03\/IMGP0103.jpg-Moisapreili-570x380.jpg 570w, https:\/\/www.saka.ee\/wp-content\/uploads\/2024\/03\/IMGP0103.jpg-Moisapreili-570x380@2x.jpg 1140w\" sizes=\"auto, (max-width: 2560px) 100vw, 2560px\" \/><\/figure>\n<\/div>\n<\/div>\n\n\n\n<div class=\"wp-block-columns is-layout-flex wp-container-core-columns-is-layout-28f84493 wp-block-columns-is-layout-flex\">\n<div class=\"wp-block-column is-layout-flow wp-block-column-is-layout-flow\">\n<figure class=\"wp-block-image size-full\"><img loading=\"lazy\" decoding=\"async\" width=\"2560\" height=\"1707\" src=\"https:\/\/www.saka.ee\/wp-content\/uploads\/2024\/06\/IMG_8212-1-scaled.jpg\" alt=\"\" class=\"wp-image-16327\" srcset=\"https:\/\/www.saka.ee\/wp-content\/uploads\/2024\/06\/IMG_8212-1-scaled.jpg 2560w, https:\/\/www.saka.ee\/wp-content\/uploads\/2024\/06\/IMG_8212-1-960x640.jpg 960w, https:\/\/www.saka.ee\/wp-content\/uploads\/2024\/06\/IMG_8212-1-570x380.jpg 570w, https:\/\/www.saka.ee\/wp-content\/uploads\/2024\/06\/IMG_8212-1-570x380@2x.jpg 1140w\" sizes=\"auto, (max-width: 2560px) 100vw, 2560px\" \/><\/figure>\n<\/div>\n\n\n\n<div class=\"wp-block-column is-layout-flow wp-block-column-is-layout-flow\">\n<h2 class=\"wp-block-heading wp-el\">Valminud on uus Talveaed!<\/h2>\n\n\n\n<p class=\"wp-el\"><strong>Saka M\u00f5isa Talveaed<\/strong>&nbsp;loodi just l\u00e4htuvalt klientide soovidest ja vajadustest. Uus klaasist paviljon on Saka M\u00f5isa suurima mahutavusega saal, et korraldada eri\u00fcritusi, seinare, pulmasid, ettev\u00f5tete pidusid, juubeleid, kontserte. N\u00fc\u00fcd saab v\u00e4ga mugavalt erinevad tegevused \u00e4ra jagada kasv\u00f5i mitme maja vahel. N\u00e4iteks pulma tseremoonia H\u00e4rrastemaja ballisaalis ja hilisem pulmapidu Talveaias. V\u00f5i konverents Meretornis ja kontsert-\u00f5htus\u00f6\u00f6k Talveaias. V\u00f5imalusi on mitmeid. Saka M\u00f5isa meeskond on s\u00fcndmuse planeerimisel igati abiks.<\/p>\n<\/div>\n<\/div>\n\n\n\n<div class=\"wp-block-columns is-layout-flex wp-container-core-columns-is-layout-28f84493 wp-block-columns-is-layout-flex\">\n<div class=\"wp-block-column is-layout-flow wp-block-column-is-layout-flow\">\n<h2 class=\"wp-block-heading wp-el\">Kompleksi laialdased v\u00f5imalused<\/h2>\n\n\n\n<p class=\"wp-el\">Saka m\u00f5isa v\u00e4\u00e4rikas, 160 aasta vanuses H\u00e4rrastemajas on nii ballisaal, restoran kui ka 12 luksuslikku hotellituba. <strong>Ballisaal<\/strong> mahutab laudade \u00fcmber v\u00e4hemalt 60 pulmalist ning on hea pidutsemiskoht. <strong>H\u00e4rrastemaja salong<\/strong> sobib aga kenasti n\u00e4iteks abielu s\u00f5lmimiseks. Suvisel perioodil v\u00f5ib \u00e4ra kasutada ka <strong>kauni m\u00f5isapargi v\u00f5imalusi.<\/strong><\/p>\n\n\n\n<p class=\"wp-el\">Kogu m\u00f5isakompleksi peale majutub \u00e4ra kuni 100 k\u00fclalist. K\u00fclastajate k\u00e4sutuses on nii luksuslikku majutust pakkuv 12 toaga <strong>H\u00e4rrastemaja<\/strong> kui 29 toaga<strong> Hotellimaja ja <\/strong>eriline <strong>Meretorn.<\/strong><\/p>\n\n\n\n<p class=\"wp-el\">Hotelli juurde kuulub ka privaatne, \u00f5dus spaa saunade ja v\u00e4ikese basseini ning l\u00f5\u00f5gastavate kehahoolitsustega.<\/p>\n<\/div>\n\n\n\n<div class=\"wp-block-column is-layout-flow wp-block-column-is-layout-flow\">\n<figure class=\"wp-block-image size-full\"><img loading=\"lazy\" decoding=\"async\" width=\"2000\" height=\"1332\" src=\"https:\/\/www.saka.ee\/wp-content\/uploads\/2022\/08\/DJI_0729.jpg\" alt=\"\" class=\"wp-image-6883\" srcset=\"https:\/\/www.saka.ee\/wp-content\/uploads\/2022\/08\/DJI_0729.jpg 2000w, https:\/\/www.saka.ee\/wp-content\/uploads\/2022\/08\/DJI_0729-960x640.jpg 960w, https:\/\/www.saka.ee\/wp-content\/uploads\/2022\/08\/DJI_0729-570x380.jpg 570w, https:\/\/www.saka.ee\/wp-content\/uploads\/2022\/08\/DJI_0729-570x380@2x.jpg 1140w\" sizes=\"auto, (max-width: 2000px) 100vw, 2000px\" \/><\/figure>\n<\/div>\n<\/div>\n\n\n\n<div class=\"wp-block-columns is-layout-flex wp-container-core-columns-is-layout-28f84493 wp-block-columns-is-layout-flex\">\n<div class=\"wp-block-column is-layout-flow wp-block-column-is-layout-flow\">\n<figure class=\"wp-block-image size-full\"><img loading=\"lazy\" decoding=\"async\" width=\"1370\" height=\"917\" src=\"https:\/\/www.saka.ee\/wp-content\/uploads\/2024\/03\/68B18729-87B8-46CB-9ABA-4EB54B9406A9.jpg\" alt=\"\" class=\"wp-image-14229\"\/><\/figure>\n<\/div>\n\n\n\n<div class=\"wp-block-column is-layout-flow wp-block-column-is-layout-flow\">\n<h2 class=\"wp-block-heading wp-el\">Kaunimad pulmapeod v\u00f5i t\u00e4htp\u00e4evad Saka m\u00f5isas<\/h2>\n\n\n\n<p class=\"wp-el\">Toitlustust pakub H\u00e4rrastemajas paiknev <strong>Ida-Virumaal parimaks peetav \u00e0 la carte-restoran<\/strong>, kus lisaks igap\u00e4evasele toitlustamisele saab tellida pidulaudu m\u00f5isa erinevatesse saalidesse.<\/p>\n\n\n\n<p class=\"wp-el\">Oleme pulmade ja eris\u00fcndmuste korraldamisel igak\u00fclgselt abiks ning kindlasti leiame just kliendi eelistustele kohase lahenduse.<\/p>\n<\/div>\n<\/div>\n\n\n\n<h2 class=\"wp-block-heading wp-el\">V\u00f5ta meiega \u00fchendust:<\/h2>\n\n\n\n<ul class=\"wp-el wp-block-list\">\n<li>Telefon: <a href=\"tel:+372 336 4902\">+372 336 4902<\/a><\/li>\n\n\n\n<li>E-mail: <a href=\"mailto:salle@saka.ee\">salle@saka.ee<\/a><\/li>\n<\/ul>\n\n\n<div id=\"acf-block_7ba65c52c0b32d5f250a19cb5404ae4d\" class=\"acf-block-element element-gallery\"><div class=\"gallery gallery-masonry\"><figure class=\"gallery-item\"><a href=\"https:\/\/www.saka.ee\/wp-content\/uploads\/2025\/01\/Maris-Treufeldt-1.jpg\"><img loading=\"lazy\" decoding=\"async\" width=\"383\" height=\"220\" src=\"https:\/\/www.saka.ee\/wp-content\/uploads\/fly-images\/17472\/Maris-Treufeldt-1-383x220-c.jpg\" class=\"attachment-383x220\" alt=\"Maris Treufeldt 1\" \/><\/a><\/figure><figure class=\"gallery-item\"><a href=\"https:\/\/www.saka.ee\/wp-content\/uploads\/2025\/01\/Maris-Treufeldt-3.jpg\"><img loading=\"lazy\" decoding=\"async\" width=\"383\" height=\"470\" src=\"https:\/\/www.saka.ee\/wp-content\/uploads\/fly-images\/17476\/Maris-Treufeldt-3-383x470-c.jpg\" class=\"attachment-383x470\" alt=\"Maris Treufeldt 3\" \/><\/a><\/figure><figure class=\"gallery-item\"><a href=\"https:\/\/www.saka.ee\/wp-content\/uploads\/2025\/01\/9R3A6863.jpg\"><img loading=\"lazy\" decoding=\"async\" width=\"383\" height=\"470\" src=\"https:\/\/www.saka.ee\/wp-content\/uploads\/fly-images\/17480\/9R3A6863-383x470-c.jpg\" class=\"attachment-383x470\" alt=\"9R3A6863\" \/><\/a><\/figure><figure class=\"gallery-item\"><a href=\"https:\/\/www.saka.ee\/wp-content\/uploads\/2022\/06\/saka-kertin-vasser-05.jpeg\"><img loading=\"lazy\" decoding=\"async\" width=\"383\" height=\"220\" src=\"https:\/\/www.saka.ee\/wp-content\/uploads\/fly-images\/11933\/saka-kertin-vasser-05-383x220-c.jpeg\" class=\"attachment-383x220\" alt=\"saka-kertin-vasser-05\" \/><\/a><\/figure><figure class=\"gallery-item\"><a href=\"https:\/\/www.saka.ee\/wp-content\/uploads\/2022\/06\/saka-mois-oueala-30.jpeg\"><img loading=\"lazy\" decoding=\"async\" width=\"383\" height=\"220\" src=\"https:\/\/www.saka.ee\/wp-content\/uploads\/fly-images\/11914\/saka-mois-oueala-30-383x220-c.jpeg\" class=\"attachment-383x220\" alt=\"saka-mois-oueala-30\" \/><\/a><\/figure><figure class=\"gallery-item\"><a href=\"https:\/\/www.saka.ee\/wp-content\/uploads\/2022\/06\/saka-mois-oueala-09.jpeg\"><img loading=\"lazy\" decoding=\"async\" width=\"383\" height=\"220\" src=\"https:\/\/www.saka.ee\/wp-content\/uploads\/fly-images\/11913\/saka-mois-oueala-09-383x220-c.jpeg\" class=\"attachment-383x220\" alt=\"saka-mois-oueala-09\" \/><\/a><\/figure><figure class=\"gallery-item\"><a href=\"https:\/\/www.saka.ee\/wp-content\/uploads\/2022\/06\/saka-harrastemaja-012A5849.jpeg\"><img loading=\"lazy\" decoding=\"async\" width=\"383\" height=\"220\" src=\"https:\/\/www.saka.ee\/wp-content\/uploads\/fly-images\/11871\/saka-harrastemaja-012A5849-383x220-c.jpeg\" class=\"attachment-383x220\" alt=\"saka-harrastemaja-012A5849\" \/><\/a><\/figure><figure class=\"gallery-item\"><a href=\"https:\/\/www.saka.ee\/wp-content\/uploads\/2024\/03\/68B18729-87B8-46CB-9ABA-4EB54B9406A9.jpg\"><img loading=\"lazy\" decoding=\"async\" width=\"383\" height=\"220\" src=\"https:\/\/www.saka.ee\/wp-content\/uploads\/fly-images\/14231\/68B18729-87B8-46CB-9ABA-4EB54B9406A9-383x220-c.jpg\" class=\"attachment-383x220\" alt=\"68B18729-87B8-46CB-9ABA-4EB54B9406A9\" \/><\/a><\/figure><figure class=\"gallery-item\"><a href=\"https:\/\/www.saka.ee\/wp-content\/uploads\/2024\/03\/IMGP0103.jpg-Moisapreili-scaled.jpg\"><img loading=\"lazy\" decoding=\"async\" width=\"383\" height=\"220\" src=\"https:\/\/www.saka.ee\/wp-content\/uploads\/fly-images\/14224\/IMGP0103.jpg-Moisapreili-scaled-383x220-c.jpg\" class=\"attachment-383x220\" alt=\"IMGP0103.jpg-Moisapreili\" \/><\/a><\/figure><figure class=\"gallery-item\"><a href=\"https:\/\/www.saka.ee\/wp-content\/uploads\/2024\/03\/809_Photo-6-1-scaled.jpg\"><img loading=\"lazy\" decoding=\"async\" width=\"383\" height=\"220\" src=\"https:\/\/www.saka.ee\/wp-content\/uploads\/fly-images\/14220\/809_Photo-6-1-scaled-383x220-c.jpg\" class=\"attachment-383x220\" alt=\"809_Photo-6-1\" \/><\/a><\/figure><figure class=\"gallery-item\"><a href=\"https:\/\/www.saka.ee\/wp-content\/uploads\/2024\/02\/image0ss-scaled.jpeg\"><img loading=\"lazy\" decoding=\"async\" width=\"383\" height=\"470\" src=\"https:\/\/www.saka.ee\/wp-content\/uploads\/fly-images\/14167\/image0ss-scaled-383x470-c.jpeg\" class=\"attachment-383x470\" alt=\"image0ss\" \/><\/a><\/figure><figure class=\"gallery-item\"><a href=\"https:\/\/www.saka.ee\/wp-content\/uploads\/2024\/02\/image1-scaled.jpeg\"><img loading=\"lazy\" decoding=\"async\" width=\"383\" height=\"470\" src=\"https:\/\/www.saka.ee\/wp-content\/uploads\/fly-images\/14159\/image1-scaled-383x470-c.jpeg\" class=\"attachment-383x470\" alt=\"image1\" \/><\/a><\/figure><figure class=\"gallery-item\"><a href=\"https:\/\/www.saka.ee\/wp-content\/uploads\/2023\/09\/IMG_7521-scaled.jpg\"><img loading=\"lazy\" decoding=\"async\" width=\"383\" height=\"470\" src=\"https:\/\/www.saka.ee\/wp-content\/uploads\/fly-images\/13443\/IMG_7521-scaled-383x470-c.jpg\" class=\"attachment-383x470\" alt=\"M\u00f5isa puhkus\" \/><\/a><\/figure><figure class=\"gallery-item\"><a href=\"https:\/\/www.saka.ee\/wp-content\/uploads\/2023\/09\/IMG_7536-1-1-scaled.jpg\"><img loading=\"lazy\" decoding=\"async\" width=\"383\" height=\"470\" src=\"https:\/\/www.saka.ee\/wp-content\/uploads\/fly-images\/13435\/IMG_7536-1-1-scaled-383x470-c.jpg\" class=\"attachment-383x470\" alt=\"M\u00f5isa puhkus\" \/><\/a><\/figure><figure class=\"gallery-item\"><a href=\"https:\/\/www.saka.ee\/wp-content\/uploads\/2023\/09\/316390229_702430561300479_5187157424423211155_n.jpg\"><img loading=\"lazy\" decoding=\"async\" width=\"383\" height=\"220\" src=\"https:\/\/www.saka.ee\/wp-content\/uploads\/fly-images\/13431\/316390229_702430561300479_5187157424423211155_n-383x220-c.jpg\" class=\"attachment-383x220\" alt=\"M\u00f5isa puhkus\" \/><\/a><\/figure><figure class=\"gallery-item\"><a href=\"https:\/\/www.saka.ee\/wp-content\/uploads\/2023\/09\/320573753_684945119975228_207772554749100092_n.jpg\"><img loading=\"lazy\" decoding=\"async\" width=\"383\" height=\"470\" src=\"https:\/\/www.saka.ee\/wp-content\/uploads\/fly-images\/13419\/320573753_684945119975228_207772554749100092_n-383x470-c.jpg\" class=\"attachment-383x470\" alt=\"M\u00f5isa puhkus\" \/><\/a><\/figure><figure class=\"gallery-item\"><a href=\"https:\/\/www.saka.ee\/wp-content\/uploads\/2023\/09\/DSC_9641-2-1-scaled.jpg\"><img loading=\"lazy\" decoding=\"async\" width=\"383\" height=\"220\" src=\"https:\/\/www.saka.ee\/wp-content\/uploads\/fly-images\/13374\/DSC_9641-2-1-scaled-383x220-c.jpg\" class=\"attachment-383x220\" alt=\"DSC_9641 (2) (1)\" \/><\/a><\/figure><figure class=\"gallery-item\"><a href=\"https:\/\/www.saka.ee\/wp-content\/uploads\/2023\/06\/IMG_6872.jpg\"><img loading=\"lazy\" decoding=\"async\" width=\"383\" height=\"220\" src=\"https:\/\/www.saka.ee\/wp-content\/uploads\/fly-images\/12548\/IMG_6872-383x220-c.jpg\" class=\"attachment-383x220\" alt=\"IMG_6872\" \/><\/a><\/figure><figure class=\"gallery-item\"><a href=\"https:\/\/www.saka.ee\/wp-content\/uploads\/2023\/06\/IMG_6847.jpg\"><img loading=\"lazy\" decoding=\"async\" width=\"383\" height=\"220\" src=\"https:\/\/www.saka.ee\/wp-content\/uploads\/fly-images\/12547\/IMG_6847-383x220-c.jpg\" class=\"attachment-383x220\" alt=\"IMG_6847\" \/><\/a><\/figure><figure class=\"gallery-item\"><a href=\"https:\/\/www.saka.ee\/wp-content\/uploads\/2023\/04\/saka_kertin_vasser-8-of-10-1-scaled.jpg\"><img loading=\"lazy\" decoding=\"async\" width=\"383\" height=\"220\" src=\"https:\/\/www.saka.ee\/wp-content\/uploads\/fly-images\/12507\/saka_kertin_vasser-8-of-10-1-scaled-383x220-c.jpg\" class=\"attachment-383x220\" alt=\"saka_kertin_vasser (8 of 10) (1)\" \/><\/a><\/figure><figure class=\"gallery-item\"><a href=\"https:\/\/www.saka.ee\/wp-content\/uploads\/2023\/04\/saka_kertin_vasser-10-of-10-scaled.jpg\"><img loading=\"lazy\" decoding=\"async\" width=\"383\" height=\"220\" src=\"https:\/\/www.saka.ee\/wp-content\/uploads\/fly-images\/12506\/saka_kertin_vasser-10-of-10-scaled-383x220-c.jpg\" class=\"attachment-383x220\" alt=\"saka_kertin_vasser (10 of 10)\" \/><\/a><\/figure><figure class=\"gallery-item\"><a href=\"https:\/\/www.saka.ee\/wp-content\/uploads\/2023\/04\/IMGP0558-scaled.jpg\"><img loading=\"lazy\" decoding=\"async\" width=\"383\" height=\"220\" src=\"https:\/\/www.saka.ee\/wp-content\/uploads\/fly-images\/12511\/IMGP0558-scaled-383x220-c.jpg\" class=\"attachment-383x220\" alt=\"IMGP0558\" \/><\/a><\/figure><figure class=\"gallery-item\"><a href=\"https:\/\/www.saka.ee\/wp-content\/uploads\/2022\/10\/IMG_20221005_161450-scaled.jpg\"><img loading=\"lazy\" decoding=\"async\" width=\"383\" height=\"220\" src=\"https:\/\/www.saka.ee\/wp-content\/uploads\/fly-images\/12368\/IMG_20221005_161450-scaled-383x220-c.jpg\" class=\"attachment-383x220\" alt=\"IMG_20221005_161450\" \/><\/a><\/figure><figure class=\"gallery-item\"><a href=\"https:\/\/www.saka.ee\/wp-content\/uploads\/2022\/08\/IMG_5591.jpg\"><img loading=\"lazy\" decoding=\"async\" width=\"383\" height=\"220\" src=\"https:\/\/www.saka.ee\/wp-content\/uploads\/fly-images\/12146\/IMG_5591-383x220-c.jpg\" class=\"attachment-383x220\" alt=\"IMG_5591\" \/><\/a><\/figure><figure class=\"gallery-item\"><a href=\"https:\/\/www.saka.ee\/wp-content\/uploads\/2022\/08\/IMG_7369.jpg\"><img loading=\"lazy\" decoding=\"async\" width=\"383\" height=\"470\" src=\"https:\/\/www.saka.ee\/wp-content\/uploads\/fly-images\/12144\/IMG_7369-383x470-c.jpg\" class=\"attachment-383x470\" alt=\"IMG_7369\" \/><\/a><\/figure><figure class=\"gallery-item\"><a href=\"https:\/\/www.saka.ee\/wp-content\/uploads\/2022\/08\/IMG_5755.jpg\"><img loading=\"lazy\" decoding=\"async\" width=\"383\" height=\"470\" src=\"https:\/\/www.saka.ee\/wp-content\/uploads\/fly-images\/12147\/IMG_5755-383x470-c.jpg\" class=\"attachment-383x470\" alt=\"IMG_5755\" \/><\/a><\/figure><figure class=\"gallery-item\"><a href=\"https:\/\/www.saka.ee\/wp-content\/uploads\/2022\/07\/IMGP0633-scaled.jpg\"><img loading=\"lazy\" decoding=\"async\" width=\"383\" height=\"220\" src=\"https:\/\/www.saka.ee\/wp-content\/uploads\/fly-images\/12093\/IMGP0633-scaled-383x220-c.jpg\" class=\"attachment-383x220\" alt=\"IMGP0633\" \/><\/a><\/figure><figure class=\"gallery-item\"><a href=\"https:\/\/www.saka.ee\/wp-content\/uploads\/2022\/06\/saka-kivisilla-juga-karel-kravik.jpg\"><img loading=\"lazy\" decoding=\"async\" width=\"383\" height=\"220\" src=\"https:\/\/www.saka.ee\/wp-content\/uploads\/fly-images\/11989\/saka-kivisilla-juga-karel-kravik-383x220-c.jpg\" class=\"attachment-383x220\" alt=\"Foto: Karel Kravik\" \/><\/a><\/figure><figure class=\"gallery-item\"><a href=\"https:\/\/www.saka.ee\/wp-content\/uploads\/2022\/06\/saka-012A5962.jpeg\"><img loading=\"lazy\" decoding=\"async\" width=\"383\" height=\"220\" src=\"https:\/\/www.saka.ee\/wp-content\/uploads\/fly-images\/11947\/saka-012A5962-383x220-c.jpeg\" class=\"attachment-383x220\" alt=\"saka-012A5962\" \/><\/a><\/figure><figure class=\"gallery-item\"><a href=\"https:\/\/www.saka.ee\/wp-content\/uploads\/2022\/06\/saka-harrastemaja-012A5934.jpeg\"><img loading=\"lazy\" decoding=\"async\" width=\"383\" height=\"220\" src=\"https:\/\/www.saka.ee\/wp-content\/uploads\/fly-images\/11888\/saka-harrastemaja-012A5934-383x220-c.jpeg\" class=\"attachment-383x220\" alt=\"saka-harrastemaja-012A5934\" \/><\/a><\/figure><figure class=\"gallery-item\"><a href=\"https:\/\/www.saka.ee\/wp-content\/uploads\/2022\/06\/saka-harrastemaja-6Q7A0354.jpeg\"><img loading=\"lazy\" decoding=\"async\" width=\"383\" height=\"220\" src=\"https:\/\/www.saka.ee\/wp-content\/uploads\/fly-images\/11889\/saka-harrastemaja-6Q7A0354-383x220-c.jpeg\" class=\"attachment-383x220\" alt=\"saka-harrastemaja-6Q7A0354\" \/><\/a><\/figure><figure class=\"gallery-item\"><a href=\"https:\/\/www.saka.ee\/wp-content\/uploads\/2022\/06\/saka-harrastemaja-6Q7A0327.jpeg\"><img loading=\"lazy\" decoding=\"async\" width=\"383\" height=\"220\" src=\"https:\/\/www.saka.ee\/wp-content\/uploads\/fly-images\/11890\/saka-harrastemaja-6Q7A0327-383x220-c.jpeg\" class=\"attachment-383x220\" alt=\"saka-harrastemaja-6Q7A0327\" \/><\/a><\/figure><figure class=\"gallery-item\"><a href=\"https:\/\/www.saka.ee\/wp-content\/uploads\/2022\/06\/saka-harrastemaja-H16A3802.jpeg\"><img loading=\"lazy\" decoding=\"async\" width=\"383\" height=\"220\" src=\"https:\/\/www.saka.ee\/wp-content\/uploads\/fly-images\/11887\/saka-harrastemaja-H16A3802-383x220-c.jpeg\" class=\"attachment-383x220\" alt=\"saka-harrastemaja-H16A3802\" \/><\/a><\/figure><figure class=\"gallery-item\"><a href=\"https:\/\/www.saka.ee\/wp-content\/uploads\/2022\/06\/saka-harrastemaja-H16A3748.jpeg\"><img loading=\"lazy\" decoding=\"async\" width=\"383\" height=\"220\" src=\"https:\/\/www.saka.ee\/wp-content\/uploads\/fly-images\/11878\/saka-harrastemaja-H16A3748-383x220-c.jpeg\" class=\"attachment-383x220\" alt=\"saka-harrastemaja-H16A3748\" \/><\/a><\/figure><figure class=\"gallery-item\"><a href=\"https:\/\/www.saka.ee\/wp-content\/uploads\/2022\/06\/saka-harrastemaja-saka-moisa-oueala-28.jpeg\"><img loading=\"lazy\" decoding=\"async\" width=\"383\" height=\"220\" src=\"https:\/\/www.saka.ee\/wp-content\/uploads\/fly-images\/11860\/saka-harrastemaja-saka-moisa-oueala-28-383x220-c.jpeg\" class=\"attachment-383x220\" alt=\"saka-harrastemaja-saka-moisa-oueala-28\" \/><\/a><\/figure><figure class=\"gallery-item\"><a href=\"https:\/\/www.saka.ee\/wp-content\/uploads\/2022\/05\/AP-126.jpg\"><img loading=\"lazy\" decoding=\"async\" width=\"383\" height=\"220\" src=\"https:\/\/www.saka.ee\/wp-content\/uploads\/fly-images\/11815\/AP-126-383x220-c.jpg\" class=\"attachment-383x220\" alt=\"AP-126\" \/><\/a><\/figure><\/div><\/div>","protected":false},"excerpt":{"rendered":"<p>Kaunimad pulmapeod v\u00f5i t\u00e4htp\u00e4evad Saka m\u00f5isas Saka m\u00f5is on suurep\u00e4rane paik kaunite pulmapidude ja t\u00e4htp\u00e4evade t\u00e4histamiseks. Looduskaunis asukoht otse k\u00f5rgel&#8230;<\/p>\n","protected":false},"author":1,"featured_media":0,"parent":12688,"menu_order":224,"comment_status":"closed","ping_status":"closed","template":"","meta":{"_acf_changed":false,"inline_featured_image":false,"footnotes":""},"class_list":["post-12649","page","type-page","status-publish","hentry"],"acf":[],"_links":{"self":[{"href":"https:\/\/www.saka.ee\/fi\/wp-json\/wp\/v2\/pages\/12649","targetHints":{"allow":["GET"]}}],"collection":[{"href":"https:\/\/www.saka.ee\/fi\/wp-json\/wp\/v2\/pages"}],"about":[{"href":"https:\/\/www.saka.ee\/fi\/wp-json\/wp\/v2\/types\/page"}],"author":[{"embeddable":true,"href":"https:\/\/www.saka.ee\/fi\/wp-json\/wp\/v2\/users\/1"}],"replies":[{"embeddable":true,"href":"https:\/\/www.saka.ee\/fi\/wp-json\/wp\/v2\/comments?post=12649"}],"version-history":[{"count":5,"href":"https:\/\/www.saka.ee\/fi\/wp-json\/wp\/v2\/pages\/12649\/revisions"}],"predecessor-version":[{"id":17483,"href":"https:\/\/www.saka.ee\/fi\/wp-json\/wp\/v2\/pages\/12649\/revisions\/17483"}],"up":[{"embeddable":true,"href":"https:\/\/www.saka.ee\/fi\/wp-json\/wp\/v2\/pages\/12688"}],"wp:attachment":[{"href":"https:\/\/www.saka.ee\/fi\/wp-json\/wp\/v2\/media?parent=12649"}],"curies":[{"name":"wp","href":"https:\/\/api.w.org\/{rel}","templated":true}]}}