{"id":12651,"date":"2022-06-20T14:16:22","date_gmt":"2022-06-20T11:16:22","guid":{"rendered":"https:\/\/www.saka.ee\/seminaride-ja-konverentside-korraldamine-harrastemajas\/"},"modified":"2022-06-20T14:16:22","modified_gmt":"2022-06-20T11:16:22","slug":"seminaride-ja-konverentside-korraldamine-harrastemajas","status":"publish","type":"page","link":"https:\/\/www.saka.ee\/fi\/sundmused\/seminariruumid\/seminaride-ja-konverentside-korraldamine-harrastemajas\/","title":{"rendered":"Seminaride ja konverentside korraldamine h\u00e4rrastemajas"},"content":{"rendered":"\n<p class=\"has-text-align-center wp-el\">H\u00e4rrastemajas pakutakse seminari-ja konverentsiteenust neljas eri ruumis.<\/p>\n\n\n<div id=\"acf-block_434b80f490c8ef895624b3cbc43e5207\" class=\"acf-block-element element-txtmedia\"><div class=\"row row-grid align-items-center\"><div class=\"col-12 col-md-6 col-content\"><div class=\"col-inner\">\n\n<h2 class=\"wp-el wp-block-heading\">Ballisaal<\/h2>\n\n\n\n<ul class=\"wp-el wp-block-list\">\n<li>Mahutab teaterstiilis kuni 96 inimest v\u00f5i 5-6 \u00fcmmargust k\u00fcmne inimese lauda<\/li>\n\n\n\n<li>Meeskonnat\u00f6\u00f6d soodustavad \u00fcmarlaudade \u00fcmber paigutatud \u00fclesehitus 20- 40 inimesele<\/li>\n\n\n\n<li>Kohvipausi pakutakse v\u00e4iksema seinari puhul k\u00f5rvalasuvas Salongis, suurema konverentsi puhul Kaminasaalis- viimase kasutamine on lisatasu eest<\/li>\n\n\n\n<li>Ballisaali rendihind on <strong>720 \u20ac \/ p\u00e4ev<\/strong> v\u00f5i <strong>110 \u20ac \/ h<\/strong><\/li>\n<\/ul>\n\n<\/div><\/div><div class=\"col-12 col-md-6 col-media\"><div class=\"splide\" data-splide={\"type\":\"fade\",\"arrows\":false}><div class=\"splide__track\"><ul class=\"splide__list\"><li class=\"splide__slide\"><a href=\"https:\/\/www.saka.ee\/wp-content\/uploads\/2022\/09\/ballisaal.jpg\" data-fancybox=\"txtmedia-acf-block_434b80f490c8ef895624b3cbc43e5207\"><img loading=\"lazy\" decoding=\"async\" width=\"570\" height=\"380\" src=\"https:\/\/www.saka.ee\/wp-content\/uploads\/2022\/09\/ballisaal-570x380.jpg\" class=\"attachment-img-570x380 size-img-570x380\" alt=\"\" \/><\/a><\/li><li class=\"splide__slide\"><a href=\"https:\/\/www.saka.ee\/wp-content\/uploads\/2022\/09\/012A5910.jpg-Ballisaal-1-scaled.jpg\" data-fancybox=\"txtmedia-acf-block_434b80f490c8ef895624b3cbc43e5207\"><img loading=\"lazy\" decoding=\"async\" width=\"570\" height=\"380\" src=\"https:\/\/www.saka.ee\/wp-content\/uploads\/2022\/09\/012A5910.jpg-Ballisaal-1-570x380.jpg\" class=\"attachment-img-570x380 size-img-570x380\" alt=\"\" srcset=\"https:\/\/www.saka.ee\/wp-content\/uploads\/2022\/09\/012A5910.jpg-Ballisaal-1-570x380.jpg 570w, https:\/\/www.saka.ee\/wp-content\/uploads\/2022\/09\/012A5910.jpg-Ballisaal-1-960x640.jpg 960w, https:\/\/www.saka.ee\/wp-content\/uploads\/2022\/09\/012A5910.jpg-Ballisaal-1-570x380@2x.jpg 1140w\" sizes=\"auto, (max-width: 570px) 100vw, 570px\" \/><\/a><\/li><\/ul><\/div><\/div><\/div><\/div><\/div>\n\n<div id=\"acf-block_ae442eff03c5af77338ae9753218d343\" class=\"acf-block-element element-txtmedia\"><div class=\"row row-grid align-items-center\"><div class=\"col-12 col-md-6 col-content order-md-1\"><div class=\"col-inner\">\n\n<h2 class=\"wp-el wp-block-heading\">Kaminasaal<\/h2>\n\n\n\n<ul class=\"wp-el wp-block-list\">\n<li>Mahutab inglise stiilis antiikse laua \u00fcmber kuni 15 inimest<\/li>\n\n\n\n<li>Lisaks on v\u00f5imalik \u00fcmber laua asetada lisaks veel \u00fcks toolideviirg, mis kokku teenindaks \u00e4ra 25 inimese seminarivajaduse<\/li>\n\n\n\n<li>Kaminasaali rendihind on <strong>400 \u20ac \/ p\u00e4ev<\/strong> v\u00f5i <strong>80 \u20ac \/ h<\/strong><\/li>\n<\/ul>\n\n<\/div><\/div><div class=\"col-12 col-md-6 col-media\"><div class=\"splide\" data-splide={\"type\":\"fade\",\"arrows\":false}><div class=\"splide__track\"><ul class=\"splide__list\"><li class=\"splide__slide\"><a href=\"https:\/\/www.saka.ee\/wp-content\/uploads\/2022\/09\/012A5879.jpg-Kaminasaal-scaled.jpg\" data-fancybox=\"txtmedia-acf-block_ae442eff03c5af77338ae9753218d343\"><img loading=\"lazy\" decoding=\"async\" width=\"570\" height=\"380\" src=\"https:\/\/www.saka.ee\/wp-content\/uploads\/2022\/09\/012A5879.jpg-Kaminasaal-570x380.jpg\" class=\"attachment-img-570x380 size-img-570x380\" alt=\"\" srcset=\"https:\/\/www.saka.ee\/wp-content\/uploads\/2022\/09\/012A5879.jpg-Kaminasaal-570x380.jpg 570w, https:\/\/www.saka.ee\/wp-content\/uploads\/2022\/09\/012A5879.jpg-Kaminasaal-960x640.jpg 960w, https:\/\/www.saka.ee\/wp-content\/uploads\/2022\/09\/012A5879.jpg-Kaminasaal-570x380@2x.jpg 1140w\" sizes=\"auto, (max-width: 570px) 100vw, 570px\" \/><\/a><\/li><\/ul><\/div><\/div><\/div><\/div><\/div>\n\n<div id=\"acf-block_666756f8f20a9494a9acf85cc56f9c38\" class=\"acf-block-element element-txtmedia\"><div class=\"row row-grid align-items-center\"><div class=\"col-12 col-md-6 col-content\"><div class=\"col-inner\">\n\n<h2 class=\"wp-el wp-block-heading\">\u0160oti saal<\/h2>\n\n\n\n<ul class=\"wp-el wp-block-list\">\n<li>Mahutab kuningliku \u00fcmarlaua taha kuni 16 inimest, sest just niipalju on kaunite nikerdustega k\u00f5rgei seljatoega toole, sobib esinduslike \u00fcrituste jaoks<\/li>\n\n\n\n<li>\u0160oti saali rendihind on <strong>400 \u20ac \/ p\u00e4ev<\/strong> v\u00f5i <strong>80\u20ac \/ h<\/strong><\/li>\n<\/ul>\n\n<\/div><\/div><div class=\"col-12 col-md-6 col-media\"><div class=\"splide\" data-splide={\"type\":\"fade\",\"arrows\":false}><div class=\"splide__track\"><ul class=\"splide__list\"><li class=\"splide__slide\"><a href=\"https:\/\/www.saka.ee\/wp-content\/uploads\/2022\/09\/012A5907.jpg-Sotisaal-scaled.jpg\" data-fancybox=\"txtmedia-acf-block_666756f8f20a9494a9acf85cc56f9c38\"><img loading=\"lazy\" decoding=\"async\" width=\"570\" height=\"380\" src=\"https:\/\/www.saka.ee\/wp-content\/uploads\/2022\/09\/012A5907.jpg-Sotisaal-570x380.jpg\" class=\"attachment-img-570x380 size-img-570x380\" alt=\"\" srcset=\"https:\/\/www.saka.ee\/wp-content\/uploads\/2022\/09\/012A5907.jpg-Sotisaal-570x380.jpg 570w, https:\/\/www.saka.ee\/wp-content\/uploads\/2022\/09\/012A5907.jpg-Sotisaal-960x640.jpg 960w, https:\/\/www.saka.ee\/wp-content\/uploads\/2022\/09\/012A5907.jpg-Sotisaal-570x380@2x.jpg 1140w\" sizes=\"auto, (max-width: 570px) 100vw, 570px\" \/><\/a><\/li><\/ul><\/div><\/div><\/div><\/div><\/div>\n\n<div id=\"acf-block_e4cd6a373ff1c7412c936928f95fd808\" class=\"acf-block-element element-txtmedia\"><div class=\"row row-grid align-items-center\"><div class=\"col-12 col-md-6 col-content order-md-1\"><div class=\"col-inner\">\n\n<h2 class=\"wp-el wp-block-heading\">Salong<\/h2>\n\n\n\n<ul class=\"wp-el wp-block-list\">\n<li>Antiikm\u00f6\u00f6bliga salongi saab ballisaalist eraldiseisvalt rentida nii abielu registreerimiseks, \u00e4rikohtumiseks kui ka pidulikuks kaheinimese \u00f5htus\u00f6\u00f6giks<\/li>\n\n\n\n<li>Mahutab pehmele antiikm\u00f6\u00f6blile \u00e4rijuttu puhuma kuni 5 inimest<\/li>\n\n\n\n<li>Salongi rendihind on <strong>240 \u20ac \/ p\u00e4ev<\/strong> v\u00f5i <strong>30 \u20ac \/ h<\/strong><\/li>\n<\/ul>\n\n<\/div><\/div><div class=\"col-12 col-md-6 col-media\"><div class=\"splide\" data-splide={\"type\":\"fade\",\"arrows\":false}><div class=\"splide__track\"><ul class=\"splide__list\"><li class=\"splide__slide\"><a href=\"https:\/\/www.saka.ee\/wp-content\/uploads\/2022\/09\/salong-scaled.jpg\" data-fancybox=\"txtmedia-acf-block_e4cd6a373ff1c7412c936928f95fd808\"><img loading=\"lazy\" decoding=\"async\" width=\"570\" height=\"380\" src=\"https:\/\/www.saka.ee\/wp-content\/uploads\/2022\/09\/salong-570x380.jpg\" class=\"attachment-img-570x380 size-img-570x380\" alt=\"\" srcset=\"https:\/\/www.saka.ee\/wp-content\/uploads\/2022\/09\/salong-570x380.jpg 570w, https:\/\/www.saka.ee\/wp-content\/uploads\/2022\/09\/salong-960x640.jpg 960w, https:\/\/www.saka.ee\/wp-content\/uploads\/2022\/09\/salong-570x380@2x.jpg 1140w\" sizes=\"auto, (max-width: 570px) 100vw, 570px\" \/><\/a><\/li><\/ul><\/div><\/div><\/div><\/div><\/div>\n\n\n<h3 class=\"wp-el wp-block-heading\">K\u00fcsi personaalset hinnapakkumist ruumidele ja seminaritoitlustusele v\u00f5i kohvipausile:<\/h3>\n\n\n\n<ul class=\"wp-el wp-block-list\"><li>Telefon: <a href=\"tel:+372 3364 902\">+372 3364 902<\/a><\/li><li>E-post: <a href=\"mailto:salle@saka.ee\">salle@saka.ee<\/a><\/li><\/ul>\n\n\n<div id=\"acf-block_7530471759a1f1f0344ab477e16cf09d\" class=\"acf-block-element element-gallery\"><div class=\"gallery gallery-masonry\"><figure class=\"gallery-item\"><a href=\"https:\/\/www.saka.ee\/wp-content\/uploads\/2022\/06\/saka-harrastemaja-saka-moisa-oueala-28.jpeg\"><img loading=\"lazy\" decoding=\"async\" width=\"383\" height=\"220\" src=\"https:\/\/www.saka.ee\/wp-content\/uploads\/fly-images\/11860\/saka-harrastemaja-saka-moisa-oueala-28-383x220-c.jpeg\" class=\"attachment-383x220\" alt=\"saka-harrastemaja-saka-moisa-oueala-28\" \/><\/a><\/figure><figure class=\"gallery-item\"><a href=\"https:\/\/www.saka.ee\/wp-content\/uploads\/2022\/06\/saka-harrastemaja-DJI_0729.jpeg\"><img loading=\"lazy\" decoding=\"async\" width=\"383\" height=\"220\" src=\"https:\/\/www.saka.ee\/wp-content\/uploads\/fly-images\/11861\/saka-harrastemaja-DJI_0729-383x220-c.jpeg\" class=\"attachment-383x220\" alt=\"saka-harrastemaja-DJI_0729\" \/><\/a><\/figure><figure class=\"gallery-item\"><a href=\"https:\/\/www.saka.ee\/wp-content\/uploads\/2022\/06\/saka-harrastemaja-6Q7A0457.jpeg\"><img loading=\"lazy\" decoding=\"async\" width=\"383\" height=\"220\" src=\"https:\/\/www.saka.ee\/wp-content\/uploads\/fly-images\/11862\/saka-harrastemaja-6Q7A0457-383x220-c.jpeg\" class=\"attachment-383x220\" alt=\"saka-harrastemaja-6Q7A0457\" \/><\/a><\/figure><figure class=\"gallery-item\"><a href=\"https:\/\/www.saka.ee\/wp-content\/uploads\/2022\/06\/saka-harrastemaja-012A5837.jpeg\"><img loading=\"lazy\" decoding=\"async\" width=\"383\" height=\"220\" src=\"https:\/\/www.saka.ee\/wp-content\/uploads\/fly-images\/11863\/saka-harrastemaja-012A5837-383x220-c.jpeg\" class=\"attachment-383x220\" alt=\"saka-harrastemaja-012A5837\" \/><\/a><\/figure><figure class=\"gallery-item\"><a href=\"https:\/\/www.saka.ee\/wp-content\/uploads\/2022\/06\/saka-harrastemaja-012A5856.jpeg\"><img loading=\"lazy\" decoding=\"async\" width=\"383\" height=\"220\" src=\"https:\/\/www.saka.ee\/wp-content\/uploads\/fly-images\/11865\/saka-harrastemaja-012A5856-383x220-c.jpeg\" class=\"attachment-383x220\" alt=\"saka-harrastemaja-012A5856\" \/><\/a><\/figure><figure class=\"gallery-item\"><a href=\"https:\/\/www.saka.ee\/wp-content\/uploads\/2022\/06\/saka-harrastemaja-012A5849.jpeg\"><img loading=\"lazy\" decoding=\"async\" width=\"383\" height=\"220\" src=\"https:\/\/www.saka.ee\/wp-content\/uploads\/fly-images\/11871\/saka-harrastemaja-012A5849-383x220-c.jpeg\" class=\"attachment-383x220\" alt=\"saka-harrastemaja-012A5849\" \/><\/a><\/figure><figure class=\"gallery-item\"><a href=\"https:\/\/www.saka.ee\/wp-content\/uploads\/2022\/06\/saka-harrastemaja-6Q7A0315.jpeg\"><img loading=\"lazy\" decoding=\"async\" width=\"383\" height=\"220\" src=\"https:\/\/www.saka.ee\/wp-content\/uploads\/fly-images\/11872\/saka-harrastemaja-6Q7A0315-383x220-c.jpeg\" class=\"attachment-383x220\" alt=\"saka-harrastemaja-6Q7A0315\" \/><\/a><\/figure><figure class=\"gallery-item\"><a href=\"https:\/\/www.saka.ee\/wp-content\/uploads\/2022\/06\/saka-harrastemaja-012A5962.jpeg\"><img loading=\"lazy\" decoding=\"async\" width=\"383\" height=\"220\" src=\"https:\/\/www.saka.ee\/wp-content\/uploads\/fly-images\/11874\/saka-harrastemaja-012A5962-383x220-c.jpeg\" class=\"attachment-383x220\" alt=\"saka-harrastemaja-012A5962\" \/><\/a><\/figure><figure class=\"gallery-item\"><a href=\"https:\/\/www.saka.ee\/wp-content\/uploads\/2022\/06\/saka-harrastemaja-6Q7A0312.jpeg\"><img loading=\"lazy\" decoding=\"async\" width=\"383\" height=\"220\" src=\"https:\/\/www.saka.ee\/wp-content\/uploads\/fly-images\/11876\/saka-harrastemaja-6Q7A0312-383x220-c.jpeg\" class=\"attachment-383x220\" alt=\"saka-harrastemaja-6Q7A0312\" \/><\/a><\/figure><figure class=\"gallery-item\"><a href=\"https:\/\/www.saka.ee\/wp-content\/uploads\/2022\/06\/saka-harrastemaja-012A6050.jpeg\"><img loading=\"lazy\" decoding=\"async\" width=\"383\" height=\"220\" src=\"https:\/\/www.saka.ee\/wp-content\/uploads\/fly-images\/11884\/saka-harrastemaja-012A6050-383x220-c.jpeg\" class=\"attachment-383x220\" alt=\"saka-harrastemaja-012A6050\" \/><\/a><\/figure><figure class=\"gallery-item\"><a href=\"https:\/\/www.saka.ee\/wp-content\/uploads\/2022\/06\/saka-harrastemaja-012A5934.jpeg\"><img loading=\"lazy\" decoding=\"async\" width=\"383\" height=\"220\" src=\"https:\/\/www.saka.ee\/wp-content\/uploads\/fly-images\/11888\/saka-harrastemaja-012A5934-383x220-c.jpeg\" class=\"attachment-383x220\" alt=\"saka-harrastemaja-012A5934\" \/><\/a><\/figure><figure class=\"gallery-item\"><a href=\"https:\/\/www.saka.ee\/wp-content\/uploads\/2022\/10\/IMG_5591.jpg\"><img loading=\"lazy\" decoding=\"async\" width=\"383\" height=\"220\" src=\"https:\/\/www.saka.ee\/wp-content\/uploads\/fly-images\/12333\/IMG_5591-383x220-c.jpg\" class=\"attachment-383x220\" alt=\"IMG_5591\" \/><\/a><\/figure><figure class=\"gallery-item\"><a href=\"https:\/\/www.saka.ee\/wp-content\/uploads\/2022\/10\/IMG_5597.jpg\"><img loading=\"lazy\" decoding=\"async\" width=\"383\" height=\"220\" src=\"https:\/\/www.saka.ee\/wp-content\/uploads\/fly-images\/12329\/IMG_5597-383x220-c.jpg\" class=\"attachment-383x220\" alt=\"IMG_5597\" \/><\/a><\/figure><figure class=\"gallery-item\"><a href=\"https:\/\/www.saka.ee\/wp-content\/uploads\/2022\/09\/ballisaal.jpg\"><img loading=\"lazy\" decoding=\"async\" width=\"383\" height=\"220\" src=\"https:\/\/www.saka.ee\/wp-content\/uploads\/fly-images\/12272\/ballisaal-383x220-c.jpg\" class=\"attachment-383x220\" alt=\"Processed with Lensa with Auto Adjustments &amp; PT1 filter\" \/><\/a><\/figure><figure class=\"gallery-item\"><a href=\"https:\/\/www.saka.ee\/wp-content\/uploads\/2022\/10\/B941EEE9-8D17-45F6-A160-3CD33F2E7C03.jpg\"><img loading=\"lazy\" decoding=\"async\" width=\"383\" height=\"220\" src=\"https:\/\/www.saka.ee\/wp-content\/uploads\/fly-images\/12298\/B941EEE9-8D17-45F6-A160-3CD33F2E7C03-383x220-c.jpg\" class=\"attachment-383x220\" alt=\"B941EEE9-8D17-45F6-A160-3CD33F2E7C03\" \/><\/a><\/figure><figure class=\"gallery-item\"><a href=\"https:\/\/www.saka.ee\/wp-content\/uploads\/2022\/09\/6Q7A0457-1.jpg\"><img loading=\"lazy\" decoding=\"async\" width=\"383\" height=\"220\" src=\"https:\/\/www.saka.ee\/wp-content\/uploads\/fly-images\/12278\/6Q7A0457-1-383x220-c.jpg\" class=\"attachment-383x220\" alt=\"6Q7A0457 (1)\" \/><\/a><\/figure><figure class=\"gallery-item\"><a href=\"https:\/\/www.saka.ee\/wp-content\/uploads\/2022\/09\/salong-scaled.jpg\"><img loading=\"lazy\" decoding=\"async\" width=\"383\" height=\"220\" src=\"https:\/\/www.saka.ee\/wp-content\/uploads\/fly-images\/12273\/salong-scaled-383x220-c.jpg\" class=\"attachment-383x220\" alt=\"salong\" \/><\/a><\/figure><figure class=\"gallery-item\"><a href=\"https:\/\/www.saka.ee\/wp-content\/uploads\/2022\/09\/012A5907.jpg-Sotisaal-scaled.jpg\"><img loading=\"lazy\" decoding=\"async\" width=\"383\" height=\"220\" src=\"https:\/\/www.saka.ee\/wp-content\/uploads\/fly-images\/12270\/012A5907.jpg-Sotisaal-scaled-383x220-c.jpg\" class=\"attachment-383x220\" alt=\"012A5907.jpg \u0160otisaal\" \/><\/a><\/figure><figure class=\"gallery-item\"><a href=\"https:\/\/www.saka.ee\/wp-content\/uploads\/2022\/09\/IMG_7320-scaled.jpg\"><img loading=\"lazy\" decoding=\"async\" width=\"383\" height=\"220\" src=\"https:\/\/www.saka.ee\/wp-content\/uploads\/fly-images\/12267\/IMG_7320-scaled-383x220-c.jpg\" class=\"attachment-383x220\" alt=\"IMG_7320\" \/><\/a><\/figure><figure class=\"gallery-item\"><a href=\"https:\/\/www.saka.ee\/wp-content\/uploads\/2022\/08\/012A5879.jpg-Kaminasaal.jpg\"><img loading=\"lazy\" decoding=\"async\" width=\"383\" height=\"220\" src=\"https:\/\/www.saka.ee\/wp-content\/uploads\/fly-images\/12153\/012A5879.jpg-Kaminasaal-383x220-c.jpg\" class=\"attachment-383x220\" alt=\"012A5879.jpg Kaminasaal\" \/><\/a><\/figure><figure class=\"gallery-item\"><a href=\"https:\/\/www.saka.ee\/wp-content\/uploads\/2022\/08\/6Q7A0284.jpg-Kaminasaal.jpg\"><img loading=\"lazy\" decoding=\"async\" width=\"383\" height=\"220\" src=\"https:\/\/www.saka.ee\/wp-content\/uploads\/fly-images\/12152\/6Q7A0284.jpg-Kaminasaal-383x220-c.jpg\" class=\"attachment-383x220\" alt=\"6Q7A0284.jpg Kaminasaal\" \/><\/a><\/figure><figure class=\"gallery-item\"><a href=\"https:\/\/www.saka.ee\/wp-content\/uploads\/2022\/08\/012A5883.jpg-Kaminasaal.jpg\"><img loading=\"lazy\" decoding=\"async\" width=\"383\" height=\"220\" src=\"https:\/\/www.saka.ee\/wp-content\/uploads\/fly-images\/12151\/012A5883.jpg-Kaminasaal-383x220-c.jpg\" class=\"attachment-383x220\" alt=\"012A5883.jpg Kaminasaal\" \/><\/a><\/figure><\/div><\/div>","protected":false},"excerpt":{"rendered":"<p>H\u00e4rrastemajas pakutakse seminari-ja konverentsiteenust neljas eri ruumis.<\/p>\n","protected":false},"author":1,"featured_media":0,"parent":12652,"menu_order":212,"comment_status":"closed","ping_status":"closed","template":"","meta":{"_acf_changed":false,"inline_featured_image":false,"footnotes":""},"class_list":["post-12651","page","type-page","status-publish","hentry"],"acf":[],"_links":{"self":[{"href":"https:\/\/www.saka.ee\/fi\/wp-json\/wp\/v2\/pages\/12651","targetHints":{"allow":["GET"]}}],"collection":[{"href":"https:\/\/www.saka.ee\/fi\/wp-json\/wp\/v2\/pages"}],"about":[{"href":"https:\/\/www.saka.ee\/fi\/wp-json\/wp\/v2\/types\/page"}],"author":[{"embeddable":true,"href":"https:\/\/www.saka.ee\/fi\/wp-json\/wp\/v2\/users\/1"}],"replies":[{"embeddable":true,"href":"https:\/\/www.saka.ee\/fi\/wp-json\/wp\/v2\/comments?post=12651"}],"version-history":[{"count":0,"href":"https:\/\/www.saka.ee\/fi\/wp-json\/wp\/v2\/pages\/12651\/revisions"}],"up":[{"embeddable":true,"href":"https:\/\/www.saka.ee\/fi\/wp-json\/wp\/v2\/pages\/12652"}],"wp:attachment":[{"href":"https:\/\/www.saka.ee\/fi\/wp-json\/wp\/v2\/media?parent=12651"}],"curies":[{"name":"wp","href":"https:\/\/api.w.org\/{rel}","templated":true}]}}