{"id":12652,"date":"2022-06-20T11:54:54","date_gmt":"2022-06-20T08:54:54","guid":{"rendered":"https:\/\/www.saka.ee\/seminariruumid\/"},"modified":"2024-06-09T13:12:28","modified_gmt":"2024-06-09T10:12:28","slug":"seminariruumid","status":"publish","type":"page","link":"https:\/\/www.saka.ee\/fi\/sundmused\/seminariruumid\/","title":{"rendered":"Seminariruumid"},"content":{"rendered":"<div id=\"acf-block_de3607fea2b8dea2dd622855bdbdbe80\" class=\"acf-block-element element-img-cards\"><div class=\"ama-cards d-flex flex-wrap justify-content-center\"><a href=\"https:\/\/www.saka.ee\/sundmused\/seminariruumid\/seminaride-ja-konverentside-korraldamine-harrastemajas\/\" target=\"\"  class=\"d-block ama-card position-relative\"><img loading=\"lazy\" decoding=\"async\" width=\"370\" height=\"210\" src=\"https:\/\/www.saka.ee\/wp-content\/uploads\/2022\/06\/saka-harrastemaja-saka-moisa-oueala-28-370x210.jpeg\" class=\"attachment-thumbnail size-thumbnail\" alt=\"\" srcset=\"https:\/\/www.saka.ee\/wp-content\/uploads\/2022\/06\/saka-harrastemaja-saka-moisa-oueala-28-370x210.jpeg 370w, https:\/\/www.saka.ee\/wp-content\/uploads\/2022\/06\/saka-harrastemaja-saka-moisa-oueala-28-370x210@2x.jpeg 740w\" sizes=\"auto, (max-width: 370px) 100vw, 370px\" \/><div class=\"card-overlay position-absolute d-flex flex-wrap align-items-center justify-content-center w-100 h-100\"><span class=\"d-block font-weight-bold text-center\">Ruumid H\u00e4rrastemajas<\/span><\/div><\/a><a href=\"https:\/\/www.saka.ee\/sundmused\/talveaed\/\" target=\"\"  class=\"d-block ama-card position-relative\"><img loading=\"lazy\" decoding=\"async\" width=\"370\" height=\"210\" src=\"https:\/\/www.saka.ee\/wp-content\/uploads\/2024\/06\/IMG_8212-370x210.jpg\" class=\"attachment-thumbnail size-thumbnail\" alt=\"\" srcset=\"https:\/\/www.saka.ee\/wp-content\/uploads\/2024\/06\/IMG_8212-370x210.jpg 370w, https:\/\/www.saka.ee\/wp-content\/uploads\/2024\/06\/IMG_8212-370x210@2x.jpg 740w\" sizes=\"auto, (max-width: 370px) 100vw, 370px\" \/><div class=\"card-overlay position-absolute d-flex flex-wrap align-items-center justify-content-center w-100 h-100\"><span class=\"d-block font-weight-bold text-center\">Saka M\u00f5isa Talveaed<\/span><\/div><\/a><a href=\"https:\/\/www.saka.ee\/sundmused\/seminariruumid\/seminarid-meretornis\/\" target=\"\"  class=\"d-block ama-card position-relative\"><img loading=\"lazy\" decoding=\"async\" width=\"370\" height=\"210\" src=\"https:\/\/www.saka.ee\/wp-content\/uploads\/2022\/05\/Meretorn-min-370x210.jpg\" class=\"attachment-thumbnail size-thumbnail\" alt=\"\" srcset=\"https:\/\/www.saka.ee\/wp-content\/uploads\/2022\/05\/Meretorn-min-370x210.jpg 370w, https:\/\/www.saka.ee\/wp-content\/uploads\/2022\/05\/Meretorn-min-370x210@2x.jpg 740w\" sizes=\"auto, (max-width: 370px) 100vw, 370px\" \/><div class=\"card-overlay position-absolute d-flex flex-wrap align-items-center justify-content-center w-100 h-100\"><span class=\"d-block font-weight-bold text-center\">Ruumid Meretornis<\/span><\/div><\/a><\/div><\/div>\n\n\n<h2 class=\"wp-block-heading wp-el\">Seminarid ja konverentsid<\/h2>\n\n\n\n<p class=\"wp-el\">Saka m\u00f5is sobib oma eraldatuse, suurep\u00e4rase looduse ning kompleksse v\u00e4ljaehitamise ja teeninduse poolest erakordselt h\u00e4sti konverentside ja seminaride, samuti privaatsete kohtumiste paigaks.<br>Grupit\u00f6\u00f6ks on v\u00f5imalik samaaegselt kasutada erineva suurusega saale. Olenevalt osav\u00f5tjate arvust, grupit\u00f6\u00f6ks kasutatavate ruumide vajadusest v\u00f5i \u00fcrituse esinduslikkusest on konverentside ja seminaride korraldajatel valida kahe eraldi maja vahel:<\/p>\n\n\n\n<ul class=\"wp-el wp-block-list\">\n<li>H\u00e4rrastemaja<\/li>\n\n\n\n<li>Meretorn<\/li>\n<\/ul>\n\n\n\n<p class=\"wp-el\">K\u00f5ik ruumid on loomuliku valgusega ja valida saab vastavalt osav\u00f5tjate arvule sobiva suurusega ruumi. Seminariteenuse hinnas sisaldub dataprojektor, ekraan ja pabertahvel.<\/p>\n\n\n\n<h3 class=\"wp-el wp-block-heading\">K\u00fcsi personaalset hinnapakkumist ruumidele ja seminaritoitlustusele v\u00f5i kohvipausile:<\/h3>\n\n\n\n<ul class=\"wp-el wp-block-list\"><li>Telefon: <a href=\"tel:+372 3364 902\">+372 3364 902<\/a><\/li><li>E-post: <a href=\"mailto:salle@saka.ee\">salle@saka.ee<\/a><\/li><\/ul>\n\n\n\n<h2 class=\"wp-block-heading wp-el\">Galerii<\/h2>\n\n\n<div id=\"acf-block_adca7aafba8036232121098893530d99\" class=\"acf-block-element element-gallery\"><div class=\"gallery gallery-grid\"><figure class=\"gallery-item\"><a href=\"https:\/\/www.saka.ee\/wp-content\/uploads\/2024\/05\/IMG_8181-scaled.jpg\"><img loading=\"lazy\" decoding=\"async\" width=\"383\" height=\"220\" src=\"https:\/\/www.saka.ee\/wp-content\/uploads\/fly-images\/15451\/IMG_8181-scaled-383x220-c.jpg\" class=\"attachment-383x220\" alt=\"IMG_8181\" \/><\/a><\/figure><figure class=\"gallery-item\"><a href=\"https:\/\/www.saka.ee\/wp-content\/uploads\/2024\/05\/IMG_8197-scaled.jpg\"><img loading=\"lazy\" decoding=\"async\" width=\"383\" height=\"220\" src=\"https:\/\/www.saka.ee\/wp-content\/uploads\/fly-images\/15447\/IMG_8197-scaled-383x220-c.jpg\" class=\"attachment-383x220\" alt=\"IMG_8197\" \/><\/a><\/figure><figure class=\"gallery-item\"><a href=\"https:\/\/www.saka.ee\/wp-content\/uploads\/2024\/06\/IMG_7965-scaled.jpg\"><img loading=\"lazy\" decoding=\"async\" width=\"383\" height=\"220\" src=\"https:\/\/www.saka.ee\/wp-content\/uploads\/fly-images\/15972\/IMG_7965-scaled-383x220-c.jpg\" class=\"attachment-383x220\" alt=\"Processed with Lensa with PT1 filter\" \/><\/a><\/figure><figure class=\"gallery-item\"><a href=\"https:\/\/www.saka.ee\/wp-content\/uploads\/2024\/05\/IMG_8172-\u2013-koopia-scaled.jpg\"><img loading=\"lazy\" decoding=\"async\" width=\"383\" height=\"220\" src=\"https:\/\/www.saka.ee\/wp-content\/uploads\/fly-images\/15467\/IMG_8172-\u2013-koopia-scaled-383x220-c.jpg\" class=\"attachment-383x220\" alt=\"IMG_8172 \u2013 koopia\" \/><\/a><\/figure><figure class=\"gallery-item\"><a href=\"https:\/\/www.saka.ee\/wp-content\/uploads\/2022\/08\/012A5879.jpg-Kaminasaal.jpg\"><img loading=\"lazy\" decoding=\"async\" width=\"383\" height=\"220\" src=\"https:\/\/www.saka.ee\/wp-content\/uploads\/fly-images\/12153\/012A5879.jpg-Kaminasaal-383x220-c.jpg\" class=\"attachment-383x220\" alt=\"012A5879.jpg Kaminasaal\" \/><\/a><\/figure><figure class=\"gallery-item\"><a href=\"https:\/\/www.saka.ee\/wp-content\/uploads\/2022\/06\/saka-harrastemaja-012A5934.jpeg\"><img loading=\"lazy\" decoding=\"async\" width=\"383\" height=\"220\" src=\"https:\/\/www.saka.ee\/wp-content\/uploads\/fly-images\/11888\/saka-harrastemaja-012A5934-383x220-c.jpeg\" class=\"attachment-383x220\" alt=\"saka-harrastemaja-012A5934\" \/><\/a><\/figure><figure class=\"gallery-item\"><a href=\"https:\/\/www.saka.ee\/wp-content\/uploads\/2022\/06\/saka-harrastemaja-012A5849.jpeg\"><img loading=\"lazy\" decoding=\"async\" width=\"383\" height=\"220\" src=\"https:\/\/www.saka.ee\/wp-content\/uploads\/fly-images\/11871\/saka-harrastemaja-012A5849-383x220-c.jpeg\" class=\"attachment-383x220\" alt=\"saka-harrastemaja-012A5849\" \/><\/a><\/figure><figure class=\"gallery-item\"><a href=\"https:\/\/www.saka.ee\/wp-content\/uploads\/2022\/06\/saka-mois-meretorn-012A5683.jpeg\"><img loading=\"lazy\" decoding=\"async\" width=\"383\" height=\"220\" src=\"https:\/\/www.saka.ee\/wp-content\/uploads\/fly-images\/11926\/saka-mois-meretorn-012A5683-383x220-c.jpeg\" class=\"attachment-383x220\" alt=\"saka-mois-meretorn-012A5683\" \/><\/a><\/figure><figure class=\"gallery-item\"><a href=\"https:\/\/www.saka.ee\/wp-content\/uploads\/2022\/09\/012A5907.jpg-Sotisaal-scaled.jpg\"><img loading=\"lazy\" decoding=\"async\" width=\"383\" height=\"220\" src=\"https:\/\/www.saka.ee\/wp-content\/uploads\/fly-images\/12270\/012A5907.jpg-Sotisaal-scaled-383x220-c.jpg\" class=\"attachment-383x220\" alt=\"012A5907.jpg \u0160otisaal\" \/><\/a><\/figure><figure class=\"gallery-item\"><a href=\"https:\/\/www.saka.ee\/wp-content\/uploads\/2022\/09\/IMG_1984.jpg\"><img loading=\"lazy\" decoding=\"async\" width=\"383\" height=\"220\" src=\"https:\/\/www.saka.ee\/wp-content\/uploads\/fly-images\/12268\/IMG_1984-383x220-c.jpg\" class=\"attachment-383x220\" alt=\"Processed with Lensa with Auto Adjustments &amp; PT1 filter\" \/><\/a><\/figure><figure class=\"gallery-item\"><a href=\"https:\/\/www.saka.ee\/wp-content\/uploads\/2022\/09\/IMG_7320-scaled.jpg\"><img loading=\"lazy\" decoding=\"async\" width=\"383\" height=\"220\" src=\"https:\/\/www.saka.ee\/wp-content\/uploads\/fly-images\/12267\/IMG_7320-scaled-383x220-c.jpg\" class=\"attachment-383x220\" alt=\"IMG_7320\" \/><\/a><\/figure><figure class=\"gallery-item\"><a href=\"https:\/\/www.saka.ee\/wp-content\/uploads\/2022\/09\/012A5910.jpg-Ballisaal-1-scaled.jpg\"><img loading=\"lazy\" decoding=\"async\" width=\"383\" height=\"220\" src=\"https:\/\/www.saka.ee\/wp-content\/uploads\/fly-images\/12271\/012A5910.jpg-Ballisaal-1-scaled-383x220-c.jpg\" class=\"attachment-383x220\" alt=\"012A5910.jpg Ballisaal (1)\" \/><\/a><\/figure><figure class=\"gallery-item\"><a href=\"https:\/\/www.saka.ee\/wp-content\/uploads\/2022\/09\/salong-scaled.jpg\"><img loading=\"lazy\" decoding=\"async\" width=\"383\" height=\"220\" src=\"https:\/\/www.saka.ee\/wp-content\/uploads\/fly-images\/12273\/salong-scaled-383x220-c.jpg\" class=\"attachment-383x220\" alt=\"salong\" \/><\/a><\/figure><figure class=\"gallery-item\"><a href=\"https:\/\/www.saka.ee\/wp-content\/uploads\/2022\/09\/Hogland2.jpg\"><img loading=\"lazy\" decoding=\"async\" width=\"383\" height=\"220\" src=\"https:\/\/www.saka.ee\/wp-content\/uploads\/fly-images\/12274\/Hogland2-383x220-c.jpg\" class=\"attachment-383x220\" alt=\"Hogland2\" \/><\/a><\/figure><figure class=\"gallery-item\"><a href=\"https:\/\/www.saka.ee\/wp-content\/uploads\/2022\/09\/IMG_8766.jpeg\"><img loading=\"lazy\" decoding=\"async\" width=\"383\" height=\"220\" src=\"https:\/\/www.saka.ee\/wp-content\/uploads\/fly-images\/12280\/IMG_8766-383x220-c.jpeg\" class=\"attachment-383x220\" alt=\"IMG_8766\" \/><\/a><\/figure><figure class=\"gallery-item\"><a href=\"https:\/\/www.saka.ee\/wp-content\/uploads\/2022\/08\/012A5913.jpg-Ballisaal-scaled.jpg\"><img loading=\"lazy\" decoding=\"async\" width=\"383\" height=\"220\" src=\"https:\/\/www.saka.ee\/wp-content\/uploads\/fly-images\/12141\/012A5913.jpg-Ballisaal-scaled-383x220-c.jpg\" class=\"attachment-383x220\" alt=\"012A5913.jpg Ballisaal\" \/><\/a><\/figure><figure class=\"gallery-item\"><a href=\"https:\/\/www.saka.ee\/wp-content\/uploads\/2022\/08\/IMG_7369.jpg\"><img loading=\"lazy\" decoding=\"async\" width=\"383\" height=\"220\" src=\"https:\/\/www.saka.ee\/wp-content\/uploads\/fly-images\/12144\/IMG_7369-383x220-c.jpg\" class=\"attachment-383x220\" alt=\"IMG_7369\" \/><\/a><\/figure><\/div><\/div>","protected":false},"excerpt":{"rendered":"<p>Seminarid ja konverentsid Saka m\u00f5is sobib oma eraldatuse, suurep\u00e4rase looduse ning kompleksse v\u00e4ljaehitamise ja teeninduse poolest erakordselt h\u00e4sti konverentside ja&#8230;<\/p>\n","protected":false},"author":1,"featured_media":0,"parent":12688,"menu_order":207,"comment_status":"closed","ping_status":"closed","template":"","meta":{"_acf_changed":false,"inline_featured_image":false,"footnotes":""},"class_list":["post-12652","page","type-page","status-publish","hentry"],"acf":[],"_links":{"self":[{"href":"https:\/\/www.saka.ee\/fi\/wp-json\/wp\/v2\/pages\/12652","targetHints":{"allow":["GET"]}}],"collection":[{"href":"https:\/\/www.saka.ee\/fi\/wp-json\/wp\/v2\/pages"}],"about":[{"href":"https:\/\/www.saka.ee\/fi\/wp-json\/wp\/v2\/types\/page"}],"author":[{"embeddable":true,"href":"https:\/\/www.saka.ee\/fi\/wp-json\/wp\/v2\/users\/1"}],"replies":[{"embeddable":true,"href":"https:\/\/www.saka.ee\/fi\/wp-json\/wp\/v2\/comments?post=12652"}],"version-history":[{"count":3,"href":"https:\/\/www.saka.ee\/fi\/wp-json\/wp\/v2\/pages\/12652\/revisions"}],"predecessor-version":[{"id":16434,"href":"https:\/\/www.saka.ee\/fi\/wp-json\/wp\/v2\/pages\/12652\/revisions\/16434"}],"up":[{"embeddable":true,"href":"https:\/\/www.saka.ee\/fi\/wp-json\/wp\/v2\/pages\/12688"}],"wp:attachment":[{"href":"https:\/\/www.saka.ee\/fi\/wp-json\/wp\/v2\/media?parent=12652"}],"curies":[{"name":"wp","href":"https:\/\/api.w.org\/{rel}","templated":true}]}}