{"id":12653,"date":"2022-06-20T11:30:31","date_gmt":"2022-06-20T08:30:31","guid":{"rendered":"https:\/\/www.saka.ee\/spaaetikett\/"},"modified":"2023-10-29T15:10:47","modified_gmt":"2023-10-29T13:10:47","slug":"spaaetikett","status":"publish","type":"page","link":"https:\/\/www.saka.ee\/fi\/spaa\/spaaetikett\/","title":{"rendered":"Kylpyl\u00e4etiketti"},"content":{"rendered":"\n<h2 class=\"wp-block-heading wp-el\"><strong>Hyv\u00e4 kylpyl\u00e4vieras!<\/strong><\/h2>\n\n\n\n<h3 class=\"wp-block-heading wp-el\"><strong>Jotta tuntisit olosi mukavaksi luonamme, toivomme ett\u00e4 noudatat laatimaamme kylpyl\u00e4etiketti\u00e4.<\/strong><\/h3>\n\n\n\n<ul class=\"wp-el wp-block-list\">\n<li>Hoitoihin tulee varata aika etuk\u00e4teen. Emme voi taata hoitoajan saantia paikan p\u00e4\u00e4ll\u00e4.<\/li>\n\n\n\n<li>Saavu paikalle v\u00e4hint\u00e4\u00e4n viisi minuuttia sovittua aikaa aikaisemmin, jotta voit nauttia hoidostasi t\u00e4ysimittaisesti (my\u00f6h\u00e4styess\u00e4si my\u00f6s hoitoaika lyhenee).<\/li>\n\n\n\n<li>Peseytyminen suihkuhuoneessa on <strong>pakollista<\/strong> ennen uima-altaalle, saunaan tai hoitoon menoa.<\/li>\n\n\n\n<li>Veteen hypp\u00e4\u00e4minen on ehdottomasti <strong>kielletty<\/strong>.<\/li>\n\n\n\n<li>Kylpyl\u00e4n lattiat voivat olla toisinaan liukkaita, joten suosittelemme k\u00e4ytt\u00e4m\u00e4\u00e4n kumipohjaisia \u200b\u200ballaskenki\u00e4.<\/li>\n\n\n\n<li>Toivomme, ett\u00e4 k\u00e4yt\u00e4t alkoholijuomia kohtuudella kylpyl\u00e4n baarissa. Henkil\u00f6kunnalla on oikeus olla myym\u00e4tt\u00e4 alkoholia p\u00e4ihtyneille asiakkaille. Omien ruokien ja juomien nauttiminen kylpyl\u00e4n tiloissa on <strong>kielletty<\/strong>.<\/li>\n\n\n\n<li>Eth\u00e4n k\u00e4yt\u00e4 koruja kylpyl\u00e4ss\u00e4.<\/li>\n\n\n\n<li>Emme ota vastuuta kylpyl\u00e4ss\u00e4 kadonneista arvoesineist\u00e4.<\/li>\n\n\n\n<li>Kunnioita muiden vieraiden yksityisyytt\u00e4 puhumalla hiljaa.<\/li>\n\n\n\n<li>Matkapuhelin on asetettava \u00e4\u00e4nett\u00f6m\u00e4\u00e4n tilaan.<\/li>\n\n\n\n<li>Kerro henkil\u00f6kunnalle, jos sinulla on korkea verenpaine, syd\u00e4nongelmia tai muita sairauksia tai jos olet raskaana.<\/li>\n\n\n\n<li>Lapset voivat oleskella kylpyl\u00e4ss\u00e4 vain aikuisen seurassa.<\/li>\n\n\n\n<li>Huomaathan, ett\u00e4 hotellimme on savuton.<\/li>\n\n\n\n<li>Suosittelemme vain kevytt\u00e4 ateriaa ennen hoitoja ja niiden j\u00e4lkeen.<\/li>\n<\/ul>\n\n\n\n<h3 class=\"wp-block-heading wp-el\"><strong>Peruutus<\/strong><\/h3>\n\n\n\n<ul class=\"wp-el wp-block-list\">\n<li>Ilmoitathan meille hoidon peruuttamisesta tai ajan muutoksesta 24 tuntia etuk\u00e4teen. My\u00f6hemmin tapahtuvasta peruutuksesta tulee maksaa tilatun palvelun hinta kokonaisuudessaan.<\/li>\n\n\n\n<li>Pid\u00e4t\u00e4mme oikeuden muuttaa hoitojen hintoja ilman ennakkoilmoitusta.<\/li>\n\n\n\n<li>Lahjakorttia ei voi vaihtaa rahaksi, ja se tulee esitt\u00e4\u00e4 ennen hoitoa.<\/li>\n<\/ul>\n\n\n\n<p class=\"wp-el\"><strong>Nauti kylpyl\u00e4kokemuksestasi!<\/strong><\/p>\n\n\n\n<h3 class=\"wp-block-heading wp-el\">Kylpyl\u00e4osasto on auki seuraavasti:<\/h3>\n\n\n\n<ul class=\"wp-el wp-block-list\">\n<li>MA-PE 16.00-22.00<\/li>\n\n\n\n<li>LA 12.00-22.00<\/li>\n\n\n\n<li>SU 12.00-19.00<\/li>\n<\/ul>\n\n\n\n<h3 class=\"wp-block-heading wp-el\">Tiedustelut ja varaukset:<\/h3>\n\n\n\n<ul class=\"wp-el wp-block-list\">\n<li>Kylpyl\u00e4n puhelin: <a href=\"tel:+372 336 4903\">+372 336 4903<\/a><\/li>\n\n\n\n<li>Hotellin vastaanotto: <a href=\"tel:+372 336 4900\">+372 336 4900<\/a><\/li>\n\n\n\n<li>S\u00e4hk\u00f6posti: <a href=\"mailto:saka@saka.ee\">saka@saka.ee<\/a><\/li>\n<\/ul>\n","protected":false},"excerpt":{"rendered":"<p>Hyv\u00e4 kylpyl\u00e4vieras! Jotta tuntisit olosi mukavaksi luonamme, toivomme ett\u00e4 noudatat laatimaamme kylpyl\u00e4etiketti\u00e4. Peruutus Nauti kylpyl\u00e4kokemuksestasi!<\/p>\n","protected":false},"author":1,"featured_media":0,"parent":12689,"menu_order":200,"comment_status":"closed","ping_status":"closed","template":"","meta":{"_acf_changed":false,"inline_featured_image":false,"footnotes":""},"class_list":["post-12653","page","type-page","status-publish","hentry"],"acf":[],"_links":{"self":[{"href":"https:\/\/www.saka.ee\/fi\/wp-json\/wp\/v2\/pages\/12653","targetHints":{"allow":["GET"]}}],"collection":[{"href":"https:\/\/www.saka.ee\/fi\/wp-json\/wp\/v2\/pages"}],"about":[{"href":"https:\/\/www.saka.ee\/fi\/wp-json\/wp\/v2\/types\/page"}],"author":[{"embeddable":true,"href":"https:\/\/www.saka.ee\/fi\/wp-json\/wp\/v2\/users\/1"}],"replies":[{"embeddable":true,"href":"https:\/\/www.saka.ee\/fi\/wp-json\/wp\/v2\/comments?post=12653"}],"version-history":[{"count":1,"href":"https:\/\/www.saka.ee\/fi\/wp-json\/wp\/v2\/pages\/12653\/revisions"}],"predecessor-version":[{"id":13850,"href":"https:\/\/www.saka.ee\/fi\/wp-json\/wp\/v2\/pages\/12653\/revisions\/13850"}],"up":[{"embeddable":true,"href":"https:\/\/www.saka.ee\/fi\/wp-json\/wp\/v2\/pages\/12689"}],"wp:attachment":[{"href":"https:\/\/www.saka.ee\/fi\/wp-json\/wp\/v2\/media?parent=12653"}],"curies":[{"name":"wp","href":"https:\/\/api.w.org\/{rel}","templated":true}]}}