{"id":12654,"date":"2022-06-20T11:27:33","date_gmt":"2022-06-20T08:27:33","guid":{"rendered":"https:\/\/www.saka.ee\/muud-protseduurid\/"},"modified":"2026-01-14T13:28:23","modified_gmt":"2026-01-14T11:28:23","slug":"muud-protseduurid","status":"publish","type":"page","link":"https:\/\/www.saka.ee\/fi\/spaa\/hoolitsused\/muud-protseduurid\/","title":{"rendered":"Muut hoidot"},"content":{"rendered":"<div id=\"acf-block_b8e990fd63a91caf33a8918f9e128923\" class=\"acf-block-element element-txtmedia\"><div class=\"row row-grid align-items-center\"><div class=\"col-12 col-md-6 col-content\"><div class=\"col-inner\">\n\n<h2 class=\"wp-block-heading wp-el\"><strong>Suolakammio (enint\u00e4\u00e4n kaksi aikuista ja kaksi lasta, 30 min) 15 \u20ac<\/strong><\/h2>\n\n\n\n<p class=\"wp-el\"><em>Kysy henkil\u00f6kunnalta tarkemmin suolakammiohoidon hinnoista.<\/em><\/p>\n\n\n\n<p class=\"wp-el\">Suolahoito on luonnollinen hoitomenetelm\u00e4. Suolan vaikutuksesta hengitysteiden tulehdus v\u00e4henee, liman irtoaminen helpottuu, hengitysteiden limakalvon turvotus v\u00e4henee, vaurioituneen limakalvon v\u00e4rekarvatoiminta palautuu ja kehon puolustusmekanismit aktivoituvat.<br>Kuivan suola-aerosolin hengitt\u00e4minen v\u00e4hent\u00e4\u00e4 hengitysteiden kouristuksia ja allergisia reaktioita, helpottaa hengityst\u00e4 ja rauhoittaa hermostoa.<\/p>\n\n\n\n<p class=\"wp-el\">Hoitotoimenpiteen aikana voi rentoutua ja kuunnella rauhallista musiikkia.<br><br>Lis\u00e4tietoja hoidon k\u00e4ytt\u00f6aiheista ja vasta-aiheista saat spa-vastaanotosta.<\/p>\n\n\n\n<p class=\"wp-el\"><strong>HUOM! Tuoksu\u00f6ljyjen ja deodoranttien k\u00e4ytt\u00f6\u00e4 ei suositella ennen suolakammioon menoa!<\/strong><\/p>\n\n<\/div><\/div><div class=\"col-12 col-md-6 col-media\"><div class=\"splide\" data-splide={\"type\":\"fade\",\"arrows\":false}><div class=\"splide__track\"><ul class=\"splide__list\"><li class=\"splide__slide\"><a href=\"https:\/\/www.saka.ee\/wp-content\/uploads\/2022\/06\/saka-kertin-vasser-08.jpeg\" data-fancybox=\"txtmedia-acf-block_b8e990fd63a91caf33a8918f9e128923\"><img loading=\"lazy\" decoding=\"async\" width=\"570\" height=\"380\" src=\"https:\/\/www.saka.ee\/wp-content\/uploads\/2022\/06\/saka-kertin-vasser-08-570x380.jpeg\" class=\"attachment-img-570x380 size-img-570x380\" alt=\"\" srcset=\"https:\/\/www.saka.ee\/wp-content\/uploads\/2022\/06\/saka-kertin-vasser-08-570x380.jpeg 570w, https:\/\/www.saka.ee\/wp-content\/uploads\/2022\/06\/saka-kertin-vasser-08-960x640.jpeg 960w, https:\/\/www.saka.ee\/wp-content\/uploads\/2022\/06\/saka-kertin-vasser-08.jpeg 1920w, https:\/\/www.saka.ee\/wp-content\/uploads\/2022\/06\/saka-kertin-vasser-08-570x380@2x.jpeg 1140w\" sizes=\"auto, (max-width: 570px) 100vw, 570px\" \/><\/a><\/li><\/ul><\/div><\/div><\/div><\/div><\/div>\n\n<div id=\"acf-block_cc811c2c0246b25429a4a83e53102528\" class=\"acf-block-element element-txtmedia\"><div class=\"row row-grid align-items-center\"><div class=\"col-12 col-md-6 col-content order-md-1\"><div class=\"col-inner\">\n\n<h2 class=\"wp-block-heading wp-el\"><strong>SPA-Jet-terveyskapseli (30 min) 20 \u20ac<\/strong><\/h2>\n\n\n\n<p class=\"wp-el\">Kapselihoito auttaa poistamaan kuona-aineita kehosta ja stimuloimaan aineenvaihduntaa ja immuunij\u00e4rjestelm\u00e4\u00e4. Se tarjoaa voimakkaan rentouttavan kokemuksen sek\u00e4 antaa hyv\u00e4n olon ja tyytyv\u00e4isyyden tunteen. Hydrofusion ja 360 asteen suihkuj\u00e4rjestelm\u00e4 yhdess\u00e4 virkist\u00e4v\u00e4t koko kehoa.<\/p>\n\n\n\n<p class=\"wp-el\"><strong>VASTA-AIHEET<\/strong>: Raskaus.<\/p>\n\n<\/div><\/div><div class=\"col-12 col-md-6 col-media\"><div class=\"splide\" data-splide={\"type\":\"fade\",\"arrows\":false}><div class=\"splide__track\"><ul class=\"splide__list\"><li class=\"splide__slide\"><a href=\"https:\/\/www.saka.ee\/wp-content\/uploads\/2026\/01\/Untitled-4631-x-3087-px-scaled.png\" data-fancybox=\"txtmedia-acf-block_cc811c2c0246b25429a4a83e53102528\"><img loading=\"lazy\" decoding=\"async\" width=\"570\" height=\"380\" src=\"https:\/\/www.saka.ee\/wp-content\/uploads\/2026\/01\/Untitled-4631-x-3087-px-570x380.png\" class=\"attachment-img-570x380 size-img-570x380\" alt=\"\" srcset=\"https:\/\/www.saka.ee\/wp-content\/uploads\/2026\/01\/Untitled-4631-x-3087-px-570x380.png 570w, https:\/\/www.saka.ee\/wp-content\/uploads\/2026\/01\/Untitled-4631-x-3087-px-960x640.png 960w, https:\/\/www.saka.ee\/wp-content\/uploads\/2026\/01\/Untitled-4631-x-3087-px-570x380@2x.png 1140w\" sizes=\"auto, (max-width: 570px) 100vw, 570px\" \/><\/a><\/li><\/ul><\/div><\/div><\/div><\/div><\/div>\n\n<div id=\"acf-block_9121a345b59ead5029ac2ed073e2177e\" class=\"acf-block-element element-txtmedia\"><div class=\"row row-grid align-items-center\"><div class=\"col-12 col-md-6 col-content\"><div class=\"col-inner\">\n\n<h2 class=\"wp-block-heading wp-el\"><strong>L\u00e4mmin parafiininaamio k\u00e4sille (25 min) 20 \u20ac<\/strong><\/h2>\n\n\n\n<p class=\"wp-el\"><strong>Parafiinihoito<\/strong> perustuu parafiinin korkeaan l\u00e4mm\u00f6nvarauskykyyn ja runsaaseen \u00f6ljypitoisuuteen, jotka edist\u00e4v\u00e4t kosteuttavien aineiden imeytymist\u00e4 ihon syvempiin kerroksiin.<br>Hoito pit\u00e4\u00e4 ihon kosteutettuna ja pehme\u00e4n\u00e4 sek\u00e4 v\u00e4hent\u00e4\u00e4 karheuden ja halkeilun riski\u00e4.<\/p>\n\n\n\n<p class=\"wp-el\"><br>Se antaa kosmeettisen vaikutuksen, tehden ihosta sile\u00e4n ja silkkisen pehme\u00e4n, ja voi parantaa k\u00e4sien ulkon\u00e4k\u00f6\u00e4 sek\u00e4 edist\u00e4\u00e4 kynsien kasvua.<\/p>\n\n\n\n<p class=\"wp-el\"><br>Sopii kaikille, joilla on kuiva, karhea tai halkeileva iho, sek\u00e4 henkil\u00f6ille, joilla on nivelvaivoja tai lihasj\u00e4nnityst\u00e4. Sopii hyvin my\u00f6s k\u00e4sille, jotka palelevat herk\u00e4sti tai hikoilevat.<\/p>\n\n\n\n<p class=\"wp-el\"><strong>VASTA-AIHEET<\/strong>: akuutti tulehdussairaus, kroonisen nivelsairauden paheneminen, l\u00e4mm\u00f6n sietokyvytt\u00f6myys.<\/p>\n\n<\/div><\/div><div class=\"col-12 col-md-6 col-media\"><div class=\"splide\" data-splide={\"type\":\"fade\",\"arrows\":false}><div class=\"splide__track\"><ul class=\"splide__list\"><li class=\"splide__slide\"><a href=\"https:\/\/www.saka.ee\/wp-content\/uploads\/2026\/01\/\u0414\u0438\u0437\u0430\u0439\u043d-\u0431\u0435\u0437-\u043d\u0430\u0437\u0432\u0430\u043d\u0438\u044f.png\" data-fancybox=\"txtmedia-acf-block_9121a345b59ead5029ac2ed073e2177e\"><img loading=\"lazy\" decoding=\"async\" width=\"570\" height=\"380\" src=\"https:\/\/www.saka.ee\/wp-content\/uploads\/2026\/01\/\u0414\u0438\u0437\u0430\u0439\u043d-\u0431\u0435\u0437-\u043d\u0430\u0437\u0432\u0430\u043d\u0438\u044f-570x380.png\" class=\"attachment-img-570x380 size-img-570x380\" alt=\"\" srcset=\"https:\/\/www.saka.ee\/wp-content\/uploads\/2026\/01\/\u0414\u0438\u0437\u0430\u0439\u043d-\u0431\u0435\u0437-\u043d\u0430\u0437\u0432\u0430\u043d\u0438\u044f-570x380.png 570w, https:\/\/www.saka.ee\/wp-content\/uploads\/2026\/01\/\u0414\u0438\u0437\u0430\u0439\u043d-\u0431\u0435\u0437-\u043d\u0430\u0437\u0432\u0430\u043d\u0438\u044f.png 768w\" sizes=\"auto, (max-width: 570px) 100vw, 570px\" \/><\/a><\/li><\/ul><\/div><\/div><\/div><\/div><\/div>","protected":false},"excerpt":{"rendered":"","protected":false},"author":1,"featured_media":0,"parent":12660,"menu_order":187,"comment_status":"closed","ping_status":"closed","template":"","meta":{"_acf_changed":false,"inline_featured_image":false,"footnotes":""},"class_list":["post-12654","page","type-page","status-publish","hentry"],"acf":[],"_links":{"self":[{"href":"https:\/\/www.saka.ee\/fi\/wp-json\/wp\/v2\/pages\/12654","targetHints":{"allow":["GET"]}}],"collection":[{"href":"https:\/\/www.saka.ee\/fi\/wp-json\/wp\/v2\/pages"}],"about":[{"href":"https:\/\/www.saka.ee\/fi\/wp-json\/wp\/v2\/types\/page"}],"author":[{"embeddable":true,"href":"https:\/\/www.saka.ee\/fi\/wp-json\/wp\/v2\/users\/1"}],"replies":[{"embeddable":true,"href":"https:\/\/www.saka.ee\/fi\/wp-json\/wp\/v2\/comments?post=12654"}],"version-history":[{"count":5,"href":"https:\/\/www.saka.ee\/fi\/wp-json\/wp\/v2\/pages\/12654\/revisions"}],"predecessor-version":[{"id":18321,"href":"https:\/\/www.saka.ee\/fi\/wp-json\/wp\/v2\/pages\/12654\/revisions\/18321"}],"up":[{"embeddable":true,"href":"https:\/\/www.saka.ee\/fi\/wp-json\/wp\/v2\/pages\/12660"}],"wp:attachment":[{"href":"https:\/\/www.saka.ee\/fi\/wp-json\/wp\/v2\/media?parent=12654"}],"curies":[{"name":"wp","href":"https:\/\/api.w.org\/{rel}","templated":true}]}}