{"id":12655,"date":"2022-06-20T11:23:01","date_gmt":"2022-06-20T08:23:01","guid":{"rendered":"https:\/\/www.saka.ee\/erivannid\/"},"modified":"2026-01-14T14:03:52","modified_gmt":"2026-01-14T12:03:52","slug":"erivannid","status":"publish","type":"page","link":"https:\/\/www.saka.ee\/fi\/spaa\/hoolitsused\/erivannid\/","title":{"rendered":"Erikoiskylvyt"},"content":{"rendered":"<div id=\"acf-block_eebd3fdef5570a29ba29581f0f77ccf5\" class=\"acf-block-element element-txtmedia\"><div class=\"row row-grid align-items-center\"><div class=\"col-12 col-md-6 col-content\"><div class=\"col-inner\">\n\n<h2 class=\"wp-block-heading wp-el\"><strong>Kleopatran maitokylpy kahdelle (20 min) 20 \u20ac<\/strong><\/h2>\n\n\n\n<p class=\"wp-el\"><strong>Maitoproteiinia ja liukenevaa kollageenia sis\u00e4lt\u00e4v\u00e4 maitokylpy<\/strong> ravitsee ihoa syv\u00e4lt\u00e4.<br>Maitokylpy lievitt\u00e4\u00e4 stressi\u00e4, kosteuttaa tehokkaasti ja hoitaa ihoa, j\u00e4tt\u00e4en sen pehme\u00e4ksi ja hyvinvoivaksi.<\/p>\n\n\n\n<p class=\"wp-el\"><strong>VASTA-AIHEET<\/strong>: akuutit tulehdukset, vakavat syd\u00e4nsairaudet, raskaus.<\/p>\n\n<\/div><\/div><div class=\"col-12 col-md-6 col-media\"><div class=\"splide\" data-splide={\"type\":\"fade\",\"arrows\":false}><div class=\"splide__track\"><ul class=\"splide__list\"><li class=\"splide__slide\"><a href=\"https:\/\/www.saka.ee\/wp-content\/uploads\/2022\/06\/saka-351076782.jpeg\" data-fancybox=\"txtmedia-acf-block_eebd3fdef5570a29ba29581f0f77ccf5\"><img loading=\"lazy\" decoding=\"async\" width=\"570\" height=\"380\" src=\"https:\/\/www.saka.ee\/wp-content\/uploads\/2022\/06\/saka-351076782-570x380.jpeg\" class=\"attachment-img-570x380 size-img-570x380\" alt=\"\" srcset=\"https:\/\/www.saka.ee\/wp-content\/uploads\/2022\/06\/saka-351076782-570x380.jpeg 570w, https:\/\/www.saka.ee\/wp-content\/uploads\/2022\/06\/saka-351076782-960x640.jpeg 960w, https:\/\/www.saka.ee\/wp-content\/uploads\/2022\/06\/saka-351076782.jpeg 1920w, https:\/\/www.saka.ee\/wp-content\/uploads\/2022\/06\/saka-351076782-570x380@2x.jpeg 1140w\" sizes=\"auto, (max-width: 570px) 100vw, 570px\" \/><\/a><\/li><\/ul><\/div><\/div><\/div><\/div><\/div>\n\n<div id=\"acf-block_6561f89d30643f6acc09a30435b1a215\" class=\"acf-block-element element-txtmedia\"><div class=\"row row-grid align-items-center\"><div class=\"col-12 col-md-6 col-content order-md-1\"><div class=\"col-inner\">\n\n<h2 class=\"wp-block-heading wp-el\"><strong>Granaattiomenakylpy kahdelle (20 min) 20 \u20ac<\/strong><\/h2>\n\n\n\n<p class=\"wp-el\"><strong>Granaattiomenauutetta sis\u00e4lt\u00e4v\u00e4 poreamme<\/strong> virkist\u00e4\u00e4 ja vahvistaa immuunij\u00e4rjestelm\u00e4\u00e4, rentouttaa sek\u00e4 elvytt\u00e4\u00e4 kehoa ja mielt\u00e4.<br><br>Kylpy sis\u00e4lt\u00e4\u00e4 my\u00f6s <strong>argan\u00f6ljy\u00e4<\/strong>, joka kosteuttaa ja kiinteytt\u00e4\u00e4 ihoa, j\u00e4tt\u00e4en sen pehme\u00e4ksi ja hyvinvoivaksi.<\/p>\n\n\n\n<p class=\"wp-el\"><strong>VASTA-AIHEET<\/strong>: akuutit tulehdukset, vakavat syd\u00e4nsairaudet, raskaus<\/p>\n\n<\/div><\/div><div class=\"col-12 col-md-6 col-media\"><div class=\"splide\" data-splide={\"type\":\"fade\",\"arrows\":false}><div class=\"splide__track\"><ul class=\"splide__list\"><li class=\"splide__slide\"><a href=\"https:\/\/www.saka.ee\/wp-content\/uploads\/2022\/09\/AdobeStock_308458592-1-scaled.jpeg\" data-fancybox=\"txtmedia-acf-block_6561f89d30643f6acc09a30435b1a215\"><img loading=\"lazy\" decoding=\"async\" width=\"570\" height=\"380\" src=\"https:\/\/www.saka.ee\/wp-content\/uploads\/2022\/09\/AdobeStock_308458592-1-570x380.jpeg\" class=\"attachment-img-570x380 size-img-570x380\" alt=\"\" srcset=\"https:\/\/www.saka.ee\/wp-content\/uploads\/2022\/09\/AdobeStock_308458592-1-570x380.jpeg 570w, https:\/\/www.saka.ee\/wp-content\/uploads\/2022\/09\/AdobeStock_308458592-1-960x640.jpeg 960w, https:\/\/www.saka.ee\/wp-content\/uploads\/2022\/09\/AdobeStock_308458592-1-570x380@2x.jpeg 1140w\" sizes=\"auto, (max-width: 570px) 100vw, 570px\" \/><\/a><\/li><\/ul><\/div><\/div><\/div><\/div><\/div>\n\n\n<h3 class=\"wp-block-heading wp-el\">Kylpyl\u00e4osasto on auki seuraavasti:<\/h3>\n\n\n\n<ul class=\"wp-el wp-block-list\">\n<li>MA-PE 16.00-22.00<\/li>\n\n\n\n<li>LA 12.00-22.00<\/li>\n\n\n\n<li>SU 12.00-19.00<\/li>\n<\/ul>\n\n\n\n<h3 class=\"wp-block-heading wp-el\">Tiedustelut ja varaukset:<\/h3>\n\n\n\n<ul class=\"wp-el wp-block-list\">\n<li>Kylpyl\u00e4n puhelin: <a href=\"tel:+372 336 4903\">+372 336 4903<\/a><\/li>\n\n\n\n<li>Hotellin vastaanotto: <a href=\"tel:+372 336 4900\">+372 336 4900<\/a><\/li>\n\n\n\n<li>S\u00e4hk\u00f6posti: <a href=\"mailto:saka@saka.ee\">saka@saka.ee<\/a><\/li>\n<\/ul>\n","protected":false},"excerpt":{"rendered":"","protected":false},"author":1,"featured_media":0,"parent":12660,"menu_order":194,"comment_status":"closed","ping_status":"closed","template":"","meta":{"_acf_changed":false,"inline_featured_image":false,"footnotes":""},"class_list":["post-12655","page","type-page","status-publish","hentry"],"acf":[],"_links":{"self":[{"href":"https:\/\/www.saka.ee\/fi\/wp-json\/wp\/v2\/pages\/12655","targetHints":{"allow":["GET"]}}],"collection":[{"href":"https:\/\/www.saka.ee\/fi\/wp-json\/wp\/v2\/pages"}],"about":[{"href":"https:\/\/www.saka.ee\/fi\/wp-json\/wp\/v2\/types\/page"}],"author":[{"embeddable":true,"href":"https:\/\/www.saka.ee\/fi\/wp-json\/wp\/v2\/users\/1"}],"replies":[{"embeddable":true,"href":"https:\/\/www.saka.ee\/fi\/wp-json\/wp\/v2\/comments?post=12655"}],"version-history":[{"count":3,"href":"https:\/\/www.saka.ee\/fi\/wp-json\/wp\/v2\/pages\/12655\/revisions"}],"predecessor-version":[{"id":18342,"href":"https:\/\/www.saka.ee\/fi\/wp-json\/wp\/v2\/pages\/12655\/revisions\/18342"}],"up":[{"embeddable":true,"href":"https:\/\/www.saka.ee\/fi\/wp-json\/wp\/v2\/pages\/12660"}],"wp:attachment":[{"href":"https:\/\/www.saka.ee\/fi\/wp-json\/wp\/v2\/media?parent=12655"}],"curies":[{"name":"wp","href":"https:\/\/api.w.org\/{rel}","templated":true}]}}