{"id":12659,"date":"2022-06-19T23:32:07","date_gmt":"2022-06-19T20:32:07","guid":{"rendered":"https:\/\/www.saka.ee\/kehahoolitsused\/"},"modified":"2026-01-14T13:56:27","modified_gmt":"2026-01-14T11:56:27","slug":"kehahoolitsused","status":"publish","type":"page","link":"https:\/\/www.saka.ee\/fi\/spaa\/hoolitsused\/kehahoolitsused\/","title":{"rendered":"Vartalohoidot"},"content":{"rendered":"<div id=\"acf-block_07e0a9f2461b08a223f3e07b91c2692b\" class=\"acf-block-element element-txtmedia\"><div class=\"row row-grid align-items-center\"><div class=\"col-12 col-md-6 col-content order-md-1\"><div class=\"col-inner\">\n\n<h2 class=\"wp-block-heading wp-el\"><strong>Bulgarian Rose &#8211; vartalohoito (90 min) 55 \u20ac<\/strong><\/h2>\n\n\n\n<p class=\"wp-el\">Hoito kiinteytt\u00e4\u00e4, virkist\u00e4\u00e4 ja kosteuttaa ihoa, tehden siit\u00e4 miellytt\u00e4v\u00e4n sile\u00e4n ja silkkisen. Hoidolla on my\u00f6s ihoa nuorentava vaikutus \u2013 se kohottaa mielialaa ja lievitt\u00e4\u00e4 henkist\u00e4 j\u00e4nnityst\u00e4. Todella rentouttava ja miellytt\u00e4v\u00e4 hoito.<\/p>\n\n\n\n<p class=\"wp-el\"><strong>Bulgarian Rose<\/strong> vaikuttaa suotuisasti ihon yleiskuntoon, lis\u00e4\u00e4 sen kimmoisuutta, ehk\u00e4isee hilseily\u00e4 ja pehment\u00e4\u00e4 ihoa.<\/p>\n\n\n\n<p class=\"wp-el\"><strong>VASTA-AIHEET<\/strong>: allergia, ihosairaudet ja -vauriot, infektio- ja sienitaudit, kasvaimet, veren- ja imunestekierron h\u00e4iri\u00f6t, m\u00e4rkiv\u00e4t tulehdukset, raskaus.<\/p>\n\n<\/div><\/div><div class=\"col-12 col-md-6 col-media\"><div class=\"splide\" data-splide={\"type\":\"fade\",\"arrows\":false}><div class=\"splide__track\"><ul class=\"splide__list\"><li class=\"splide__slide\"><a href=\"https:\/\/www.saka.ee\/wp-content\/uploads\/2022\/09\/AdobeStock_326729383-scaled.jpeg\" data-fancybox=\"txtmedia-acf-block_07e0a9f2461b08a223f3e07b91c2692b\"><img loading=\"lazy\" decoding=\"async\" width=\"570\" height=\"380\" src=\"https:\/\/www.saka.ee\/wp-content\/uploads\/2022\/09\/AdobeStock_326729383-570x380.jpeg\" class=\"attachment-img-570x380 size-img-570x380\" alt=\"\" srcset=\"https:\/\/www.saka.ee\/wp-content\/uploads\/2022\/09\/AdobeStock_326729383-570x380.jpeg 570w, https:\/\/www.saka.ee\/wp-content\/uploads\/2022\/09\/AdobeStock_326729383-960x640.jpeg 960w, https:\/\/www.saka.ee\/wp-content\/uploads\/2022\/09\/AdobeStock_326729383-570x380@2x.jpeg 1140w\" sizes=\"auto, (max-width: 570px) 100vw, 570px\" \/><\/a><\/li><\/ul><\/div><\/div><\/div><\/div><\/div>\n\n<div id=\"acf-block_3f754c45c233eed9d84df49b23a7fd9b\" class=\"acf-block-element element-txtmedia\"><div class=\"row row-grid align-items-center\"><div class=\"col-12 col-md-6 col-content\"><div class=\"col-inner\">\n\n<h2 class=\"wp-block-heading wp-el\"><strong>Punaviininaamiohoito(90 min) 55 \u20ac<\/strong><\/h2>\n\n\n\n<p class=\"wp-el\">T\u00e4m\u00e4 rentouttava vartalohoito on t\u00e4ydellinen valinta stressin lievitt\u00e4miseen ja hyv\u00e4n olon palauttamiseen.<br>Viinikuorinta stimuloi ihoa, kosteuttaa syv\u00e4lt\u00e4 ja hidastaa ik\u00e4\u00e4ntymisen merkkej\u00e4.<br>Punaviininaamio on ihanteellinen yhdistelm\u00e4 ihon tasoittamista, rentoutumista ja helliv\u00e4\u00e4 hoitoa.<br>Kevyt hieronta kosteuttavalla ja virkist\u00e4v\u00e4ll\u00e4 voiteella kruunaa hoidon miellytt\u00e4v\u00e4ll\u00e4 tavalla.<\/p>\n\n\n\n<p class=\"wp-el\">Tuloksena keho ja mieli rentoutuvat, ja iho tuntuu silkkisen pehme\u00e4lt\u00e4 ja hoidetulta.<\/p>\n\n\n\n<p class=\"wp-el\"><strong>EI SOVI ENNEN SOLARIUMIA TAI AURINGONOTTOA!<\/strong><br><strong>VASTA-AIHEET<\/strong>: iho- ja sienitaudit, allerginen reaktio hoidossa k\u00e4ytetyille aineosille, kasvaimet, raskaus.<\/p>\n\n<\/div><\/div><div class=\"col-12 col-md-6 col-media\"><div class=\"splide\" data-splide={\"type\":\"fade\",\"arrows\":false}><div class=\"splide__track\"><ul class=\"splide__list\"><li class=\"splide__slide\"><a href=\"https:\/\/www.saka.ee\/wp-content\/uploads\/2022\/09\/AdobeStock_297859771-scaled.jpeg\" data-fancybox=\"txtmedia-acf-block_3f754c45c233eed9d84df49b23a7fd9b\"><img loading=\"lazy\" decoding=\"async\" width=\"570\" height=\"380\" src=\"https:\/\/www.saka.ee\/wp-content\/uploads\/2022\/09\/AdobeStock_297859771-570x380.jpeg\" class=\"attachment-img-570x380 size-img-570x380\" alt=\"\" srcset=\"https:\/\/www.saka.ee\/wp-content\/uploads\/2022\/09\/AdobeStock_297859771-570x380.jpeg 570w, https:\/\/www.saka.ee\/wp-content\/uploads\/2022\/09\/AdobeStock_297859771-960x640.jpeg 960w, https:\/\/www.saka.ee\/wp-content\/uploads\/2022\/09\/AdobeStock_297859771-570x380@2x.jpeg 1140w\" sizes=\"auto, (max-width: 570px) 100vw, 570px\" \/><\/a><\/li><\/ul><\/div><\/div><\/div><\/div><\/div>\n\n<div id=\"acf-block_365ddbd7ff44af274fbbb05c44e8eb81\" class=\"acf-block-element element-txtmedia\"><div class=\"row row-grid align-items-center\"><div class=\"col-12 col-md-6 col-content order-md-1\"><div class=\"col-inner\">\n\n<h2 class=\"wp-block-heading wp-el\"><strong>Suklainen vartalohoito (60 min) 40 \u20ac<\/strong><\/h2>\n\n\n\n<p class=\"wp-el\"><strong>Rentouttava vartalohoito, joka tuo rauhaa, parantaa oloa ja lievitt\u00e4\u00e4 stressi\u00e4.<\/strong><br>Suklainen nautinto iholle ja mielelle: mineraalikuorinta v\u00e4hent\u00e4\u00e4 stressi\u00e4, naamio kohottaa kasvonpiirteit\u00e4 ja parantaa ihon kimmoisuutta, kevyt hieronta tuo kosteutusta ja pehmeytt\u00e4, ja suklaan tuoksu luo harmonian ja ilon tunteen.<\/p>\n\n\n\n<p class=\"wp-el\">Hoidon tuloksena keho ja mieli rentoutuvat, ja iho tuntuu silkinpehme\u00e4lt\u00e4 ja hoidetulta.<\/p>\n\n\n\n<p class=\"wp-el\"><strong>EI SOVI ENNEN SOLARIUMIA TAI AURINGONOTTOA!<\/strong><\/p>\n\n\n\n<p class=\"wp-el\"><strong>VASTA-AIHEET<\/strong>: iho- ja sienitaudit, allerginen reaktio hoidossa k\u00e4ytetyille aineosille, kasvaimet, raskaus.<\/p>\n\n<\/div><\/div><div class=\"col-12 col-md-6 col-media\"><div class=\"splide\" data-splide={\"type\":\"fade\",\"arrows\":false}><div class=\"splide__track\"><ul class=\"splide__list\"><li class=\"splide__slide\"><a href=\"https:\/\/www.saka.ee\/wp-content\/uploads\/2022\/09\/AdobeStock_269064781-scaled.jpeg\" data-fancybox=\"txtmedia-acf-block_365ddbd7ff44af274fbbb05c44e8eb81\"><img loading=\"lazy\" decoding=\"async\" width=\"570\" height=\"380\" src=\"https:\/\/www.saka.ee\/wp-content\/uploads\/2022\/09\/AdobeStock_269064781-570x380.jpeg\" class=\"attachment-img-570x380 size-img-570x380\" alt=\"\" srcset=\"https:\/\/www.saka.ee\/wp-content\/uploads\/2022\/09\/AdobeStock_269064781-570x380.jpeg 570w, https:\/\/www.saka.ee\/wp-content\/uploads\/2022\/09\/AdobeStock_269064781-960x640.jpeg 960w, https:\/\/www.saka.ee\/wp-content\/uploads\/2022\/09\/AdobeStock_269064781-570x380@2x.jpeg 1140w\" sizes=\"auto, (max-width: 570px) 100vw, 570px\" \/><\/a><\/li><\/ul><\/div><\/div><\/div><\/div><\/div>\n\n<div id=\"acf-block_b479e895a04f485ad64c7f0958334f0b\" class=\"acf-block-element element-txtmedia\"><div class=\"row row-grid align-items-center\"><div class=\"col-12 col-md-6 col-content\"><div class=\"col-inner\">\n\n<h2 class=\"wp-block-heading wp-el\"><strong>Vartalohoito klorofylliuutteella (60 min) 40 \u20ac<\/strong><\/h2>\n\n\n\n<p class=\"wp-el\">Hoidon alussa tehd\u00e4\u00e4n kevyt kuorinta, joka hell\u00e4varaisesti uudistaa ihoa ja valmistelee sen ihanaa hoitoa varten.<br>Vartalolle levitet\u00e4\u00e4n aromaattinen naamio, joka sis\u00e4lt\u00e4\u00e4 klorofylli\u00e4 \u2013 luonnollista stimuloijaa, joka aktivoi kehon elinvoimaa ja antaa iholle raikkaan ja energisen tunteen.<\/p>\n\n\n\n<p class=\"wp-el\">Naamion j\u00e4lkeen iho hemmotellaan kevyell\u00e4 hieronnalla ravitsevalla voiteella tai \u00f6ljyll\u00e4. T\u00e4m\u00e4 viimeinen vaihe kosteuttaa, silottaa ja virkist\u00e4\u00e4 ihoa, suojaa ja elvytt\u00e4\u00e4 soluja, parantaa ihon kimmoisuutta ja antaa terveen\u00e4 hehkuvan ulkon\u00e4\u00f6n.<\/p>\n\n\n\n<p class=\"wp-el\"><br>Herkullinen tuoksu ja tuotteiden samettinen koostumus tekev\u00e4t hieronnasta todellisen aistinautinnon.<\/p>\n\n\n\n<p class=\"wp-el\"><strong>VASTA-AIHEET<\/strong>: iho- ja sieni-sairaudet, kasvaimet, raskaus.<\/p>\n\n<\/div><\/div><div class=\"col-12 col-md-6 col-media\"><div class=\"splide\" data-splide={\"type\":\"fade\",\"arrows\":false}><div class=\"splide__track\"><ul class=\"splide__list\"><li class=\"splide__slide\"><a href=\"https:\/\/www.saka.ee\/wp-content\/uploads\/2022\/09\/AdobeStock_269409032-scaled.jpeg\" data-fancybox=\"txtmedia-acf-block_b479e895a04f485ad64c7f0958334f0b\"><img loading=\"lazy\" decoding=\"async\" width=\"570\" height=\"380\" src=\"https:\/\/www.saka.ee\/wp-content\/uploads\/2022\/09\/AdobeStock_269409032-570x380.jpeg\" class=\"attachment-img-570x380 size-img-570x380\" alt=\"\" srcset=\"https:\/\/www.saka.ee\/wp-content\/uploads\/2022\/09\/AdobeStock_269409032-570x380.jpeg 570w, https:\/\/www.saka.ee\/wp-content\/uploads\/2022\/09\/AdobeStock_269409032-960x640.jpeg 960w, https:\/\/www.saka.ee\/wp-content\/uploads\/2022\/09\/AdobeStock_269409032-570x380@2x.jpeg 1140w\" sizes=\"auto, (max-width: 570px) 100vw, 570px\" \/><\/a><\/li><\/ul><\/div><\/div><\/div><\/div><\/div>\n\n\n<h3 class=\"wp-block-heading wp-el\">Kylpyl\u00e4osasto on auki seuraavasti:<\/h3>\n\n\n\n<ul class=\"wp-el wp-block-list\">\n<li>MA-PE 16.00-22.00<\/li>\n\n\n\n<li>LA 12.00-22.00<\/li>\n\n\n\n<li>SU 12.00-19.00<\/li>\n<\/ul>\n\n\n\n<h3 class=\"wp-block-heading wp-el\">Tiedustelut ja varaukset:<\/h3>\n\n\n\n<ul class=\"wp-el wp-block-list\">\n<li>Kylpyl\u00e4n puhelin: <a href=\"tel:+372 336 4903\">+372 336 4903<\/a><\/li>\n\n\n\n<li>Hotellin vastaanotto: <a href=\"tel:+372 336 4900\">+372 336 4900<\/a><\/li>\n\n\n\n<li>S\u00e4hk\u00f6posti: <a href=\"mailto:saka@saka.ee\">saka@saka.ee<\/a><\/li>\n<\/ul>\n","protected":false},"excerpt":{"rendered":"","protected":false},"author":1,"featured_media":0,"parent":12660,"menu_order":186,"comment_status":"closed","ping_status":"closed","template":"","meta":{"_acf_changed":false,"inline_featured_image":false,"footnotes":""},"class_list":["post-12659","page","type-page","status-publish","hentry"],"acf":[],"_links":{"self":[{"href":"https:\/\/www.saka.ee\/fi\/wp-json\/wp\/v2\/pages\/12659","targetHints":{"allow":["GET"]}}],"collection":[{"href":"https:\/\/www.saka.ee\/fi\/wp-json\/wp\/v2\/pages"}],"about":[{"href":"https:\/\/www.saka.ee\/fi\/wp-json\/wp\/v2\/types\/page"}],"author":[{"embeddable":true,"href":"https:\/\/www.saka.ee\/fi\/wp-json\/wp\/v2\/users\/1"}],"replies":[{"embeddable":true,"href":"https:\/\/www.saka.ee\/fi\/wp-json\/wp\/v2\/comments?post=12659"}],"version-history":[{"count":5,"href":"https:\/\/www.saka.ee\/fi\/wp-json\/wp\/v2\/pages\/12659\/revisions"}],"predecessor-version":[{"id":18338,"href":"https:\/\/www.saka.ee\/fi\/wp-json\/wp\/v2\/pages\/12659\/revisions\/18338"}],"up":[{"embeddable":true,"href":"https:\/\/www.saka.ee\/fi\/wp-json\/wp\/v2\/pages\/12660"}],"wp:attachment":[{"href":"https:\/\/www.saka.ee\/fi\/wp-json\/wp\/v2\/media?parent=12659"}],"curies":[{"name":"wp","href":"https:\/\/api.w.org\/{rel}","templated":true}]}}