{"id":12661,"date":"2022-06-17T17:49:04","date_gmt":"2022-06-17T14:49:04","guid":{"rendered":"https:\/\/www.saka.ee\/kulastaja-meelespea\/"},"modified":"2023-10-25T00:35:47","modified_gmt":"2023-10-24T21:35:47","slug":"kulastaja-meelespea","status":"publish","type":"page","link":"https:\/\/www.saka.ee\/fi\/majutus\/kulastaja-meelespea\/","title":{"rendered":"Hotellivieraan muistilista"},"content":{"rendered":"<div id=\"acf-block_0aba06e0cff0f7ab07e67ce90f151773\" class=\"acf-block-element element-txtmedia\"><div class=\"row row-grid align-items-center\"><div class=\"col-12 col-md-6 col-content\"><div class=\"col-inner\">\n\n<h2 class=\"wp-block-heading wp-el\"><strong>Perustiedot<\/strong><\/h2>\n\n\n\n<ul class=\"wp-el wp-block-list\">\n<li>Sis\u00e4\u00e4nkirjautuminen hotelliin alkaa klo 15. Ulos voi kirjautua klo 12 asti. Vastaanotto sijaitsee hotellirakennuksessa (kartanossa ei ole omaa vastaanottoa) ja se on avoinna 24\/7.<\/li>\n\n\n\n<li>Aamiainen tarjoillaan vain hotellirakennuksessa (my\u00f6s herraskartanossa majoittuville) ma-pe 7\u201310 ja la-su 8-11.<\/li>\n\n\n\n<li>Suosittelemme lounas- ja illallisaikojen varaamista etuk\u00e4teen. Se onnistuu k\u00e4tevimmin ottamalla yhteytt\u00e4 vastaanottovirkailijaan.<\/li>\n<\/ul>\n\n<\/div><\/div><div class=\"col-12 col-md-6 col-media\"><div class=\"splide\" data-splide={\"type\":\"fade\",\"arrows\":false}><div class=\"splide__track\"><ul class=\"splide__list\"><li class=\"splide__slide\"><a href=\"https:\/\/www.saka.ee\/wp-content\/uploads\/2022\/06\/saka-mois-vaatetorn-01.jpeg\" data-fancybox=\"txtmedia-acf-block_0aba06e0cff0f7ab07e67ce90f151773\"><img loading=\"lazy\" decoding=\"async\" width=\"570\" height=\"380\" src=\"https:\/\/www.saka.ee\/wp-content\/uploads\/2022\/06\/saka-mois-vaatetorn-01-570x380.jpeg\" class=\"attachment-img-570x380 size-img-570x380\" alt=\"\" srcset=\"https:\/\/www.saka.ee\/wp-content\/uploads\/2022\/06\/saka-mois-vaatetorn-01-570x380.jpeg 570w, https:\/\/www.saka.ee\/wp-content\/uploads\/2022\/06\/saka-mois-vaatetorn-01-960x640.jpeg 960w, https:\/\/www.saka.ee\/wp-content\/uploads\/2022\/06\/saka-mois-vaatetorn-01.jpeg 1920w, https:\/\/www.saka.ee\/wp-content\/uploads\/2022\/06\/saka-mois-vaatetorn-01-570x380@2x.jpeg 1140w\" sizes=\"auto, (max-width: 570px) 100vw, 570px\" \/><\/a><\/li><li class=\"splide__slide\"><a href=\"https:\/\/www.saka.ee\/wp-content\/uploads\/2022\/06\/saka-mois-vaatetorn-08.jpeg\" data-fancybox=\"txtmedia-acf-block_0aba06e0cff0f7ab07e67ce90f151773\"><img loading=\"lazy\" decoding=\"async\" width=\"570\" height=\"380\" src=\"https:\/\/www.saka.ee\/wp-content\/uploads\/2022\/06\/saka-mois-vaatetorn-08-570x380.jpeg\" class=\"attachment-img-570x380 size-img-570x380\" alt=\"\" srcset=\"https:\/\/www.saka.ee\/wp-content\/uploads\/2022\/06\/saka-mois-vaatetorn-08-570x380.jpeg 570w, https:\/\/www.saka.ee\/wp-content\/uploads\/2022\/06\/saka-mois-vaatetorn-08-960x640.jpeg 960w, https:\/\/www.saka.ee\/wp-content\/uploads\/2022\/06\/saka-mois-vaatetorn-08.jpeg 1920w, https:\/\/www.saka.ee\/wp-content\/uploads\/2022\/06\/saka-mois-vaatetorn-08-570x380@2x.jpeg 1140w\" sizes=\"auto, (max-width: 570px) 100vw, 570px\" \/><\/a><\/li><li class=\"splide__slide\"><a href=\"https:\/\/www.saka.ee\/wp-content\/uploads\/2022\/06\/saka-mois-hommikusook-06.jpeg\" data-fancybox=\"txtmedia-acf-block_0aba06e0cff0f7ab07e67ce90f151773\"><img loading=\"lazy\" decoding=\"async\" width=\"570\" height=\"380\" src=\"https:\/\/www.saka.ee\/wp-content\/uploads\/2022\/06\/saka-mois-hommikusook-06-570x380.jpeg\" class=\"attachment-img-570x380 size-img-570x380\" alt=\"\" srcset=\"https:\/\/www.saka.ee\/wp-content\/uploads\/2022\/06\/saka-mois-hommikusook-06-570x380.jpeg 570w, https:\/\/www.saka.ee\/wp-content\/uploads\/2022\/06\/saka-mois-hommikusook-06-960x640.jpeg 960w, https:\/\/www.saka.ee\/wp-content\/uploads\/2022\/06\/saka-mois-hommikusook-06-570x380@2x.jpeg 1140w\" sizes=\"auto, (max-width: 570px) 100vw, 570px\" \/><\/a><\/li><li class=\"splide__slide\"><a href=\"https:\/\/www.saka.ee\/wp-content\/uploads\/2022\/06\/saka-harrastemaja-H16A3802.jpeg\" data-fancybox=\"txtmedia-acf-block_0aba06e0cff0f7ab07e67ce90f151773\"><img loading=\"lazy\" decoding=\"async\" width=\"570\" height=\"380\" src=\"https:\/\/www.saka.ee\/wp-content\/uploads\/2022\/06\/saka-harrastemaja-H16A3802-570x380.jpeg\" class=\"attachment-img-570x380 size-img-570x380\" alt=\"\" srcset=\"https:\/\/www.saka.ee\/wp-content\/uploads\/2022\/06\/saka-harrastemaja-H16A3802-570x380.jpeg 570w, https:\/\/www.saka.ee\/wp-content\/uploads\/2022\/06\/saka-harrastemaja-H16A3802-960x640.jpeg 960w, https:\/\/www.saka.ee\/wp-content\/uploads\/2022\/06\/saka-harrastemaja-H16A3802.jpeg 1920w, https:\/\/www.saka.ee\/wp-content\/uploads\/2022\/06\/saka-harrastemaja-H16A3802-570x380@2x.jpeg 1140w\" sizes=\"auto, (max-width: 570px) 100vw, 570px\" \/><\/a><\/li><\/ul><\/div><\/div><\/div><\/div><\/div>\n\n<div id=\"acf-block_3277751ba17e08317dff2a28d159bcec\" class=\"acf-block-element element-txtmedia\"><div class=\"row row-grid align-items-center\"><div class=\"col-12 col-md-6 col-content order-md-1\"><div class=\"col-inner\">\n\n<h2 class=\"wp-block-heading wp-el\"><strong>Turvallisuus ja koronavirus<\/strong><\/h2>\n\n\n\n<p class=\"wp-el\"><strong>Ilmoitathan meille, jos:<\/strong><\/p>\n\n\n\n<ul class=\"wp-el wp-block-list\">\n<li>sinulla on ollut seuraavia oireita viimeisten 14 p\u00e4iv\u00e4n aikana: kuumetta, ysk\u00e4\u00e4, hengitysvaikeuksia, nivelkipuja, haju- tai makuaistin menetyst\u00e4 tai muita sairauden merkkej\u00e4<\/li>\n\n\n\n<li>olet ollut tekemisiss\u00e4 jonkun kanssa, jolla on ollut kuumetta tai ysk\u00e4\u00e4 viimeisten 14 p\u00e4iv\u00e4n aikana.<\/li>\n\n\n\n<li>olet matkustanut Viron ulkopuolella viimeisen 14 p\u00e4iv\u00e4n aikana.<\/li>\n<\/ul>\n\n<\/div><\/div><div class=\"col-12 col-md-6 col-media\"><div class=\"splide\" data-splide={\"type\":\"fade\",\"arrows\":false}><div class=\"splide__track\"><ul class=\"splide__list\"><li class=\"splide__slide\"><a href=\"https:\/\/www.saka.ee\/wp-content\/uploads\/2022\/06\/covid-19.jpeg\" data-fancybox=\"txtmedia-acf-block_3277751ba17e08317dff2a28d159bcec\"><img loading=\"lazy\" decoding=\"async\" width=\"570\" height=\"380\" src=\"https:\/\/www.saka.ee\/wp-content\/uploads\/2022\/06\/covid-19-570x380.jpeg\" class=\"attachment-img-570x380 size-img-570x380\" alt=\"\" srcset=\"https:\/\/www.saka.ee\/wp-content\/uploads\/2022\/06\/covid-19-570x380.jpeg 570w, https:\/\/www.saka.ee\/wp-content\/uploads\/2022\/06\/covid-19-960x640.jpeg 960w, https:\/\/www.saka.ee\/wp-content\/uploads\/2022\/06\/covid-19-570x380@2x.jpeg 1140w\" sizes=\"auto, (max-width: 570px) 100vw, 570px\" \/><\/a><\/li><\/ul><\/div><\/div><\/div><\/div><\/div>\n\n\n<h2 class=\"wp-block-heading has-theme-primary-color has-text-color has-large-font-size wp-el\">Tiedustelut ja varaukset:<\/h2>\n\n\n\n<ul class=\"wp-el wp-block-list\">\n<li>Puhelin: <a href=\"tel:+372 336 4900\">+372 336 4900<\/a><\/li>\n\n\n\n<li>S\u00e4hk\u00f6posti: <a href=\"mailto:saka@saka.ee\">saka@saka.ee<\/a><\/li>\n<\/ul>\n\n\n\n<p class=\"has-small-font-size wp-el\"><strong>HUOM!<\/strong> Hintoja voidaan muuttaa ilman erillist\u00e4 ilmoitusta. Palautusta ei anneta maksullisista palveluista, jotka ovat j\u00e4\u00e4neet k\u00e4ytt\u00e4m\u00e4tt\u00e4 Sakan kartanosta riippumattomista syist\u00e4.<\/p>\n","protected":false},"excerpt":{"rendered":"","protected":false},"author":1,"featured_media":0,"parent":12691,"menu_order":18,"comment_status":"closed","ping_status":"closed","template":"","meta":{"_acf_changed":false,"inline_featured_image":false,"footnotes":""},"class_list":["post-12661","page","type-page","status-publish","hentry"],"acf":[],"_links":{"self":[{"href":"https:\/\/www.saka.ee\/fi\/wp-json\/wp\/v2\/pages\/12661","targetHints":{"allow":["GET"]}}],"collection":[{"href":"https:\/\/www.saka.ee\/fi\/wp-json\/wp\/v2\/pages"}],"about":[{"href":"https:\/\/www.saka.ee\/fi\/wp-json\/wp\/v2\/types\/page"}],"author":[{"embeddable":true,"href":"https:\/\/www.saka.ee\/fi\/wp-json\/wp\/v2\/users\/1"}],"replies":[{"embeddable":true,"href":"https:\/\/www.saka.ee\/fi\/wp-json\/wp\/v2\/comments?post=12661"}],"version-history":[{"count":1,"href":"https:\/\/www.saka.ee\/fi\/wp-json\/wp\/v2\/pages\/12661\/revisions"}],"predecessor-version":[{"id":13833,"href":"https:\/\/www.saka.ee\/fi\/wp-json\/wp\/v2\/pages\/12661\/revisions\/13833"}],"up":[{"embeddable":true,"href":"https:\/\/www.saka.ee\/fi\/wp-json\/wp\/v2\/pages\/12691"}],"wp:attachment":[{"href":"https:\/\/www.saka.ee\/fi\/wp-json\/wp\/v2\/media?parent=12661"}],"curies":[{"name":"wp","href":"https:\/\/api.w.org\/{rel}","templated":true}]}}