{"id":12662,"date":"2022-06-17T17:45:58","date_gmt":"2022-06-17T14:45:58","guid":{"rendered":"https:\/\/www.saka.ee\/majutus-lemmikloomadega\/"},"modified":"2026-04-24T12:04:29","modified_gmt":"2026-04-24T09:04:29","slug":"majutus-lemmikloomadega","status":"publish","type":"page","link":"https:\/\/www.saka.ee\/fi\/majutus\/majutus-lemmikloomadega\/","title":{"rendered":"Lemmikkiyst\u00e4v\u00e4llinen majoitus"},"content":{"rendered":"<div id=\"acf-block_3df72fa3a6808956a13d1538dd552467\" class=\"acf-block-element element-txtmedia-wide alignmax\"><div class=\"container\"><div class=\"row row-grid align-items-center\"><div class=\"col-12 col-md-6 col-content d-flex flex-wrap align-items-center\"><div class=\"col-inner\">\n\n<p class=\"has-large-font-size wp-el\"><strong>Lemmikit ovat tervetulleita Saka kartanon hotelliin ja leirint\u00e4alueelle. Lis\u00e4maksu lemmikist\u00e4 on 30 \u20ac\/y\u00f6.<\/strong><\/p>\n\n\n\n<p class=\"wp-el\">Lemmikin kanssa matkailevien tulee noudattaa seuraavia s\u00e4\u00e4nt\u00f6j\u00e4:<\/p>\n\n\n\n<ol class=\"wp-el wp-block-list\">\n<li>lemmikkiel\u00e4imell\u00e4 tarkoitetaan omaksi iloksi\/seuraksi otettua tai lemmikiksi tarkoitettua el\u00e4int\u00e4<\/li>\n\n\n\n<li>lemmikki ei saa h\u00e4irit\u00e4 yleist\u00e4 j\u00e4rjestyst\u00e4, muiden lomailijoiden rauhaa tai muita el\u00e4imi\u00e4<\/li>\n\n\n\n<li>lemmikkiel\u00e4imi\u00e4 ei saa j\u00e4tt\u00e4\u00e4 valvomatta hotelliin tai sen ymp\u00e4rist\u00f6\u00f6n, paitsi jos ne ovat kantokopassa, joka est\u00e4\u00e4 karkaamisen<\/li>\n\n\n\n<li>saniteetti- ja hygieniavaatimuksia tulee noudattaa tarkasti, mukaan lukien lemmikin likaamien paikkojen v\u00e4lit\u00f6n siivoaminen<\/li>\n\n\n\n<li>lemmikill\u00e4 tulee olla voimassa oleva raivotautirokotus<\/li>\n\n\n\n<li>lemmikin tuonti hotellin yleisiin tiloihin on kielletty<\/li>\n\n\n\n<li>lemmikin omistaja kantaa t\u00e4yden vastuun kaikista seurauksista, mm. vartioimattoman lemmikin aiheuttamasta vahingosta hotellin omaisuudelle ja on velvollinen korvaamaan vahingot hotellin l\u00e4hett\u00e4m\u00e4n laskun perusteella.<\/li>\n\n\n\n<li>lemmikkiel\u00e4inten kanssa majoittuminen on sallittua vain hotellirakennuksessa ja leirint\u00e4alueella. Herraskartanoon ei voi valitettavasti majoittaa lemmikkej\u00e4.<\/li>\n<\/ol>\n\n<\/div><\/div><div class=\"col-12 col-md-6 col-media\"><div class=\"splide\" data-splide={\"type\":\"fade\",\"arrows\":false}><div class=\"splide__track\"><ul class=\"splide__list\"><li class=\"splide__slide\"><a href=\"https:\/\/www.saka.ee\/wp-content\/uploads\/2022\/06\/saka-mois-lemmikloomad.jpeg\" data-fancybox=\"txtmedia-acf-block_3df72fa3a6808956a13d1538dd552467\"><img loading=\"lazy\" decoding=\"async\" width=\"960\" height=\"640\" src=\"https:\/\/www.saka.ee\/wp-content\/uploads\/2022\/06\/saka-mois-lemmikloomad-960x640.jpeg\" class=\"attachment-img-960x640 size-img-960x640\" alt=\"\" srcset=\"https:\/\/www.saka.ee\/wp-content\/uploads\/2022\/06\/saka-mois-lemmikloomad-960x640.jpeg 960w, https:\/\/www.saka.ee\/wp-content\/uploads\/2022\/06\/saka-mois-lemmikloomad-570x380.jpeg 570w, https:\/\/www.saka.ee\/wp-content\/uploads\/2022\/06\/saka-mois-lemmikloomad-570x380@2x.jpeg 1140w\" sizes=\"auto, (max-width: 960px) 100vw, 960px\" \/><\/a><\/li><\/ul><\/div><\/div><\/div><\/div><\/div><\/div>","protected":false},"excerpt":{"rendered":"","protected":false},"author":1,"featured_media":0,"parent":12691,"menu_order":23,"comment_status":"closed","ping_status":"closed","template":"","meta":{"_acf_changed":false,"inline_featured_image":false,"footnotes":""},"class_list":["post-12662","page","type-page","status-publish","hentry"],"acf":[],"_links":{"self":[{"href":"https:\/\/www.saka.ee\/fi\/wp-json\/wp\/v2\/pages\/12662","targetHints":{"allow":["GET"]}}],"collection":[{"href":"https:\/\/www.saka.ee\/fi\/wp-json\/wp\/v2\/pages"}],"about":[{"href":"https:\/\/www.saka.ee\/fi\/wp-json\/wp\/v2\/types\/page"}],"author":[{"embeddable":true,"href":"https:\/\/www.saka.ee\/fi\/wp-json\/wp\/v2\/users\/1"}],"replies":[{"embeddable":true,"href":"https:\/\/www.saka.ee\/fi\/wp-json\/wp\/v2\/comments?post=12662"}],"version-history":[{"count":5,"href":"https:\/\/www.saka.ee\/fi\/wp-json\/wp\/v2\/pages\/12662\/revisions"}],"predecessor-version":[{"id":19214,"href":"https:\/\/www.saka.ee\/fi\/wp-json\/wp\/v2\/pages\/12662\/revisions\/19214"}],"up":[{"embeddable":true,"href":"https:\/\/www.saka.ee\/fi\/wp-json\/wp\/v2\/pages\/12691"}],"wp:attachment":[{"href":"https:\/\/www.saka.ee\/fi\/wp-json\/wp\/v2\/media?parent=12662"}],"curies":[{"name":"wp","href":"https:\/\/api.w.org\/{rel}","templated":true}]}}