{"id":12664,"date":"2022-06-17T17:12:45","date_gmt":"2022-06-17T14:12:45","guid":{"rendered":"https:\/\/www.saka.ee\/karavan\/"},"modified":"2023-10-25T00:36:09","modified_gmt":"2023-10-24T21:36:09","slug":"karavan","status":"publish","type":"page","link":"https:\/\/www.saka.ee\/fi\/majutus\/suvemajutus\/karavan\/","title":{"rendered":"Karavaanialue"},"content":{"rendered":"<div id=\"acf-block_fbae63373397449cb68b3ff986574eb5\" class=\"acf-block-element element-banner-img alignfull\"><img loading=\"lazy\" decoding=\"async\" width=\"1720\" height=\"560\" src=\"https:\/\/www.saka.ee\/wp-content\/uploads\/fly-images\/11934\/saka-mois-oueala-21-1720x560-c.jpeg\" class=\"attachment-1720x560\" alt=\"saka-mois-oueala-21\" \/><\/div>\n\n\n<div class=\"wp-block-columns is-layout-flex wp-container-core-columns-is-layout-28f84493 wp-block-columns-is-layout-flex\">\n<div class=\"wp-block-column is-layout-flow wp-block-column-is-layout-flow\" style=\"flex-basis:66.66%\">\n<h3 class=\"wp-block-heading has-theme-primary-color has-text-color wp-el\"><strong>Matkailuautolla Sakan kartanossa<\/strong><\/h3>\n\n\n\n<p class=\"wp-el\">Alueella on viisi s\u00e4hk\u00f6liit\u00e4nt\u00e4pistett\u00e4 palvelemassa asuntovaunulla ja matkailuautolla liikkuvien tarpeita.<\/p>\n\n\n\n<ul class=\"wp-el wp-block-list\">\n<li>paikat 15 asuntovaunulle ja matkailuautolle<\/li>\n\n\n\n<li>juomavesis\u00e4ili\u00f6iden t\u00e4ytt\u00f6 ja j\u00e4teveden poistopiste<\/li>\n\n\n\n<li>penkein varusttu nuotiopaikka, jossa voi istua mukavasti iltaa<\/li>\n\n\n\n<li>n\u00e4k\u00f6tornista voi ihailla upeaa n\u00e4kym\u00e4\u00e4 merelle, samoin auringonlaskuja ja -nousuja<\/li>\n\n\n\n<li>ilmaiseksi k\u00e4ytett\u00e4viss\u00e4:\n<ol class=\"wp-el wp-block-list\">\n<li>parkkipaikka<\/li>\n\n\n\n<li>polkupy\u00f6r\u00e4parkki<\/li>\n\n\n\n<li>yleiset wc- ja suihkutilat.<\/li>\n<\/ol>\n<\/li>\n<\/ul>\n\n\n\n<h3 class=\"wp-block-heading wp-el\"><strong>Hinnat:<\/strong><\/h3>\n\n\n\n<ul class=\"wp-el wp-block-list\">\n<li>Matkailuauto tai asuntovaunu 25 \u20ac\/y\u00f6<\/li>\n<\/ul>\n<\/div>\n\n\n\n<div class=\"wp-block-column is-layout-flow wp-block-column-is-layout-flow\" style=\"flex-basis:33.33%\">\n<h2 class=\"wp-block-heading has-theme-primary-color has-text-color has-large-font-size wp-el\">Tiedustelut ja varaukset:<\/h2>\n\n\n\n<ul class=\"wp-el wp-block-list\">\n<li>Puhelin: <a href=\"tel:+372 336 4900\">+372 336 4900<\/a><\/li>\n\n\n\n<li>S\u00e4hk\u00f6posti: <a href=\"mailto:saka@saka.ee\">saka@saka.ee<\/a><\/li>\n<\/ul>\n\n\n\n<p class=\"has-small-font-size wp-el\"><strong>HUOM!<\/strong> Hintoja voidaan muuttaa ilman erillist\u00e4 ilmoitusta. Palautusta ei anneta maksullisista palveluista, jotka ovat j\u00e4\u00e4neet k\u00e4ytt\u00e4m\u00e4tt\u00e4 Sakan kartanosta riippumattomista syist\u00e4.<\/p>\n<\/div>\n<\/div>\n","protected":false},"excerpt":{"rendered":"<p>Matkailuautolla Sakan kartanossa Alueella on viisi s\u00e4hk\u00f6liit\u00e4nt\u00e4pistett\u00e4 palvelemassa asuntovaunulla ja matkailuautolla liikkuvien tarpeita. Hinnat:<\/p>\n","protected":false},"author":1,"featured_media":0,"parent":12680,"menu_order":38,"comment_status":"closed","ping_status":"closed","template":"","meta":{"_acf_changed":false,"inline_featured_image":false,"footnotes":""},"class_list":["post-12664","page","type-page","status-publish","hentry"],"acf":[],"_links":{"self":[{"href":"https:\/\/www.saka.ee\/fi\/wp-json\/wp\/v2\/pages\/12664","targetHints":{"allow":["GET"]}}],"collection":[{"href":"https:\/\/www.saka.ee\/fi\/wp-json\/wp\/v2\/pages"}],"about":[{"href":"https:\/\/www.saka.ee\/fi\/wp-json\/wp\/v2\/types\/page"}],"author":[{"embeddable":true,"href":"https:\/\/www.saka.ee\/fi\/wp-json\/wp\/v2\/users\/1"}],"replies":[{"embeddable":true,"href":"https:\/\/www.saka.ee\/fi\/wp-json\/wp\/v2\/comments?post=12664"}],"version-history":[{"count":1,"href":"https:\/\/www.saka.ee\/fi\/wp-json\/wp\/v2\/pages\/12664\/revisions"}],"predecessor-version":[{"id":13823,"href":"https:\/\/www.saka.ee\/fi\/wp-json\/wp\/v2\/pages\/12664\/revisions\/13823"}],"up":[{"embeddable":true,"href":"https:\/\/www.saka.ee\/fi\/wp-json\/wp\/v2\/pages\/12680"}],"wp:attachment":[{"href":"https:\/\/www.saka.ee\/fi\/wp-json\/wp\/v2\/media?parent=12664"}],"curies":[{"name":"wp","href":"https:\/\/api.w.org\/{rel}","templated":true}]}}