{"id":12665,"date":"2022-06-17T15:52:29","date_gmt":"2022-06-17T12:52:29","guid":{"rendered":"https:\/\/www.saka.ee\/peretuba\/"},"modified":"2026-04-26T18:49:38","modified_gmt":"2026-04-26T15:49:38","slug":"peretuba","status":"publish","type":"page","link":"https:\/\/www.saka.ee\/fi\/majutus\/hotell\/peretuba\/","title":{"rendered":"Peretuba"},"content":{"rendered":"<div id=\"acf-block_fe825a11274dd6a9f8bc64bef080f0f9\" class=\"acf-block-element element-cover alignmax is-shorter\"><div class=\"splide\" data-splide={\"type\":\"slide\",\"arrows\":false}><div class=\"splide__track\"><ul class=\"splide__list\"><li class=\"splide__slide\"><div class=\"splide__slide-bg\"><img loading=\"lazy\" decoding=\"async\" width=\"1920\" height=\"980\" src=\"https:\/\/www.saka.ee\/wp-content\/uploads\/fly-images\/12179\/saka-hotellimaja-peretuba-002-scaled-1920x980-c.jpg\" class=\"attachment-1920x980\" alt=\"saka-hotellimaja-peretuba-002\" \/><\/div><div class=\"splide__slide-content container d-flex flex-wrap align-items-center\"><div class=\"slide-content text-center w-100\"><h1 class=\"slide-title has-giant-font-size font-weight-bold\">Perhehuoneisto<\/h1><div class=\"slide-desc editor-content\"><p>Saka kartanon perhehuoneisto sijaitsee hotellirakennuksessa, joka avattiin vuonna 2004 ja peruskorjattiin vuonna 2021.<\/p>\n<\/div><div class=\"wp-block-button is-style-white-outline\"><a href=\"https:\/\/booking.saka.ee\/fi\/\" class=\"wp-block-button__link\" target=\"\" rel=\"nofollow noopener\">Varaa<\/a><\/div><\/div><\/div><\/li><\/ul><\/div><\/div><\/div>\n\n<div id=\"acf-block_fd55f268121836355d462b19c2ab6f2a\" class=\"acf-block-element element-txtmedia\"><div class=\"row row-grid align-items-center\"><div class=\"col-12 col-md-6 col-content\"><div class=\"col-inner\">\n\n<p class=\"wp-el\"><strong>Perhehuoneistossa on kaksi erillist\u00e4 huonetta, joista toisessa on paris\u00e4nky ja toisessa kaksi erillist\u00e4 vuodetta<\/strong>. Huoneita yhdist\u00e4\u00e4 eteinen, jossa on wc ja suihku.<\/p>\n\n\n\n<p class=\"wp-el\">Perhehuoneisto on sisustettu massiivipuisilla huonekaluilla ja vakiovarusteilla.<\/p>\n\n\n\n<p class=\"wp-el\">Huoneissa on tyylik\u00e4s tapetointi, suihku, tv ja puhelin.<\/p>\n\n<\/div><\/div><div class=\"col-12 col-md-6 col-media\"><div class=\"splide\" data-splide={\"type\":\"fade\",\"arrows\":false}><div class=\"splide__track\"><ul class=\"splide__list\"><li class=\"splide__slide\"><a href=\"https:\/\/www.saka.ee\/wp-content\/uploads\/2022\/08\/saka-hotellimaja-peretuba-002-scaled.jpg\" data-fancybox=\"txtmedia-acf-block_fd55f268121836355d462b19c2ab6f2a\"><img loading=\"lazy\" decoding=\"async\" width=\"570\" height=\"380\" src=\"https:\/\/www.saka.ee\/wp-content\/uploads\/2022\/08\/saka-hotellimaja-peretuba-002-570x380.jpg\" class=\"attachment-img-570x380 size-img-570x380\" alt=\"\" srcset=\"https:\/\/www.saka.ee\/wp-content\/uploads\/2022\/08\/saka-hotellimaja-peretuba-002-570x380.jpg 570w, https:\/\/www.saka.ee\/wp-content\/uploads\/2022\/08\/saka-hotellimaja-peretuba-002-960x640.jpg 960w, https:\/\/www.saka.ee\/wp-content\/uploads\/2022\/08\/saka-hotellimaja-peretuba-002-570x380@2x.jpg 1140w\" sizes=\"auto, (max-width: 570px) 100vw, 570px\" \/><\/a><\/li><li class=\"splide__slide\"><a href=\"https:\/\/www.saka.ee\/wp-content\/uploads\/2022\/08\/saka-hotellimaja-peretuba-003-scaled.jpg\" data-fancybox=\"txtmedia-acf-block_fd55f268121836355d462b19c2ab6f2a\"><img loading=\"lazy\" decoding=\"async\" width=\"570\" height=\"380\" src=\"https:\/\/www.saka.ee\/wp-content\/uploads\/2022\/08\/saka-hotellimaja-peretuba-003-570x380.jpg\" class=\"attachment-img-570x380 size-img-570x380\" alt=\"\" srcset=\"https:\/\/www.saka.ee\/wp-content\/uploads\/2022\/08\/saka-hotellimaja-peretuba-003-570x380.jpg 570w, https:\/\/www.saka.ee\/wp-content\/uploads\/2022\/08\/saka-hotellimaja-peretuba-003-960x640.jpg 960w, https:\/\/www.saka.ee\/wp-content\/uploads\/2022\/08\/saka-hotellimaja-peretuba-003-570x380@2x.jpg 1140w\" sizes=\"auto, (max-width: 570px) 100vw, 570px\" \/><\/a><\/li><li class=\"splide__slide\"><a href=\"https:\/\/www.saka.ee\/wp-content\/uploads\/2022\/08\/saka-hotellimaja-peretuba-006-scaled.jpg\" data-fancybox=\"txtmedia-acf-block_fd55f268121836355d462b19c2ab6f2a\"><img loading=\"lazy\" decoding=\"async\" width=\"570\" height=\"380\" src=\"https:\/\/www.saka.ee\/wp-content\/uploads\/2022\/08\/saka-hotellimaja-peretuba-006-570x380.jpg\" class=\"attachment-img-570x380 size-img-570x380\" alt=\"\" srcset=\"https:\/\/www.saka.ee\/wp-content\/uploads\/2022\/08\/saka-hotellimaja-peretuba-006-570x380.jpg 570w, https:\/\/www.saka.ee\/wp-content\/uploads\/2022\/08\/saka-hotellimaja-peretuba-006-960x640.jpg 960w, https:\/\/www.saka.ee\/wp-content\/uploads\/2022\/08\/saka-hotellimaja-peretuba-006-570x380@2x.jpg 1140w\" sizes=\"auto, (max-width: 570px) 100vw, 570px\" \/><\/a><\/li><\/ul><\/div><\/div><\/div><\/div><\/div>\n\n<div id=\"acf-block_7c5f0f86706c10f71d38294e8165f628\" class=\"acf-block-element element-txtmedia\"><div class=\"row row-grid align-items-center\"><div class=\"col-12 col-md-6 col-content order-md-1\"><div class=\"col-inner\">\n\n<p class=\"wp-el\">Majoituksen hintaan sis\u00e4ltyy runsas buffetaamiainen, 1,5 tuntia sauna- ja allasalueella (varattava etuk\u00e4teen), aamu-uinti altaalla klo 7\u201310 sek\u00e4 13% ALV.<\/p>\n\n\n\n<div class=\"wp-block-button\"><a class=\"wp-block-button__link wp-element-button\" href=\"https:\/\/booking.saka.ee\/fi\/\" rel=\"nofollow noopener\" target=\"_blank\">Broneeri<\/a><\/div>\n\n<\/div><\/div><div class=\"col-12 col-md-6 col-media\"><div class=\"splide\" data-splide={\"type\":\"fade\",\"arrows\":false}><div class=\"splide__track\"><ul class=\"splide__list\"><li class=\"splide__slide\"><a href=\"https:\/\/www.saka.ee\/wp-content\/uploads\/2022\/06\/saka-mois-hommikusook-08.jpeg\" data-fancybox=\"txtmedia-acf-block_7c5f0f86706c10f71d38294e8165f628\"><img loading=\"lazy\" decoding=\"async\" width=\"570\" height=\"380\" src=\"https:\/\/www.saka.ee\/wp-content\/uploads\/2022\/06\/saka-mois-hommikusook-08-570x380.jpeg\" class=\"attachment-img-570x380 size-img-570x380\" alt=\"\" srcset=\"https:\/\/www.saka.ee\/wp-content\/uploads\/2022\/06\/saka-mois-hommikusook-08-570x380.jpeg 570w, https:\/\/www.saka.ee\/wp-content\/uploads\/2022\/06\/saka-mois-hommikusook-08-960x640.jpeg 960w, https:\/\/www.saka.ee\/wp-content\/uploads\/2022\/06\/saka-mois-hommikusook-08-570x380@2x.jpeg 1140w\" sizes=\"auto, (max-width: 570px) 100vw, 570px\" \/><\/a><\/li><\/ul><\/div><\/div><\/div><\/div><\/div>\n\n<div id=\"acf-block_814d37741dc496d5aef40ac159fd8862\" class=\"acf-block-element element-txtmedia\"><div class=\"row row-grid align-items-center\"><div class=\"col-12 col-md-6 col-content\"><div class=\"col-inner\">\n\n<p class=\"wp-el\"><strong>Wi-Fi toimii kaikkialla hotellirakennuksessa.<\/strong><\/p>\n\n\n\n<p class=\"wp-el\">Hotellirakennuksen aulan yhteydess\u00e4 on privaatti Sakstekamber, joka sopii yksityisempien tapaamisten ja kokousten pit\u00e4miseen.<\/p>\n\n<\/div><\/div><div class=\"col-12 col-md-6 col-media\"><div class=\"splide\" data-splide={\"type\":\"fade\",\"arrows\":false}><div class=\"splide__track\"><ul class=\"splide__list\"><li class=\"splide__slide\"><a href=\"https:\/\/www.saka.ee\/wp-content\/uploads\/2022\/08\/saka-sakstekamber-scaled.jpg\" data-fancybox=\"txtmedia-acf-block_814d37741dc496d5aef40ac159fd8862\"><img loading=\"lazy\" decoding=\"async\" width=\"570\" height=\"380\" src=\"https:\/\/www.saka.ee\/wp-content\/uploads\/2022\/08\/saka-sakstekamber-570x380.jpg\" class=\"attachment-img-570x380 size-img-570x380\" alt=\"\" srcset=\"https:\/\/www.saka.ee\/wp-content\/uploads\/2022\/08\/saka-sakstekamber-570x380.jpg 570w, https:\/\/www.saka.ee\/wp-content\/uploads\/2022\/08\/saka-sakstekamber-960x640.jpg 960w, https:\/\/www.saka.ee\/wp-content\/uploads\/2022\/08\/saka-sakstekamber-570x380@2x.jpg 1140w\" sizes=\"auto, (max-width: 570px) 100vw, 570px\" \/><\/a><\/li><\/ul><\/div><\/div><\/div><\/div><\/div>\n\n<div id=\"acf-block_167e9349fe196829a6f9336457df754a\" class=\"acf-block-element element-gallery\"><div class=\"gallery gallery-masonry\"><figure class=\"gallery-item\"><a href=\"https:\/\/www.saka.ee\/wp-content\/uploads\/2022\/08\/saka-hotellimaja-peretuba-001-scaled.jpg\"><img loading=\"lazy\" decoding=\"async\" width=\"383\" height=\"220\" src=\"https:\/\/www.saka.ee\/wp-content\/uploads\/fly-images\/12178\/saka-hotellimaja-peretuba-001-scaled-383x220-c.jpg\" class=\"attachment-383x220\" alt=\"saka-hotellimaja-peretuba-001\" \/><\/a><\/figure><figure class=\"gallery-item\"><a href=\"https:\/\/www.saka.ee\/wp-content\/uploads\/2022\/08\/saka-hotellimaja-peretuba-002-scaled.jpg\"><img loading=\"lazy\" decoding=\"async\" width=\"383\" height=\"220\" src=\"https:\/\/www.saka.ee\/wp-content\/uploads\/fly-images\/12179\/saka-hotellimaja-peretuba-002-scaled-383x220-c.jpg\" class=\"attachment-383x220\" alt=\"saka-hotellimaja-peretuba-002\" \/><\/a><\/figure><figure class=\"gallery-item\"><a href=\"https:\/\/www.saka.ee\/wp-content\/uploads\/2022\/08\/saka-hotellimaja-peretuba-003-scaled.jpg\"><img loading=\"lazy\" decoding=\"async\" width=\"383\" height=\"220\" src=\"https:\/\/www.saka.ee\/wp-content\/uploads\/fly-images\/12180\/saka-hotellimaja-peretuba-003-scaled-383x220-c.jpg\" class=\"attachment-383x220\" alt=\"saka-hotellimaja-peretuba-003\" \/><\/a><\/figure><figure class=\"gallery-item\"><a href=\"https:\/\/www.saka.ee\/wp-content\/uploads\/2022\/08\/saka-hotellimaja-peretuba-004-scaled.jpg\"><img loading=\"lazy\" decoding=\"async\" width=\"383\" height=\"220\" src=\"https:\/\/www.saka.ee\/wp-content\/uploads\/fly-images\/12181\/saka-hotellimaja-peretuba-004-scaled-383x220-c.jpg\" class=\"attachment-383x220\" alt=\"saka-hotellimaja-peretuba-004\" \/><\/a><\/figure><figure class=\"gallery-item\"><a href=\"https:\/\/www.saka.ee\/wp-content\/uploads\/2022\/08\/saka-hotellimaja-peretuba-005-scaled.jpg\"><img loading=\"lazy\" decoding=\"async\" width=\"383\" height=\"220\" src=\"https:\/\/www.saka.ee\/wp-content\/uploads\/fly-images\/12182\/saka-hotellimaja-peretuba-005-scaled-383x220-c.jpg\" class=\"attachment-383x220\" alt=\"saka-hotellimaja-peretuba-005\" \/><\/a><\/figure><figure class=\"gallery-item\"><a href=\"https:\/\/www.saka.ee\/wp-content\/uploads\/2022\/08\/saka-hotellimaja-peretuba-006-scaled.jpg\"><img loading=\"lazy\" decoding=\"async\" width=\"383\" height=\"220\" src=\"https:\/\/www.saka.ee\/wp-content\/uploads\/fly-images\/12183\/saka-hotellimaja-peretuba-006-scaled-383x220-c.jpg\" class=\"attachment-383x220\" alt=\"saka-hotellimaja-peretuba-006\" \/><\/a><\/figure><figure class=\"gallery-item\"><a href=\"https:\/\/www.saka.ee\/wp-content\/uploads\/2022\/08\/saka-hotellimaja-peretuba-007-scaled.jpg\"><img loading=\"lazy\" decoding=\"async\" width=\"383\" height=\"220\" src=\"https:\/\/www.saka.ee\/wp-content\/uploads\/fly-images\/12184\/saka-hotellimaja-peretuba-007-scaled-383x220-c.jpg\" class=\"attachment-383x220\" alt=\"saka-hotellimaja-peretuba-007\" \/><\/a><\/figure><figure class=\"gallery-item\"><a href=\"https:\/\/www.saka.ee\/wp-content\/uploads\/2022\/08\/saka-hotellimaja-peretuba-008-scaled.jpg\"><img loading=\"lazy\" decoding=\"async\" width=\"383\" height=\"220\" src=\"https:\/\/www.saka.ee\/wp-content\/uploads\/fly-images\/12185\/saka-hotellimaja-peretuba-008-scaled-383x220-c.jpg\" class=\"attachment-383x220\" alt=\"saka-hotellimaja-peretuba-008\" \/><\/a><\/figure><figure class=\"gallery-item\"><a href=\"https:\/\/www.saka.ee\/wp-content\/uploads\/2022\/08\/saka-hotellimaja-peretuba-009-scaled.jpg\"><img loading=\"lazy\" decoding=\"async\" width=\"383\" height=\"220\" src=\"https:\/\/www.saka.ee\/wp-content\/uploads\/fly-images\/12186\/saka-hotellimaja-peretuba-009-scaled-383x220-c.jpg\" class=\"attachment-383x220\" alt=\"saka-hotellimaja-peretuba-009\" \/><\/a><\/figure><\/div><\/div>\n\n\n<h2 class=\"wp-block-heading has-theme-primary-color has-text-color has-large-font-size wp-el\">Tiedustelut ja varaukset:<\/h2>\n\n\n\n<ul class=\"wp-el wp-block-list\">\n<li>Puhelin: <a href=\"tel:+372 336 4900\">+372 336 4900<\/a><\/li>\n\n\n\n<li>S\u00e4hk\u00f6posti: <a href=\"mailto:saka@saka.ee\">saka@saka.ee<\/a><\/li>\n<\/ul>\n\n\n\n<p class=\"has-small-font-size wp-el\"><strong>HUOM!<\/strong> Hintoja voidaan muuttaa ilman erillist\u00e4 ilmoitusta. Palautusta ei anneta maksullisista palveluista, jotka ovat j\u00e4\u00e4neet k\u00e4ytt\u00e4m\u00e4tt\u00e4 Sakan kartanosta riippumattomista syist\u00e4.<\/p>\n\n\n<div id=\"acf-block_173007e3f0faf8bccd8efb38249b2379\" class=\"acf-block-element element-cards-slider\"><div class=\"splide\" data-splide={\"type\":\"slide\",\"gap\":\"3.75rem\",\"clones\":0,\"autoWidth\":true,\"pagination\":false}><div class=\"splide__arrows is-relative d-flex flex-wrap align-items-center justify-content-end\"><h2>Kaikki huoneet<\/h2><div class=\"d-flex flex-wrap\"><button class=\"splide__arrow splide__arrow--prev\"><svg xmlns=\"http:\/\/www.w3.org\/2000\/svg\" width=\"24\" height=\"18\" viewBox=\"0 0 24 18\"><path d=\"M-2453.12-3419.378a1.205,1.205,0,0,0,0-1.818l-6.06-5.519h17.768A1.354,1.354,0,0,0-2440-3428a1.354,1.354,0,0,0-1.412-1.285h-17.767l6.059-5.518a1.205,1.205,0,0,0,0-1.818,1.51,1.51,0,0,0-2,0l-8.47,7.713a1.206,1.206,0,0,0,0,1.819l8.47,7.713a1.483,1.483,0,0,0,1,.378A1.482,1.482,0,0,0-2453.12-3419.378Z\" transform=\"translate(2464.001 3437)\" fill=\"#015841\"\/><\/svg><\/button><button class=\"splide__arrow splide__arrow--next\"><svg xmlns=\"http:\/\/www.w3.org\/2000\/svg\" width=\"24\" height=\"18\" viewBox=\"0 0 24 18\"><path d=\"M-2450.881-3419.378a1.205,1.205,0,0,1,0-1.818l6.06-5.519h-17.768A1.354,1.354,0,0,1-2464-3428a1.354,1.354,0,0,1,1.412-1.285h17.767l-6.059-5.518a1.205,1.205,0,0,1,0-1.818,1.51,1.51,0,0,1,2,0l8.47,7.713a1.206,1.206,0,0,1,0,1.819l-8.47,7.713a1.483,1.483,0,0,1-1,.378A1.482,1.482,0,0,1-2450.881-3419.378Z\" transform=\"translate(2464.001 3437)\" fill=\"#015841\"\/><\/svg><\/button><\/div><\/div><div class=\"splide__track\"><ul class=\"splide__list\"><li class=\"splide__slide\"><a href=\"https:\/\/www.saka.ee\/fi\/majutus\/hotell\/kahene-dbl-twin-tuba\/\" target=\"\" class=\"slide-card\"><div class=\"slide-card__thumb aspect-item\"><img loading=\"lazy\" decoding=\"async\" width=\"370\" height=\"240\" src=\"https:\/\/www.saka.ee\/wp-content\/uploads\/fly-images\/12198\/saka-hotellimaja-dbl-twin-006-scaled-370x240-c.jpg\" class=\"attachment-370x240\" alt=\"saka-hotellimaja-dbl-twin-006\" \/><\/div><div class=\"slide-card__content\"><p class=\"has-theme-primary-color\">Kahden hengen double- ja twin-huoneet<\/p><\/div><div class=\"slide-card__link\"><span\" class=\"d-inline-flex font-weight-bold align-items-center\" target=\"\"><span class=\"d-block\">Lue lis\u00e4\u00e4<\/span><svg xmlns=\"http:\/\/www.w3.org\/2000\/svg\" width=\"16\" height=\"12\" viewBox=\"0 0 16 12\"><path d=\"M-2455.254-3425.253a.8.8,0,0,1,0-1.211l4.04-3.68h-11.845A.9.9,0,0,1-2464-3431a.9.9,0,0,1,.941-.857h11.845l-4.04-3.679a.8.8,0,0,1,0-1.212,1.007,1.007,0,0,1,1.331,0l5.646,5.142a.8.8,0,0,1,0,1.213l-5.646,5.142a.989.989,0,0,1-.666.252A.987.987,0,0,1-2455.254-3425.253Z\" transform=\"translate(2464 3437)\" fill=\"currentColor\"\/><\/svg><\/span><\/div><\/a><\/li><li class=\"splide__slide\"><a href=\"https:\/\/www.saka.ee\/fi\/majutus\/hotell\/dbl-pluss-tuba\/\" target=\"\" class=\"slide-card\"><div class=\"slide-card__thumb aspect-item\"><img loading=\"lazy\" decoding=\"async\" width=\"370\" height=\"240\" src=\"https:\/\/www.saka.ee\/wp-content\/uploads\/fly-images\/12207\/saka-hotellimaja-dbl-plus-004-scaled-370x240-c.jpg\" class=\"attachment-370x240\" alt=\"saka-hotellimaja-dbl-plus-004\" \/><\/div><div class=\"slide-card__content\"><p class=\"has-theme-primary-color\">DBL+ tuba<\/p><\/div><div class=\"slide-card__link\"><span\" class=\"d-inline-flex font-weight-bold align-items-center\" target=\"\"><span class=\"d-block\">Lue lis\u00e4\u00e4<\/span><svg xmlns=\"http:\/\/www.w3.org\/2000\/svg\" width=\"16\" height=\"12\" viewBox=\"0 0 16 12\"><path d=\"M-2455.254-3425.253a.8.8,0,0,1,0-1.211l4.04-3.68h-11.845A.9.9,0,0,1-2464-3431a.9.9,0,0,1,.941-.857h11.845l-4.04-3.679a.8.8,0,0,1,0-1.212,1.007,1.007,0,0,1,1.331,0l5.646,5.142a.8.8,0,0,1,0,1.213l-5.646,5.142a.989.989,0,0,1-.666.252A.987.987,0,0,1-2455.254-3425.253Z\" transform=\"translate(2464 3437)\" fill=\"currentColor\"\/><\/svg><\/span><\/div><\/a><\/li><li class=\"splide__slide\"><a href=\"https:\/\/www.saka.ee\/fi\/majutus\/hotell\/dbl-de-luxe-tuba\/\" target=\"\" class=\"slide-card\"><div class=\"slide-card__thumb aspect-item\"><img loading=\"lazy\" decoding=\"async\" width=\"370\" height=\"240\" src=\"https:\/\/www.saka.ee\/wp-content\/uploads\/fly-images\/12187\/saka-hotellimaja-dbl-deluxe-001-scaled-370x240-c.jpg\" class=\"attachment-370x240\" alt=\"saka-hotellimaja-dbl-deluxe-001\" \/><\/div><div class=\"slide-card__content\"><p class=\"has-theme-primary-color\">Double de lux-huone<\/p><\/div><div class=\"slide-card__link\"><span\" class=\"d-inline-flex font-weight-bold align-items-center\" target=\"\"><span class=\"d-block\">Lue lis\u00e4\u00e4<\/span><svg xmlns=\"http:\/\/www.w3.org\/2000\/svg\" width=\"16\" height=\"12\" viewBox=\"0 0 16 12\"><path d=\"M-2455.254-3425.253a.8.8,0,0,1,0-1.211l4.04-3.68h-11.845A.9.9,0,0,1-2464-3431a.9.9,0,0,1,.941-.857h11.845l-4.04-3.679a.8.8,0,0,1,0-1.212,1.007,1.007,0,0,1,1.331,0l5.646,5.142a.8.8,0,0,1,0,1.213l-5.646,5.142a.989.989,0,0,1-.666.252A.987.987,0,0,1-2455.254-3425.253Z\" transform=\"translate(2464 3437)\" fill=\"currentColor\"\/><\/svg><\/span><\/div><\/a><\/li><li class=\"splide__slide\"><a href=\"https:\/\/www.saka.ee\/fi\/majutus\/hotell\/peretuba\/\" target=\"\" class=\"slide-card\"><div class=\"slide-card__thumb aspect-item\"><img loading=\"lazy\" decoding=\"async\" width=\"370\" height=\"240\" src=\"https:\/\/www.saka.ee\/wp-content\/uploads\/fly-images\/12179\/saka-hotellimaja-peretuba-002-scaled-370x240-c.jpg\" class=\"attachment-370x240\" alt=\"saka-hotellimaja-peretuba-002\" \/><\/div><div class=\"slide-card__content\"><p class=\"has-theme-primary-color\">Perhehuoneisto<\/p><\/div><div class=\"slide-card__link\"><span\" class=\"d-inline-flex font-weight-bold align-items-center\" target=\"\"><span class=\"d-block\">Lue lis\u00e4\u00e4<\/span><svg xmlns=\"http:\/\/www.w3.org\/2000\/svg\" width=\"16\" height=\"12\" viewBox=\"0 0 16 12\"><path d=\"M-2455.254-3425.253a.8.8,0,0,1,0-1.211l4.04-3.68h-11.845A.9.9,0,0,1-2464-3431a.9.9,0,0,1,.941-.857h11.845l-4.04-3.679a.8.8,0,0,1,0-1.212,1.007,1.007,0,0,1,1.331,0l5.646,5.142a.8.8,0,0,1,0,1.213l-5.646,5.142a.989.989,0,0,1-.666.252A.987.987,0,0,1-2455.254-3425.253Z\" transform=\"translate(2464 3437)\" fill=\"currentColor\"\/><\/svg><\/span><\/div><\/a><\/li><\/ul><\/div><\/div><\/div>","protected":false},"excerpt":{"rendered":"","protected":false},"author":1,"featured_media":0,"parent":12682,"menu_order":127,"comment_status":"closed","ping_status":"closed","template":"","meta":{"_acf_changed":false,"inline_featured_image":false,"footnotes":""},"class_list":["post-12665","page","type-page","status-publish","hentry"],"acf":[],"_links":{"self":[{"href":"https:\/\/www.saka.ee\/fi\/wp-json\/wp\/v2\/pages\/12665","targetHints":{"allow":["GET"]}}],"collection":[{"href":"https:\/\/www.saka.ee\/fi\/wp-json\/wp\/v2\/pages"}],"about":[{"href":"https:\/\/www.saka.ee\/fi\/wp-json\/wp\/v2\/types\/page"}],"author":[{"embeddable":true,"href":"https:\/\/www.saka.ee\/fi\/wp-json\/wp\/v2\/users\/1"}],"replies":[{"embeddable":true,"href":"https:\/\/www.saka.ee\/fi\/wp-json\/wp\/v2\/comments?post=12665"}],"version-history":[{"count":5,"href":"https:\/\/www.saka.ee\/fi\/wp-json\/wp\/v2\/pages\/12665\/revisions"}],"predecessor-version":[{"id":17767,"href":"https:\/\/www.saka.ee\/fi\/wp-json\/wp\/v2\/pages\/12665\/revisions\/17767"}],"up":[{"embeddable":true,"href":"https:\/\/www.saka.ee\/fi\/wp-json\/wp\/v2\/pages\/12682"}],"wp:attachment":[{"href":"https:\/\/www.saka.ee\/fi\/wp-json\/wp\/v2\/media?parent=12665"}],"curies":[{"name":"wp","href":"https:\/\/api.w.org\/{rel}","templated":true}]}}