{"id":12670,"date":"2022-06-13T18:00:37","date_gmt":"2022-06-13T15:00:37","guid":{"rendered":"https:\/\/www.saka.ee\/kinkekaart\/"},"modified":"2025-04-17T10:53:43","modified_gmt":"2025-04-17T07:53:43","slug":"kinkekaart","status":"publish","type":"page","link":"https:\/\/www.saka.ee\/fi\/kinkekaart\/","title":{"rendered":"Kinkekaart"},"content":{"rendered":"\n<p class=\"wp-el\"><strong><span style=\"color:var(--primary-color)\" class=\"tadv-color\">Saka M\u00f5isa kinkekaart<\/span><\/strong> on hea m\u00f5te, kui tahad teha kellelegi meeldiva \u00fcllatuse v\u00f5i m\u00f5nusa kingituse.<\/p>\n\n\n\n<p class=\"wp-el\"><strong>Kinkekaardi saad teha v\u00e4\u00e4ringus, mille m\u00e4\u00e4rad ise\u2026 Muuda mis iganes t\u00e4htp\u00e4ev kalli inimese jaoks eriliseks.<\/strong><\/p>\n\n\n\n<ul class=\"wp-block-list wp-el\">\n<li>Kingi t\u00e4helepanu\u2026<\/li>\n\n\n\n<li>Kingi aega tema enda jaoks\u2026<\/li>\n\n\n\n<li>Kingi romantiline \u00f5htus\u00f6\u00f6k\u2026<\/li>\n\n\n\n<li>Kingi t\u00fckike \u00fcrgset loodust\u2026<\/li>\n\n\n\n<li>Kingi oma head kavatsused\u2026<\/li>\n\n\n\n<li>Kingi keha ja hinge harmoonia\u2026<\/li>\n\n\n\n<li>Kingi midagi t\u00f5eliselt meeldej\u00e4\u00e4vat\u2026<\/li>\n<\/ul>\n\n\n\n<p class=\"wp-el\">Saadame kinkekaardi firma\u00fcmbrikus Sinu poolt soovitud aadressile. Tule, lepime eelnevalt k\u00f5iges kokku.<\/p>\n\n\n\n<p class=\"wp-el\">Soovi korral pakume ka e-kinkekaarte, mida saadame Teie poolt m\u00e4\u00e4ratud e-posti aadressile. Kinkekaardid saadame v\u00e4lja peale 100% ettemaksu laekumist. Selleks, et saadaksime kinkekaardid v\u00f5imalikult kiiresti, palume kohe lisada tellimusele maksekorralduse koopia e-pangast.<\/p>\n\n\n\n<p class=\"wp-el\">V\u00e4ljastatavad kinkekaardid kehtivad kuni 6 kuud, loetuna v\u00e4ljastamise kuup\u00e4evast. Peale kehtivusaja l\u00f5ppu kaotab v\u00e4ljastatud kaart oma maksej\u00f5u- seega palume nii kinkekaartide kinkijatel kui ka saajatel oma kingitusse heaperemehelikult suhtuda.<\/p>\n\n\n\n<p class=\"wp-el\">Kinkekaardiga ei saa tasuda sooduspakkumiste eest va. juhul, kui kinkekaart lunastatakse enne sooduspakkumise l\u00f5ppu. Vastava m\u00e4rke teeme ka kinkekaardile.<\/p>\n\n\n\n<p class=\"wp-el\">NB! Kinkekaarte ei ole v\u00f5imalik konverteerida rahaks. Soetatud kinkekaarte ei saa kahjuks hotellile tagastada \u2013 kokkuleppel saab pikendada kinkekaartide kehtivusaega.<\/p>\n\n\n\n<p class=\"wp-el\">Osta kinkekaart mugavalt <a href=\"http:\/\/kinkekaart.saka.ee\" data-type=\"link\" data-id=\"kinkekaart.saka.ee\" rel=\"nofollow noopener\" target=\"_blank\">siit<\/a>.<\/p>\n\n\n\n<h3 class=\"wp-block-heading wp-el\">T\u00e4iendav info ja tellimine:<\/h3>\n\n\n\n<ul class=\"wp-block-list wp-el\">\n<li>Telefon: <a href=\"tel:+372 3364 900\">+372 3364 900<\/a><\/li>\n\n\n\n<li>E-post: <a href=\"mailto:saka@saka.ee\">saka@saka.ee<\/a><\/li>\n<\/ul>\n\n\n<div id=\"acf-block_2cf3acd01781108221f3589793e56f5f\" class=\"acf-block-element element-gallery\"><div class=\"gallery gallery-grid\"><figure class=\"gallery-item\"><a href=\"https:\/\/www.saka.ee\/wp-content\/uploads\/2022\/05\/moisa-taassund.jpg\"><img loading=\"lazy\" decoding=\"async\" width=\"383\" height=\"220\" src=\"https:\/\/www.saka.ee\/wp-content\/uploads\/fly-images\/11819\/moisa-taassund-383x220-c.jpg\" class=\"attachment-383x220\" alt=\"moisa-taassund\" \/><\/a><\/figure><figure class=\"gallery-item\"><a href=\"https:\/\/www.saka.ee\/wp-content\/uploads\/2022\/05\/012A6751-min-scaled.jpg\"><img loading=\"lazy\" decoding=\"async\" width=\"383\" height=\"220\" src=\"https:\/\/www.saka.ee\/wp-content\/uploads\/fly-images\/11773\/012A6751-min-scaled-383x220-c.jpg\" class=\"attachment-383x220\" alt=\"012A6751-min\" \/><\/a><\/figure><figure class=\"gallery-item\"><a href=\"https:\/\/www.saka.ee\/wp-content\/uploads\/2022\/05\/saka_kertin_vasser-8-of-10-min-scaled.jpg\"><img loading=\"lazy\" decoding=\"async\" width=\"383\" height=\"220\" src=\"https:\/\/www.saka.ee\/wp-content\/uploads\/fly-images\/11777\/saka_kertin_vasser-8-of-10-min-scaled-383x220-c.jpg\" class=\"attachment-383x220\" alt=\"saka_kertin_vasser-8-of-10-min\" \/><\/a><\/figure><figure class=\"gallery-item\"><a href=\"https:\/\/www.saka.ee\/wp-content\/uploads\/2022\/05\/saka_kertin_vasser-6-of-10-min-scaled.jpg\"><img loading=\"lazy\" decoding=\"async\" width=\"383\" height=\"220\" src=\"https:\/\/www.saka.ee\/wp-content\/uploads\/fly-images\/11776\/saka_kertin_vasser-6-of-10-min-scaled-383x220-c.jpg\" class=\"attachment-383x220\" alt=\"saka_kertin_vasser-6-of-10-min\" \/><\/a><\/figure><figure class=\"gallery-item\"><a href=\"https:\/\/www.saka.ee\/wp-content\/uploads\/2022\/05\/V0A6621-min.jpg\"><img loading=\"lazy\" decoding=\"async\" width=\"383\" height=\"220\" src=\"https:\/\/www.saka.ee\/wp-content\/uploads\/fly-images\/11781\/V0A6621-min-383x220-c.jpg\" class=\"attachment-383x220\" alt=\"V0A6621-min\" \/><\/a><\/figure><figure class=\"gallery-item\"><a href=\"https:\/\/www.saka.ee\/wp-content\/uploads\/2022\/05\/6Q7A0428-min-scaled.jpg\"><img loading=\"lazy\" decoding=\"async\" width=\"383\" height=\"220\" src=\"https:\/\/www.saka.ee\/wp-content\/uploads\/fly-images\/11762\/6Q7A0428-min-scaled-383x220-c.jpg\" class=\"attachment-383x220\" alt=\"6Q7A0428-min\" \/><\/a><\/figure><figure class=\"gallery-item\"><a href=\"https:\/\/www.saka.ee\/wp-content\/uploads\/2022\/05\/6Q7A0378-min-scaled.jpg\"><img loading=\"lazy\" decoding=\"async\" width=\"383\" height=\"220\" src=\"https:\/\/www.saka.ee\/wp-content\/uploads\/fly-images\/11747\/6Q7A0378-min-scaled-383x220-c.jpg\" class=\"attachment-383x220\" alt=\"6Q7A0378-min\" \/><\/a><\/figure><figure class=\"gallery-item\"><a href=\"https:\/\/www.saka.ee\/wp-content\/uploads\/2022\/05\/6Q7A0401-min-scaled.jpg\"><img loading=\"lazy\" decoding=\"async\" width=\"383\" height=\"220\" src=\"https:\/\/www.saka.ee\/wp-content\/uploads\/fly-images\/11755\/6Q7A0401-min-scaled-383x220-c.jpg\" class=\"attachment-383x220\" alt=\"6Q7A0401-min\" \/><\/a><\/figure><figure class=\"gallery-item\"><a href=\"https:\/\/www.saka.ee\/wp-content\/uploads\/2022\/05\/6Q7A0109-min-scaled.jpg\"><img loading=\"lazy\" decoding=\"async\" width=\"383\" height=\"220\" src=\"https:\/\/www.saka.ee\/wp-content\/uploads\/fly-images\/11743\/6Q7A0109-min-scaled-383x220-c.jpg\" class=\"attachment-383x220\" alt=\"6Q7A0109-min\" \/><\/a><\/figure><\/div><\/div>","protected":false},"excerpt":{"rendered":"<p>Saka M\u00f5isa kinkekaart on hea m\u00f5te, kui tahad teha kellelegi meeldiva \u00fcllatuse v\u00f5i m\u00f5nusa kingituse. Kinkekaardi saad teha v\u00e4\u00e4ringus, mille&#8230;<\/p>\n","protected":false},"author":1,"featured_media":0,"parent":0,"menu_order":266,"comment_status":"closed","ping_status":"closed","template":"","meta":{"_acf_changed":false,"inline_featured_image":false,"footnotes":""},"class_list":["post-12670","page","type-page","status-publish","hentry"],"acf":[],"_links":{"self":[{"href":"https:\/\/www.saka.ee\/fi\/wp-json\/wp\/v2\/pages\/12670","targetHints":{"allow":["GET"]}}],"collection":[{"href":"https:\/\/www.saka.ee\/fi\/wp-json\/wp\/v2\/pages"}],"about":[{"href":"https:\/\/www.saka.ee\/fi\/wp-json\/wp\/v2\/types\/page"}],"author":[{"embeddable":true,"href":"https:\/\/www.saka.ee\/fi\/wp-json\/wp\/v2\/users\/1"}],"replies":[{"embeddable":true,"href":"https:\/\/www.saka.ee\/fi\/wp-json\/wp\/v2\/comments?post=12670"}],"version-history":[{"count":2,"href":"https:\/\/www.saka.ee\/fi\/wp-json\/wp\/v2\/pages\/12670\/revisions"}],"predecessor-version":[{"id":17761,"href":"https:\/\/www.saka.ee\/fi\/wp-json\/wp\/v2\/pages\/12670\/revisions\/17761"}],"wp:attachment":[{"href":"https:\/\/www.saka.ee\/fi\/wp-json\/wp\/v2\/media?parent=12670"}],"curies":[{"name":"wp","href":"https:\/\/api.w.org\/{rel}","templated":true}]}}