{"id":12673,"date":"2022-05-31T11:36:27","date_gmt":"2022-05-31T08:36:27","guid":{"rendered":"https:\/\/www.saka.ee\/a-la-carte-menuu\/"},"modified":"2025-07-08T00:39:06","modified_gmt":"2025-07-07T21:39:06","slug":"a-la-carte-menuu","status":"publish","type":"page","link":"https:\/\/www.saka.ee\/fi\/restoran\/a-la-carte-menuu\/","title":{"rendered":"\u00c0 la carte -menu"},"content":{"rendered":"<div id=\"acf-block_b61b889941442712450fe13bd563da64\" class=\"acf-block-element element-cover alignmax is-shorter\"><div class=\"splide\" data-splide={\"type\":\"slide\",\"arrows\":false}><div class=\"splide__track\"><ul class=\"splide__list\"><li class=\"splide__slide\"><div class=\"splide__slide-bg\"><img loading=\"lazy\" decoding=\"async\" width=\"1920\" height=\"980\" src=\"https:\/\/www.saka.ee\/wp-content\/uploads\/fly-images\/13054\/IMG_6736_1-1920x980-c.jpg\" class=\"attachment-1920x980\" alt=\"IMG_6736_1\" \/><\/div><div class=\"splide__slide-content container d-flex flex-wrap align-items-center\"><div class=\"slide-content text-center w-100\"><h1 class=\"slide-title has-giant-font-size font-weight-bold\">\u00c0 la carte -menu<\/h1><\/div><\/div><\/li><\/ul><\/div><\/div><\/div>\n\n<div id=\"acf-block_03e65d6cbe6e0aa93f458c08243e88fd\" class=\"acf-block-element element-food-menus\"><div class=\"food-menu-list\"><div class=\"food-menu-item\"><p class=\"food-menu-item__heading font-weight-bold text-uppercase has-theme-primary-color\">ALKURUOKA<\/p><div class=\"food-menu-item__component\"><div class=\"component-heading has-large-font-size d-flex flex-wrap font-weight-bold has-theme-primary-color\"><p>PIL-PIL-J\u00c4TTIKATKARAVUT<\/p><p>14 \u20ac<\/p><\/div><p>Sitruuna-valkosipulikastike, tuoreita yrttej\u00e4, ciabatta<\/p><\/div><div class=\"food-menu-item__component\"><div class=\"component-heading has-large-font-size d-flex flex-wrap font-weight-bold has-theme-primary-color\"><p>NAUDANLIHATARTAR \/G\/<\/p><p>15 \u20ac<\/p><\/div><p>Suolakurkku, sipuli, kimchikastike, ruohosipuli, yrttimajoneesi, viiri\u00e4isen muna, krutongit.<\/p><\/div><div class=\"food-menu-item__component\"><div class=\"component-heading has-large-font-size d-flex flex-wrap font-weight-bold has-theme-primary-color\"><p>VUOHENJUUSTOSALAATTI PANKO \/L\/<\/p><p>14 \u20ac<\/p><\/div><p>Vuohenjuustoa, vihre\u00e4\u00e4 salaattia, punajuurta, kurkkua, vihreit\u00e4 papuja, mustaherukkabalsamicoa, p\u00e4hkin\u00f6it\u00e4.<\/p><\/div><div class=\"food-menu-item__component\"><div class=\"component-heading has-large-font-size d-flex flex-wrap font-weight-bold has-theme-primary-color\"><p>\u00c4YRI\u00c4ISSALAATTI<\/p><p>14 \u20ac<\/p><\/div><p>Taimen, j\u00e4ttikatkarapu, simpukoita, vihre\u00e4 salaatti, fenkoli, ceviche-kastike, kirsikkatomaatti, vihre\u00e4t pavut, kurkku<\/p><\/div><div class=\"food-menu-item__component\"><div class=\"component-heading has-large-font-size d-flex flex-wrap font-weight-bold has-theme-primary-color\"><p>TALON PERUNASSIPSIT CHEDDAR-JUUSTOLLA \/L\/<\/p><p>6 \u20ac<\/p><\/div><\/div><div class=\"food-menu-item__component\"><div class=\"component-heading has-large-font-size d-flex flex-wrap font-weight-bold has-theme-primary-color\"><p>PIKKUPURTAVAT \/L,G\/<\/p><p>20 \u20ac<\/p><\/div><p>Serrano sink, fuet salaami, napoli salaami, sinihallitusjuust, tr\u00fchvlijuust, karamelliseeritud kitsejuust, viigimarjamoos, oliivid, ciabatta<\/p><\/div><\/div><div class=\"food-menu-item\"><p class=\"food-menu-item__heading font-weight-bold text-uppercase has-theme-primary-color\">KEITTO JA PASTA<\/p><div class=\"food-menu-item__component\"><div class=\"component-heading has-large-font-size d-flex flex-wrap font-weight-bold has-theme-primary-color\"><p>LINGUINE CARBONARA \/L\/<\/p><p>12 \u20ac<\/p><\/div><p>Linguine-pasta, pekoni, munankeltuainen, kova juusto<\/p><\/div><div class=\"food-menu-item__component\"><div class=\"component-heading has-large-font-size d-flex flex-wrap font-weight-bold has-theme-primary-color\"><p>PASTA PAPPARDELLE TRYFFELILL\u00c4 \/L,G\/<\/p><p>12 \u20ac<\/p><\/div><p>pappardelle-tuorepasta, tryffelikastike, sipuli, herkkusieni, kova juusto<\/p><\/div><div class=\"food-menu-item__component\"><div class=\"component-heading has-large-font-size d-flex flex-wrap font-weight-bold has-theme-primary-color\"><p>SAVUSTETTUJUUSTOKEITTO JA ANKANKOIVEN CONFIT \/L,G\/<\/p><p>12 \u20ac<\/p><\/div><p>Juustokeitto, haudutettu ankan koipi, kirsikkatomaatti, fenkoli<\/p><\/div><\/div><div class=\"food-menu-item\"><p class=\"food-menu-item__heading font-weight-bold text-uppercase has-theme-primary-color\">P\u00c4\u00c4RUOKA<\/p><div class=\"food-menu-item__component\"><div class=\"component-heading has-large-font-size d-flex flex-wrap font-weight-bold has-theme-primary-color\"><p>MAITOVASIKKAPAISTI \/L\/<\/p><p>25 \u20ac<\/p><\/div><p>Maitovasikan paistiliha, sienikastike, kasvisratatouille<\/p><\/div><div class=\"food-menu-item__component\"><div class=\"component-heading has-large-font-size d-flex flex-wrap font-weight-bold has-theme-primary-color\"><p>TAIMENFILEE<\/p><p>22 \u20ac<\/p><\/div><p>Taimenfilee, wasabi-seesami, yrttirisotto, daikonnuudelit, sokeriherne<\/p><\/div><div class=\"food-menu-item__component\"><div class=\"component-heading has-large-font-size d-flex flex-wrap font-weight-bold has-theme-primary-color\"><p>MAISSIKANAFILEE \/L,G\/<\/p><p>18 \u20ac<\/p><\/div><p>Ananas- ja sinapinsiemenkuorrutteella, liekitetyt kirsikkatomaatit, roomansalaatti.<\/p><\/div><div class=\"food-menu-item__component\"><div class=\"component-heading has-large-font-size d-flex flex-wrap font-weight-bold has-theme-primary-color\"><p>VASIKANLIHABURGERI \/G\/<\/p><p>18 \u20ac<\/p><\/div><p>Briossis\u00e4mpyl\u00e4, vasikan k\u00e4sintehty pihvi, BBQ-majoneesi, cheddarjuusto, tomaatti, pekoni, lehtisalaatti, ranskanperunat, ketsuppi<\/p><\/div><div class=\"food-menu-item__component\"><div class=\"component-heading has-large-font-size d-flex flex-wrap font-weight-bold has-theme-primary-color\"><p>GRILLATTU MUNAKOISO \/V\/<\/p><p>16 \u20ac<\/p><\/div><p>Munakoiso, kvinoa, herne, kirsikkatomaatti, suolakurkkutartar ja kimchikastike.<\/p><\/div><\/div><div class=\"food-menu-item\"><p class=\"food-menu-item__heading font-weight-bold text-uppercase has-theme-primary-color\">J\u00c4LKIRUOKA<\/p><div class=\"food-menu-item__component\"><div class=\"component-heading has-large-font-size d-flex flex-wrap font-weight-bold has-theme-primary-color\"><p>PISTAASI CR\u00c8ME BR\u00dbL\u00c9E \/L,G\/<\/p><p>6 \u20ac<\/p><\/div><p>Sokerikuorrute, muru, marjat<\/p><\/div><div class=\"food-menu-item__component\"><div class=\"component-heading has-large-font-size d-flex flex-wrap font-weight-bold has-theme-primary-color\"><p>BRITAKAKKU  \/L,G\/<\/p><p>8 \u20ac<\/p><\/div><p>vadelma, mascarpone-kreemi, sitruunavaahto<\/p><\/div><div class=\"food-menu-item__component\"><div class=\"component-heading has-large-font-size d-flex flex-wrap font-weight-bold has-theme-primary-color\"><p>P\u00c4\u00c4RYNA TART TATIN \/L,G\/<\/p><p>8 \u20ac<\/p><\/div><p>P\u00e4\u00e4ryn\u00e4, lehtitaikina, crumble-muruseos, karamellij\u00e4\u00e4tel\u00f6<\/p><\/div><\/div><div class=\"food-menu-item\"><p class=\"food-menu-item__heading font-weight-bold text-uppercase has-theme-primary-color\">LAPSILLE<\/p><div class=\"food-menu-item__component\"><div class=\"component-heading has-large-font-size d-flex flex-wrap font-weight-bold has-theme-primary-color\"><p>JAUHELIHAPIHVI \/G\/<\/p><p>6 \u20ac<\/p><\/div><p>Rapeat perunat ja kastike<\/p><\/div><div class=\"food-menu-item__component\"><div class=\"component-heading has-large-font-size d-flex flex-wrap font-weight-bold has-theme-primary-color\"><p>MAKARONIT \/G,L\/<\/p><p>6 \u20ac<\/p><\/div><p>Makaronit, kinkkukastike<\/p><\/div><div class=\"food-menu-item__component\"><div class=\"component-heading has-large-font-size d-flex flex-wrap font-weight-bold has-theme-primary-color\"><p>BROILERINFILEE \/L\/<\/p><p>6 \u20ac<\/p><\/div><p>Peruna, kermakastike<\/p><\/div><div class=\"food-menu-item__component\"><div class=\"component-heading has-large-font-size d-flex flex-wrap font-weight-bold has-theme-primary-color\"><p>LETUT \/G,L\/<\/p><p>5 \u20ac<\/p><\/div><p>Letut hillolla<\/p><\/div><\/div><\/div><\/div>","protected":false},"excerpt":{"rendered":"","protected":false},"author":1,"featured_media":0,"parent":12690,"menu_order":146,"comment_status":"closed","ping_status":"closed","template":"","meta":{"_acf_changed":false,"inline_featured_image":false,"footnotes":""},"class_list":["post-12673","page","type-page","status-publish","hentry"],"acf":[],"_links":{"self":[{"href":"https:\/\/www.saka.ee\/fi\/wp-json\/wp\/v2\/pages\/12673","targetHints":{"allow":["GET"]}}],"collection":[{"href":"https:\/\/www.saka.ee\/fi\/wp-json\/wp\/v2\/pages"}],"about":[{"href":"https:\/\/www.saka.ee\/fi\/wp-json\/wp\/v2\/types\/page"}],"author":[{"embeddable":true,"href":"https:\/\/www.saka.ee\/fi\/wp-json\/wp\/v2\/users\/1"}],"replies":[{"embeddable":true,"href":"https:\/\/www.saka.ee\/fi\/wp-json\/wp\/v2\/comments?post=12673"}],"version-history":[{"count":5,"href":"https:\/\/www.saka.ee\/fi\/wp-json\/wp\/v2\/pages\/12673\/revisions"}],"predecessor-version":[{"id":17870,"href":"https:\/\/www.saka.ee\/fi\/wp-json\/wp\/v2\/pages\/12673\/revisions\/17870"}],"up":[{"embeddable":true,"href":"https:\/\/www.saka.ee\/fi\/wp-json\/wp\/v2\/pages\/12690"}],"wp:attachment":[{"href":"https:\/\/www.saka.ee\/fi\/wp-json\/wp\/v2\/media?parent=12673"}],"curies":[{"name":"wp","href":"https:\/\/api.w.org\/{rel}","templated":true}]}}