{"id":12675,"date":"2022-05-31T10:39:17","date_gmt":"2022-05-31T07:39:17","guid":{"rendered":"https:\/\/www.saka.ee\/interjoor\/"},"modified":"2022-05-31T10:39:17","modified_gmt":"2022-05-31T07:39:17","slug":"interjoor","status":"publish","type":"page","link":"https:\/\/www.saka.ee\/fi\/mois\/interjoor\/","title":{"rendered":"Interj\u00f6\u00f6r"},"content":{"rendered":"\n<figure class=\"wp-block-image aligncenter size-full is-style-default\"><img loading=\"lazy\" decoding=\"async\" width=\"901\" height=\"599\" src=\"https:\/\/www.saka.ee\/wp-content\/uploads\/2022\/05\/antiikmoobel.jpg\" alt=\"\" class=\"wp-image-537\" srcset=\"https:\/\/www.saka.ee\/wp-content\/uploads\/2022\/05\/antiikmoobel.jpg 901w, https:\/\/www.saka.ee\/wp-content\/uploads\/2022\/05\/antiikmoobel-570x380.jpg 570w\" sizes=\"auto, (max-width: 901px) 100vw, 901px\" \/><figcaption>Pildi autor: Arne Maasik<\/figcaption><\/figure>\n\n\n\n<p class=\"wp-el\">Saka m\u00f5isa interj\u00f6\u00f6ride \u00fcheks suuremaks v\u00e4\u00e4rtuseks ja erip\u00e4raks on sisustamisel kasutust leidnud antiikne m\u00f6\u00f6bel Inglismaalt. Valik tehti l\u00e4htudes klassikalistest ja traditsioonilistest m\u00f6\u00f6blit\u00fc\u00fcpidest. Konservatiivsed inglased j\u00e4tkavad seni ajani neile armsaks saanud stiilide kopeerimist. Siiski enamik Saka m\u00f5isa antiikm\u00f6\u00f6blist p\u00e4rineb aastatest 1880-1920.<\/p>\n\n\n\n<p class=\"wp-el\">Toolidest on esindatud nii l\u00f5vik\u00e4ppadel chippendale kui Queen Anne stiil. Sirgete joontega klassikaks muutunud mahagonist sheratoni ja happlewhite stiilis toolid \u00fcmbritsevad ovaalseid laudu s\u00f6\u00f6gitoas.<\/p>\n\n\n\n<p class=\"wp-el\">V\u00f5ib arvata, et Saka H\u00e4rrastemaja vanimaks esemeks on p\u00f5randakell- \u201ctall clock\u201d nagu inglased tema kohta \u00fctlevad. K\u00fclaliste tubades on viktoriaanlikus stiilis v\u00e4ikesed riidekapid ja toolid, seintel vanad ovaalsed peeglid.<\/p>\n\n\n\n<p class=\"wp-el\">T\u00e4iesti omaette vaatamisv\u00e4\u00e4rsus on Riigivanema sviidi rohkelt intarsiaga kaunistatud Prantsusmaalt p\u00e4rit riidekapp ja kaks k\u00f5rvuti asetsevat laia voodit. Muide selle m\u00f6\u00f6bli intarsia valmistamisel on kasutatud \u00fcle k\u00fcmne erineva eksootilise puuliigi , sealhulgas n\u00e4iteks roheline palisander, roosipuu, p\u00e4hklipuujuur, mahagon jne.<\/p>\n\n\n\n<p class=\"wp-el\">Saka m\u00f5isa suurep\u00e4rasest antiikm\u00f6\u00f6bli kollektsioonist saab osa iga k\u00fclastaja, sest need ei ole pelgalt muuseumi eksponaadid, vaid selles m\u00f5isas nendega ollakse ja elatakse koos. Inglased armastavad seinte \u00e4\u00e4rde ja toolide vahele paigutada v\u00e4ikseid lauakesi. Nii on ka m\u00f5isas leida mituk\u00fcmmend erinevat, peamiselt v\u00e4\u00e4rtuslikust mahagonipuust lauakest.<\/p>\n\n\n\n<p class=\"wp-el\">Massiivsed n\u00f6\u00f6pidega volditatud ehtsa nahkkattega chestfiedi t\u00fc\u00fcpi tugitoolid ja diivanid ei puudu ka Saka m\u00f5isa nendest ruumidest, kus h\u00e4rrasmehed naudivad head viskit ja sigarit.<\/p>\n","protected":false},"excerpt":{"rendered":"<p>Saka m\u00f5isa interj\u00f6\u00f6ride \u00fcheks suuremaks v\u00e4\u00e4rtuseks ja erip\u00e4raks on sisustamisel kasutust leidnud antiikne m\u00f6\u00f6bel Inglismaalt. Valik tehti l\u00e4htudes klassikalistest ja&#8230;<\/p>\n","protected":false},"author":1,"featured_media":0,"parent":12686,"menu_order":253,"comment_status":"closed","ping_status":"closed","template":"","meta":{"_acf_changed":false,"inline_featured_image":false,"footnotes":""},"class_list":["post-12675","page","type-page","status-publish","hentry"],"acf":[],"_links":{"self":[{"href":"https:\/\/www.saka.ee\/fi\/wp-json\/wp\/v2\/pages\/12675","targetHints":{"allow":["GET"]}}],"collection":[{"href":"https:\/\/www.saka.ee\/fi\/wp-json\/wp\/v2\/pages"}],"about":[{"href":"https:\/\/www.saka.ee\/fi\/wp-json\/wp\/v2\/types\/page"}],"author":[{"embeddable":true,"href":"https:\/\/www.saka.ee\/fi\/wp-json\/wp\/v2\/users\/1"}],"replies":[{"embeddable":true,"href":"https:\/\/www.saka.ee\/fi\/wp-json\/wp\/v2\/comments?post=12675"}],"version-history":[{"count":0,"href":"https:\/\/www.saka.ee\/fi\/wp-json\/wp\/v2\/pages\/12675\/revisions"}],"up":[{"embeddable":true,"href":"https:\/\/www.saka.ee\/fi\/wp-json\/wp\/v2\/pages\/12686"}],"wp:attachment":[{"href":"https:\/\/www.saka.ee\/fi\/wp-json\/wp\/v2\/media?parent=12675"}],"curies":[{"name":"wp","href":"https:\/\/api.w.org\/{rel}","templated":true}]}}