{"id":12677,"date":"2022-05-30T17:24:29","date_gmt":"2022-05-30T14:24:29","guid":{"rendered":"https:\/\/www.saka.ee\/sauna-ja-basseiniala\/"},"modified":"2025-11-14T10:12:22","modified_gmt":"2025-11-14T08:12:22","slug":"sauna-ja-basseiniala","status":"publish","type":"page","link":"https:\/\/www.saka.ee\/fi\/spaa\/sauna-ja-basseiniala\/","title":{"rendered":"Kylpyl\u00e4"},"content":{"rendered":"<div id=\"acf-block_b6a64d2e2c15a1226bfbf5154a2cd96e\" class=\"acf-block-element element-cover alignmax\"><div class=\"splide\" data-splide={\"type\":\"slide\",\"arrows\":false}><div class=\"splide__track\"><ul class=\"splide__list\"><li class=\"splide__slide\"><div class=\"splide__slide-bg\"><img loading=\"lazy\" decoding=\"async\" width=\"1920\" height=\"980\" src=\"https:\/\/www.saka.ee\/wp-content\/uploads\/fly-images\/12282\/H16A6306-1-scaled-1920x980-c.jpg\" class=\"attachment-1920x980\" alt=\"H16A6306 (1)\" \/><\/div><div class=\"splide__slide-content container d-flex flex-wrap align-items-center\"><div class=\"slide-content text-center w-100\"><h1 class=\"slide-title has-giant-font-size font-weight-bold\">Sauna- ja allasosasto<\/h1><div class=\"slide-desc editor-content\"><p>Parhaan kylpyl\u00e4kokemuksen takaamiseksi Sakan kartanon kylpyl\u00e4\u00e4n p\u00e4\u00e4see vain ennakkovarauksella<br \/>\nMa-pe 16.00-22.00<br \/>\nLa 12.00-22.00<br \/>\nSu 12.00-19.00<\/p>\n<\/div><\/div><\/div><\/li><\/ul><\/div><\/div><\/div>\n\n\n<h2 class=\"wp-block-heading wp-el\"><strong>Sakan kartanon kylpyl\u00e4<\/strong><\/h2>\n\n\n\n<p class=\"wp-el\">Pieni mutta kodikas Sakan kartanon kylpyl\u00e4 tarjoaa hyv\u00e4\u00e4 oloa kaikille. T\u00e4\u00e4ll\u00e4 voit ottaa rennosti, sill\u00e4 meille on t\u00e4rke\u00e4\u00e4, ett\u00e4 asiakas viihtyy. Koe Sakan kylpyl\u00e4n viihtyis\u00e4 milj\u00f6\u00f6 ja leppoisa tunnelma!<\/p>\n\n\n\n<h3 class=\"wp-block-heading wp-el\">Laaja valikoima vartalohoitoja:<\/h3>\n\n\n\n<ul class=\"wp-block-list wp-el\">\n<li>Terveysp kapseli<\/li>\n\n\n\n<li>Parafiinihoito k\u00e4sille<\/li>\n\n\n\n<li>Kaksipaikkainen poreallas erillisess\u00e4 huoneessa<\/li>\n\n\n\n<li>Klassinen hieronta<\/li>\n\n\n\n<li>Erilaisia vartalohoitoja<\/li>\n\n\n\n<li>Aromaterapiahieronta<\/li>\n\n\n\n<li>Suolahuone<\/li>\n<\/ul>\n\n\n\n<h3 class=\"wp-block-heading wp-el\">2 saunaa:<\/h3>\n\n\n\n<ul class=\"wp-block-list wp-el\">\n<li>h\u00f6yrysauna<\/li>\n\n\n\n<li>sauna<\/li>\n<\/ul>\n\n\n\n<p class=\"wp-el\"><strong>Lis\u00e4ksi pohjakerroksessa on erilliset miesten ja naisten pukuhuoneet, joissa on WC- ja suihkutilat.<\/strong><\/p>\n\n\n\n<h3 class=\"wp-block-heading wp-el\"><strong>Allasalueella on:<\/strong><\/h3>\n\n\n\n<ul class=\"wp-block-list wp-el\">\n<li>6 metrin halkaisijaltaan ja 1,10 metrin syvyinen allas, jossa on vesiputous ja erilaisia vedenalaisia hierontasuihkuja<\/li>\n\n\n\n<li>Pieni allas<\/li>\n\n\n\n<li>Poreallas<\/li>\n<\/ul>\n\n\n\n<p class=\"wp-el\">Uima-altaan ymp\u00e4rill\u00e4 voi istuskella mukavissa aurinkotuoleissa. <br>Tutustuthan kylpyl\u00e4etikettiin.<\/p>\n\n\n\n<h2 class=\"wp-block-heading wp-el\"><strong>Kylpyl\u00e4n hinnasto<\/strong><\/h2>\n\n\n\n<h3 class=\"wp-block-heading wp-el\">Allasalue, sauna ja h\u00f6yrysauna 1,5 tuntia<\/h3>\n\n\n\n<figure class=\"wp-block-table\"><table><tbody><tr><td><strong>Kylpyl\u00e4n hinnasto<\/strong><\/td><td class=\"has-text-align-center\" data-align=\"center\"><strong>\u20ac<\/strong><\/td><\/tr><tr><td>Lapsi (3-13 v) <\/td><td class=\"has-text-align-center\" data-align=\"center\">8<\/td><\/tr><tr><td>El\u00e4kel\u00e4inen<\/td><td class=\"has-text-align-center\" data-align=\"center\">12<\/td><\/tr><tr><td>Aikuinen<\/td><td class=\"has-text-align-center\" data-align=\"center\">15<\/td><\/tr><tr><td>Lis\u00e4tunti per henkil\u00f6 (mukaan lukien lapset)<\/td><td class=\"has-text-align-center\" data-align=\"center\">8<\/td><\/tr><tr><td>Perhelippu (kaksi aikuista ja kaksi lasta)<\/td><td class=\"has-text-align-center\" data-align=\"center\">30<\/td><\/tr><\/tbody><\/table><\/figure>\n\n\n\n<h3 class=\"wp-block-heading wp-el\">Koko allasosaston varaus<\/h3>\n\n\n\n<p class=\"wp-el\">Saunojen kanssa: 1 tunti 130 \u20ac<\/p>\n\n\n\n<p class=\"wp-el\"><em>HUOM!<\/em> <em>Kylpyl\u00e4n lattia voi olla paikoin liukas, joten suosittelemme kumipohjaisten allaskenkien k\u00e4ytt\u00f6\u00e4. Vauvoilla tulee olla uimavaipat.<\/em><\/p>\n\n\n\n<h2 class=\"wp-block-heading wp-el\">Tiedustelut ja varaukset<\/h2>\n\n\n\n<p class=\"wp-el\">Parhaan kylpyl\u00e4kokemuksen takaamiseksi Saka kartanon kylpyl\u00e4\u00e4n p\u00e4\u00e4see vain ennakkovarauksella.<\/p>\n\n\n\n<ul class=\"wp-block-list wp-el\">\n<li>Puhelin: <a href=\"tel:+372 3364 903\">+372 3364 903<\/a> (SPA)<\/li>\n\n\n\n<li>Puhelin: <a href=\"tel:+372 3364 900\">+372 3364 900<\/a> (hotellin vastaanotto)<\/li>\n\n\n\n<li>S\u00e4hk\u00f6posti: <a href=\"mailto:saka@saka.ee\">saka@saka.ee<\/a><\/li>\n<\/ul>\n\n\n\n<h2 class=\"wp-block-heading wp-el\"><strong>Valokuvagalleria<\/strong><\/h2>\n\n\n<div id=\"acf-block_e2fb18d3944c5a013416933f94e00a99\" class=\"acf-block-element element-gallery\"><div class=\"gallery gallery-masonry\"><figure class=\"gallery-item\"><a href=\"https:\/\/www.saka.ee\/wp-content\/uploads\/2022\/09\/IMG_8777.jpeg\"><img loading=\"lazy\" decoding=\"async\" width=\"383\" height=\"220\" src=\"https:\/\/www.saka.ee\/wp-content\/uploads\/fly-images\/12279\/IMG_8777-383x220-c.jpeg\" class=\"attachment-383x220\" alt=\"IMG_8777\" \/><\/a><\/figure><figure class=\"gallery-item\"><a href=\"https:\/\/www.saka.ee\/wp-content\/uploads\/2022\/06\/saka-6Q7A0156.jpeg\"><img loading=\"lazy\" decoding=\"async\" width=\"383\" height=\"220\" src=\"https:\/\/www.saka.ee\/wp-content\/uploads\/fly-images\/11962\/saka-6Q7A0156-383x220-c.jpeg\" class=\"attachment-383x220\" alt=\"saka-6Q7A0156\" \/><\/a><\/figure><figure class=\"gallery-item\"><a href=\"https:\/\/www.saka.ee\/wp-content\/uploads\/2022\/10\/IMG_2179.jpeg\"><img loading=\"lazy\" decoding=\"async\" width=\"383\" height=\"220\" src=\"https:\/\/www.saka.ee\/wp-content\/uploads\/fly-images\/12300\/IMG_2179-383x220-c.jpeg\" class=\"attachment-383x220\" alt=\"IMG_2179\" \/><\/a><\/figure><figure class=\"gallery-item\"><a href=\"https:\/\/www.saka.ee\/wp-content\/uploads\/2022\/06\/saka-6Q7A0195.jpeg\"><img loading=\"lazy\" decoding=\"async\" width=\"383\" height=\"220\" src=\"https:\/\/www.saka.ee\/wp-content\/uploads\/fly-images\/11963\/saka-6Q7A0195-383x220-c.jpeg\" class=\"attachment-383x220\" alt=\"saka-6Q7A0195\" \/><\/a><\/figure><figure class=\"gallery-item\"><a href=\"https:\/\/www.saka.ee\/wp-content\/uploads\/2022\/06\/saka-C5A2157.jpeg\"><img loading=\"lazy\" decoding=\"async\" width=\"383\" height=\"220\" src=\"https:\/\/www.saka.ee\/wp-content\/uploads\/fly-images\/11964\/saka-C5A2157-383x220-c.jpeg\" class=\"attachment-383x220\" alt=\"saka-C5A2157\" \/><\/a><\/figure><figure class=\"gallery-item\"><a href=\"https:\/\/www.saka.ee\/wp-content\/uploads\/2022\/06\/saka-mois-bassein-48.jpeg\"><img loading=\"lazy\" decoding=\"async\" width=\"383\" height=\"220\" src=\"https:\/\/www.saka.ee\/wp-content\/uploads\/fly-images\/11975\/saka-mois-bassein-48-383x220-c.jpeg\" class=\"attachment-383x220\" alt=\"saka-mois-bassein-48\" \/><\/a><\/figure><figure class=\"gallery-item\"><a href=\"https:\/\/www.saka.ee\/wp-content\/uploads\/2022\/06\/saka-kertin-vasser-06.jpeg\"><img loading=\"lazy\" decoding=\"async\" width=\"383\" height=\"220\" src=\"https:\/\/www.saka.ee\/wp-content\/uploads\/fly-images\/11968\/saka-kertin-vasser-06-383x220-c.jpeg\" class=\"attachment-383x220\" alt=\"saka-kertin-vasser-06\" \/><\/a><\/figure><figure class=\"gallery-item\"><a href=\"https:\/\/www.saka.ee\/wp-content\/uploads\/2022\/06\/saka-C5A2170.jpeg\"><img loading=\"lazy\" decoding=\"async\" width=\"383\" height=\"220\" src=\"https:\/\/www.saka.ee\/wp-content\/uploads\/fly-images\/11965\/saka-C5A2170-383x220-c.jpeg\" class=\"attachment-383x220\" alt=\"saka-C5A2170\" \/><\/a><\/figure><figure class=\"gallery-item\"><a href=\"https:\/\/www.saka.ee\/wp-content\/uploads\/2022\/06\/saka-E297E5AC-DB60-46E3-8385-BE1331FCC12E.jpeg\"><img loading=\"lazy\" decoding=\"async\" width=\"383\" height=\"470\" src=\"https:\/\/www.saka.ee\/wp-content\/uploads\/fly-images\/11967\/saka-E297E5AC-DB60-46E3-8385-BE1331FCC12E-383x470-c.jpeg\" class=\"attachment-383x470\" alt=\"saka-E297E5AC-DB60-46E3-8385-BE1331FCC12E\" \/><\/a><\/figure><figure class=\"gallery-item\"><a href=\"https:\/\/www.saka.ee\/wp-content\/uploads\/2022\/06\/saka-C5A2179-2.jpeg\"><img loading=\"lazy\" decoding=\"async\" width=\"383\" height=\"220\" src=\"https:\/\/www.saka.ee\/wp-content\/uploads\/fly-images\/11966\/saka-C5A2179-2-383x220-c.jpeg\" class=\"attachment-383x220\" alt=\"saka-C5A2179 (2)\" \/><\/a><\/figure><figure class=\"gallery-item\"><a href=\"https:\/\/www.saka.ee\/wp-content\/uploads\/2022\/06\/saka-kertin-vasser-08.jpeg\"><img loading=\"lazy\" decoding=\"async\" width=\"383\" height=\"220\" src=\"https:\/\/www.saka.ee\/wp-content\/uploads\/fly-images\/11969\/saka-kertin-vasser-08-383x220-c.jpeg\" class=\"attachment-383x220\" alt=\"saka-kertin-vasser-08\" \/><\/a><\/figure><figure class=\"gallery-item\"><a href=\"https:\/\/www.saka.ee\/wp-content\/uploads\/2022\/06\/saka-kertin-vasser-09.jpeg\"><img loading=\"lazy\" decoding=\"async\" width=\"383\" height=\"220\" src=\"https:\/\/www.saka.ee\/wp-content\/uploads\/fly-images\/11970\/saka-kertin-vasser-09-383x220-c.jpeg\" class=\"attachment-383x220\" alt=\"saka-kertin-vasser-09\" \/><\/a><\/figure><figure class=\"gallery-item\"><a href=\"https:\/\/www.saka.ee\/wp-content\/uploads\/2022\/06\/saka-mois-bassein-07.jpeg\"><img loading=\"lazy\" decoding=\"async\" width=\"383\" height=\"220\" src=\"https:\/\/www.saka.ee\/wp-content\/uploads\/fly-images\/11971\/saka-mois-bassein-07-383x220-c.jpeg\" class=\"attachment-383x220\" alt=\"saka-mois-bassein-07\" \/><\/a><\/figure><figure class=\"gallery-item\"><a href=\"https:\/\/www.saka.ee\/wp-content\/uploads\/2022\/06\/saka-mois-bassein-27.jpeg\"><img loading=\"lazy\" decoding=\"async\" width=\"383\" height=\"220\" src=\"https:\/\/www.saka.ee\/wp-content\/uploads\/fly-images\/11972\/saka-mois-bassein-27-383x220-c.jpeg\" class=\"attachment-383x220\" alt=\"saka-mois-bassein-27\" \/><\/a><\/figure><figure class=\"gallery-item\"><a href=\"https:\/\/www.saka.ee\/wp-content\/uploads\/2022\/06\/saka-mois-bassein-34.jpeg\"><img loading=\"lazy\" decoding=\"async\" width=\"383\" height=\"220\" src=\"https:\/\/www.saka.ee\/wp-content\/uploads\/fly-images\/11973\/saka-mois-bassein-34-383x220-c.jpeg\" class=\"attachment-383x220\" alt=\"saka-mois-bassein-34\" \/><\/a><\/figure><figure class=\"gallery-item\"><a href=\"https:\/\/www.saka.ee\/wp-content\/uploads\/2022\/06\/saka-mois-bassein-40.jpeg\"><img loading=\"lazy\" decoding=\"async\" width=\"383\" height=\"220\" src=\"https:\/\/www.saka.ee\/wp-content\/uploads\/fly-images\/11974\/saka-mois-bassein-40-383x220-c.jpeg\" class=\"attachment-383x220\" alt=\"saka-mois-bassein-40\" \/><\/a><\/figure><figure class=\"gallery-item\"><a href=\"https:\/\/www.saka.ee\/wp-content\/uploads\/2022\/10\/IMG_2118.jpeg\"><img loading=\"lazy\" decoding=\"async\" width=\"383\" height=\"220\" src=\"https:\/\/www.saka.ee\/wp-content\/uploads\/fly-images\/12301\/IMG_2118-383x220-c.jpeg\" class=\"attachment-383x220\" alt=\"IMG_2118\" \/><\/a><\/figure><figure class=\"gallery-item\"><a href=\"https:\/\/www.saka.ee\/wp-content\/uploads\/2022\/10\/IMG_2109.jpeg\"><img loading=\"lazy\" decoding=\"async\" width=\"383\" height=\"220\" src=\"https:\/\/www.saka.ee\/wp-content\/uploads\/fly-images\/12302\/IMG_2109-383x220-c.jpeg\" class=\"attachment-383x220\" alt=\"IMG_2109\" \/><\/a><\/figure><figure class=\"gallery-item\"><a href=\"https:\/\/www.saka.ee\/wp-content\/uploads\/2022\/10\/H16A5728-scaled.jpg\"><img loading=\"lazy\" decoding=\"async\" width=\"383\" height=\"220\" src=\"https:\/\/www.saka.ee\/wp-content\/uploads\/fly-images\/12303\/H16A5728-scaled-383x220-c.jpg\" class=\"attachment-383x220\" alt=\"H16A5728\" \/><\/a><\/figure><figure class=\"gallery-item\"><a href=\"https:\/\/www.saka.ee\/wp-content\/uploads\/2022\/10\/DSC07873.jpg\"><img loading=\"lazy\" decoding=\"async\" width=\"383\" height=\"220\" src=\"https:\/\/www.saka.ee\/wp-content\/uploads\/fly-images\/12304\/DSC07873-383x220-c.jpg\" class=\"attachment-383x220\" alt=\"DSC07873\" \/><\/a><\/figure><figure class=\"gallery-item\"><a href=\"https:\/\/www.saka.ee\/wp-content\/uploads\/2022\/10\/DSC07816.jpg\"><img loading=\"lazy\" decoding=\"async\" width=\"383\" height=\"220\" src=\"https:\/\/www.saka.ee\/wp-content\/uploads\/fly-images\/12305\/DSC07816-383x220-c.jpg\" class=\"attachment-383x220\" alt=\"DSC07816\" \/><\/a><\/figure><figure class=\"gallery-item\"><a href=\"https:\/\/www.saka.ee\/wp-content\/uploads\/2022\/10\/146FE12D-0162-4ABE-874D-B5DE4F08F2E2.jpg\"><img loading=\"lazy\" decoding=\"async\" width=\"383\" height=\"220\" src=\"https:\/\/www.saka.ee\/wp-content\/uploads\/fly-images\/12306\/146FE12D-0162-4ABE-874D-B5DE4F08F2E2-383x220-c.jpg\" class=\"attachment-383x220\" alt=\"146FE12D-0162-4ABE-874D-B5DE4F08F2E2\" \/><\/a><\/figure><\/div><\/div>","protected":false},"excerpt":{"rendered":"<p>Sakan kartanon kylpyl\u00e4 Pieni mutta kodikas Sakan kartanon kylpyl\u00e4 tarjoaa hyv\u00e4\u00e4 oloa kaikille. T\u00e4\u00e4ll\u00e4 voit ottaa rennosti, sill\u00e4 meille on&#8230;<\/p>\n","protected":false},"author":1,"featured_media":0,"parent":12689,"menu_order":165,"comment_status":"closed","ping_status":"closed","template":"","meta":{"_acf_changed":false,"inline_featured_image":false,"footnotes":""},"class_list":["post-12677","page","type-page","status-publish","hentry"],"acf":[],"_links":{"self":[{"href":"https:\/\/www.saka.ee\/fi\/wp-json\/wp\/v2\/pages\/12677","targetHints":{"allow":["GET"]}}],"collection":[{"href":"https:\/\/www.saka.ee\/fi\/wp-json\/wp\/v2\/pages"}],"about":[{"href":"https:\/\/www.saka.ee\/fi\/wp-json\/wp\/v2\/types\/page"}],"author":[{"embeddable":true,"href":"https:\/\/www.saka.ee\/fi\/wp-json\/wp\/v2\/users\/1"}],"replies":[{"embeddable":true,"href":"https:\/\/www.saka.ee\/fi\/wp-json\/wp\/v2\/comments?post=12677"}],"version-history":[{"count":5,"href":"https:\/\/www.saka.ee\/fi\/wp-json\/wp\/v2\/pages\/12677\/revisions"}],"predecessor-version":[{"id":18127,"href":"https:\/\/www.saka.ee\/fi\/wp-json\/wp\/v2\/pages\/12677\/revisions\/18127"}],"up":[{"embeddable":true,"href":"https:\/\/www.saka.ee\/fi\/wp-json\/wp\/v2\/pages\/12689"}],"wp:attachment":[{"href":"https:\/\/www.saka.ee\/fi\/wp-json\/wp\/v2\/media?parent=12677"}],"curies":[{"name":"wp","href":"https:\/\/api.w.org\/{rel}","templated":true}]}}