{"id":12681,"date":"2022-05-30T11:39:10","date_gmt":"2022-05-30T08:39:10","guid":{"rendered":"https:\/\/www.saka.ee\/meretorn\/"},"modified":"2026-04-26T18:39:29","modified_gmt":"2026-04-26T15:39:29","slug":"meretorn","status":"publish","type":"page","link":"https:\/\/www.saka.ee\/fi\/majutus\/meretorn\/","title":{"rendered":"Meretorn"},"content":{"rendered":"<div id=\"acf-block_45eaf42b7b698be8128294704122b306\" class=\"acf-block-element element-banner-img alignfull\"><img loading=\"lazy\" decoding=\"async\" width=\"1720\" height=\"560\" src=\"https:\/\/www.saka.ee\/wp-content\/uploads\/fly-images\/11840\/6Q7A0421-scaled-1720x560-c.jpg\" class=\"attachment-1720x560\" alt=\"6Q7A0421\" \/><\/div>\n\n\n<p class=\"wp-el\">Meretorni sijaitsee rannalla noin 200 metrin p\u00e4\u00e4ss\u00e4 p\u00e4\u00e4rakennuksesta. Entinen, aiemmin rajavartiolaitokselle kuulunut valonheitintorni on muutettu nykyaikaiseksi ja kaikilla mukavuuksilla varustetuksi seminaari- ja majoitusrakennukseksi. Kolmikerroksisen Meritornin tasanteilta avautuu upea n\u00e4kym\u00e4 Suomenlahdelle. Tornissa on kaksi erilaista kokoustilaa. Toisessa on avara terassi, jonne voi kattaa tarjoilut kahvitaukoa varten.<\/p>\n\n\n\n<p class=\"wp-el\"><strong>Meretornissa on kaksi skandinaavistyylist\u00e4 huonetta:<\/strong><\/p>\n\n\n\n<ul class=\"wp-block-list wp-el\">\n<li><strong>Klint, kahden hengen huone 2. kerroksessa<\/strong>. Moderni sisustus, mukava parivuode, vuodesohva, oma keitti\u00f6 kaikilla tarvittavilla varusteilla. Huoneen hinta on <strong>160 euroa\/y\u00f6<\/strong>. Hinta sis\u00e4lt\u00e4\u00e4 aamiaisen sek\u00e4 1,5 tunnin oleskelun sauna- ja allasosastolla (ennakkovarauksella).<br><\/li>\n\n\n\n<li><strong>Sunset, kahden hengen sviitti<\/strong> <strong>3. kerroksessa<\/strong>. Tyylik\u00e4s sisustus, parivuode, vuodesohva ja tilava kylpyhuone. Rentoutua voi privaatin oleskelutilan pehmeill\u00e4 sohvilla ja merelle avautuvalla terassilla. Huoneen hinta on <strong>190 euroa\/y\u00f6<\/strong>. Hinta sis\u00e4lt\u00e4\u00e4 aamiaisen sek\u00e4 1,5 tunnin oleskelun sauna- ja allasosastolla (ennakkovarauksella).<br><\/li>\n<\/ul>\n\n\n\n<h2 class=\"wp-block-heading has-theme-primary-color has-text-color has-large-font-size wp-el\">Tiedustelut ja varaukset:<\/h2>\n\n\n\n<ul class=\"wp-el wp-block-list\">\n<li>Puhelin: <a href=\"tel:+372 336 4900\">+372 336 4900<\/a><\/li>\n\n\n\n<li>S\u00e4hk\u00f6posti: <a href=\"mailto:saka@saka.ee\">saka@saka.ee<\/a><\/li>\n<\/ul>\n\n\n\n<p class=\"has-small-font-size wp-el\"><strong>HUOM!<\/strong> Hintoja voidaan muuttaa ilman erillist\u00e4 ilmoitusta. Palautusta ei anneta maksullisista palveluista, jotka ovat j\u00e4\u00e4neet k\u00e4ytt\u00e4m\u00e4tt\u00e4 Sakan kartanosta riippumattomista syist\u00e4.<\/p>\n\n\n<div id=\"acf-block_abc1f80e734487b60bfad7b705afad77\" class=\"acf-block-element element-gallery\"><div class=\"gallery gallery-masonry\"><figure class=\"gallery-item\"><a href=\"https:\/\/www.saka.ee\/wp-content\/uploads\/2022\/06\/saka-mois-meretorn-012A5586.jpeg\"><img loading=\"lazy\" decoding=\"async\" width=\"383\" height=\"220\" src=\"https:\/\/www.saka.ee\/wp-content\/uploads\/fly-images\/11916\/saka-mois-meretorn-012A5586-383x220-c.jpeg\" class=\"attachment-383x220\" alt=\"saka-mois-meretorn-012A5586\" \/><\/a><\/figure><figure class=\"gallery-item\"><a href=\"https:\/\/www.saka.ee\/wp-content\/uploads\/2022\/06\/saka-mois-meretorn-012A5594.jpeg\"><img loading=\"lazy\" decoding=\"async\" width=\"383\" height=\"220\" src=\"https:\/\/www.saka.ee\/wp-content\/uploads\/fly-images\/11917\/saka-mois-meretorn-012A5594-383x220-c.jpeg\" class=\"attachment-383x220\" alt=\"saka-mois-meretorn-012A5594\" \/><\/a><\/figure><figure class=\"gallery-item\"><a href=\"https:\/\/www.saka.ee\/wp-content\/uploads\/2022\/06\/saka-mois-meretorn-012A5601.jpeg\"><img loading=\"lazy\" decoding=\"async\" width=\"383\" height=\"220\" src=\"https:\/\/www.saka.ee\/wp-content\/uploads\/fly-images\/11918\/saka-mois-meretorn-012A5601-383x220-c.jpeg\" class=\"attachment-383x220\" alt=\"saka-mois-meretorn-012A5601\" \/><\/a><\/figure><figure class=\"gallery-item\"><a href=\"https:\/\/www.saka.ee\/wp-content\/uploads\/2022\/06\/saka-mois-meretorn-012A5605.jpeg\"><img loading=\"lazy\" decoding=\"async\" width=\"383\" height=\"220\" src=\"https:\/\/www.saka.ee\/wp-content\/uploads\/fly-images\/11919\/saka-mois-meretorn-012A5605-383x220-c.jpeg\" class=\"attachment-383x220\" alt=\"saka-mois-meretorn-012A5605\" \/><\/a><\/figure><figure class=\"gallery-item\"><a href=\"https:\/\/www.saka.ee\/wp-content\/uploads\/2022\/06\/saka-mois-meretorn-012A5614.jpeg\"><img loading=\"lazy\" decoding=\"async\" width=\"383\" height=\"220\" src=\"https:\/\/www.saka.ee\/wp-content\/uploads\/fly-images\/11920\/saka-mois-meretorn-012A5614-383x220-c.jpeg\" class=\"attachment-383x220\" alt=\"saka-mois-meretorn-012A5614\" \/><\/a><\/figure><figure class=\"gallery-item\"><a href=\"https:\/\/www.saka.ee\/wp-content\/uploads\/2022\/06\/saka-mois-meretorn-012A5622.jpeg\"><img loading=\"lazy\" decoding=\"async\" width=\"383\" height=\"220\" src=\"https:\/\/www.saka.ee\/wp-content\/uploads\/fly-images\/11921\/saka-mois-meretorn-012A5622-383x220-c.jpeg\" class=\"attachment-383x220\" alt=\"saka-mois-meretorn-012A5622\" \/><\/a><\/figure><figure class=\"gallery-item\"><a href=\"https:\/\/www.saka.ee\/wp-content\/uploads\/2022\/06\/saka-mois-meretorn-012A5637.jpeg\"><img loading=\"lazy\" decoding=\"async\" width=\"383\" height=\"220\" src=\"https:\/\/www.saka.ee\/wp-content\/uploads\/fly-images\/11922\/saka-mois-meretorn-012A5637-383x220-c.jpeg\" class=\"attachment-383x220\" alt=\"saka-mois-meretorn-012A5637\" \/><\/a><\/figure><figure class=\"gallery-item\"><a href=\"https:\/\/www.saka.ee\/wp-content\/uploads\/2022\/06\/saka-mois-meretorn-012A5652.jpeg\"><img loading=\"lazy\" decoding=\"async\" width=\"383\" height=\"220\" src=\"https:\/\/www.saka.ee\/wp-content\/uploads\/fly-images\/11923\/saka-mois-meretorn-012A5652-383x220-c.jpeg\" class=\"attachment-383x220\" alt=\"saka-mois-meretorn-012A5652\" \/><\/a><\/figure><figure class=\"gallery-item\"><a href=\"https:\/\/www.saka.ee\/wp-content\/uploads\/2022\/06\/saka-mois-meretorn-012A5660.jpeg\"><img loading=\"lazy\" decoding=\"async\" width=\"383\" height=\"220\" src=\"https:\/\/www.saka.ee\/wp-content\/uploads\/fly-images\/11924\/saka-mois-meretorn-012A5660-383x220-c.jpeg\" class=\"attachment-383x220\" alt=\"saka-mois-meretorn-012A5660\" \/><\/a><\/figure><figure class=\"gallery-item\"><a href=\"https:\/\/www.saka.ee\/wp-content\/uploads\/2022\/06\/saka-mois-meretorn-012A5676.jpeg\"><img loading=\"lazy\" decoding=\"async\" width=\"383\" height=\"220\" src=\"https:\/\/www.saka.ee\/wp-content\/uploads\/fly-images\/11925\/saka-mois-meretorn-012A5676-383x220-c.jpeg\" class=\"attachment-383x220\" alt=\"saka-mois-meretorn-012A5676\" \/><\/a><\/figure><figure class=\"gallery-item\"><a href=\"https:\/\/www.saka.ee\/wp-content\/uploads\/2022\/06\/saka-mois-meretorn-012A5683.jpeg\"><img loading=\"lazy\" decoding=\"async\" width=\"383\" height=\"220\" src=\"https:\/\/www.saka.ee\/wp-content\/uploads\/fly-images\/11926\/saka-mois-meretorn-012A5683-383x220-c.jpeg\" class=\"attachment-383x220\" alt=\"saka-mois-meretorn-012A5683\" \/><\/a><\/figure><figure class=\"gallery-item\"><a href=\"https:\/\/www.saka.ee\/wp-content\/uploads\/2022\/06\/saka-mois-meretorn-012A5693.jpeg\"><img loading=\"lazy\" decoding=\"async\" width=\"383\" height=\"220\" src=\"https:\/\/www.saka.ee\/wp-content\/uploads\/fly-images\/11927\/saka-mois-meretorn-012A5693-383x220-c.jpeg\" class=\"attachment-383x220\" alt=\"saka-mois-meretorn-012A5693\" \/><\/a><\/figure><figure class=\"gallery-item\"><a href=\"https:\/\/www.saka.ee\/wp-content\/uploads\/2022\/06\/saka-mois-vaatetorn-01.jpeg\"><img loading=\"lazy\" decoding=\"async\" width=\"383\" height=\"220\" src=\"https:\/\/www.saka.ee\/wp-content\/uploads\/fly-images\/11928\/saka-mois-vaatetorn-01-383x220-c.jpeg\" class=\"attachment-383x220\" alt=\"saka-mois-vaatetorn-01\" \/><\/a><\/figure><figure class=\"gallery-item\"><a href=\"https:\/\/www.saka.ee\/wp-content\/uploads\/2022\/06\/saka-mois-vaatetorn-06.jpeg\"><img loading=\"lazy\" decoding=\"async\" width=\"383\" height=\"220\" src=\"https:\/\/www.saka.ee\/wp-content\/uploads\/fly-images\/11929\/saka-mois-vaatetorn-06-383x220-c.jpeg\" class=\"attachment-383x220\" alt=\"saka-mois-vaatetorn-06\" \/><\/a><\/figure><figure class=\"gallery-item\"><a href=\"https:\/\/www.saka.ee\/wp-content\/uploads\/2022\/06\/saka-mois-vaatetorn-08.jpeg\"><img loading=\"lazy\" decoding=\"async\" width=\"383\" height=\"220\" src=\"https:\/\/www.saka.ee\/wp-content\/uploads\/fly-images\/11930\/saka-mois-vaatetorn-08-383x220-c.jpeg\" class=\"attachment-383x220\" alt=\"saka-mois-vaatetorn-08\" \/><\/a><\/figure><figure class=\"gallery-item\"><a href=\"https:\/\/www.saka.ee\/wp-content\/uploads\/2022\/06\/saka-mois-vaatetorn-09.jpeg\"><img loading=\"lazy\" decoding=\"async\" width=\"383\" height=\"220\" src=\"https:\/\/www.saka.ee\/wp-content\/uploads\/fly-images\/11931\/saka-mois-vaatetorn-09-383x220-c.jpeg\" class=\"attachment-383x220\" alt=\"saka-mois-vaatetorn-09\" \/><\/a><\/figure><figure class=\"gallery-item\"><a href=\"https:\/\/www.saka.ee\/wp-content\/uploads\/2022\/06\/saka-mois-vaatetorn-12.jpeg\"><img loading=\"lazy\" decoding=\"async\" width=\"383\" height=\"220\" src=\"https:\/\/www.saka.ee\/wp-content\/uploads\/fly-images\/11932\/saka-mois-vaatetorn-12-383x220-c.jpeg\" class=\"attachment-383x220\" alt=\"saka-mois-vaatetorn-12\" \/><\/a><\/figure><\/div><\/div>","protected":false},"excerpt":{"rendered":"<p>Meretorni sijaitsee rannalla noin 200 metrin p\u00e4\u00e4ss\u00e4 p\u00e4\u00e4rakennuksesta. Entinen, aiemmin rajavartiolaitokselle kuulunut valonheitintorni on muutettu nykyaikaiseksi ja kaikilla mukavuuksilla varustetuksi&#8230;<\/p>\n","protected":false},"author":1,"featured_media":0,"parent":12691,"menu_order":133,"comment_status":"closed","ping_status":"closed","template":"","meta":{"_acf_changed":false,"inline_featured_image":false,"footnotes":""},"class_list":["post-12681","page","type-page","status-publish","hentry"],"acf":[],"_links":{"self":[{"href":"https:\/\/www.saka.ee\/fi\/wp-json\/wp\/v2\/pages\/12681","targetHints":{"allow":["GET"]}}],"collection":[{"href":"https:\/\/www.saka.ee\/fi\/wp-json\/wp\/v2\/pages"}],"about":[{"href":"https:\/\/www.saka.ee\/fi\/wp-json\/wp\/v2\/types\/page"}],"author":[{"embeddable":true,"href":"https:\/\/www.saka.ee\/fi\/wp-json\/wp\/v2\/users\/1"}],"replies":[{"embeddable":true,"href":"https:\/\/www.saka.ee\/fi\/wp-json\/wp\/v2\/comments?post=12681"}],"version-history":[{"count":4,"href":"https:\/\/www.saka.ee\/fi\/wp-json\/wp\/v2\/pages\/12681\/revisions"}],"predecessor-version":[{"id":17862,"href":"https:\/\/www.saka.ee\/fi\/wp-json\/wp\/v2\/pages\/12681\/revisions\/17862"}],"up":[{"embeddable":true,"href":"https:\/\/www.saka.ee\/fi\/wp-json\/wp\/v2\/pages\/12691"}],"wp:attachment":[{"href":"https:\/\/www.saka.ee\/fi\/wp-json\/wp\/v2\/media?parent=12681"}],"curies":[{"name":"wp","href":"https:\/\/api.w.org\/{rel}","templated":true}]}}