{"id":12682,"date":"2022-05-30T11:09:23","date_gmt":"2022-05-30T08:09:23","guid":{"rendered":"https:\/\/www.saka.ee\/hotell\/"},"modified":"2026-04-26T19:29:15","modified_gmt":"2026-04-26T16:29:15","slug":"hotell","status":"publish","type":"page","link":"https:\/\/www.saka.ee\/fi\/majutus\/hotell\/","title":{"rendered":"Saka kartanon hotelli"},"content":{"rendered":"<div id=\"acf-block_a1023ef97fa2be50969ed118e825352c\" class=\"acf-block-element element-cards-slider\"><div class=\"splide\" data-splide={\"type\":\"slide\",\"gap\":\"3.75rem\",\"clones\":0,\"autoWidth\":true,\"pagination\":false}><div class=\"splide__arrows is-relative d-flex flex-wrap align-items-center justify-content-end\"><h2>Kaikki huoneet<\/h2><div class=\"d-flex flex-wrap\"><button class=\"splide__arrow splide__arrow--prev\"><svg xmlns=\"http:\/\/www.w3.org\/2000\/svg\" width=\"24\" height=\"18\" viewBox=\"0 0 24 18\"><path d=\"M-2453.12-3419.378a1.205,1.205,0,0,0,0-1.818l-6.06-5.519h17.768A1.354,1.354,0,0,0-2440-3428a1.354,1.354,0,0,0-1.412-1.285h-17.767l6.059-5.518a1.205,1.205,0,0,0,0-1.818,1.51,1.51,0,0,0-2,0l-8.47,7.713a1.206,1.206,0,0,0,0,1.819l8.47,7.713a1.483,1.483,0,0,0,1,.378A1.482,1.482,0,0,0-2453.12-3419.378Z\" transform=\"translate(2464.001 3437)\" fill=\"#015841\"\/><\/svg><\/button><button class=\"splide__arrow splide__arrow--next\"><svg xmlns=\"http:\/\/www.w3.org\/2000\/svg\" width=\"24\" height=\"18\" viewBox=\"0 0 24 18\"><path d=\"M-2450.881-3419.378a1.205,1.205,0,0,1,0-1.818l6.06-5.519h-17.768A1.354,1.354,0,0,1-2464-3428a1.354,1.354,0,0,1,1.412-1.285h17.767l-6.059-5.518a1.205,1.205,0,0,1,0-1.818,1.51,1.51,0,0,1,2,0l8.47,7.713a1.206,1.206,0,0,1,0,1.819l-8.47,7.713a1.483,1.483,0,0,1-1,.378A1.482,1.482,0,0,1-2450.881-3419.378Z\" transform=\"translate(2464.001 3437)\" fill=\"#015841\"\/><\/svg><\/button><\/div><\/div><div class=\"splide__track\"><ul class=\"splide__list\"><li class=\"splide__slide\"><a href=\"https:\/\/www.saka.ee\/fi\/majutus\/hotell\/kahene-dbl-twin-tuba\/\" target=\"\"  class=\"slide-card\"><div class=\"slide-card__thumb aspect-item\"><img loading=\"lazy\" decoding=\"async\" width=\"370\" height=\"240\" src=\"https:\/\/www.saka.ee\/wp-content\/uploads\/fly-images\/12198\/saka-hotellimaja-dbl-twin-006-scaled-370x240-c.jpg\" class=\"attachment-370x240\" alt=\"saka-hotellimaja-dbl-twin-006\" \/><\/div><div class=\"slide-card__content\"><p class=\"has-theme-primary-color\">Kahden hengen double- ja twin-huoneet<\/p><\/div><div class=\"slide-card__link\"><span\" class=\"d-inline-flex font-weight-bold align-items-center\" target=\"\"><span class=\"d-block\">Lue lis\u00e4\u00e4<\/span><svg xmlns=\"http:\/\/www.w3.org\/2000\/svg\" width=\"16\" height=\"12\" viewBox=\"0 0 16 12\"><path d=\"M-2455.254-3425.253a.8.8,0,0,1,0-1.211l4.04-3.68h-11.845A.9.9,0,0,1-2464-3431a.9.9,0,0,1,.941-.857h11.845l-4.04-3.679a.8.8,0,0,1,0-1.212,1.007,1.007,0,0,1,1.331,0l5.646,5.142a.8.8,0,0,1,0,1.213l-5.646,5.142a.989.989,0,0,1-.666.252A.987.987,0,0,1-2455.254-3425.253Z\" transform=\"translate(2464 3437)\" fill=\"currentColor\"\/><\/svg><\/span><\/div><\/a><\/li><li class=\"splide__slide\"><a href=\"https:\/\/www.saka.ee\/fi\/majutus\/hotell\/dbl-pluss-tuba\/\" target=\"\"  class=\"slide-card\"><div class=\"slide-card__thumb aspect-item\"><img loading=\"lazy\" decoding=\"async\" width=\"370\" height=\"240\" src=\"https:\/\/www.saka.ee\/wp-content\/uploads\/fly-images\/12207\/saka-hotellimaja-dbl-plus-004-scaled-370x240-c.jpg\" class=\"attachment-370x240\" alt=\"saka-hotellimaja-dbl-plus-004\" \/><\/div><div class=\"slide-card__content\"><p class=\"has-theme-primary-color\">DBL+ tuba<\/p><\/div><div class=\"slide-card__link\"><span\" class=\"d-inline-flex font-weight-bold align-items-center\" target=\"\"><span class=\"d-block\">Lue lis\u00e4\u00e4<\/span><svg xmlns=\"http:\/\/www.w3.org\/2000\/svg\" width=\"16\" height=\"12\" viewBox=\"0 0 16 12\"><path d=\"M-2455.254-3425.253a.8.8,0,0,1,0-1.211l4.04-3.68h-11.845A.9.9,0,0,1-2464-3431a.9.9,0,0,1,.941-.857h11.845l-4.04-3.679a.8.8,0,0,1,0-1.212,1.007,1.007,0,0,1,1.331,0l5.646,5.142a.8.8,0,0,1,0,1.213l-5.646,5.142a.989.989,0,0,1-.666.252A.987.987,0,0,1-2455.254-3425.253Z\" transform=\"translate(2464 3437)\" fill=\"currentColor\"\/><\/svg><\/span><\/div><\/a><\/li><li class=\"splide__slide\"><a href=\"https:\/\/www.saka.ee\/fi\/majutus\/hotell\/dbl-de-luxe-tuba\/\" target=\"\"  class=\"slide-card\"><div class=\"slide-card__thumb aspect-item\"><img loading=\"lazy\" decoding=\"async\" width=\"370\" height=\"240\" src=\"https:\/\/www.saka.ee\/wp-content\/uploads\/fly-images\/12187\/saka-hotellimaja-dbl-deluxe-001-scaled-370x240-c.jpg\" class=\"attachment-370x240\" alt=\"saka-hotellimaja-dbl-deluxe-001\" \/><\/div><div class=\"slide-card__content\"><p class=\"has-theme-primary-color\">Double de lux-huone<\/p><\/div><div class=\"slide-card__link\"><span\" class=\"d-inline-flex font-weight-bold align-items-center\" target=\"\"><span class=\"d-block\">Lue lis\u00e4\u00e4<\/span><svg xmlns=\"http:\/\/www.w3.org\/2000\/svg\" width=\"16\" height=\"12\" viewBox=\"0 0 16 12\"><path d=\"M-2455.254-3425.253a.8.8,0,0,1,0-1.211l4.04-3.68h-11.845A.9.9,0,0,1-2464-3431a.9.9,0,0,1,.941-.857h11.845l-4.04-3.679a.8.8,0,0,1,0-1.212,1.007,1.007,0,0,1,1.331,0l5.646,5.142a.8.8,0,0,1,0,1.213l-5.646,5.142a.989.989,0,0,1-.666.252A.987.987,0,0,1-2455.254-3425.253Z\" transform=\"translate(2464 3437)\" fill=\"currentColor\"\/><\/svg><\/span><\/div><\/a><\/li><li class=\"splide__slide\"><a href=\"https:\/\/www.saka.ee\/fi\/majutus\/hotell\/peretuba\/\" target=\"\"  class=\"slide-card\"><div class=\"slide-card__thumb aspect-item\"><img loading=\"lazy\" decoding=\"async\" width=\"370\" height=\"240\" src=\"https:\/\/www.saka.ee\/wp-content\/uploads\/fly-images\/12179\/saka-hotellimaja-peretuba-002-scaled-370x240-c.jpg\" class=\"attachment-370x240\" alt=\"saka-hotellimaja-peretuba-002\" \/><\/div><div class=\"slide-card__content\"><p class=\"has-theme-primary-color\">Perhehuoneisto<\/p><\/div><div class=\"slide-card__link\"><span\" class=\"d-inline-flex font-weight-bold align-items-center\" target=\"\"><span class=\"d-block\">Lue lis\u00e4\u00e4<\/span><svg xmlns=\"http:\/\/www.w3.org\/2000\/svg\" width=\"16\" height=\"12\" viewBox=\"0 0 16 12\"><path d=\"M-2455.254-3425.253a.8.8,0,0,1,0-1.211l4.04-3.68h-11.845A.9.9,0,0,1-2464-3431a.9.9,0,0,1,.941-.857h11.845l-4.04-3.679a.8.8,0,0,1,0-1.212,1.007,1.007,0,0,1,1.331,0l5.646,5.142a.8.8,0,0,1,0,1.213l-5.646,5.142a.989.989,0,0,1-.666.252A.987.987,0,0,1-2455.254-3425.253Z\" transform=\"translate(2464 3437)\" fill=\"currentColor\"\/><\/svg><\/span><\/div><\/a><\/li><\/ul><\/div><\/div><\/div>\n\n\n<figure class=\"wp-block-embed is-type-video is-provider-youtube wp-block-embed-youtube\"><div style=\"display: contents;\" >\n\n<div data-fullscreen=\"disabled\" data-mode=\"lightbox\" data-oembed=\"1\" data-provider=\"youtube\" data-reset-after-played id=\"arve-youtube-acbi81gfixs\" class=\"arve arve-hover-effect-rectangle\">\n\t<div class=\"arve-inner\">\n\t\t<div class=\"arve-embed arve-embed--has-aspect-ratio\">\n\t\t\t<div class=\"arve-ar\" style=\"padding-top:56.250000%\"><\/div>\n\t\t\t\n\t\t\t<img decoding=\"async\" alt=\"Saka M\u00f5is\" class=\"arve-thumbnail\" height=\"360\" loading=\"lazy\" sizes=\"auto\" src=\"https:\/\/i.ytimg.com\/vi\/aCbI81gFIxs\/hqdefault.jpg\" srcset=\"https:\/\/i.ytimg.com\/vi_webp\/aCbI81gFIxs\/hqdefault.webp 480w, https:\/\/i.ytimg.com\/vi_webp\/aCbI81gFIxs\/sddefault.webp 640w\" width=\"480\">\n\t\t\t<button aria-haspopup=\"dialog\" aria-label=\"Play video: Saka M\u00f5is\" class=\"arve-play-btn arve-play-btn--circle\" data-attr=\"{&quot;credentialless&quot;:true,&quot;referrerpolicy&quot;:&quot;strict-origin-when-cross-origin&quot;,&quot;sandbox&quot;:&quot;allow-scripts allow-same-origin allow-presentation allow-popups allow-popups-to-escape-sandbox&quot;,&quot;allow&quot;:&quot;accelerometer \\u0027none\\u0027;autoplay;bluetooth \\u0027none\\u0027;browsing-topics \\u0027none\\u0027;camera \\u0027none\\u0027;clipboard-read \\u0027none\\u0027;clipboard-write;display-capture \\u0027none\\u0027;encrypted-media \\u0027none\\u0027;gamepad \\u0027none\\u0027;geolocation \\u0027none\\u0027;gyroscope \\u0027none\\u0027;hid \\u0027none\\u0027;identity-credentials-get \\u0027none\\u0027;idle-detection \\u0027none\\u0027;keyboard-map \\u0027none\\u0027;local-fonts;magnetometer \\u0027none\\u0027;microphone \\u0027none\\u0027;midi \\u0027none\\u0027;otp-credentials \\u0027none\\u0027;payment \\u0027none\\u0027;picture-in-picture;publickey-credentials-create \\u0027none\\u0027;publickey-credentials-get \\u0027none\\u0027;screen-wake-lock \\u0027none\\u0027;serial \\u0027none\\u0027;summarizer \\u0027none\\u0027;sync-xhr;usb \\u0027none\\u0027;web-share;window-management \\u0027none\\u0027;xr-spatial-tracking \\u0027none\\u0027;&quot;,&quot;class&quot;:&quot; fitvidsignore&quot;,&quot;data-arve&quot;:&quot;arve-youtube-acbi81gfixs&quot;,&quot;data-src-no-ap&quot;:&quot;https:\\\/\\\/www.youtube-nocookie.com\\\/embed\\\/aCbI81gFIxs?feature=oembed\\u0026iv_load_policy=3\\u0026modestbranding=1\\u0026rel=0\\u0026autohide=1\\u0026playsinline=1\\u0026autoplay=0\\u0026enablejsapi=1&quot;,&quot;frameborder&quot;:&quot;0&quot;,&quot;height&quot;:0,&quot;width&quot;:0,&quot;title&quot;:&quot;Saka M\\u00f5is&quot;,&quot;name&quot;:&quot;&quot;,&quot;loading&quot;:&quot;eager&quot;,&quot;allowfullscreen&quot;:&quot;&quot;,&quot;scrolling&quot;:&quot;no&quot;,&quot;data-lenis-prevent&quot;:&quot;&quot;}\" data-height=\"675\" data-iframe=\"https:\/\/www.youtube-nocookie.com\/embed\/aCbI81gFIxs?feature=oembed&amp;iv_load_policy=3&amp;modestbranding=1&amp;rel=0&amp;autohide=1&amp;playsinline=1&amp;autoplay=1&amp;enablejsapi=1\" data-target=\"#arve-youtube-acbi81gfixs\" data-thumb=\"https:\/\/i.ytimg.com\/vi\/aCbI81gFIxs\/hqdefault.jpg\" data-width=\"1200\" href=\"https:\/\/youtu.be\/aCbI81gFIxs\" role=\"button\" type=\"button\"><svg class=\"arve-play-svg arve-play-svg--circle\" focusable=\"false\" aria-hidden=\"true\" width=\"75\" viewBox=\"0 0 50 50\"xmlns=\"http:\/\/www.w3.org\/2000\/svg\"><circle fill=\"black\" fill-opacity=\"0.4\" cx=\"25\" cy=\"25\" r=\"25\"><\/circle><path fill=\"white\" fill-opacity=\"0.8\" fill-rule=\"evenodd\" d=\"M 25, 25m -21, 0a 21,21 0 1,0 42,0a 21,21 0 1,0 -42,0M18.5 14 v22 l17 -11z\"><\/path><\/svg><\/button>\n\t\t\t\n\t\t<\/div>\n\t\t\n\t<\/div>\n\t\n\t\n\t<script type=\"application\/ld+json\">{\"@context\":\"http:\\\/\\\/schema.org\\\/\",\"@id\":\"https:\\\/\\\/www.saka.ee\\\/fi\\\/majutus\\\/hotell\\\/#arve-youtube-acbi81gfixs\",\"type\":\"VideoObject\",\"embedURL\":\"https:\\\/\\\/www.youtube-nocookie.com\\\/embed\\\/aCbI81gFIxs?feature=oembed&iv_load_policy=3&modestbranding=1&rel=0&autohide=1&playsinline=1&autoplay=1&enablejsapi=1\",\"name\":\"Saka M\\u00f5is\",\"thumbnailUrl\":\"https:\\\/\\\/i.ytimg.com\\\/vi\\\/aCbI81gFIxs\\\/hqdefault.jpg\",\"uploadDate\":\"2021-07-08T13:10:00Z\",\"author\":\"Andrus Lehismets\",\"description\":\"Hotelli ja kylpyl\\u00e4 Vuonna 2004 valmistunut hotelli on rakennettu 3 t\\u00e4hden (***) vaatimusten vastaavaksi Vuonna 2021 peruskorjatussa hotellissa on yhteens\\u00e4 29 huonetta (majoitus 57 hengelle): 18 double \\\/twin-huonetta (2 hh, paris\\u00e4nky tai erilliset vuoteet) 5 double+ -huon\"}<\/script>\n\t\n<\/div>\n<\/div><\/figure>\n\n\n\n<h2 class=\"wp-block-heading wp-el\"><strong>Hotelli ja kylpyl\u00e4<\/strong><\/h2>\n\n\n\n<ul class=\"wp-el wp-block-list\">\n<li>Vuonna 2004 valmistunut hotelli on rakennettu 3 t\u00e4hden (***) vaatimusten vastaavaksi<\/li>\n\n\n\n<li>Vuonna 2021 peruskorjatussa hotellissa on yhteens\u00e4 29 huonetta (majoitus 57 hengelle):\n<ul class=\"wp-el wp-block-list\">\n<li><strong>18 double \/twin<\/strong>-huonetta (2 hh, paris\u00e4nky tai erilliset vuoteet)<\/li>\n\n\n\n<li><strong>5 double+<\/strong> -huonetta (tilava 2 hh, paris\u00e4nky, tyylik\u00e4s moderni sisustus)<\/li>\n\n\n\n<li><strong>4 Double Delux<\/strong> -huonetta (tilavammat huoneet, t\u00e4ydennetty sisustus)<\/li>\n\n\n\n<li><strong>1 perhehuoneisto<\/strong> (2 huoneen double + twin 4 hengelle).<\/li>\n<\/ul>\n<\/li>\n\n\n\n<li>Huoneissa on tyylikk\u00e4\u00e4t tapetit, massiivipuiset huonekalut, suihku, tv ja puhelin<\/li>\n\n\n\n<li>Double+ ja de Lux -huoneissa on my\u00f6s pikkup\u00f6yd\u00e4t, matot s\u00e4ngyn edess\u00e4, hiustenkuivaaja<\/li>\n\n\n\n<li>WiFi toimii rakennuksen it\u00e4puolen ravintolassa, ruokasalissa sek\u00e4 ala- ja yl\u00e4aulassa<\/li>\n\n\n\n<li>Ruokasalissa on aamiaistarjoilu.<\/li>\n\n\n\n<li><em>\u00c0 la carte -menu<\/em> tarjolla herraskartanon ravintolassa<\/li>\n<\/ul>\n\n\n<div id=\"acf-block_41e16852a0ab82b1c80664f1556bf3f8\" class=\"acf-block-element element-gallery\"><div class=\"gallery gallery-masonry\"><figure class=\"gallery-item\"><a href=\"https:\/\/www.saka.ee\/wp-content\/uploads\/2022\/07\/H16A6921.jpg\"><img loading=\"lazy\" decoding=\"async\" width=\"383\" height=\"220\" src=\"https:\/\/www.saka.ee\/wp-content\/uploads\/fly-images\/12099\/H16A6921-383x220-c.jpg\" class=\"attachment-383x220\" alt=\"H16A6921\" \/><\/a><\/figure><figure class=\"gallery-item\"><a href=\"https:\/\/www.saka.ee\/wp-content\/uploads\/2022\/06\/saka-mois-13.jpeg\"><img loading=\"lazy\" decoding=\"async\" width=\"383\" height=\"220\" src=\"https:\/\/www.saka.ee\/wp-content\/uploads\/fly-images\/11893\/saka-mois-13-383x220-c.jpeg\" class=\"attachment-383x220\" alt=\"saka-mois-13\" \/><\/a><\/figure><figure class=\"gallery-item\"><a href=\"https:\/\/www.saka.ee\/wp-content\/uploads\/2022\/07\/H16A6986.jpg\"><img loading=\"lazy\" decoding=\"async\" width=\"383\" height=\"220\" src=\"https:\/\/www.saka.ee\/wp-content\/uploads\/fly-images\/12098\/H16A6986-383x220-c.jpg\" class=\"attachment-383x220\" alt=\"H16A6986\" \/><\/a><\/figure><figure class=\"gallery-item\"><a href=\"https:\/\/www.saka.ee\/wp-content\/uploads\/2022\/06\/saka-mois-hommikusook-06.jpeg\"><img loading=\"lazy\" decoding=\"async\" width=\"383\" height=\"220\" src=\"https:\/\/www.saka.ee\/wp-content\/uploads\/fly-images\/11895\/saka-mois-hommikusook-06-383x220-c.jpeg\" class=\"attachment-383x220\" alt=\"saka-mois-hommikusook-06\" \/><\/a><\/figure><figure class=\"gallery-item\"><a href=\"https:\/\/www.saka.ee\/wp-content\/uploads\/2022\/06\/saka-mois-hommikusook-08.jpeg\"><img loading=\"lazy\" decoding=\"async\" width=\"383\" height=\"470\" src=\"https:\/\/www.saka.ee\/wp-content\/uploads\/fly-images\/11896\/saka-mois-hommikusook-08-383x470-c.jpeg\" class=\"attachment-383x470\" alt=\"saka-mois-hommikusook-08\" \/><\/a><\/figure><figure class=\"gallery-item\"><a href=\"https:\/\/www.saka.ee\/wp-content\/uploads\/2022\/06\/saka-mois-hommikusook-18.jpeg\"><img loading=\"lazy\" decoding=\"async\" width=\"383\" height=\"220\" src=\"https:\/\/www.saka.ee\/wp-content\/uploads\/fly-images\/11897\/saka-mois-hommikusook-18-383x220-c.jpeg\" class=\"attachment-383x220\" alt=\"saka-mois-hommikusook-18\" \/><\/a><\/figure><figure class=\"gallery-item\"><a href=\"https:\/\/www.saka.ee\/wp-content\/uploads\/2022\/06\/saka-mois-hotell-6Q7A0108.jpeg\"><img loading=\"lazy\" decoding=\"async\" width=\"383\" height=\"220\" src=\"https:\/\/www.saka.ee\/wp-content\/uploads\/fly-images\/11898\/saka-mois-hotell-6Q7A0108-383x220-c.jpeg\" class=\"attachment-383x220\" alt=\"saka-mois-hotell-6Q7A0108\" \/><\/a><\/figure><figure class=\"gallery-item\"><a href=\"https:\/\/www.saka.ee\/wp-content\/uploads\/2022\/06\/saka-mois-hotell-6Q7A0109.jpeg\"><img loading=\"lazy\" decoding=\"async\" width=\"383\" height=\"220\" src=\"https:\/\/www.saka.ee\/wp-content\/uploads\/fly-images\/11899\/saka-mois-hotell-6Q7A0109-383x220-c.jpeg\" class=\"attachment-383x220\" alt=\"saka-mois-hotell-6Q7A0109\" \/><\/a><\/figure><figure class=\"gallery-item\"><a href=\"https:\/\/www.saka.ee\/wp-content\/uploads\/2022\/06\/saka-mois-hotell-6Q7A0124.jpeg\"><img loading=\"lazy\" decoding=\"async\" width=\"383\" height=\"220\" src=\"https:\/\/www.saka.ee\/wp-content\/uploads\/fly-images\/11900\/saka-mois-hotell-6Q7A0124-383x220-c.jpeg\" class=\"attachment-383x220\" alt=\"saka-mois-hotell-6Q7A0124\" \/><\/a><\/figure><figure class=\"gallery-item\"><a href=\"https:\/\/www.saka.ee\/wp-content\/uploads\/2022\/06\/saka-mois-hotell-6Q7A0149.jpeg\"><img loading=\"lazy\" decoding=\"async\" width=\"383\" height=\"220\" src=\"https:\/\/www.saka.ee\/wp-content\/uploads\/fly-images\/11901\/saka-mois-hotell-6Q7A0149-383x220-c.jpeg\" class=\"attachment-383x220\" alt=\"saka-mois-hotell-6Q7A0149\" \/><\/a><\/figure><figure class=\"gallery-item\"><a href=\"https:\/\/www.saka.ee\/wp-content\/uploads\/2022\/06\/saka-mois-hotell-6Q7A0223.jpeg\"><img loading=\"lazy\" decoding=\"async\" width=\"383\" height=\"220\" src=\"https:\/\/www.saka.ee\/wp-content\/uploads\/fly-images\/11902\/saka-mois-hotell-6Q7A0223-383x220-c.jpeg\" class=\"attachment-383x220\" alt=\"saka-mois-hotell-6Q7A0223\" \/><\/a><\/figure><figure class=\"gallery-item\"><a href=\"https:\/\/www.saka.ee\/wp-content\/uploads\/2022\/06\/saka-mois-hotell-6Q7A0241.jpeg\"><img loading=\"lazy\" decoding=\"async\" width=\"383\" height=\"470\" src=\"https:\/\/www.saka.ee\/wp-content\/uploads\/fly-images\/11903\/saka-mois-hotell-6Q7A0241-383x470-c.jpeg\" class=\"attachment-383x470\" alt=\"saka-mois-hotell-6Q7A0241\" \/><\/a><\/figure><figure class=\"gallery-item\"><a href=\"https:\/\/www.saka.ee\/wp-content\/uploads\/2022\/06\/saka-mois-hotell-6Q7A0266.jpeg\"><img loading=\"lazy\" decoding=\"async\" width=\"383\" height=\"220\" src=\"https:\/\/www.saka.ee\/wp-content\/uploads\/fly-images\/11904\/saka-mois-hotell-6Q7A0266-383x220-c.jpeg\" class=\"attachment-383x220\" alt=\"saka-mois-hotell-6Q7A0266\" \/><\/a><\/figure><figure class=\"gallery-item\"><a href=\"https:\/\/www.saka.ee\/wp-content\/uploads\/2022\/06\/saka-mois-hotell-012A6127.jpeg\"><img loading=\"lazy\" decoding=\"async\" width=\"383\" height=\"220\" src=\"https:\/\/www.saka.ee\/wp-content\/uploads\/fly-images\/11905\/saka-mois-hotell-012A6127-383x220-c.jpeg\" class=\"attachment-383x220\" alt=\"saka-mois-hotell-012A6127\" \/><\/a><\/figure><figure class=\"gallery-item\"><a href=\"https:\/\/www.saka.ee\/wp-content\/uploads\/2022\/06\/saka-mois-hotell-012A6128.jpeg\"><img loading=\"lazy\" decoding=\"async\" width=\"383\" height=\"220\" src=\"https:\/\/www.saka.ee\/wp-content\/uploads\/fly-images\/11906\/saka-mois-hotell-012A6128-383x220-c.jpeg\" class=\"attachment-383x220\" alt=\"saka-mois-hotell-012A6128\" \/><\/a><\/figure><figure class=\"gallery-item\"><a href=\"https:\/\/www.saka.ee\/wp-content\/uploads\/2022\/06\/saka-mois-hotell-012A6129.jpeg\"><img loading=\"lazy\" decoding=\"async\" width=\"383\" height=\"220\" src=\"https:\/\/www.saka.ee\/wp-content\/uploads\/fly-images\/11907\/saka-mois-hotell-012A6129-383x220-c.jpeg\" class=\"attachment-383x220\" alt=\"saka-mois-hotell-012A6129\" \/><\/a><\/figure><figure class=\"gallery-item\"><a href=\"https:\/\/www.saka.ee\/wp-content\/uploads\/2022\/06\/saka-mois-hotell-012A6144.jpeg\"><img loading=\"lazy\" decoding=\"async\" width=\"383\" height=\"220\" src=\"https:\/\/www.saka.ee\/wp-content\/uploads\/fly-images\/11908\/saka-mois-hotell-012A6144-383x220-c.jpeg\" class=\"attachment-383x220\" alt=\"saka-mois-hotell-012A6144\" \/><\/a><\/figure><figure class=\"gallery-item\"><a href=\"https:\/\/www.saka.ee\/wp-content\/uploads\/2022\/06\/saka-mois-hotell-012A6149.jpeg\"><img loading=\"lazy\" decoding=\"async\" width=\"383\" height=\"220\" src=\"https:\/\/www.saka.ee\/wp-content\/uploads\/fly-images\/11909\/saka-mois-hotell-012A6149-383x220-c.jpeg\" class=\"attachment-383x220\" alt=\"saka-mois-hotell-012A6149\" \/><\/a><\/figure><figure class=\"gallery-item\"><a href=\"https:\/\/www.saka.ee\/wp-content\/uploads\/2022\/06\/saka-mois-hotell-012A6165.jpeg\"><img loading=\"lazy\" decoding=\"async\" width=\"383\" height=\"220\" src=\"https:\/\/www.saka.ee\/wp-content\/uploads\/fly-images\/11910\/saka-mois-hotell-012A6165-383x220-c.jpeg\" class=\"attachment-383x220\" alt=\"saka-mois-hotell-012A6165\" \/><\/a><\/figure><figure class=\"gallery-item\"><a href=\"https:\/\/www.saka.ee\/wp-content\/uploads\/2022\/06\/saka-mois-oueala-02.jpeg\"><img loading=\"lazy\" decoding=\"async\" width=\"383\" height=\"220\" src=\"https:\/\/www.saka.ee\/wp-content\/uploads\/fly-images\/11911\/saka-mois-oueala-02-383x220-c.jpeg\" class=\"attachment-383x220\" alt=\"saka-mois-oueala-02\" \/><\/a><\/figure><figure class=\"gallery-item\"><a href=\"https:\/\/www.saka.ee\/wp-content\/uploads\/2022\/06\/saka-mois-oueala-03.jpeg\"><img loading=\"lazy\" decoding=\"async\" width=\"383\" height=\"220\" src=\"https:\/\/www.saka.ee\/wp-content\/uploads\/fly-images\/11912\/saka-mois-oueala-03-383x220-c.jpeg\" class=\"attachment-383x220\" alt=\"saka-mois-oueala-03\" \/><\/a><\/figure><figure class=\"gallery-item\"><a href=\"https:\/\/www.saka.ee\/wp-content\/uploads\/2022\/06\/saka-mois-oueala-09.jpeg\"><img loading=\"lazy\" decoding=\"async\" width=\"383\" height=\"220\" src=\"https:\/\/www.saka.ee\/wp-content\/uploads\/fly-images\/11913\/saka-mois-oueala-09-383x220-c.jpeg\" class=\"attachment-383x220\" alt=\"saka-mois-oueala-09\" \/><\/a><\/figure><figure class=\"gallery-item\"><a href=\"https:\/\/www.saka.ee\/wp-content\/uploads\/2022\/06\/saka-mois-oueala-30.jpeg\"><img loading=\"lazy\" decoding=\"async\" width=\"383\" height=\"220\" src=\"https:\/\/www.saka.ee\/wp-content\/uploads\/fly-images\/11914\/saka-mois-oueala-30-383x220-c.jpeg\" class=\"attachment-383x220\" alt=\"saka-mois-oueala-30\" \/><\/a><\/figure><\/div><\/div>","protected":false},"excerpt":{"rendered":"<p>Hotelli ja kylpyl\u00e4<\/p>\n","protected":false},"author":1,"featured_media":0,"parent":12691,"menu_order":111,"comment_status":"closed","ping_status":"closed","template":"","meta":{"_acf_changed":false,"inline_featured_image":false,"footnotes":""},"class_list":["post-12682","page","type-page","status-publish","hentry"],"acf":[],"_links":{"self":[{"href":"https:\/\/www.saka.ee\/fi\/wp-json\/wp\/v2\/pages\/12682","targetHints":{"allow":["GET"]}}],"collection":[{"href":"https:\/\/www.saka.ee\/fi\/wp-json\/wp\/v2\/pages"}],"about":[{"href":"https:\/\/www.saka.ee\/fi\/wp-json\/wp\/v2\/types\/page"}],"author":[{"embeddable":true,"href":"https:\/\/www.saka.ee\/fi\/wp-json\/wp\/v2\/users\/1"}],"replies":[{"embeddable":true,"href":"https:\/\/www.saka.ee\/fi\/wp-json\/wp\/v2\/comments?post=12682"}],"version-history":[{"count":3,"href":"https:\/\/www.saka.ee\/fi\/wp-json\/wp\/v2\/pages\/12682\/revisions"}],"predecessor-version":[{"id":19256,"href":"https:\/\/www.saka.ee\/fi\/wp-json\/wp\/v2\/pages\/12682\/revisions\/19256"}],"up":[{"embeddable":true,"href":"https:\/\/www.saka.ee\/fi\/wp-json\/wp\/v2\/pages\/12691"}],"wp:attachment":[{"href":"https:\/\/www.saka.ee\/fi\/wp-json\/wp\/v2\/media?parent=12682"}],"curies":[{"name":"wp","href":"https:\/\/api.w.org\/{rel}","templated":true}]}}