{"id":12688,"date":"2022-05-18T06:42:51","date_gmt":"2022-05-18T06:42:51","guid":{"rendered":"https:\/\/www.saka.ee\/sundmused\/"},"modified":"2022-05-18T06:42:51","modified_gmt":"2022-05-18T06:42:51","slug":"sundmused","status":"publish","type":"page","link":"https:\/\/www.saka.ee\/fi\/sundmused\/","title":{"rendered":"S\u00fcndmused"},"content":{"rendered":"<div id=\"acf-block_3f5848a4ab6e93fd8380ebbd66f5e83c\" class=\"acf-block-element element-img-cards\"><div class=\"ama-cards d-flex flex-wrap justify-content-center\"><a href=\"https:\/\/www.saka.ee\/sundmused\/seminariruumid\/\" target=\"\"  class=\"d-block ama-card position-relative\"><img loading=\"lazy\" decoding=\"async\" width=\"370\" height=\"210\" src=\"https:\/\/www.saka.ee\/wp-content\/uploads\/2022\/09\/IMG_1984-370x210.jpg\" class=\"attachment-thumbnail size-thumbnail\" alt=\"\" \/><div class=\"card-overlay position-absolute d-flex flex-wrap align-items-center justify-content-center w-100 h-100\"><span class=\"d-block font-weight-bold text-center\">Seminar<\/span><\/div><\/a><a href=\"https:\/\/www.saka.ee\/sundmused\/eriuritused\/\" target=\"\"  class=\"d-block ama-card position-relative\"><img loading=\"lazy\" decoding=\"async\" width=\"370\" height=\"210\" src=\"https:\/\/www.saka.ee\/wp-content\/uploads\/2022\/10\/IMG_5591-1-370x210.jpg\" class=\"attachment-thumbnail size-thumbnail\" alt=\"\" srcset=\"https:\/\/www.saka.ee\/wp-content\/uploads\/2022\/10\/IMG_5591-1-370x210.jpg 370w, https:\/\/www.saka.ee\/wp-content\/uploads\/2022\/10\/IMG_5591-1-370x210@2x.jpg 740w\" sizes=\"auto, (max-width: 370px) 100vw, 370px\" \/><div class=\"card-overlay position-absolute d-flex flex-wrap align-items-center justify-content-center w-100 h-100\"><span class=\"d-block font-weight-bold text-center\">Eri\u00fcritused<\/span><\/div><\/a><a href=\"https:\/\/www.saka.ee\/sundmused\/kultuurisundmused\/\" target=\"\"  class=\"d-block ama-card position-relative\"><img loading=\"lazy\" decoding=\"async\" width=\"370\" height=\"210\" src=\"https:\/\/www.saka.ee\/wp-content\/uploads\/2022\/10\/AdobeStock_460750660-370x210.jpeg\" class=\"attachment-thumbnail size-thumbnail\" alt=\"\" srcset=\"https:\/\/www.saka.ee\/wp-content\/uploads\/2022\/10\/AdobeStock_460750660-370x210.jpeg 370w, https:\/\/www.saka.ee\/wp-content\/uploads\/2022\/10\/AdobeStock_460750660-370x210@2x.jpeg 740w\" sizes=\"auto, (max-width: 370px) 100vw, 370px\" \/><div class=\"card-overlay position-absolute d-flex flex-wrap align-items-center justify-content-center w-100 h-100\"><span class=\"d-block font-weight-bold text-center\">Kultuuris\u00fcndmused<\/span><\/div><\/a><\/div><\/div>\n\n\n<p class=\"wp-el\">Saka m\u00f5is on suurep\u00e4rane koht erinevate s\u00fcndmuste korraldamiseks. Rahvusvahelised konverentsid, juubelid, pulmad, seminarid, kontserdid siseruumides v\u00f5i meie suvelaval, teatrietendused, temaatilised \u00f5htus\u00f6\u00f6gid, vastuv\u00f5tud.<\/p>\n\n\n\n<p class=\"wp-el\">Privaatne ja looduskaunis asukoht pankranniku kaldal ning imeilus m\u00f5isakompleks muudavad iga s\u00fcndmuse unustamatuks.<\/p>\n\n\n\n<p class=\"wp-el\">Aastatel 1862-1864 ehitatud Saka m\u00f5isa v\u00e4\u00e4rikas <a href=\"https:\/\/www.saka.ee\/fi\/harrastemaja\/\" data-type=\"page\" data-id=\"304\">h\u00e4rrastemajas<\/a> on olemas nii ballisaal, 12 luksuslikku hotellituba kui ka v\u00f5lvitud lagedega <a href=\"https:\/\/www.saka.ee\/restoran\/\" data-type=\"page\" data-id=\"16\">\u00e0 la carte restoran<\/a>.<br>Kogu m\u00f5isakompleksi peale majutub \u00e4ra kuni 100 k\u00fclalist.<\/p>\n\n\n\n<h3 class=\"wp-el wp-block-heading\">K\u00fcsi personaalset hinnapakkumist ruumidele ja seminaritoitlustusele v\u00f5i kohvipausile:<\/h3>\n\n\n\n<ul class=\"wp-el wp-block-list\"><li>Telefon: <a href=\"tel:+372 3364 902\">+372 3364 902<\/a><\/li><li>E-post: <a href=\"mailto:salle@saka.ee\">salle@saka.ee<\/a><\/li><\/ul>\n\n\n<div id=\"acf-block_8b0ff200266f2b74672e74d16b195b91\" class=\"acf-block-element element-gallery\"><div class=\"gallery gallery-masonry\"><figure class=\"gallery-item\"><a href=\"https:\/\/www.saka.ee\/wp-content\/uploads\/2022\/06\/saka-harrastemaja-6Q7A0312.jpeg\"><img loading=\"lazy\" decoding=\"async\" width=\"383\" height=\"220\" src=\"https:\/\/www.saka.ee\/wp-content\/uploads\/fly-images\/11876\/saka-harrastemaja-6Q7A0312-383x220-c.jpeg\" class=\"attachment-383x220\" alt=\"saka-harrastemaja-6Q7A0312\" \/><\/a><\/figure><figure class=\"gallery-item\"><a href=\"https:\/\/www.saka.ee\/wp-content\/uploads\/2022\/06\/saka-harrastemaja-012A5962.jpeg\"><img loading=\"lazy\" decoding=\"async\" width=\"383\" height=\"220\" src=\"https:\/\/www.saka.ee\/wp-content\/uploads\/fly-images\/11874\/saka-harrastemaja-012A5962-383x220-c.jpeg\" class=\"attachment-383x220\" alt=\"saka-harrastemaja-012A5962\" \/><\/a><\/figure><figure class=\"gallery-item\"><a href=\"https:\/\/www.saka.ee\/wp-content\/uploads\/2022\/06\/saka-harrastemaja-012A5849.jpeg\"><img loading=\"lazy\" decoding=\"async\" width=\"383\" height=\"220\" src=\"https:\/\/www.saka.ee\/wp-content\/uploads\/fly-images\/11871\/saka-harrastemaja-012A5849-383x220-c.jpeg\" class=\"attachment-383x220\" alt=\"saka-harrastemaja-012A5849\" \/><\/a><\/figure><figure class=\"gallery-item\"><a href=\"https:\/\/www.saka.ee\/wp-content\/uploads\/2022\/06\/saka-harrastemaja-6Q7A0315.jpeg\"><img loading=\"lazy\" decoding=\"async\" width=\"383\" height=\"220\" src=\"https:\/\/www.saka.ee\/wp-content\/uploads\/fly-images\/11872\/saka-harrastemaja-6Q7A0315-383x220-c.jpeg\" class=\"attachment-383x220\" alt=\"saka-harrastemaja-6Q7A0315\" \/><\/a><\/figure><figure class=\"gallery-item\"><a href=\"https:\/\/www.saka.ee\/wp-content\/uploads\/2022\/06\/saka-harrastemaja-saka-moisa-oueala-28.jpeg\"><img loading=\"lazy\" decoding=\"async\" width=\"383\" height=\"220\" src=\"https:\/\/www.saka.ee\/wp-content\/uploads\/fly-images\/11860\/saka-harrastemaja-saka-moisa-oueala-28-383x220-c.jpeg\" class=\"attachment-383x220\" alt=\"saka-harrastemaja-saka-moisa-oueala-28\" \/><\/a><\/figure><figure class=\"gallery-item\"><a href=\"https:\/\/www.saka.ee\/wp-content\/uploads\/2022\/06\/saka-harrastemaja-DJI_0729.jpeg\"><img loading=\"lazy\" decoding=\"async\" width=\"383\" height=\"220\" src=\"https:\/\/www.saka.ee\/wp-content\/uploads\/fly-images\/11861\/saka-harrastemaja-DJI_0729-383x220-c.jpeg\" class=\"attachment-383x220\" alt=\"saka-harrastemaja-DJI_0729\" \/><\/a><\/figure><figure class=\"gallery-item\"><a href=\"https:\/\/www.saka.ee\/wp-content\/uploads\/2022\/06\/saka-harrastemaja-6Q7A0457.jpeg\"><img loading=\"lazy\" decoding=\"async\" width=\"383\" height=\"220\" src=\"https:\/\/www.saka.ee\/wp-content\/uploads\/fly-images\/11862\/saka-harrastemaja-6Q7A0457-383x220-c.jpeg\" class=\"attachment-383x220\" alt=\"saka-harrastemaja-6Q7A0457\" \/><\/a><\/figure><figure class=\"gallery-item\"><a href=\"https:\/\/www.saka.ee\/wp-content\/uploads\/2022\/06\/saka-harrastemaja-012A5856.jpeg\"><img loading=\"lazy\" decoding=\"async\" width=\"383\" height=\"220\" src=\"https:\/\/www.saka.ee\/wp-content\/uploads\/fly-images\/11865\/saka-harrastemaja-012A5856-383x220-c.jpeg\" class=\"attachment-383x220\" alt=\"saka-harrastemaja-012A5856\" \/><\/a><\/figure><figure class=\"gallery-item\"><a href=\"https:\/\/www.saka.ee\/wp-content\/uploads\/2022\/06\/saka-harrastemaja-6Q7A0223.jpeg\"><img loading=\"lazy\" decoding=\"async\" width=\"383\" height=\"220\" src=\"https:\/\/www.saka.ee\/wp-content\/uploads\/fly-images\/11864\/saka-harrastemaja-6Q7A0223-383x220-c.jpeg\" class=\"attachment-383x220\" alt=\"saka-harrastemaja-6Q7A0223\" \/><\/a><\/figure><\/div><\/div>","protected":false},"excerpt":{"rendered":"<p>Saka m\u00f5is on suurep\u00e4rane koht erinevate s\u00fcndmuste korraldamiseks. Rahvusvahelised konverentsid, juubelid, pulmad, seminarid, kontserdid siseruumides v\u00f5i meie suvelaval, teatrietendused, temaatilised&#8230;<\/p>\n","protected":false},"author":1,"featured_media":0,"parent":0,"menu_order":205,"comment_status":"closed","ping_status":"closed","template":"","meta":{"_acf_changed":false,"inline_featured_image":false,"footnotes":""},"class_list":["post-12688","page","type-page","status-publish","hentry"],"acf":[],"_links":{"self":[{"href":"https:\/\/www.saka.ee\/fi\/wp-json\/wp\/v2\/pages\/12688","targetHints":{"allow":["GET"]}}],"collection":[{"href":"https:\/\/www.saka.ee\/fi\/wp-json\/wp\/v2\/pages"}],"about":[{"href":"https:\/\/www.saka.ee\/fi\/wp-json\/wp\/v2\/types\/page"}],"author":[{"embeddable":true,"href":"https:\/\/www.saka.ee\/fi\/wp-json\/wp\/v2\/users\/1"}],"replies":[{"embeddable":true,"href":"https:\/\/www.saka.ee\/fi\/wp-json\/wp\/v2\/comments?post=12688"}],"version-history":[{"count":0,"href":"https:\/\/www.saka.ee\/fi\/wp-json\/wp\/v2\/pages\/12688\/revisions"}],"wp:attachment":[{"href":"https:\/\/www.saka.ee\/fi\/wp-json\/wp\/v2\/media?parent=12688"}],"curies":[{"name":"wp","href":"https:\/\/api.w.org\/{rel}","templated":true}]}}