{"id":12690,"date":"2022-05-18T06:42:32","date_gmt":"2022-05-18T03:42:32","guid":{"rendered":"https:\/\/www.saka.ee\/restoran\/"},"modified":"2026-01-06T20:08:40","modified_gmt":"2026-01-06T18:08:40","slug":"restoran","status":"publish","type":"page","link":"https:\/\/www.saka.ee\/fi\/restoran\/","title":{"rendered":"Ravintola Cliff"},"content":{"rendered":"<div id=\"acf-block_f02e7372d6752ea81992e8f0c9977648\" class=\"acf-block-element element-cover alignmax\"><div class=\"splide\" data-splide={\"type\":\"slide\",\"arrows\":false}><div class=\"splide__track\"><ul class=\"splide__list\"><li class=\"splide__slide\"><div class=\"splide__slide-bg\"><img loading=\"lazy\" decoding=\"async\" width=\"1920\" height=\"980\" src=\"https:\/\/www.saka.ee\/wp-content\/uploads\/fly-images\/11852\/ohtusook-scaled-1920x980-c.jpg\" class=\"attachment-1920x980\" alt=\"ohtusook\" \/><\/div><div class=\"splide__slide-content container d-flex flex-wrap align-items-center\"><div class=\"slide-content text-center w-100\"><h1 class=\"slide-title has-giant-font-size font-weight-bold\">Saka M\u00f5isa restoran<\/h1><div class=\"slide-desc editor-content\"><p>Ma-Pe Avoinna 18.00\u201322.00 (keitti\u00f6 sulkeutuu 1 tunti aikaisemmin)<br \/>\nLa Avoinna 13.00\u201323.00 (keitti\u00f6 sulkeutuu 1 tunti aikaisemmin)<br \/>\nSu 13.00\u201320.00 (keitti\u00f6 sulkeutuu 1 tunti aikaisemmin)<\/p>\n<\/div><div class=\"wp-block-button is-style-white-outline\"><a href=\"https:\/\/www.saka.ee\/restoran\/a-la-carte-menuu\/\" class=\"wp-block-button__link\" target=\"\">Tutvu men\u00fc\u00fcga<\/a><\/div><\/div><\/div><\/li><\/ul><\/div><\/div><\/div>\n\n\n<p class=\"wp-el\">K\u00fclaliste k\u00e4sutuses on kolm v\u00f5lvitud lagedega s\u00f6\u00f6gisaali, mis mahutavad kokku kuni 70 inimest. V\u00e4ike saal mahutab \u00fcmmarguse laua taha kuni 10 inimest ning sobib s\u00fcnnip\u00e4evapeoks, \u00e4ril\u00f5unaks v\u00f5i privaatseks \u00f5htus\u00f6\u00f6giks.<\/p>\n\n\n\n<p class=\"wp-el\">Ettetellimisel on pidulikke l\u00f5una- ja \u00f5htus\u00f6\u00f6ke, peolaudu v\u00f5imalik katta ka balli- ning kaminasaali. Ballisaal mahutab \u00fcmmarguste laudadega kuni 70 inimest, kaminasaal kuni 15 inimest. Hindadele lisandub. saali rendihind, vastavalt kirjalikule kokkuleppele.<\/p>\n\n\n\n<p class=\"wp-el\">Saka m\u00f5isa restoran on \u00fcle Eesti tuntud v\u00e4ga maitsva s\u00f6\u00f6gi poolest, seega soovitame oma tulekust ette teatada ja restoranis laud broneerida.<\/p>\n\n\n<div id=\"acf-block_33d246ec25aede121b8ca985741d091f\" class=\"wp-block-buttons has-text-align-left\"><div class=\"wp-block-button\"><button type=\"button\" class=\"wp-block-button__link\" data-toggle=\"modal\" data-target=\"#acf-block_33d246ec25aede121b8ca985741d091f-1505\">Broneeri laud<\/button><\/div><\/div><div class=\"modal-el-wrapper\"><div class=\"modal fade\" id=\"acf-block_33d246ec25aede121b8ca985741d091f-1505\" tabindex=\"-1\" aria-hidden=\"true\"><div class=\"modal-dialog modal-xl modal-dialog-centered modal-dialog-scrollable\"><div class=\"modal-content\"><div class=\"modal-header\"><p class=\"modal-title\">Broneeri laud<\/p><button type=\"button\" class=\"close\" data-dismiss=\"modal\" aria-label=\"Close\"><svg xmlns=\"http:\/\/www.w3.org\/2000\/svg\" width=\"19.799\" height=\"19.799\" viewBox=\"0 0 19.799 19.799\"><g transform=\"translate(6850.45 -8902.474) rotate(45)\"><line y2=\"24\" transform=\"translate(1465 11127)\" fill=\"none\" stroke=\"#fff\" stroke-linecap=\"round\" stroke-width=\"2\"\/><line y2=\"24\" transform=\"translate(1477 11139) rotate(90)\" fill=\"none\" stroke=\"#fff\" stroke-linecap=\"round\" stroke-width=\"2\"\/><\/g><\/svg><\/button><\/div><div class=\"modal-body\">\n<div class=\"wpcf7 no-js\" id=\"wpcf7-f1508-o2\" lang=\"et\" dir=\"ltr\" data-wpcf7-id=\"1508\">\n<div class=\"screen-reader-response\"><p role=\"status\" aria-live=\"polite\" aria-atomic=\"true\"><\/p> <ul><\/ul><\/div>\n<form action=\"\/fi\/wp-json\/wp\/v2\/pages\/12690#wpcf7-f1508-o2\" method=\"post\" class=\"wpcf7-form init\" aria-label=\"Contact form\" novalidate=\"novalidate\" data-status=\"init\">\n<fieldset class=\"hidden-fields-container\"><input type=\"hidden\" name=\"_wpcf7\" value=\"1508\" \/><input type=\"hidden\" name=\"_wpcf7_version\" value=\"6.1.5\" \/><input type=\"hidden\" name=\"_wpcf7_locale\" value=\"et\" \/><input type=\"hidden\" name=\"_wpcf7_unit_tag\" value=\"wpcf7-f1508-o2\" \/><input type=\"hidden\" name=\"_wpcf7_container_post\" value=\"0\" \/><input type=\"hidden\" name=\"_wpcf7_posted_data_hash\" value=\"\" \/><input type=\"hidden\" name=\"_wpcf7_recaptcha_response\" value=\"\" \/>\n<\/fieldset>\n<div class=\"row row-grid\">\n<div class=\"col-12 col-md-6\"><span class=\"wpcf7-form-control-wrap\" data-name=\"kliendi-nimi\"><input size=\"40\" maxlength=\"400\" class=\"wpcf7-form-control wpcf7-text wpcf7-validates-as-required\" aria-required=\"true\" aria-invalid=\"false\" placeholder=\"Ees- ja perekonnanimi *\" value=\"\" type=\"text\" name=\"kliendi-nimi\" \/><\/span><\/div>\n<div class=\"col-12 col-md-6\"><span class=\"wpcf7-form-control-wrap\" data-name=\"kliendi-telefon\"><input size=\"40\" maxlength=\"400\" class=\"wpcf7-form-control wpcf7-text wpcf7-validates-as-required\" aria-required=\"true\" aria-invalid=\"false\" placeholder=\"Telefoninumber\" value=\"\" type=\"text\" name=\"kliendi-telefon\" \/><\/span><\/div>\n<div class=\"col-12 col-md-6\"><span class=\"wpcf7-form-control-wrap\" data-name=\"kliendi-epost\"><input size=\"40\" maxlength=\"400\" class=\"wpcf7-form-control wpcf7-email wpcf7-validates-as-required wpcf7-text wpcf7-validates-as-email\" aria-required=\"true\" aria-invalid=\"false\" placeholder=\"E-posti aadress *\" value=\"\" type=\"email\" name=\"kliendi-epost\" \/><\/span><\/div>\n<div class=\"col-12 col-md-6\"><span class=\"wpcf7-form-control-wrap\" data-name=\"kuupaev\"><input size=\"40\" maxlength=\"400\" class=\"wpcf7-form-control wpcf7-text wpcf7-validates-as-required\" aria-required=\"true\" aria-invalid=\"false\" placeholder=\"Kuup\u00e4ev *\" value=\"\" type=\"text\" name=\"kuupaev\" \/><\/span><\/div>\n<div class=\"col-12 col-md-6\"><span class=\"wpcf7-form-control-wrap\" data-name=\"kellaaeg\"><input size=\"40\" maxlength=\"400\" class=\"wpcf7-form-control wpcf7-text wpcf7-validates-as-required\" aria-required=\"true\" aria-invalid=\"false\" placeholder=\"Kellaaaeg *\" value=\"\" type=\"text\" name=\"kellaaeg\" \/><\/span><\/div>\n<div class=\"col-12 col-md-6\"><span class=\"wpcf7-form-control-wrap\" data-name=\"inimeste-arv\"><input size=\"40\" maxlength=\"400\" class=\"wpcf7-form-control wpcf7-text\" aria-invalid=\"false\" placeholder=\"Mitu inimest lauas\" value=\"\" type=\"text\" name=\"inimeste-arv\" \/><\/span><\/div>\n<div class=\"col-12\">\n\n<\/div>\n<div class=\"col-12\"><span class=\"wpcf7-form-control-wrap\" data-name=\"sonum\"><textarea cols=\"40\" rows=\"10\" maxlength=\"2000\" class=\"wpcf7-form-control wpcf7-textarea\" aria-invalid=\"false\" placeholder=\"Kirjuta siia oma k\u00fcsimus v\u00f5i p\u00e4ring\" name=\"sonum\"><\/textarea><\/span><\/div>\n<div class=\"col-12\"><em>Oluline info. Palun tutvuge enne broneeringu tegemist restorani lahtioleku aegadega. Kodulehelt Saka m\u00f5isa restorani lauda broneerides palume ette tellida 12h. Teie broneering on kehtiv, kui olete saanud kinnitusemaili.<\/em><\/div>\n<div class=\"col-12 col-md-6\"><input class=\"wpcf7-form-control wpcf7-submit has-spinner\" type=\"submit\" value=\"Saada\" \/><\/div>\n<\/div><div class=\"wpcf7-response-output\" aria-hidden=\"true\"><\/div>\n<\/form>\n<\/div>\n\n<\/div><\/div><\/div><\/div><\/div>\n\n<div id=\"acf-block_858694a8429777f18aead1537821f325\" class=\"acf-block-element element-img-cards\"><div class=\"ama-cards d-flex flex-wrap justify-content-center two-perrow\"><a href=\"https:\/\/www.saka.ee\/restoran\/a-la-carte-menuu\/\" target=\"\"  class=\"d-block ama-card position-relative\"><img loading=\"lazy\" decoding=\"async\" width=\"570\" height=\"320\" src=\"https:\/\/www.saka.ee\/wp-content\/uploads\/fly-images\/12288\/IMG_1671-570x320-c.jpg\" class=\"attachment-570x320\" alt=\"Processed with Lensa with PT1 filter\" \/><div class=\"card-overlay position-absolute d-flex flex-wrap align-items-center justify-content-center w-100 h-100\"><span class=\"d-block font-weight-bold text-center\">\u00c0 la carte men\u00fc\u00fc<\/span><\/div><\/a><a href=\"https:\/\/www.saka.ee\/restoran\/seminaride-toitlustus\/\" target=\"\"  class=\"d-block ama-card position-relative\"><img loading=\"lazy\" decoding=\"async\" width=\"570\" height=\"320\" src=\"https:\/\/www.saka.ee\/wp-content\/uploads\/fly-images\/12292\/IMG_1871-570x320-c.jpg\" class=\"attachment-570x320\" alt=\"Processed with Lensa with PT1 filter\" \/><div class=\"card-overlay position-absolute d-flex flex-wrap align-items-center justify-content-center w-100 h-100\"><span class=\"d-block font-weight-bold text-center\">Seminaride toitlustus<\/span><\/div><\/a><a href=\"https:\/\/www.saka.ee\/restoran\/kohvipaus\/\" target=\"\"  class=\"d-block ama-card position-relative\"><img loading=\"lazy\" decoding=\"async\" width=\"570\" height=\"320\" src=\"https:\/\/www.saka.ee\/wp-content\/uploads\/fly-images\/11958\/saka-restoran-01-570x320-c.jpeg\" class=\"attachment-570x320\" alt=\"saka-restoran-01\" \/><div class=\"card-overlay position-absolute d-flex flex-wrap align-items-center justify-content-center w-100 h-100\"><span class=\"d-block font-weight-bold text-center\">Kohvipaus<\/span><\/div><\/a><a href=\"https:\/\/www.saka.ee\/uus-joulu-erimenuu-gruppidele\/\" target=\"\"  class=\"d-block ama-card position-relative\"><img loading=\"lazy\" decoding=\"async\" width=\"570\" height=\"320\" src=\"https:\/\/www.saka.ee\/wp-content\/uploads\/fly-images\/13457\/tessa-rampersad-5toRIWF2GUY-unsplash-scaled-570x320-c.jpg\" class=\"attachment-570x320\" alt=\"tessa-rampersad-5toRIWF2GUY-unsplash\" \/><div class=\"card-overlay position-absolute d-flex flex-wrap align-items-center justify-content-center w-100 h-100\"><span class=\"d-block font-weight-bold text-center\">UUS j\u00f5ulu erimen\u00fc\u00fc gruppidele<\/span><\/div><\/a><\/div><\/div>\n\n\n<h2 class=\"wp-block-heading has-text-align-center wp-el\">Galerii<\/h2>\n\n\n<div id=\"acf-block_96c2a7ee778bd49bd0bfc627113e123c\" class=\"acf-block-element element-gallery\"><div class=\"gallery gallery-grid\"><figure class=\"gallery-item\"><a href=\"https:\/\/www.saka.ee\/wp-content\/uploads\/2022\/06\/saka-012A6751.jpeg\"><img loading=\"lazy\" decoding=\"async\" width=\"383\" height=\"220\" src=\"https:\/\/www.saka.ee\/wp-content\/uploads\/fly-images\/11950\/saka-012A6751-383x220-c.jpeg\" class=\"attachment-383x220\" alt=\"saka-012A6751\" \/><\/a><\/figure><figure class=\"gallery-item\"><a href=\"https:\/\/www.saka.ee\/wp-content\/uploads\/2022\/06\/saka-012A5962.jpeg\"><img loading=\"lazy\" decoding=\"async\" width=\"383\" height=\"220\" src=\"https:\/\/www.saka.ee\/wp-content\/uploads\/fly-images\/11947\/saka-012A5962-383x220-c.jpeg\" class=\"attachment-383x220\" alt=\"saka-012A5962\" \/><\/a><\/figure><figure class=\"gallery-item\"><a href=\"https:\/\/www.saka.ee\/wp-content\/uploads\/2022\/10\/IMG_2006.jpeg\"><img loading=\"lazy\" decoding=\"async\" width=\"383\" height=\"220\" src=\"https:\/\/www.saka.ee\/wp-content\/uploads\/fly-images\/12287\/IMG_2006-383x220-c.jpeg\" class=\"attachment-383x220\" alt=\"IMG_2006\" \/><\/a><\/figure><figure class=\"gallery-item\"><a href=\"https:\/\/www.saka.ee\/wp-content\/uploads\/2022\/06\/saka-soogisaal-03.jpeg\"><img loading=\"lazy\" decoding=\"async\" width=\"383\" height=\"220\" src=\"https:\/\/www.saka.ee\/wp-content\/uploads\/fly-images\/11956\/saka-soogisaal-03-383x220-c.jpeg\" class=\"attachment-383x220\" alt=\"saka-soogisaal-03\" \/><\/a><\/figure><figure class=\"gallery-item\"><a href=\"https:\/\/www.saka.ee\/wp-content\/uploads\/2022\/06\/saka-toorjuustukook-02.jpeg\"><img loading=\"lazy\" decoding=\"async\" width=\"383\" height=\"220\" src=\"https:\/\/www.saka.ee\/wp-content\/uploads\/fly-images\/11957\/saka-toorjuustukook-02-383x220-c.jpeg\" class=\"attachment-383x220\" alt=\"saka-toorjuustukook-02\" \/><\/a><\/figure><figure class=\"gallery-item\"><a href=\"https:\/\/www.saka.ee\/wp-content\/uploads\/2022\/10\/IMG_1671.jpg\"><img loading=\"lazy\" decoding=\"async\" width=\"383\" height=\"220\" src=\"https:\/\/www.saka.ee\/wp-content\/uploads\/fly-images\/12288\/IMG_1671-383x220-c.jpg\" class=\"attachment-383x220\" alt=\"Processed with Lensa with PT1 filter\" \/><\/a><\/figure><figure class=\"gallery-item\"><a href=\"https:\/\/www.saka.ee\/wp-content\/uploads\/2022\/10\/IMG_2063.jpeg\"><img loading=\"lazy\" decoding=\"async\" width=\"383\" height=\"220\" src=\"https:\/\/www.saka.ee\/wp-content\/uploads\/fly-images\/12291\/IMG_2063-383x220-c.jpeg\" class=\"attachment-383x220\" alt=\"IMG_2063\" \/><\/a><\/figure><figure class=\"gallery-item\"><a href=\"https:\/\/www.saka.ee\/wp-content\/uploads\/2022\/10\/IMG_1871.jpg\"><img loading=\"lazy\" decoding=\"async\" width=\"383\" height=\"220\" src=\"https:\/\/www.saka.ee\/wp-content\/uploads\/fly-images\/12292\/IMG_1871-383x220-c.jpg\" class=\"attachment-383x220\" alt=\"Processed with Lensa with PT1 filter\" \/><\/a><\/figure><figure class=\"gallery-item\"><a href=\"https:\/\/www.saka.ee\/wp-content\/uploads\/2022\/10\/IMG_1775.jpg\"><img loading=\"lazy\" decoding=\"async\" width=\"383\" height=\"220\" src=\"https:\/\/www.saka.ee\/wp-content\/uploads\/fly-images\/12293\/IMG_1775-383x220-c.jpg\" class=\"attachment-383x220\" alt=\"Processed with Lensa with PT1 filter\" \/><\/a><\/figure><figure class=\"gallery-item\"><a href=\"https:\/\/www.saka.ee\/wp-content\/uploads\/2022\/10\/IMG_1724.jpg\"><img loading=\"lazy\" decoding=\"async\" width=\"383\" height=\"220\" src=\"https:\/\/www.saka.ee\/wp-content\/uploads\/fly-images\/12294\/IMG_1724-383x220-c.jpg\" class=\"attachment-383x220\" alt=\"Processed with Lensa with Auto Adjustments &amp; PT1 filter\" \/><\/a><\/figure><figure class=\"gallery-item\"><a href=\"https:\/\/www.saka.ee\/wp-content\/uploads\/2022\/10\/IMG_1699.jpg\"><img loading=\"lazy\" decoding=\"async\" width=\"383\" height=\"220\" src=\"https:\/\/www.saka.ee\/wp-content\/uploads\/fly-images\/12295\/IMG_1699-383x220-c.jpg\" class=\"attachment-383x220\" alt=\"Processed with Lensa with PT1 filter\" \/><\/a><\/figure><figure class=\"gallery-item\"><a href=\"https:\/\/www.saka.ee\/wp-content\/uploads\/2022\/10\/H16A7496-scaled.jpg\"><img loading=\"lazy\" decoding=\"async\" width=\"383\" height=\"220\" src=\"https:\/\/www.saka.ee\/wp-content\/uploads\/fly-images\/12296\/H16A7496-scaled-383x220-c.jpg\" class=\"attachment-383x220\" alt=\"H16A7496\" \/><\/a><\/figure><figure class=\"gallery-item\"><a href=\"https:\/\/www.saka.ee\/wp-content\/uploads\/2022\/10\/DA6C1F3F-ECC7-4559-BB4F-6922E1930679.jpg\"><img loading=\"lazy\" decoding=\"async\" width=\"383\" height=\"220\" src=\"https:\/\/www.saka.ee\/wp-content\/uploads\/fly-images\/12297\/DA6C1F3F-ECC7-4559-BB4F-6922E1930679-383x220-c.jpg\" class=\"attachment-383x220\" alt=\"DA6C1F3F-ECC7-4559-BB4F-6922E1930679\" \/><\/a><\/figure><figure class=\"gallery-item\"><a href=\"https:\/\/www.saka.ee\/wp-content\/uploads\/2022\/10\/B941EEE9-8D17-45F6-A160-3CD33F2E7C03.jpg\"><img loading=\"lazy\" decoding=\"async\" width=\"383\" height=\"220\" src=\"https:\/\/www.saka.ee\/wp-content\/uploads\/fly-images\/12298\/B941EEE9-8D17-45F6-A160-3CD33F2E7C03-383x220-c.jpg\" class=\"attachment-383x220\" alt=\"B941EEE9-8D17-45F6-A160-3CD33F2E7C03\" \/><\/a><\/figure><figure class=\"gallery-item\"><a href=\"https:\/\/www.saka.ee\/wp-content\/uploads\/2022\/10\/1A56AEA5-98D0-4AD0-80FA-949DCDE01312.jpg\"><img loading=\"lazy\" decoding=\"async\" width=\"383\" height=\"220\" src=\"https:\/\/www.saka.ee\/wp-content\/uploads\/fly-images\/12299\/1A56AEA5-98D0-4AD0-80FA-949DCDE01312-383x220-c.jpg\" class=\"attachment-383x220\" alt=\"1A56AEA5-98D0-4AD0-80FA-949DCDE01312\" \/><\/a><\/figure><\/div><\/div>\n\n\n<h2 class=\"wp-block-heading has-text-align-center wp-el\">Soodustused<\/h2>\n\n\n\n<figure class=\"wp-block-table\"><table><thead><tr><th>Kaart<\/th><th>Soodustus<\/th><th>Koduleht<\/th><\/tr><\/thead><tbody><tr><td>Estraveli kuldkaart restoranis<\/td><td>10% tavahinnast<\/td><td><a href=\"https:\/\/www.estravel.ee\/\" target=\"_blank\" rel=\"noreferrer noopener nofollow\">www.estravel.ee<\/a><\/td><\/tr><tr><td>Carlson Wagonlit Travel kliendikaart<\/td><td>10% tavahinnast<\/td><td><a href=\"https:\/\/kalevatravel.ee\/\" target=\"_blank\" rel=\"noreferrer noopener nofollow\">www.kalevatravel.ee<\/a><\/td><\/tr><tr><td>Lions Club liikmetele<\/td><td>10% tavahinnast<\/td><td><a href=\"https:\/\/www.lionsclubs.org\/\" target=\"_blank\" rel=\"noreferrer noopener nofollow\">www.lionsclubs.org<\/a><\/td><\/tr><\/tbody><\/table><figcaption class=\"wp-element-caption\">NB! \u00dclalnimetatud kaartide soodustused ei kehti majutusele, pakettidele, sooduskampaaniatele ning vaba aja veetmise v\u00f5imalustele.<\/figcaption><\/figure>\n\n\n\n<h3 class=\"wp-block-heading wp-el\"><strong>Sakan kartanon hotellin aula on avoinna 24\/7<\/strong><\/h3>\n\n\n\n<p class=\"wp-el\">Hotellin vastaanotto: <a href=\"tel:+372 336 4900\">+372 336 4900<\/a><br>S\u00e4hk\u00f6posti: <a href=\"mailto:saka@saka.ee\">saka@saka.ee<\/a><\/p>\n","protected":false},"excerpt":{"rendered":"<p>K\u00fclaliste k\u00e4sutuses on kolm v\u00f5lvitud lagedega s\u00f6\u00f6gisaali, mis mahutavad kokku kuni 70 inimest. V\u00e4ike saal mahutab \u00fcmmarguse laua taha kuni&#8230;<\/p>\n","protected":false},"author":1,"featured_media":0,"parent":0,"menu_order":138,"comment_status":"closed","ping_status":"closed","template":"","meta":{"_acf_changed":false,"inline_featured_image":false,"footnotes":""},"class_list":["post-12690","page","type-page","status-publish","hentry"],"acf":[],"_links":{"self":[{"href":"https:\/\/www.saka.ee\/fi\/wp-json\/wp\/v2\/pages\/12690","targetHints":{"allow":["GET"]}}],"collection":[{"href":"https:\/\/www.saka.ee\/fi\/wp-json\/wp\/v2\/pages"}],"about":[{"href":"https:\/\/www.saka.ee\/fi\/wp-json\/wp\/v2\/types\/page"}],"author":[{"embeddable":true,"href":"https:\/\/www.saka.ee\/fi\/wp-json\/wp\/v2\/users\/1"}],"replies":[{"embeddable":true,"href":"https:\/\/www.saka.ee\/fi\/wp-json\/wp\/v2\/comments?post=12690"}],"version-history":[{"count":5,"href":"https:\/\/www.saka.ee\/fi\/wp-json\/wp\/v2\/pages\/12690\/revisions"}],"predecessor-version":[{"id":18260,"href":"https:\/\/www.saka.ee\/fi\/wp-json\/wp\/v2\/pages\/12690\/revisions\/18260"}],"wp:attachment":[{"href":"https:\/\/www.saka.ee\/fi\/wp-json\/wp\/v2\/media?parent=12690"}],"curies":[{"name":"wp","href":"https:\/\/api.w.org\/{rel}","templated":true}]}}