{"id":12691,"date":"2022-05-18T06:42:22","date_gmt":"2022-05-18T03:42:22","guid":{"rendered":"https:\/\/www.saka.ee\/majutus\/"},"modified":"2026-02-11T01:08:03","modified_gmt":"2026-02-10T23:08:03","slug":"majutus","status":"publish","type":"page","link":"https:\/\/www.saka.ee\/fi\/majutus\/","title":{"rendered":"Majoitus"},"content":{"rendered":"<div id=\"acf-block_d763a1115b5b1405c4677920e1f44463\" class=\"acf-block-element element-cards-slider\"><div class=\"cards-slider-grid\"><a href=\"https:\/\/www.saka.ee\/majutus\/harrastemaja\/\" target=\"\"  class=\"slide-card\"><div class=\"slide-card__thumb aspect-item\"><img loading=\"lazy\" decoding=\"async\" width=\"370\" height=\"240\" src=\"https:\/\/www.saka.ee\/wp-content\/uploads\/fly-images\/11855\/saka-mois-oueala-27-scaled-370x240-c.jpg\" class=\"attachment-370x240\" alt=\"saka-mois-oueala-27\" \/><\/div><div class=\"slide-card__content\"><p class=\"has-theme-primary-color\">Herraskartano<\/p><p>Vuonna 2010 entis\u00f6ity huvilamainen kartanon p\u00e4\u00e4rakennus poikkeaa merkitt\u00e4v\u00e4sti useimmista virolaisista kartanoista.  Renessanssityylisess\u00e4 herraskartanossa on aikakauden mukaan kalustettu sviitti, kolme juniorsviitti\u00e4 ja kahdeksan eri kartanotyylein sisustettua hotellihuonetta.<\/p><\/div><div class=\"slide-card__link\"><span\" class=\"d-inline-flex font-weight-bold align-items-center\" target=\"\"><span class=\"d-block\">Lue lis\u00e4\u00e4<\/span><svg xmlns=\"http:\/\/www.w3.org\/2000\/svg\" width=\"16\" height=\"12\" viewBox=\"0 0 16 12\"><path d=\"M-2455.254-3425.253a.8.8,0,0,1,0-1.211l4.04-3.68h-11.845A.9.9,0,0,1-2464-3431a.9.9,0,0,1,.941-.857h11.845l-4.04-3.679a.8.8,0,0,1,0-1.212,1.007,1.007,0,0,1,1.331,0l5.646,5.142a.8.8,0,0,1,0,1.213l-5.646,5.142a.989.989,0,0,1-.666.252A.987.987,0,0,1-2455.254-3425.253Z\" transform=\"translate(2464 3437)\" fill=\"currentColor\"\/><\/svg><\/span><\/div><\/a><a href=\"https:\/\/www.saka.ee\/majutus\/hotell\/\" target=\"\"  class=\"slide-card\"><div class=\"slide-card__thumb aspect-item\"><img loading=\"lazy\" decoding=\"async\" width=\"370\" height=\"240\" src=\"https:\/\/www.saka.ee\/wp-content\/uploads\/fly-images\/11853\/saka-mois-oueala-06-scaled-370x240-c.jpg\" class=\"attachment-370x240\" alt=\"saka-mois-oueala-06\" \/><\/div><div class=\"slide-card__content\"><p class=\"has-theme-primary-color\">Hotelli<\/p><p>Vuonna 2004 valmistunut hotelli vastaa 3 t\u00e4hden (***) luokittelua. Hotellirakennusta peruskorjattiin vuonna 2021, ja siin\u00e4 on yhteens\u00e4 29 huonetta (majoitustilaa 59 hengelle).<\/p><\/div><div class=\"slide-card__link\"><span\" class=\"d-inline-flex font-weight-bold align-items-center\" target=\"\"><span class=\"d-block\">Lue lis\u00e4\u00e4<\/span><svg xmlns=\"http:\/\/www.w3.org\/2000\/svg\" width=\"16\" height=\"12\" viewBox=\"0 0 16 12\"><path d=\"M-2455.254-3425.253a.8.8,0,0,1,0-1.211l4.04-3.68h-11.845A.9.9,0,0,1-2464-3431a.9.9,0,0,1,.941-.857h11.845l-4.04-3.679a.8.8,0,0,1,0-1.212,1.007,1.007,0,0,1,1.331,0l5.646,5.142a.8.8,0,0,1,0,1.213l-5.646,5.142a.989.989,0,0,1-.666.252A.987.987,0,0,1-2455.254-3425.253Z\" transform=\"translate(2464 3437)\" fill=\"currentColor\"\/><\/svg><\/span><\/div><\/a><a href=\"https:\/\/www.saka.ee\/fi\/majutus\/meretorn\/\" target=\"\"  class=\"slide-card\"><div class=\"slide-card__thumb aspect-item\"><img loading=\"lazy\" decoding=\"async\" width=\"370\" height=\"240\" src=\"https:\/\/www.saka.ee\/wp-content\/uploads\/fly-images\/11856\/saka-mois-vaatetorn-06-scaled-370x240-c.jpg\" class=\"attachment-370x240\" alt=\"saka-mois-vaatetorn-06\" \/><\/div><div class=\"slide-card__content\"><p class=\"has-theme-primary-color\">Meretorn<\/p><p>Meretorn sijaitsee t\u00f6rm\u00e4ll\u00e4 noin 200 metrin p\u00e4\u00e4ss\u00e4 hotellista. Entinen valonheitintorni kuului neuvostokaudella rajavartiolaitokselle, mutta nykyisell\u00e4\u00e4n se palvelee modernina, kaikin mukavuuksin varustettuna seminaari- ja majoitusrakennuksena, jossa on kaksi skandinaavistyylist\u00e4 hotellihuonetta.<\/p><\/div><div class=\"slide-card__link\"><span\" class=\"d-inline-flex font-weight-bold align-items-center\" target=\"\"><span class=\"d-block\">Uutta! Meretorn<\/span><svg xmlns=\"http:\/\/www.w3.org\/2000\/svg\" width=\"16\" height=\"12\" viewBox=\"0 0 16 12\"><path d=\"M-2455.254-3425.253a.8.8,0,0,1,0-1.211l4.04-3.68h-11.845A.9.9,0,0,1-2464-3431a.9.9,0,0,1,.941-.857h11.845l-4.04-3.679a.8.8,0,0,1,0-1.212,1.007,1.007,0,0,1,1.331,0l5.646,5.142a.8.8,0,0,1,0,1.213l-5.646,5.142a.989.989,0,0,1-.666.252A.987.987,0,0,1-2455.254-3425.253Z\" transform=\"translate(2464 3437)\" fill=\"currentColor\"\/><\/svg><\/span><\/div><\/a><a href=\"https:\/\/www.saka.ee\/majutus\/suvemajutus\/\" target=\"\"  class=\"slide-card\"><div class=\"slide-card__thumb aspect-item\"><img loading=\"lazy\" decoding=\"async\" width=\"370\" height=\"240\" src=\"https:\/\/www.saka.ee\/wp-content\/uploads\/fly-images\/11854\/saka-mois-oueala-21-scaled-370x240-c.jpg\" class=\"attachment-370x240\" alt=\"saka-mois-oueala-21\" \/><\/div><div class=\"slide-card__content\"><p class=\"has-theme-primary-color\">Leirint\u00e4alue<\/p><p>Suvemajutus on aLeirint\u00e4alue on avoinna kausiluonteisesti s\u00e4\u00e4st\u00e4 riippuen. Sakan kartanon campingalueella on kuuden huoneen lomarivitalo sek\u00e4 omat paikat sek\u00e4 telttailijoille ett\u00e4 matkailuautoille ja asuntovaunuille. Karavaanialueelle mahtuu 15 autoa, telttailualueella aivan rantat\u00f6rm\u00e4n reunalla on nuotiopaikka ja penkit.vatud hooajaliselt, s\u00f5ltuvalt ilmast. Saka m\u00f5isavaldustes on omad paigad nii k\u00e4mpingumajutusele, karavaniauto parkimisele kui ka telkimisele. K\u00e4mpingumajas on 6 tuba, karavaniparkla 15 auto jaoks, kaldaserval telkimisplats l\u00f5kkeplatsi ja istepinkidega.<\/p><\/div><div class=\"slide-card__link\"><span\" class=\"d-inline-flex font-weight-bold align-items-center\" target=\"\"><span class=\"d-block\">Lue lis\u00e4\u00e4<\/span><svg xmlns=\"http:\/\/www.w3.org\/2000\/svg\" width=\"16\" height=\"12\" viewBox=\"0 0 16 12\"><path d=\"M-2455.254-3425.253a.8.8,0,0,1,0-1.211l4.04-3.68h-11.845A.9.9,0,0,1-2464-3431a.9.9,0,0,1,.941-.857h11.845l-4.04-3.679a.8.8,0,0,1,0-1.212,1.007,1.007,0,0,1,1.331,0l5.646,5.142a.8.8,0,0,1,0,1.213l-5.646,5.142a.989.989,0,0,1-.666.252A.987.987,0,0,1-2455.254-3425.253Z\" transform=\"translate(2464 3437)\" fill=\"currentColor\"\/><\/svg><\/span><\/div><\/a><\/div><\/div>\n\n\n<p class=\"wp-el\">Sakan kartanokeskus tarjoaa asiakkaiden toiveista riippuen erilaisia \u200b\u200bmajoitusvaihtoehtoja herraskartanon sviiteist\u00e4 kes\u00e4iseen lomatalomajoitukseen. Leirint\u00e4alueella on omat alueet my\u00f6s telttailijoille ja karavaanareille.<\/p>\n\n\n\n<p class=\"wp-el\">Ymp\u00e4rivuotisia majoituspaikkoja on 87: entis\u00f6idyss\u00e4 kartanossa on 12 sviitti\u00e4\/huonetta ja erillisess\u00e4 hotellirakennuksessa 29 huonetta. Privaatti lomatalo tarjoaa kes\u00e4isin 14 lis\u00e4paikkaa.<\/p>\n\n\n\n<p class=\"wp-el\">Sakan kartanon hinnasto:<\/p>\n\n\n\n<figure class=\"wp-block-table\"><table class=\"has-fixed-layout\"><tbody><tr><td><strong>Huone 1 y\u00f6ksi<\/strong><\/td><td>01.01.\u00a0\u00a0\u2013 30.04.2026<br>01.09. \u2013 30.12.2026<\/td><td>01.05. \u2013 31.08.2026<\/td><\/tr><tr><td><strong>Hotellirakennuksessa<\/strong><\/td><td>&nbsp;<\/td><td>&nbsp;<\/td><\/tr><tr><td>Standard yhden hengen huone<\/td><td>90<\/td><td>95<\/td><\/tr><tr><td>Standard kahden hengen huone<\/td><td>120<\/td><td>130<\/td><\/tr><tr><td>Double Plus -huone<\/td><td>130<\/td><td>140<\/td><\/tr><tr><td>Double Deluxe -huone<\/td><td>150<\/td><td>160<\/td><\/tr><tr><td>Perhehuone nelj\u00e4lle<\/td><td>160<\/td><td>180<\/td><\/tr><tr><td><strong>Meritornissa<\/strong><\/td><td>&nbsp;<\/td><td>&nbsp;<\/td><\/tr><tr><td>Klint-huoneisto<\/td><td>150<\/td><td>190<\/td><\/tr><tr><td>Sunset-sviitti<\/td><td>130<\/td><td>160<\/td><\/tr><tr><td><strong>Kartanorakennuksessa<\/strong><\/td><td>&nbsp;<\/td><td>&nbsp;<\/td><\/tr><tr><td>Kahden hengen huone (Amanda, Hermine)<\/td><td>130<\/td><td>150<\/td><\/tr><tr><td>Superior kahden hengen huone (Matilde, Johanna, Aurelie, Pauline, Debora)<\/td><td>150<\/td><td>170<\/td><\/tr><tr><td>Superior Plus<\/td><td>190<\/td><td>210<\/td><\/tr><tr><td>Junior Suite<\/td><td>220<\/td><td>250<\/td><\/tr><tr><td>Suite<\/td><td>260<\/td><td>300<\/td><\/tr><tr><td>Vauvans\u00e4nky 0\u20133-vuotiaalle lapselle<\/td><td>5<\/td><td>5<\/td><\/tr><tr><td>Lis\u00e4vuode (lapsi 3\u201312 v)<\/td><td>25<\/td><td>25<\/td><\/tr><tr><td>Lis\u00e4vuode alkaen 13 v<\/td><td>40<\/td><td>40<\/td><\/tr><\/tbody><\/table><\/figure>\n\n\n\n<p class=\"wp-el\">Seuraa meit\u00e4 my\u00f6s <a href=\"http:\/\/facebook.com\/sakamois\" data-type=\"link\" data-id=\"facebook.com\/sakamois\" rel=\"nofollow noopener\" target=\"_blank\">Facebookissa<\/a> ja <a href=\"http:\/\/instagram.com\/sakamois\/\" data-type=\"link\" data-id=\"instagram.com\/sakamois\/\" rel=\"nofollow noopener\" target=\"_blank\">Instagramissa<\/a>.<\/p>\n\n\n\n<h2 class=\"wp-block-heading has-theme-primary-color has-text-color has-large-font-size wp-el\">Tiedustelut ja varaukset:<\/h2>\n\n\n\n<ul class=\"wp-el wp-block-list\">\n<li>Puhelin: <a href=\"tel:+372 336 4900\">+372 336 4900<\/a><\/li>\n\n\n\n<li>S\u00e4hk\u00f6posti: <a href=\"mailto:saka@saka.ee\">saka@saka.ee<\/a><\/li>\n<\/ul>\n\n\n\n<p class=\"has-small-font-size wp-el\"><strong>HUOM!<\/strong> Hintoja voidaan muuttaa ilman erillist\u00e4 ilmoitusta. Palautusta ei anneta maksullisista palveluista, jotka ovat j\u00e4\u00e4neet k\u00e4ytt\u00e4m\u00e4tt\u00e4 Sakan kartanosta riippumattomista syist\u00e4.<\/p>\n\n\n\n<p class=\"wp-el\"><\/p>\n","protected":false},"excerpt":{"rendered":"<p>Sakan kartanokeskus tarjoaa asiakkaiden toiveista riippuen erilaisia \u200b\u200bmajoitusvaihtoehtoja herraskartanon sviiteist\u00e4 kes\u00e4iseen lomatalomajoitukseen. Leirint\u00e4alueella on omat alueet my\u00f6s telttailijoille ja karavaanareille&#8230;.<\/p>\n","protected":false},"author":1,"featured_media":0,"parent":0,"menu_order":16,"comment_status":"closed","ping_status":"closed","template":"","meta":{"_acf_changed":false,"inline_featured_image":false,"footnotes":""},"class_list":["post-12691","page","type-page","status-publish","hentry"],"acf":[],"_links":{"self":[{"href":"https:\/\/www.saka.ee\/fi\/wp-json\/wp\/v2\/pages\/12691","targetHints":{"allow":["GET"]}}],"collection":[{"href":"https:\/\/www.saka.ee\/fi\/wp-json\/wp\/v2\/pages"}],"about":[{"href":"https:\/\/www.saka.ee\/fi\/wp-json\/wp\/v2\/types\/page"}],"author":[{"embeddable":true,"href":"https:\/\/www.saka.ee\/fi\/wp-json\/wp\/v2\/users\/1"}],"replies":[{"embeddable":true,"href":"https:\/\/www.saka.ee\/fi\/wp-json\/wp\/v2\/comments?post=12691"}],"version-history":[{"count":5,"href":"https:\/\/www.saka.ee\/fi\/wp-json\/wp\/v2\/pages\/12691\/revisions"}],"predecessor-version":[{"id":18415,"href":"https:\/\/www.saka.ee\/fi\/wp-json\/wp\/v2\/pages\/12691\/revisions\/18415"}],"wp:attachment":[{"href":"https:\/\/www.saka.ee\/fi\/wp-json\/wp\/v2\/media?parent=12691"}],"curies":[{"name":"wp","href":"https:\/\/api.w.org\/{rel}","templated":true}]}}