{"id":8093,"date":"2022-05-18T06:42:32","date_gmt":"2022-05-18T03:42:32","guid":{"rendered":"https:\/\/www.saka.ee\/restoran\/"},"modified":"2026-02-03T18:05:27","modified_gmt":"2026-02-03T16:05:27","slug":"cliffrestoran","status":"publish","type":"page","link":"https:\/\/www.saka.ee\/ru\/cliffrestoran\/","title":{"rendered":"\u0420\u0435\u0441\u0442\u043e\u0440\u0430\u043d Cliff"},"content":{"rendered":"<div id=\"acf-block_86f36e43eecad6d4855f718f25342db4\" class=\"acf-block-element element-cover alignmax\"><div class=\"splide\" data-splide={\"type\":\"slide\",\"arrows\":false}><div class=\"splide__track\"><ul class=\"splide__list\"><li class=\"splide__slide\"><div class=\"splide__slide-bg\"><\/div><div class=\"splide__slide-content container d-flex flex-wrap align-items-center\"><div class=\"slide-content text-center w-100\"><div class=\"slide-desc editor-content\"><p>\u041f\u043d\u2013\u041f\u0442 18:00 \u2013 22:00 (\u043a\u0443\u0445\u043d\u044f \u0437\u0430\u043a\u0440\u044b\u0432\u0430\u0435\u0442\u0441\u044f \u043d\u0430 1 \u0447\u0430\u0441 \u0440\u0430\u043d\u044c\u0448\u0435)<br \/>\n\u0421\u0431  13:00 \u2013 23:00 (\u043a\u0443\u0445\u043d\u044f \u0437\u0430\u043a\u0440\u044b\u0432\u0430\u0435\u0442\u0441\u044f \u043d\u0430 1 \u0447\u0430\u0441 \u0440\u0430\u043d\u044c\u0448\u0435)<br \/>\n\u0412\u0441 13:00 \u2013 20:00 (\u043a\u0443\u0445\u043d\u044f \u0437\u0430\u043a\u0440\u044b\u0432\u0430\u0435\u0442\u0441\u044f \u043d\u0430 1 \u0447\u0430\u0441 \u0440\u0430\u043d\u044c\u0448\u0435)<\/p>\n<\/div><\/div><\/div><\/li><\/ul><\/div><\/div><\/div>\n\n\n<p class=\"wp-el\">\u041a \u0443\u0441\u043b\u0443\u0433\u0430\u043c \u0433\u043e\u0441\u0442\u0435\u0439 \u043e\u0442\u0435\u043b\u044f \u043e\u0431\u0435\u0434\u0435\u043d\u043d\u044b\u0439 \u0437\u0430\u043b \u0441\u043e \u0441\u0432\u043e\u0434\u0447\u0430\u0442\u044b\u043c\u0438 \u043f\u043e\u0442\u043e\u043b\u043a\u0430\u043c\u0438, \u043a\u043e\u0442\u043e\u0440\u044b\u0439 \u0432\u043c\u0435\u0449\u0430\u0435\u0442 \u0434\u043e 70 \u0447\u0435\u043b\u043e\u0432\u0435\u043a. \u041c\u0430\u043b\u044b\u0439 \u0437\u0430\u043b \u0441 \u043a\u0440\u0443\u0433\u043b\u044b\u043c \u0441\u0442\u043e\u043b\u043e\u043c \u0432\u043c\u0435\u0449\u0430\u0435\u0442 \u0434\u043e 10 \u0447\u0435\u043b\u043e\u0432\u0435\u043a \u0438 \u043f\u043e\u0434\u0445\u043e\u0434\u0438\u0442 \u0434\u043b\u044f \u043f\u0440\u0430\u0437\u0434\u043d\u043e\u0432\u0430\u043d\u0438\u044f \u0434\u043d\u0435\u0439 \u0440\u043e\u0436\u0434\u0435\u043d\u0438\u0439, \u043f\u0440\u043e\u0432\u0435\u0434\u0435\u043d\u0438\u044f \u0431\u0438\u0437\u043d\u0435\u0441-\u043b\u0430\u043d\u0447\u0435\u0439 \u0438\u043b\u0438 \u0440\u043e\u043c\u0430\u043d\u0442\u0438\u0447\u0435\u0441\u043a\u043e\u0433\u043e \u0443\u0436\u0438\u043d\u0430.<\/p>\n\n\n\n<p class=\"wp-el\">\u041f\u043e \u043f\u0440\u0435\u0434\u0432\u0430\u0440\u0438\u0442\u0435\u043b\u044c\u043d\u043e\u043c\u0443 \u0437\u0430\u043a\u0430\u0437\u0443 \u043c\u044b \u043d\u0430\u043a\u0440\u044b\u0432\u0430\u0435\u043c \u043e\u0431\u0435\u0434\u044b \u0438 \u0443\u0436\u0438\u043d\u044b, \u043f\u0440\u0430\u0437\u0434\u043d\u0438\u0447\u043d\u044b\u0439 \u0441\u0442\u043e\u043b \u0442\u0430\u043a\u0436\u0435 \u043c\u043e\u0436\u043d\u043e \u043d\u0430\u043a\u0440\u044b\u0442\u044c \u0432 \u0431\u0430\u043b\u044c\u043d\u043e\u043c \u0438\u043b\u0438 \u043a\u0430\u043c\u0438\u043d\u043d\u043e\u043c \u0437\u0430\u043b\u0435. \u0411\u0430\u043b\u044c\u043d\u044b\u0439 \u0437\u0430\u043b \u0441 \u043a\u0440\u0443\u0433\u043b\u044b\u043c\u0438 \u0441\u0442\u043e\u043b\u0430\u043c\u0438 \u0432\u043c\u0435\u0449\u0430\u0435\u0442 \u0434\u043e 70 \u0447\u0435\u043b\u043e\u0432\u0435\u043a, \u0430 \u043a\u0430\u043c\u0438\u043d\u043d\u044b\u0439 \u0437\u0430\u043b \u0434\u043e 15 \u0447\u0435\u043b\u043e\u0432\u0435\u043a. \u041a \u0446\u0435\u043d\u0430\u043c \u0434\u043e\u0431\u0430\u0432\u043b\u044f\u0435\u0442\u0441\u044f \u0441\u0442\u043e\u0438\u043c\u043e\u0441\u0442\u044c \u0430\u0440\u0435\u043d\u0434\u044b \u0437\u0430\u043b\u0430 \u0432 \u0441\u043e\u043e\u0442\u0432\u0435\u0442\u0441\u0442\u0432\u0438\u0438 \u0441 \u043f\u0438\u0441\u044c\u043c\u0435\u043d\u043d\u044b\u043c \u0441\u043e\u0433\u043b\u0430\u0448\u0435\u043d\u0438\u0435\u043c.<\/p>\n\n\n\n<p class=\"wp-el\">\u0420\u0435\u0441\u0442\u043e\u0440\u0430\u043d \u043c\u044b\u0437\u044b \u0421\u0430\u043a\u0430 \u0438\u0437\u0432\u0435\u0441\u0442\u0435\u043d \u043f\u043e \u0432\u0441\u0435\u0439 \u042d\u0441\u0442\u043e\u043d\u0438\u0438 \u0448\u0438\u0440\u043e\u043a\u0438\u043c \u0430\u0441\u0441\u043e\u0440\u0442\u0438\u043c\u0435\u043d\u0442\u043e\u043c \u0431\u043b\u044e\u0434, \u043f\u043e\u044d\u0442\u043e\u043c\u0443 \u0440\u0435\u043a\u043e\u043c\u0435\u043d\u0434\u0443\u0435\u043c \u0437\u0430\u0440\u0430\u043d\u0435\u0435 \u0441\u043e\u043e\u0431\u0449\u0438\u0442\u044c \u043d\u0430\u043c \u043e \u0441\u0432\u043e\u0435\u043c \u043f\u0440\u0438\u0435\u0437\u0434\u0435 \u0438 \u0437\u0430\u0431\u0440\u043e\u043d\u0438\u0440\u043e\u0432\u0430\u0442\u044c \u0441\u0442\u043e\u043b\u0438\u043a \u0432 \u0440\u0435\u0441\u0442\u043e\u0440\u0430\u043d\u0435.<\/p>\n\n\n<div id=\"acf-block_95ffb26b8983267f3424821c5cd1b211\" class=\"wp-block-buttons has-text-align-left\"><div class=\"wp-block-button\"><button type=\"button\" class=\"wp-block-button__link\" data-toggle=\"modal\" data-target=\"#acf-block_95ffb26b8983267f3424821c5cd1b211-1505\">\u0417\u0430\u0431\u0440\u043e\u043d\u0438\u0440\u043e\u0432\u0430\u0442\u044c \u0441\u0442\u043e\u043b\u0438\u043a<\/button><\/div><\/div><div class=\"modal-el-wrapper\"><div class=\"modal fade\" id=\"acf-block_95ffb26b8983267f3424821c5cd1b211-1505\" tabindex=\"-1\" aria-hidden=\"true\"><div class=\"modal-dialog modal-xl modal-dialog-centered modal-dialog-scrollable\"><div class=\"modal-content\"><div class=\"modal-header\"><p class=\"modal-title\">Broneeri laud<\/p><button type=\"button\" class=\"close\" data-dismiss=\"modal\" aria-label=\"Close\"><svg xmlns=\"http:\/\/www.w3.org\/2000\/svg\" width=\"19.799\" height=\"19.799\" viewBox=\"0 0 19.799 19.799\"><g transform=\"translate(6850.45 -8902.474) rotate(45)\"><line y2=\"24\" transform=\"translate(1465 11127)\" fill=\"none\" stroke=\"#fff\" stroke-linecap=\"round\" stroke-width=\"2\"\/><line y2=\"24\" transform=\"translate(1477 11139) rotate(90)\" fill=\"none\" stroke=\"#fff\" stroke-linecap=\"round\" stroke-width=\"2\"\/><\/g><\/svg><\/button><\/div><div class=\"modal-body\">\n<div class=\"wpcf7 no-js\" id=\"wpcf7-f1508-o2\" lang=\"et\" dir=\"ltr\" data-wpcf7-id=\"1508\">\n<div class=\"screen-reader-response\"><p role=\"status\" aria-live=\"polite\" aria-atomic=\"true\"><\/p> <ul><\/ul><\/div>\n<form action=\"\/ru\/wp-json\/wp\/v2\/pages\/8093#wpcf7-f1508-o2\" method=\"post\" class=\"wpcf7-form init\" aria-label=\"Contact form\" novalidate=\"novalidate\" data-status=\"init\">\n<fieldset class=\"hidden-fields-container\"><input type=\"hidden\" name=\"_wpcf7\" value=\"1508\" \/><input type=\"hidden\" name=\"_wpcf7_version\" value=\"6.1.5\" \/><input type=\"hidden\" name=\"_wpcf7_locale\" value=\"et\" \/><input type=\"hidden\" name=\"_wpcf7_unit_tag\" value=\"wpcf7-f1508-o2\" \/><input type=\"hidden\" name=\"_wpcf7_container_post\" value=\"0\" \/><input type=\"hidden\" name=\"_wpcf7_posted_data_hash\" value=\"\" \/><input type=\"hidden\" name=\"_wpcf7_recaptcha_response\" value=\"\" \/>\n<\/fieldset>\n<div class=\"row row-grid\">\n<div class=\"col-12 col-md-6\"><span class=\"wpcf7-form-control-wrap\" data-name=\"kliendi-nimi\"><input size=\"40\" maxlength=\"400\" class=\"wpcf7-form-control wpcf7-text wpcf7-validates-as-required\" aria-required=\"true\" aria-invalid=\"false\" placeholder=\"Ees- ja perekonnanimi *\" value=\"\" type=\"text\" name=\"kliendi-nimi\" \/><\/span><\/div>\n<div class=\"col-12 col-md-6\"><span class=\"wpcf7-form-control-wrap\" data-name=\"kliendi-telefon\"><input size=\"40\" maxlength=\"400\" class=\"wpcf7-form-control wpcf7-text wpcf7-validates-as-required\" aria-required=\"true\" aria-invalid=\"false\" placeholder=\"Telefoninumber\" value=\"\" type=\"text\" name=\"kliendi-telefon\" \/><\/span><\/div>\n<div class=\"col-12 col-md-6\"><span class=\"wpcf7-form-control-wrap\" data-name=\"kliendi-epost\"><input size=\"40\" maxlength=\"400\" class=\"wpcf7-form-control wpcf7-email wpcf7-validates-as-required wpcf7-text wpcf7-validates-as-email\" aria-required=\"true\" aria-invalid=\"false\" placeholder=\"E-posti aadress *\" value=\"\" type=\"email\" name=\"kliendi-epost\" \/><\/span><\/div>\n<div class=\"col-12 col-md-6\"><span class=\"wpcf7-form-control-wrap\" data-name=\"kuupaev\"><input size=\"40\" maxlength=\"400\" class=\"wpcf7-form-control wpcf7-text wpcf7-validates-as-required\" aria-required=\"true\" aria-invalid=\"false\" placeholder=\"Kuup\u00e4ev *\" value=\"\" type=\"text\" name=\"kuupaev\" \/><\/span><\/div>\n<div class=\"col-12 col-md-6\"><span class=\"wpcf7-form-control-wrap\" data-name=\"kellaaeg\"><input size=\"40\" maxlength=\"400\" class=\"wpcf7-form-control wpcf7-text wpcf7-validates-as-required\" aria-required=\"true\" aria-invalid=\"false\" placeholder=\"Kellaaaeg *\" value=\"\" type=\"text\" name=\"kellaaeg\" \/><\/span><\/div>\n<div class=\"col-12 col-md-6\"><span class=\"wpcf7-form-control-wrap\" data-name=\"inimeste-arv\"><input size=\"40\" maxlength=\"400\" class=\"wpcf7-form-control wpcf7-text\" aria-invalid=\"false\" placeholder=\"Mitu inimest lauas\" value=\"\" type=\"text\" name=\"inimeste-arv\" \/><\/span><\/div>\n<div class=\"col-12\">\n\n<\/div>\n<div class=\"col-12\"><span class=\"wpcf7-form-control-wrap\" data-name=\"sonum\"><textarea cols=\"40\" rows=\"10\" maxlength=\"2000\" class=\"wpcf7-form-control wpcf7-textarea\" aria-invalid=\"false\" placeholder=\"Kirjuta siia oma k\u00fcsimus v\u00f5i p\u00e4ring\" name=\"sonum\"><\/textarea><\/span><\/div>\n<div class=\"col-12\"><em>Oluline info. Palun tutvuge enne broneeringu tegemist restorani lahtioleku aegadega. Kodulehelt Saka m\u00f5isa restorani lauda broneerides palume ette tellida 12h. Teie broneering on kehtiv, kui olete saanud kinnitusemaili.<\/em><\/div>\n<div class=\"col-12 col-md-6\"><input class=\"wpcf7-form-control wpcf7-submit has-spinner\" type=\"submit\" value=\"Saada\" \/><\/div>\n<\/div><div class=\"wpcf7-response-output\" aria-hidden=\"true\"><\/div>\n<\/form>\n<\/div>\n\n<\/div><\/div><\/div><\/div><\/div>\n\n<div id=\"acf-block_b10fe1cbad9af844a676c96fe71986cb\" class=\"acf-block-element element-img-cards\"><div class=\"ama-cards d-flex flex-wrap justify-content-center two-perrow\"><a href=\"https:\/\/www.saka.ee\/ru\/restoran\/a-la-carte-menuu\/\" target=\"\"  class=\"d-block ama-card position-relative\"><img loading=\"lazy\" decoding=\"async\" width=\"570\" height=\"320\" src=\"https:\/\/www.saka.ee\/wp-content\/uploads\/fly-images\/8244\/IMG_1671-570x320-c.jpg\" class=\"attachment-570x320\" alt=\"Processed with Lensa with PT1 filter\" \/><div class=\"card-overlay position-absolute d-flex flex-wrap align-items-center justify-content-center w-100 h-100\"><span class=\"d-block font-weight-bold text-center\"> \u041c\u0435\u043d\u044e \u00c0 la carte<\/span><\/div><\/a><a href=\"https:\/\/www.saka.ee\/ru\/restoran\/seminaride-toitlustus\/\" target=\"\"  class=\"d-block ama-card position-relative\"><img loading=\"lazy\" decoding=\"async\" width=\"570\" height=\"320\" src=\"https:\/\/www.saka.ee\/wp-content\/uploads\/fly-images\/8260\/IMG_1871-570x320-c.jpg\" class=\"attachment-570x320\" alt=\"Processed with Lensa with PT1 filter\" \/><div class=\"card-overlay position-absolute d-flex flex-wrap align-items-center justify-content-center w-100 h-100\"><span class=\"d-block font-weight-bold text-center\">\u041f\u0438\u0442\u0430\u043d\u0438\u0435 \u0432\u043e \u0432\u0440\u0435\u043c\u044f \u0441\u0435\u043c\u0438\u043d\u0430\u0440\u043e\u0432<\/span><\/div><\/a><\/div><\/div>\n\n\n<h2 class=\"wp-block-heading has-text-align-center wp-el\">\u0413\u0430\u043b\u0435\u0440\u0435\u044f<\/h2>\n\n\n<div id=\"acf-block_aa8c8f5c111b31006f85caf4eec0136b\" class=\"acf-block-element element-gallery\"><div class=\"gallery gallery-grid\"><figure class=\"gallery-item\"><a href=\"https:\/\/www.saka.ee\/wp-content\/uploads\/2022\/06\/saka-012A6751.jpeg\"><img loading=\"lazy\" decoding=\"async\" width=\"383\" height=\"220\" src=\"https:\/\/www.saka.ee\/wp-content\/uploads\/fly-images\/7519\/saka-012A6751-383x220-c.jpeg\" class=\"attachment-383x220\" alt=\"saka-012A6751\" \/><\/a><\/figure><figure class=\"gallery-item\"><a href=\"https:\/\/www.saka.ee\/wp-content\/uploads\/2022\/06\/saka-012A5962.jpeg\"><img loading=\"lazy\" decoding=\"async\" width=\"383\" height=\"220\" src=\"https:\/\/www.saka.ee\/wp-content\/uploads\/fly-images\/7516\/saka-012A5962-383x220-c.jpeg\" class=\"attachment-383x220\" alt=\"saka-012A5962\" \/><\/a><\/figure><figure class=\"gallery-item\"><a href=\"https:\/\/www.saka.ee\/wp-content\/uploads\/2022\/10\/IMG_2006.jpeg\"><img loading=\"lazy\" decoding=\"async\" width=\"383\" height=\"220\" src=\"https:\/\/www.saka.ee\/wp-content\/uploads\/fly-images\/8241\/IMG_2006-383x220-c.jpeg\" class=\"attachment-383x220\" alt=\"IMG_2006\" \/><\/a><\/figure><figure class=\"gallery-item\"><a href=\"https:\/\/www.saka.ee\/wp-content\/uploads\/2022\/06\/saka-soogisaal-03.jpeg\"><img loading=\"lazy\" decoding=\"async\" width=\"383\" height=\"220\" src=\"https:\/\/www.saka.ee\/wp-content\/uploads\/fly-images\/7525\/saka-soogisaal-03-383x220-c.jpeg\" class=\"attachment-383x220\" alt=\"saka-soogisaal-03\" \/><\/a><\/figure><figure class=\"gallery-item\"><a href=\"https:\/\/www.saka.ee\/wp-content\/uploads\/2022\/06\/saka-toorjuustukook-02.jpeg\"><img loading=\"lazy\" decoding=\"async\" width=\"383\" height=\"220\" src=\"https:\/\/www.saka.ee\/wp-content\/uploads\/fly-images\/7526\/saka-toorjuustukook-02-383x220-c.jpeg\" class=\"attachment-383x220\" alt=\"saka-toorjuustukook-02\" \/><\/a><\/figure><figure class=\"gallery-item\"><a href=\"https:\/\/www.saka.ee\/wp-content\/uploads\/2022\/10\/IMG_1671.jpg\"><img loading=\"lazy\" decoding=\"async\" width=\"383\" height=\"220\" src=\"https:\/\/www.saka.ee\/wp-content\/uploads\/fly-images\/8244\/IMG_1671-383x220-c.jpg\" class=\"attachment-383x220\" alt=\"Processed with Lensa with PT1 filter\" \/><\/a><\/figure><figure class=\"gallery-item\"><a href=\"https:\/\/www.saka.ee\/wp-content\/uploads\/2022\/10\/IMG_2063.jpeg\"><img loading=\"lazy\" decoding=\"async\" width=\"383\" height=\"220\" src=\"https:\/\/www.saka.ee\/wp-content\/uploads\/fly-images\/8257\/IMG_2063-383x220-c.jpeg\" class=\"attachment-383x220\" alt=\"IMG_2063\" \/><\/a><\/figure><figure class=\"gallery-item\"><a href=\"https:\/\/www.saka.ee\/wp-content\/uploads\/2022\/10\/IMG_1871.jpg\"><img loading=\"lazy\" decoding=\"async\" width=\"383\" height=\"220\" src=\"https:\/\/www.saka.ee\/wp-content\/uploads\/fly-images\/8260\/IMG_1871-383x220-c.jpg\" class=\"attachment-383x220\" alt=\"Processed with Lensa with PT1 filter\" \/><\/a><\/figure><figure class=\"gallery-item\"><a href=\"https:\/\/www.saka.ee\/wp-content\/uploads\/2022\/10\/IMG_1775.jpg\"><img loading=\"lazy\" decoding=\"async\" width=\"383\" height=\"220\" src=\"https:\/\/www.saka.ee\/wp-content\/uploads\/fly-images\/8263\/IMG_1775-383x220-c.jpg\" class=\"attachment-383x220\" alt=\"Processed with Lensa with PT1 filter\" \/><\/a><\/figure><figure class=\"gallery-item\"><a href=\"https:\/\/www.saka.ee\/wp-content\/uploads\/2022\/10\/IMG_1724.jpg\"><img loading=\"lazy\" decoding=\"async\" width=\"383\" height=\"220\" src=\"https:\/\/www.saka.ee\/wp-content\/uploads\/fly-images\/8266\/IMG_1724-383x220-c.jpg\" class=\"attachment-383x220\" alt=\"Processed with Lensa with Auto Adjustments &amp; PT1 filter\" \/><\/a><\/figure><figure class=\"gallery-item\"><a href=\"https:\/\/www.saka.ee\/wp-content\/uploads\/2022\/10\/IMG_1699.jpg\"><img loading=\"lazy\" decoding=\"async\" width=\"383\" height=\"220\" src=\"https:\/\/www.saka.ee\/wp-content\/uploads\/fly-images\/8269\/IMG_1699-383x220-c.jpg\" class=\"attachment-383x220\" alt=\"Processed with Lensa with PT1 filter\" \/><\/a><\/figure><figure class=\"gallery-item\"><a href=\"https:\/\/www.saka.ee\/wp-content\/uploads\/2022\/10\/H16A7496-scaled.jpg\"><img loading=\"lazy\" decoding=\"async\" width=\"383\" height=\"220\" src=\"https:\/\/www.saka.ee\/wp-content\/uploads\/fly-images\/8272\/H16A7496-scaled-383x220-c.jpg\" class=\"attachment-383x220\" alt=\"H16A7496\" \/><\/a><\/figure><figure class=\"gallery-item\"><a href=\"https:\/\/www.saka.ee\/wp-content\/uploads\/2022\/10\/DA6C1F3F-ECC7-4559-BB4F-6922E1930679.jpg\"><img loading=\"lazy\" decoding=\"async\" width=\"383\" height=\"220\" src=\"https:\/\/www.saka.ee\/wp-content\/uploads\/fly-images\/8275\/DA6C1F3F-ECC7-4559-BB4F-6922E1930679-383x220-c.jpg\" class=\"attachment-383x220\" alt=\"DA6C1F3F-ECC7-4559-BB4F-6922E1930679\" \/><\/a><\/figure><figure class=\"gallery-item\"><a href=\"https:\/\/www.saka.ee\/wp-content\/uploads\/2022\/10\/B941EEE9-8D17-45F6-A160-3CD33F2E7C03.jpg\"><img loading=\"lazy\" decoding=\"async\" width=\"383\" height=\"220\" src=\"https:\/\/www.saka.ee\/wp-content\/uploads\/fly-images\/8278\/B941EEE9-8D17-45F6-A160-3CD33F2E7C03-383x220-c.jpg\" class=\"attachment-383x220\" alt=\"B941EEE9-8D17-45F6-A160-3CD33F2E7C03\" \/><\/a><\/figure><figure class=\"gallery-item\"><a href=\"https:\/\/www.saka.ee\/wp-content\/uploads\/2022\/10\/1A56AEA5-98D0-4AD0-80FA-949DCDE01312.jpg\"><img loading=\"lazy\" decoding=\"async\" width=\"383\" height=\"220\" src=\"https:\/\/www.saka.ee\/wp-content\/uploads\/fly-images\/8281\/1A56AEA5-98D0-4AD0-80FA-949DCDE01312-383x220-c.jpg\" class=\"attachment-383x220\" alt=\"1A56AEA5-98D0-4AD0-80FA-949DCDE01312\" \/><\/a><\/figure><\/div><\/div>\n\n\n<h2 class=\"wp-block-heading has-text-align-center wp-el\">\u0421\u043a\u0438\u0434\u043a\u0438<\/h2>\n\n\n\n<figure class=\"wp-block-table\"><table><thead><tr><th><strong>\u041a\u0430\u0440\u0442\u0430<\/strong><\/th><th><strong>\u0421\u043a\u0438\u0434\u043a\u0430<\/strong><\/th><th><strong>\u0414\u043e\u043c\u0430\u0448\u043d\u044f\u044f \u0441\u0442\u0440\u0430\u043d\u0438\u0446\u0430<\/strong><\/th><\/tr><\/thead><tbody><tr><td>\u0417\u043e\u043b\u043e\u0442\u0430\u044f \u043a\u0430\u0440\u0442\u0430 Estravel \u0432 \u0440\u0435\u0441\u0442\u043e\u0440\u0430\u043d\u0435<\/td><td>10% \u043e\u0442 \u043e\u0431\u044b\u0447\u043d\u043e\u0439 \u0446\u0435\u043d\u044b<\/td><td><a href=\"https:\/\/www.estravel.ee\/\" target=\"_blank\" rel=\"noreferrer noopener nofollow\">www.estravel.ee<\/a><\/td><\/tr><tr><td>\u041a\u0430\u0440\u0442\u0430 \u043a\u043b\u0438\u0435\u043d\u0442\u0430 Carlson Wagonlit Travel<\/td><td>10% \u043e\u0442 \u043e\u0431\u044b\u0447\u043d\u043e\u0439 \u0446\u0435\u043d\u044b<\/td><td><a href=\"https:\/\/kalevatravel.ee\/\" target=\"_blank\" rel=\"noreferrer noopener nofollow\">www.kalevatravel.ee<\/a><\/td><\/tr><tr><td>\u0414\u043b\u044f \u0447\u043b\u0435\u043d\u043e\u0432 Lions Club<\/td><td>10% \u043e\u0442 \u043e\u0431\u044b\u0447\u043d\u043e\u0439 \u0446\u0435\u043d\u044b<\/td><td><a href=\"https:\/\/www.lionsclubs.org\/\" target=\"_blank\" rel=\"noreferrer noopener nofollow\">www.lionsclubs.org<\/a><\/td><\/tr><\/tbody><\/table><figcaption class=\"wp-element-caption\">NB! \u0421\u043a\u0438\u0434\u043a\u0438 \u043f\u043e \u043f\u0435\u0440\u0435\u0447\u0438\u0441\u043b\u0435\u043d\u043d\u044b\u043c \u0432\u044b\u0448\u0435 \u043a\u0430\u0440\u0442\u0430\u043c \u043d\u0435 \u0434\u0435\u0439\u0441\u0442\u0432\u0443\u044e\u0442 \u043d\u0430 \u0440\u0430\u0437\u043c\u0435\u0449\u0435\u043d\u0438\u0435, \u043f\u0430\u043a\u0435\u0442\u044b, \u043b\u044c\u0433\u043e\u0442\u043d\u044b\u0435 \u043a\u0430\u043c\u043f\u0430\u043d\u0438\u0438 \u0438 \u0432\u043e\u0437\u043c\u043e\u0436\u043d\u043e\u0441\u0442\u0438 \u043f\u0440\u043e\u0432\u0435\u0434\u0435\u043d\u0438\u044f \u0434\u043e\u0441\u0443\u0433\u0430.<\/figcaption><\/figure>\n\n\n\n<h3 class=\"wp-block-heading wp-el\">\u0412\u0440\u0435\u043c\u044f \u0440\u0430\u0431\u043e\u0442\u044b \u0440\u0435\u0441\u0442\u043e\u0440\u0430\u043d\u0430 \u043c\u044b\u0437\u044b \u0421\u0430\u043a\u0430:<\/h3>\n\n\n\n<ul class=\"wp-block-list wp-el\">\n<li><strong>\u041f\u043d\u2013\u041f\u0442<\/strong>\u00a018:00 \u2013 22:00<small>(\u043a\u0443\u0445\u043d\u044f \u0437\u0430\u043a\u0440\u044b\u0432\u0430\u0435\u0442\u0441\u044f \u043d\u0430 1 \u0447\u0430\u0441 \u0440\u0430\u043d\u044c\u0448\u0435)<\/small><\/li>\n\n\n\n<li><strong>\u0421\u0431\u00a0<\/strong>13:00 \u2013 23:00<small>(\u043a\u0443\u0445\u043d\u044f \u0437\u0430\u043a\u0440\u044b\u0432\u0430\u0435\u0442\u0441\u044f \u043d\u0430 1 \u0447\u0430\u0441 \u0440\u0430\u043d\u044c\u0448\u0435)<\/small><\/li>\n\n\n\n<li><strong>\u0412\u0441<\/strong>&nbsp;13:00 \u2013 20:00<small>(\u043a\u0443\u0445\u043d\u044f \u0437\u0430\u043a\u0440\u044b\u0432\u0430\u0435\u0442\u0441\u044f \u043d\u0430 1 \u0447\u0430\u0441 \u0440\u0430\u043d\u044c\u0448\u0435)<\/small><\/li>\n<\/ul>\n\n\n\n<h3 class=\"wp-block-heading wp-el\">\u0418\u043d\u0444\u043e\u0440\u043c\u0430\u0446\u0438\u044f \u0438 \u0431\u0440\u043e\u043d\u0438\u0440\u043e\u0432\u0430\u043d\u0438\u0435 \u0441\u0442\u043e\u043b\u0438\u043a\u043e\u0432:<\/h3>\n\n\n\n<p class=\"wp-el\">\u0421 \u043f\u043e\u043d\u0435\u0434\u0435\u043b\u044c\u043d\u0438\u043a\u0430 \u043f\u043e \u043f\u044f\u0442\u043d\u0438\u0446\u0443 9-17<br>\u0420\u0435\u0441\u0442\u043e\u0440\u0430\u043d: <a href=\"tel:+372 336 4901\">+372 336 4901<\/a><\/p>\n\n\n\n<h3 class=\"wp-block-heading wp-el\">\u0412 \u0434\u0440\u0443\u0433\u043e\u0435 \u0432\u0440\u0435\u043c\u044f:<\/h3>\n\n\n\n<p class=\"wp-el\">\u0410\u0434\u043c\u0438\u043d\u0438\u0441\u0442\u0440\u0430\u0442\u043e\u0440 \u0432 \u043e\u0442\u0435\u043b\u0435: <a href=\"tel:+372 336 4900\">+372 336 4900<\/a><br>E-\u043f\u043e\u0447\u0442\u0430: <a href=\"mailto:saka@saka.ee\">saka@saka.ee<\/a><\/p>\n","protected":false},"excerpt":{"rendered":"<p>\u041a \u0443\u0441\u043b\u0443\u0433\u0430\u043c \u0433\u043e\u0441\u0442\u0435\u0439 \u043e\u0442\u0435\u043b\u044f \u043e\u0431\u0435\u0434\u0435\u043d\u043d\u044b\u0439 \u0437\u0430\u043b \u0441\u043e \u0441\u0432\u043e\u0434\u0447\u0430\u0442\u044b\u043c\u0438 \u043f\u043e\u0442\u043e\u043b\u043a\u0430\u043c\u0438, \u043a\u043e\u0442\u043e\u0440\u044b\u0439 \u0432\u043c\u0435\u0449\u0430\u0435\u0442 \u0434\u043e 70 \u0447\u0435\u043b\u043e\u0432\u0435\u043a. \u041c\u0430\u043b\u044b\u0439 \u0437\u0430\u043b \u0441 \u043a\u0440\u0443\u0433\u043b\u044b\u043c \u0441\u0442\u043e\u043b\u043e\u043c \u0432\u043c\u0435\u0449\u0430\u0435\u0442&#8230;<\/p>\n","protected":false},"author":1,"featured_media":0,"parent":0,"menu_order":135,"comment_status":"closed","ping_status":"closed","template":"","meta":{"_acf_changed":false,"inline_featured_image":false,"footnotes":""},"class_list":["post-8093","page","type-page","status-publish","hentry"],"acf":[],"_links":{"self":[{"href":"https:\/\/www.saka.ee\/ru\/wp-json\/wp\/v2\/pages\/8093","targetHints":{"allow":["GET"]}}],"collection":[{"href":"https:\/\/www.saka.ee\/ru\/wp-json\/wp\/v2\/pages"}],"about":[{"href":"https:\/\/www.saka.ee\/ru\/wp-json\/wp\/v2\/types\/page"}],"author":[{"embeddable":true,"href":"https:\/\/www.saka.ee\/ru\/wp-json\/wp\/v2\/users\/1"}],"replies":[{"embeddable":true,"href":"https:\/\/www.saka.ee\/ru\/wp-json\/wp\/v2\/comments?post=8093"}],"version-history":[{"count":5,"href":"https:\/\/www.saka.ee\/ru\/wp-json\/wp\/v2\/pages\/8093\/revisions"}],"predecessor-version":[{"id":18404,"href":"https:\/\/www.saka.ee\/ru\/wp-json\/wp\/v2\/pages\/8093\/revisions\/18404"}],"wp:attachment":[{"href":"https:\/\/www.saka.ee\/ru\/wp-json\/wp\/v2\/media?parent=8093"}],"curies":[{"name":"wp","href":"https:\/\/api.w.org\/{rel}","templated":true}]}}